{"id":9983,"date":"2023-05-11T12:39:16","date_gmt":"2023-05-11T15:39:16","guid":{"rendered":"https:\/\/dges-sal.infd.edu.ar\/sitio\/?page_id=9983"},"modified":"2024-09-04T10:32:52","modified_gmt":"2024-09-04T13:32:52","slug":"infod-formaciondocente-2024","status":"publish","type":"page","link":"https:\/\/dges-sal.infd.edu.ar\/sitio\/infod-formaciondocente-2024\/","title":{"rendered":"infod.formaciondocente.2024"},"content":{"rendered":"\n<div class=\"wp-duotone-unset-1 wp-block-cover alignfull is-light has-parallax has-small-font-size\" style=\"min-height:218px\"><span aria-hidden=\"true\" class=\"wp-block-cover__background has-background-dim-0 has-background-dim\"><\/span><div role=\"img\" class=\"wp-block-cover__image-background wp-image-8955 has-parallax\" style=\"background-position:50% 50%;background-image:url(https:\/\/dges-sal.infd.edu.ar\/sitio\/wp-content\/uploads\/2023\/03\/Recurso-24-2.png)\"><\/div><div class=\"wp-block-cover__inner-container\">\n<h1 class=\"wp-block-heading has-text-align-center has-contrast-color has-text-color has-small-font-size\" style=\"font-style:normal;font-weight:100\">         <img decoding=\"async\" loading=\"lazy\" width=\"626\" height=\"183\" class=\"wp-image-9573\" style=\"width: 500px;\" src=\"https:\/\/dges-sal.infd.edu.ar\/sitio\/wp-content\/uploads\/2023\/04\/Recurso-99.png\" alt=\"\"><\/h1>\n<\/div><\/div>\n\n\n\n<hr class=\"wp-block-separator aligncenter has-text-color has-contrast-2-color has-alpha-channel-opacity has-contrast-2-background-color has-background is-style-default\"\/>\n\n\n\n<h1 class=\"wp-block-heading alignwide has-text-align-center has-medium-font-size\" style=\"letter-spacing:20px;text-transform:uppercase\">Pol\u00edtica<\/h1>\n\n\n\n<h2 class=\"wp-block-heading has-background has-medium-font-size\" style=\"background-color:#3399ff;font-style:normal;font-weight:400\"><strong>Fortalecimiento de la formaci\u00f3n docente inicial y sus instituciones. Revisi\u00f3n y actualizaci\u00f3n de los marcos normativos para el dise\u00f1o y el desarrollo Curricular<\/strong><\/h2>\n\n\n\n<figure class=\"wp-block-table is-style-stripes\"><table><tbody><tr><td class=\"has-text-align-center\" data-align=\"center\">Referente<\/td><td class=\"has-text-align-center\" data-align=\"center\">Contacto<\/td><\/tr><tr><td class=\"has-text-align-center\" data-align=\"center\"><strong>Prof. Carolina Velarde<\/strong><\/td><td class=\"has-text-align-center\" data-align=\"center\"><a href=\"mailto:dgesuperior.desarrollo.curricular.salta@edusalta.gov.ar\">dgesuperior.desarrollo.curricular.salta@edusalta.gov.ar<\/a><\/td><\/tr><\/tbody><\/table><\/figure>\n\n\n\n<h2 class=\"wp-block-heading\">Presentaci\u00f3n<\/h2>\n\n\n<p style=\"text-align: justify;\">La Resoluci\u00f3n del Consejo Federal de Educaci\u00f3n N\u00b0 24\/2007 estableci\u00f3 los Lineamientos Curriculares Nacionales para la Formaci\u00f3n Docente Inicial, que sirven como marco normativo para la creaci\u00f3n de Dise\u00f1os Curriculares Jurisdiccionales. Desde 2022, se han llevado a cabo reuniones y mesas federales para revisar estos lineamientos, teniendo en cuenta el tiempo transcurrido desde su aprobaci\u00f3n, la experiencia en su implementaci\u00f3n, y el impacto de la pandemia de Covid-19 en las pr\u00e1cticas de ense\u00f1anza. Este proceso busca actualizar y mejorar los lineamientos, adapt\u00e1ndolos al nuevo escenario pedag\u00f3gico. Asimismo, se trabajar\u00e1 para discutir un nuevo acuerdo federal y adecuar los dise\u00f1os curriculares correspondientes.<\/p>\n\n\n<h4 class=\"wp-block-heading\">Objetivos<\/h4>\n\n\n\n<ul>\n<li>Identificar y actualizar los Marcos normativos jurisdiccionales y federales para la construcci\u00f3n de informaci\u00f3n que contribuya con el fortalecimiento de la integraci\u00f3n nacional del curr\u00edculo de formaci\u00f3n docente<\/li>\n\n\n\n<li>Actualizar los dise\u00f1os curriculares jurisdiccionales de las carreras de formaci\u00f3n docente<\/li>\n\n\n\n<li>Producir conocimiento sobre el desarrollo de los dise\u00f1os curriculares jurisdiccionales, a trav\u00e9s del an\u00e1lisis de las pr\u00e1cticas de gesti\u00f3n en los ISFD, con el prop\u00f3sito de fundamentar las decisiones orientadas a su mejora, con \u00e9nfasis en las pr\u00e1cticas vinculadas a los procesos de alfabetizaci\u00f3n<\/li>\n<\/ul>\n\n\n\n<h4 class=\"wp-block-heading\">Descripci\u00f3n general de las actividades a realizar<\/h4>\n\n\n\n<p>Salta participar\u00e1 en encuentros regionales y nacionales para compartir experiencias innovadoras y significativas desarrolladas en la jurisdicci\u00f3n (hibridaci\u00f3n, articulaci\u00f3n entre campos y alfabetizaci\u00f3n acad\u00e9mica). Adem\u00e1s, se desarrollar\u00e1n circuitos de trabajo con los ISFD para comunicar los avances tras los encuentros federales y con las direcciones de nivel; analizar y evaluar aciertos, dificultades y vac\u00edos, con el fin de contribuir a la actualizaci\u00f3n federal de la Resoluci\u00f3n CFE 24\/2007. Se prev\u00e9 revisar seis dise\u00f1os curriculares. <\/p>\n\n\n\n<p>Durante esta revisi\u00f3n, se llevar\u00e1n a cabo acciones con los Institutos de Formaci\u00f3n Docente (ISFD), incluyendo coordinadores de carrera, Docentes referentes del CFPP y otros actores, para trabajar en cuestiones prioritarias relacionadas con el Campo de la Formaci\u00f3n General y el Campo de la Formaci\u00f3n en las Pr\u00e1cticas Profesionales<\/p>\n","protected":false},"excerpt":{"rendered":"<p>Pol\u00edtica Fortalecimiento de la formaci\u00f3n docente inicial y sus instituciones. Revisi\u00f3n y actualizaci\u00f3n de los marcos normativos para el dise\u00f1o y el desarrollo Curricular Referente Contacto Prof. Carolina Velarde dgesuperior.desarrollo.curricular.salta@edusalta.gov.ar Presentaci\u00f3n La Resoluci\u00f3n del Consejo Federal de Educaci\u00f3n N\u00b0 24\/2007 estableci\u00f3 los Lineamientos Curriculares Nacionales para la Formaci\u00f3n Docente Inicial, que sirven como marco normativo &#8230; <a title=\"infod.formaciondocente.2024\" class=\"read-more\" href=\"https:\/\/dges-sal.infd.edu.ar\/sitio\/infod-formaciondocente-2024\/\" aria-label=\"More on infod.formaciondocente.2024\">[+]<\/a><\/p>\n","protected":false},"author":10692,"featured_media":0,"parent":0,"menu_order":0,"comment_status":"closed","ping_status":"closed","template":"","meta":[],"acf":[],"_links":{"self":[{"href":"https:\/\/dges-sal.infd.edu.ar\/sitio\/wp-json\/wp\/v2\/pages\/9983"}],"collection":[{"href":"https:\/\/dges-sal.infd.edu.ar\/sitio\/wp-json\/wp\/v2\/pages"}],"about":[{"href":"https:\/\/dges-sal.infd.edu.ar\/sitio\/wp-json\/wp\/v2\/types\/page"}],"author":[{"embeddable":true,"href":"https:\/\/dges-sal.infd.edu.ar\/sitio\/wp-json\/wp\/v2\/users\/10692"}],"replies":[{"embeddable":true,"href":"https:\/\/dges-sal.infd.edu.ar\/sitio\/wp-json\/wp\/v2\/comments?post=9983"}],"version-history":[{"count":12,"href":"https:\/\/dges-sal.infd.edu.ar\/sitio\/wp-json\/wp\/v2\/pages\/9983\/revisions"}],"predecessor-version":[{"id":14362,"href":"https:\/\/dges-sal.infd.edu.ar\/sitio\/wp-json\/wp\/v2\/pages\/9983\/revisions\/14362"}],"wp:attachment":[{"href":"https:\/\/dges-sal.infd.edu.ar\/sitio\/wp-json\/wp\/v2\/media?parent=9983"}],"curies":[{"name":"wp","href":"https:\/\/api.w.org\/{rel}","templated":true}]}}