{"id":9980,"date":"2023-05-11T12:21:05","date_gmt":"2023-05-11T15:21:05","guid":{"rendered":"https:\/\/dges-sal.infd.edu.ar\/sitio\/?page_id=9980"},"modified":"2024-09-04T10:32:32","modified_gmt":"2024-09-04T13:32:32","slug":"p-estudiantiles","status":"publish","type":"page","link":"https:\/\/dges-sal.infd.edu.ar\/sitio\/p-estudiantiles\/","title":{"rendered":"infod.tray_estudiantiles.24"},"content":{"rendered":"\n<div class=\"wp-duotone-unset-1 wp-block-cover alignfull is-light has-parallax has-small-font-size\" style=\"min-height:218px\"><span aria-hidden=\"true\" class=\"wp-block-cover__background has-background-dim-0 has-background-dim\"><\/span><div role=\"img\" class=\"wp-block-cover__image-background wp-image-8955 has-parallax\" style=\"background-position:50% 50%;background-image:url(https:\/\/dges-sal.infd.edu.ar\/sitio\/wp-content\/uploads\/2023\/03\/Recurso-24-2.png)\"><\/div><div class=\"wp-block-cover__inner-container\">\n<h1 class=\"wp-block-heading has-text-align-center has-contrast-color has-text-color has-small-font-size\" style=\"font-style:normal;font-weight:100\">         <img decoding=\"async\" loading=\"lazy\" width=\"626\" height=\"183\" class=\"wp-image-9573\" style=\"width: 500px;\" src=\"https:\/\/dges-sal.infd.edu.ar\/sitio\/wp-content\/uploads\/2023\/04\/Recurso-99.png\" alt=\"\"><\/h1>\n<\/div><\/div>\n\n\n\n<hr class=\"wp-block-separator aligncenter has-text-color has-contrast-2-color has-alpha-channel-opacity has-contrast-2-background-color has-background is-style-default\"\/>\n\n\n\n<h1 class=\"wp-block-heading alignwide has-text-align-center has-medium-font-size\" style=\"letter-spacing:20px;text-transform:uppercase\">Pol\u00edtica<\/h1>\n\n\n\n<h2 class=\"wp-block-heading has-background has-medium-font-size\" style=\"background-color:#ff9933;font-style:normal;font-weight:400\"><strong>Apoyo a las trayectorias estudiantiles en las instituciones de formaci\u00f3n docente.<\/strong><\/h2>\n\n\n\n<figure class=\"wp-block-table is-style-stripes\"><table><tbody><tr><td class=\"has-text-align-center\" data-align=\"center\">Referente<\/td><td class=\"has-text-align-center\" data-align=\"center\">Contacto<\/td><\/tr><tr><td class=\"has-text-align-center\" data-align=\"center\"><strong>Prof. Carla Pacheco<\/strong><\/td><td class=\"has-text-align-center\" data-align=\"center\"><a href=\"mailto:dgesuperior.politicas.estudiantiles.salta@edusalta.gov.ar\">dgesuperior.politicas.estudiantiles.salta@edusalta.gov.ar<\/a><\/td><\/tr><\/tbody><\/table><\/figure>\n\n\n\n<p><\/p>\n\n\n\n<h3 class=\"wp-block-heading\">Presentaci\u00f3n<\/h3>\n\n\n<p><span style=\"font-weight: 400;\">La Direcci\u00f3n General de Educaci\u00f3n Superior (DGES) en coordinaci\u00f3n con el Instituto Nacional de Formaci\u00f3n Docente (INFoD), convocan a los Institutos Superiores de Formaci\u00f3n Docente (ISFD) a la presentaci\u00f3n de proyectos de mejora institucional, los mismos est\u00e1n enmarcados en la Res. CFE 471\/24, donde se propone \u201cgarantizar que todos los estudiantes de la Rep\u00fablica Argentina puedan leer, comprender y producir textos\u201d. Se pretende un trabajo articulado para fortalecer el acompa\u00f1amiento de las trayectorias estudiantiles desde una perspectiva jurisdiccional, progresiva, integral e intercultural.<\/span><\/p>\n\n\n<h4 class=\"wp-block-heading\">Objetivos<\/h4>\n\n\n\n<ul>\n<li>Actualizar y profundizar las estrategias y dispositivos institucionales de acompa\u00f1amiento de las trayectorias estudiantiles.<\/li>\n\n\n\n<li>Fortalecer la construcci\u00f3n del rol social, pol\u00edtico y cultural del futuro docente, involucrando a los estudiantes en la gesti\u00f3n democr\u00e1tica de las instituciones, en el mejoramiento acad\u00e9mico<\/li>\n<\/ul>\n\n\n\n<p><\/p>\n\n\n\n<h4 class=\"wp-block-heading\">Descripci\u00f3n general de las actividades a realizar<\/h4>\n\n\n\n<ul>\n<li>Se llevar\u00e1n a cabo diversas acciones que promuevan, fortalezcan y acompa\u00f1en las trayectorias educativas. Las mismas incluyen talleres, conversatorios, encuentros, instancias de debates y socializaci\u00f3n de experiencias, entre otras. En este per\u00edodo se trabajar\u00e1 en articulaci\u00f3n con la l\u00ednea de Acompa\u00f1amiento Institucional.<\/li>\n<\/ul>\n\n\n\n<ul>\n<li>Promoci\u00f3n y seguimiento de las becas progresar<\/li>\n<\/ul>\n\n\n\n<p><\/p>\n\n\n\n<h4 class=\"wp-block-heading\">Convocatoria<\/h4>\n\n\n\n<p>Etapas de implementaci\u00f3n<\/p>\n\n\n\n<ul>\n<li><strong>Primera etapa<\/strong> en el segundo cuatrimestre de 2024, incluye la constituci\u00f3n de una mesa de trabajo, dise\u00f1o y presentaci\u00f3n del proyecto, evaluaci\u00f3n y transferencia de fondos.<\/li>\n\n\n\n<li><strong>Segunda etapa<\/strong> en el primer cuatrimestre de 2025 consiste en el desarrollo de acciones, presentaci\u00f3n de informe final y rendici\u00f3n de gastos.<\/li>\n<\/ul>\n\n\n\n<p>Los proyectos cuentan con financiamiento nacional para gastos corrientes, que ser\u00e1 transferido directamente al Instituto. El monto es definido por rangos, seg\u00fan la matr\u00edcula 2023 de las carreras de formaci\u00f3n docente inicial<\/p>\n\n\n\n<h4 class=\"wp-block-heading\">Documento orientador para el dise\u00f1o de proyectos<\/h4>\n\n\n\n<div class=\"wp-block-columns is-layout-flex wp-container-4\">\n<div class=\"wp-block-column is-layout-flow\">\n<figure class=\"wp-block-image size-full\"><a href=\"https:\/\/drive.google.com\/file\/d\/1OxQeJEwLm98XjGVFQGo44XCo1GJFHlX9\/view\"><img decoding=\"async\" loading=\"lazy\" width=\"388\" height=\"553\" src=\"https:\/\/dges-sal.infd.edu.ar\/sitio\/wp-content\/uploads\/2024\/09\/documento-para-infod.jpg\" alt=\"\" class=\"wp-image-14323\"\/><\/a><\/figure>\n<\/div>\n\n\n\n<div class=\"wp-block-column is-layout-flow\"><\/div>\n<\/div>\n","protected":false},"excerpt":{"rendered":"<p>Pol\u00edtica Apoyo a las trayectorias estudiantiles en las instituciones de formaci\u00f3n docente. Referente Contacto Prof. Carla Pacheco dgesuperior.politicas.estudiantiles.salta@edusalta.gov.ar Presentaci\u00f3n La Direcci\u00f3n General de Educaci\u00f3n Superior (DGES) en coordinaci\u00f3n con el Instituto Nacional de Formaci\u00f3n Docente (INFoD), convocan a los Institutos Superiores de Formaci\u00f3n Docente (ISFD) a la presentaci\u00f3n de proyectos de mejora institucional, los mismos &#8230; <a title=\"infod.tray_estudiantiles.24\" class=\"read-more\" href=\"https:\/\/dges-sal.infd.edu.ar\/sitio\/p-estudiantiles\/\" aria-label=\"More on infod.tray_estudiantiles.24\">[+]<\/a><\/p>\n","protected":false},"author":9605,"featured_media":0,"parent":0,"menu_order":0,"comment_status":"closed","ping_status":"closed","template":"","meta":[],"acf":[],"_links":{"self":[{"href":"https:\/\/dges-sal.infd.edu.ar\/sitio\/wp-json\/wp\/v2\/pages\/9980"}],"collection":[{"href":"https:\/\/dges-sal.infd.edu.ar\/sitio\/wp-json\/wp\/v2\/pages"}],"about":[{"href":"https:\/\/dges-sal.infd.edu.ar\/sitio\/wp-json\/wp\/v2\/types\/page"}],"author":[{"embeddable":true,"href":"https:\/\/dges-sal.infd.edu.ar\/sitio\/wp-json\/wp\/v2\/users\/9605"}],"replies":[{"embeddable":true,"href":"https:\/\/dges-sal.infd.edu.ar\/sitio\/wp-json\/wp\/v2\/comments?post=9980"}],"version-history":[{"count":27,"href":"https:\/\/dges-sal.infd.edu.ar\/sitio\/wp-json\/wp\/v2\/pages\/9980\/revisions"}],"predecessor-version":[{"id":14361,"href":"https:\/\/dges-sal.infd.edu.ar\/sitio\/wp-json\/wp\/v2\/pages\/9980\/revisions\/14361"}],"wp:attachment":[{"href":"https:\/\/dges-sal.infd.edu.ar\/sitio\/wp-json\/wp\/v2\/media?parent=9980"}],"curies":[{"name":"wp","href":"https:\/\/api.w.org\/{rel}","templated":true}]}}