{"id":9974,"date":"2023-05-11T12:14:50","date_gmt":"2023-05-11T15:14:50","guid":{"rendered":"https:\/\/dges-sal.infd.edu.ar\/sitio\/?page_id=9974"},"modified":"2024-09-04T10:31:38","modified_gmt":"2024-09-04T13:31:38","slug":"investigacion-4","status":"publish","type":"page","link":"https:\/\/dges-sal.infd.edu.ar\/sitio\/investigacion-4\/","title":{"rendered":"Investigaci\u00f3n.2024"},"content":{"rendered":"\n<div class=\"wp-duotone-unset-1 wp-block-cover alignfull is-light has-parallax has-small-font-size\" style=\"min-height:218px\"><span aria-hidden=\"true\" class=\"wp-block-cover__background has-background-dim-0 has-background-dim\"><\/span><div role=\"img\" class=\"wp-block-cover__image-background wp-image-8955 has-parallax\" style=\"background-position:50% 50%;background-image:url(https:\/\/dges-sal.infd.edu.ar\/sitio\/wp-content\/uploads\/2023\/03\/Recurso-24-2.png)\"><\/div><div class=\"wp-block-cover__inner-container\">\n<h1 class=\"wp-block-heading has-text-align-center has-contrast-color has-text-color has-small-font-size\" style=\"font-style:normal;font-weight:100\">         <img decoding=\"async\" loading=\"lazy\" width=\"626\" height=\"183\" class=\"wp-image-9573\" style=\"width: 500px;\" src=\"https:\/\/dges-sal.infd.edu.ar\/sitio\/wp-content\/uploads\/2023\/04\/Recurso-99.png\" alt=\"\"><\/h1>\n<\/div><\/div>\n\n\n\n<hr class=\"wp-block-separator aligncenter has-text-color has-contrast-2-color has-alpha-channel-opacity has-contrast-2-background-color has-background is-style-default\"\/>\n\n\n\n<h1 class=\"wp-block-heading alignwide has-text-align-center has-medium-font-size\" style=\"letter-spacing:20px;text-transform:uppercase\">Pol\u00edtica<\/h1>\n\n\n\n<h2 class=\"wp-block-heading has-background has-medium-font-size\" style=\"background-color:#bfc939;font-style:normal;font-weight:400\"><strong>Desarrollo de la funci\u00f3n de investigaci\u00f3n del sistema formador.<\/strong><\/h2>\n\n\n\n<figure class=\"wp-block-table is-style-stripes\"><table><tbody><tr><td class=\"has-text-align-center\" data-align=\"center\">Referente<\/td><td class=\"has-text-align-center\" data-align=\"center\">Contacto<\/td><\/tr><tr><td class=\"has-text-align-center\" data-align=\"center\"><strong>Prof. Rita Gabriela Gil<\/strong><\/td><td class=\"has-text-align-center\" data-align=\"center\"><a href=\"mailto:dgesuperior.investigacion.salta@edusalta.gov.ar\">dgesuperior.investigacion.salta@edusalta.gov.ar<\/a><\/td><\/tr><\/tbody><\/table><\/figure>\n\n\n<h3>Presentaci\u00f3n<\/h3>\n<p style=\"text-align: justify;\">La Direcci\u00f3n General de Educaci\u00f3n Superior (DGES) en coordinaci\u00f3n con el Instituto Nacional de Formaci\u00f3n Docente (INFoD) trabajan en fomentar y fortalecer la producci\u00f3n de conocimiento en los ISFD en el marco de la convocatoria nacional de Proyectos de Investigaci\u00f3n donde se busca promover el desarrollo de investigaciones que contribuyan a la identificaci\u00f3n de problemas y desaf\u00edos del sistema formador y del sistema educativo; desarrollar estrategias que integren la investigaci\u00f3n y la producci\u00f3n de conocimientos como dimensiones de la formaci\u00f3n profesional de los futuros egresados de los IES; favorecer la conformaci\u00f3n de equipos de docentes y estudiantes de los ISFD para la construcci\u00f3n colectiva de conocimiento; difundir los resultados de las investigaciones, tendiendo puentes entre las pr\u00e1cticas de investigaci\u00f3n y las pr\u00e1cticas educativas.<\/p>\n\n\n<h4 class=\"wp-block-heading\">Objetivo<\/h4>\n\n\n\n<ul>\n<li>Desarrollar la funci\u00f3n de investigaci\u00f3n en la formaci\u00f3n docente y la producci\u00f3n de conocimiento para abordar los desaf\u00edos de los niveles de educaci\u00f3n obligatoria.<\/li>\n<\/ul>\n\n\n\n<h4 class=\"wp-block-heading\">Descripci\u00f3n general de las actividades a realizar<\/h4>\n\n\n\n<p>En funci\u00f3n de garantizar el correcto desarrollo de las pol\u00edticas nacionales y en articulaci\u00f3n con la jurisdicci\u00f3n, la <strong>l\u00ednea de investigaci\u00f3n <\/strong>llevar\u00e1 adelante las siguientes acciones :<\/p>\n\n\n\n<p>&#8211; Sobre la Convocatoria nacional a Proyectos de Investigaci\u00f3n de ISFD<\/p>\n\n\n\n<ul>\n<li>Brindar apoyo y asistencia t\u00e9cnica a los equipos directivos, formadores y estudiantes para que desarrollen la funci\u00f3n de investigaci\u00f3n.<\/li>\n\n\n\n<li>Asistir a los equipos de los proyectos seleccionados en la convocatoria nacional durante su ejecuci\u00f3n.<\/li>\n\n\n\n<li>Coordinar la difusi\u00f3n y utilizaci\u00f3n del conocimiento producido en las instituciones y en la provincia poniendo a disposici\u00f3n del sistema formador y de la comunidad educativa los materiales y resultados alcanzados.<\/li>\n<\/ul>\n\n\n\n<p>Los proyectos seleccionados cuentan con financiamiento nacional para su implementaci\u00f3n.<\/p>\n\n\n\n<p>&#8211; Generar las condiciones necesarias para el trabajo interinstitucional de los ISFD en la creaci\u00f3n de redes de intercambio\/ di\u00e1logo y socializaci\u00f3n de pr\u00e1cticas de investigaci\u00f3n. &#8211; Promover investigaciones y diagn\u00f3sticos jurisdiccionales sobre tem\u00e1ticas que sirvan de apoyo al desarrollo del nivel y su relaci\u00f3n con los otros niveles<\/p>\n\n\n\n<h4 class=\"wp-block-heading\">Convocatoria<\/h4>\n\n\n\n<p>Se trabaja sobre convocatoria 2023<\/p>\n\n\n\n<p><\/p>\n","protected":false},"excerpt":{"rendered":"<p>Pol\u00edtica Desarrollo de la funci\u00f3n de investigaci\u00f3n del sistema formador. Referente Contacto Prof. Rita Gabriela Gil dgesuperior.investigacion.salta@edusalta.gov.ar Presentaci\u00f3n La Direcci\u00f3n General de Educaci\u00f3n Superior (DGES) en coordinaci\u00f3n con el Instituto Nacional de Formaci\u00f3n Docente (INFoD) trabajan en fomentar y fortalecer la producci\u00f3n de conocimiento en los ISFD en el marco de la convocatoria nacional de &#8230; <a title=\"Investigaci\u00f3n.2024\" class=\"read-more\" href=\"https:\/\/dges-sal.infd.edu.ar\/sitio\/investigacion-4\/\" aria-label=\"More on Investigaci\u00f3n.2024\">[+]<\/a><\/p>\n","protected":false},"author":10692,"featured_media":0,"parent":0,"menu_order":0,"comment_status":"closed","ping_status":"closed","template":"","meta":[],"acf":[],"_links":{"self":[{"href":"https:\/\/dges-sal.infd.edu.ar\/sitio\/wp-json\/wp\/v2\/pages\/9974"}],"collection":[{"href":"https:\/\/dges-sal.infd.edu.ar\/sitio\/wp-json\/wp\/v2\/pages"}],"about":[{"href":"https:\/\/dges-sal.infd.edu.ar\/sitio\/wp-json\/wp\/v2\/types\/page"}],"author":[{"embeddable":true,"href":"https:\/\/dges-sal.infd.edu.ar\/sitio\/wp-json\/wp\/v2\/users\/10692"}],"replies":[{"embeddable":true,"href":"https:\/\/dges-sal.infd.edu.ar\/sitio\/wp-json\/wp\/v2\/comments?post=9974"}],"version-history":[{"count":18,"href":"https:\/\/dges-sal.infd.edu.ar\/sitio\/wp-json\/wp\/v2\/pages\/9974\/revisions"}],"predecessor-version":[{"id":14358,"href":"https:\/\/dges-sal.infd.edu.ar\/sitio\/wp-json\/wp\/v2\/pages\/9974\/revisions\/14358"}],"wp:attachment":[{"href":"https:\/\/dges-sal.infd.edu.ar\/sitio\/wp-json\/wp\/v2\/media?parent=9974"}],"curies":[{"name":"wp","href":"https:\/\/api.w.org\/{rel}","templated":true}]}}