{"id":9818,"date":"2023-04-26T13:36:06","date_gmt":"2023-04-26T16:36:06","guid":{"rendered":"https:\/\/dges-sal.infd.edu.ar\/sitio\/?page_id=9818"},"modified":"2023-08-10T10:43:40","modified_gmt":"2023-08-10T13:43:40","slug":"ies-6032-convocatoria-2023-para-acceso-al-cargo-de-rector","status":"publish","type":"page","link":"https:\/\/dges-sal.infd.edu.ar\/sitio\/ies-6032-convocatoria-2023-para-acceso-al-cargo-de-rector\/","title":{"rendered":"IES 6032 Convocatoria 2023 para acceso al cargo de Rector"},"content":{"rendered":"\n<p>Convocatoria Disp. 65\/23 &nbsp;cobertura de cargo de&nbsp;<strong>Rector&nbsp;de la Escuela Provincial de M\u00fasica y Danzas Tradicionales&nbsp; Argentinas N\u00b0 6032<\/strong><\/p>\n\n\n\n<p>Archivos seg\u00fan Disp. 65\/23 &nbsp;cobertura de cargo de&nbsp;<strong>Rector&nbsp;de la &nbsp;Escuela Provincial de M\u00fasica y Danzas Tradicionales&nbsp; Argentinas N\u00b0 6032<\/strong><\/p>\n\n\n\n<figure class=\"wp-block-table\"><table class=\"has-fixed-layout\"><tbody><tr><td><strong>N\u00f3mina de aspirantes inscriptos<\/strong><\/td><td><strong>Nomina definitiva de aspirantes<\/strong><\/td><td><strong>Disposici\u00f3n nuevo tribunal (si correspondiere)<\/strong><\/td><td><strong>Dictamen evaluaci\u00f3n de T\u00edtulos y Antecedentes<\/strong><\/td><td><strong>Fecha de Examen Escrito y Resultados<\/strong><\/td><td><strong>Fecha de Exposici\u00f3n y defensa oral de la propuesta de Gesti\u00f3n y Resultados<\/strong><\/td><td><strong>Disposiciones<\/strong>&nbsp;<strong>DGES<\/strong><\/td><\/tr><tr><td>2da Convocatoria<br>Archivo&nbsp;<strong><a href=\"https:\/\/dges-sal.infd.edu.ar\/sitio\/wp-content\/uploads\/2023\/06\/Acta-de-cierre-de-Inscripcion-2da-convocatoria-Rector-IES-6032.pdf\" target=\"_blank\" rel=\"noreferrer noopener\">AQU\u00cd<\/a><\/strong><strong><\/strong><\/td><td>&nbsp; &nbsp; Archivo&nbsp;<strong>AQU\u00cd<\/strong><\/td><td>&nbsp; Archivo&nbsp;<strong>AQU\u00cd<\/strong><\/td><td>&nbsp; &nbsp; Archivo&nbsp;<strong><a href=\"https:\/\/dges-sal.infd.edu.ar\/sitio\/wp-content\/uploads\/2023\/08\/Acta-Comision-Evaluadora-6032-Titulacion-y-Antecedentes.pdf\" target=\"_blank\" rel=\"noreferrer noopener\">AQU\u00cd<\/a><\/strong><\/td><td>&nbsp; Archivo&nbsp;<strong>AQU\u00cd<\/strong> Resultado:<strong> AQU\u00cd<\/strong><\/td><td>&nbsp; Archivo&nbsp;<strong>AQU\u00cd<\/strong> <strong>Resultado: AQU\u00cd<\/strong><\/td><td>Archivo\u00a0<strong><a href=\"https:\/\/dges-sal.infd.edu.ar\/sitio\/wp-content\/uploads\/2023\/08\/Disp-201-2023-DGES-IES-6032-Rector-Aprobar-Proced-Concursal.pdf\" target=\"_blank\" rel=\"noreferrer noopener\">AQU\u00cd<\/a><\/strong><\/td><\/tr><tr><td>1ra Convocatoria<br>Archivo&nbsp; <strong><a href=\"https:\/\/dges-sal.infd.edu.ar\/sitio\/wp-content\/uploads\/2023\/05\/Acta-de-cierre-de-Inscripcion-1ra-convocatoria-Rector-IES-6032.pdf\" target=\"_blank\" rel=\"noreferrer noopener\">AQU\u00cd<\/a><\/strong><\/td><td>&nbsp; &nbsp; Archivo&nbsp;<strong>AQU\u00cd<\/strong><\/td><td>&nbsp; Archivo&nbsp;<strong>AQU\u00cd<\/strong><\/td><td>&nbsp; Archivo&nbsp; <strong><a href=\"https:\/\/dges-sal.infd.edu.ar\/sitio\/wp-content\/uploads\/2023\/05\/Acta-Comision-Evaluadora-Rector-6032.pdf\" target=\"_blank\" rel=\"noreferrer noopener\">AQU\u00cd<\/a><\/strong><\/td><td>&nbsp; Archivo&nbsp;<strong>AQU\u00cd<\/strong> Resultado:<strong> AQU\u00cd<\/strong><\/td><td>&nbsp; Archivo&nbsp;<strong>AQU\u00cd<\/strong> <strong>Resultado: AQU\u00cd<\/strong><\/td><td>Archivo&nbsp; <a href=\"https:\/\/dges-sal.infd.edu.ar\/sitio\/wp-content\/uploads\/2023\/06\/Disp-136-2023-DGES-IES-6032-Rector-2da-convocatoria.pdf\" target=\"_blank\" rel=\"noreferrer noopener\"><strong>AQU\u00cd<\/strong><\/a><\/td><\/tr><\/tbody><\/table><\/figure>\n","protected":false},"excerpt":{"rendered":"<p>Convocatoria Disp. 65\/23 &nbsp;cobertura de cargo de&nbsp;Rector&nbsp;de la Escuela Provincial de M\u00fasica y Danzas Tradicionales&nbsp; Argentinas N\u00b0 6032 Archivos seg\u00fan Disp. 65\/23 &nbsp;cobertura de cargo de&nbsp;Rector&nbsp;de la &nbsp;Escuela Provincial de M\u00fasica y Danzas Tradicionales&nbsp; Argentinas N\u00b0 6032 N\u00f3mina de aspirantes inscriptos Nomina definitiva de aspirantes Disposici\u00f3n nuevo tribunal (si correspondiere) Dictamen evaluaci\u00f3n de T\u00edtulos y &#8230; <a title=\"IES 6032 Convocatoria 2023 para acceso al cargo de Rector\" class=\"read-more\" href=\"https:\/\/dges-sal.infd.edu.ar\/sitio\/ies-6032-convocatoria-2023-para-acceso-al-cargo-de-rector\/\" aria-label=\"More on IES 6032 Convocatoria 2023 para acceso al cargo de Rector\">[+]<\/a><\/p>\n","protected":false},"author":790,"featured_media":0,"parent":0,"menu_order":0,"comment_status":"closed","ping_status":"closed","template":"","meta":[],"acf":[],"_links":{"self":[{"href":"https:\/\/dges-sal.infd.edu.ar\/sitio\/wp-json\/wp\/v2\/pages\/9818"}],"collection":[{"href":"https:\/\/dges-sal.infd.edu.ar\/sitio\/wp-json\/wp\/v2\/pages"}],"about":[{"href":"https:\/\/dges-sal.infd.edu.ar\/sitio\/wp-json\/wp\/v2\/types\/page"}],"author":[{"embeddable":true,"href":"https:\/\/dges-sal.infd.edu.ar\/sitio\/wp-json\/wp\/v2\/users\/790"}],"replies":[{"embeddable":true,"href":"https:\/\/dges-sal.infd.edu.ar\/sitio\/wp-json\/wp\/v2\/comments?post=9818"}],"version-history":[{"count":8,"href":"https:\/\/dges-sal.infd.edu.ar\/sitio\/wp-json\/wp\/v2\/pages\/9818\/revisions"}],"predecessor-version":[{"id":11779,"href":"https:\/\/dges-sal.infd.edu.ar\/sitio\/wp-json\/wp\/v2\/pages\/9818\/revisions\/11779"}],"wp:attachment":[{"href":"https:\/\/dges-sal.infd.edu.ar\/sitio\/wp-json\/wp\/v2\/media?parent=9818"}],"curies":[{"name":"wp","href":"https:\/\/api.w.org\/{rel}","templated":true}]}}