{"id":9816,"date":"2023-04-26T13:27:56","date_gmt":"2023-04-26T16:27:56","guid":{"rendered":"https:\/\/dges-sal.infd.edu.ar\/sitio\/?page_id=9816"},"modified":"2023-09-08T20:13:21","modified_gmt":"2023-09-08T23:13:21","slug":"ies-6028-convocatoria-2023-para-acceso-al-cargo-de-rector","status":"publish","type":"page","link":"https:\/\/dges-sal.infd.edu.ar\/sitio\/ies-6028-convocatoria-2023-para-acceso-al-cargo-de-rector\/","title":{"rendered":"IES 6028 Convocatoria 2023 para acceso al cargo de Rector"},"content":{"rendered":"\n<p>Convocatoria Disp. 66\/23 &nbsp;cobertura de cargo de&nbsp;<strong>Rector&nbsp;del &nbsp;Instituto Superior de Formaci\u00f3n Docente N\u00b0 6028<\/strong><\/p>\n\n\n\n<p>Archivos seg\u00fan Disp. 66\/23 &nbsp;cobertura de cargo de&nbsp;<strong>Rector&nbsp;del &nbsp;Instituto Superior de Formaci\u00f3n Docente N\u00b0 6028<\/strong><\/p>\n\n\n\n<figure class=\"wp-block-table\"><table class=\"has-fixed-layout\"><tbody><tr><td><strong>N\u00f3mina de aspirantes inscriptos<\/strong><\/td><td><strong>Nomina definitiva de aspirantes<\/strong><\/td><td><strong>Disposici\u00f3n nuevo tribunal (si correspondiere)<\/strong><\/td><td><strong>Dictamen evaluaci\u00f3n de T\u00edtulos y Antecedentes<\/strong><\/td><td><strong>Fecha de Examen Escrito y Resultados<\/strong><\/td><td><strong>Fecha de Exposici\u00f3n y defensa oral de la propuesta de Gesti\u00f3n y Resultados<\/strong><\/td><td><strong>Disposiciones<\/strong>&nbsp;<strong>DGES<\/strong><\/td><\/tr><tr><td>1ra Convocatoria<br>Archivo&nbsp; <strong><a href=\"https:\/\/dges-sal.infd.edu.ar\/sitio\/wp-content\/uploads\/2023\/05\/Acta-de-cierre-de-Inscripcion-1ra-convocatoria-Rector-IES-6028.pdf\" target=\"_blank\" rel=\"noreferrer noopener\">AQU\u00cd<\/a><\/strong><\/td><td>&nbsp; &nbsp; <br>Archivo&nbsp;<strong>AQU\u00cd<\/strong><\/td><td>&nbsp; <br>Archivo&nbsp;<strong>AQU\u00cd<\/strong><\/td><td>&nbsp; <br>Archivo&nbsp;<strong><a rel=\"noreferrer noopener\" href=\"https:\/\/dges-sal.infd.edu.ar\/sitio\/wp-content\/uploads\/2023\/05\/Acta-Comision-Evaluadora-6028-Rector-a-Titulacion-y-Antecedente.pdf\" target=\"_blank\">AQU\u00cd<\/a><\/strong><\/td><td>Archivo&nbsp;<strong>AQU\u00cd<\/strong> <br>Resultado:<strong> <a href=\"https:\/\/dges-sal.infd.edu.ar\/sitio\/wp-content\/uploads\/2023\/08\/Acta-Comision-Evaluadora-6028-Resultado-Examen-Escrito.pdf\" target=\"_blank\" rel=\"noreferrer noopener\">AQU\u00cd<\/a><\/strong><\/td><td>&nbsp;Archivo&nbsp;<strong>AQU\u00cd<\/strong> <strong>Resultado: AQU\u00cd<\/strong><\/td><td>Archivo\u00a0<br><a rel=\"noreferrer noopener\" href=\"https:\/\/1drv.ms\/b\/s!Am6yXf_zD9cvjJ4U5LKi_GM6xCH8rw?e=rVqt9r\" target=\"_blank\"><strong>AQU\u00cd<\/strong><\/a><\/td><\/tr><\/tbody><\/table><\/figure>\n","protected":false},"excerpt":{"rendered":"<p>Convocatoria Disp. 66\/23 &nbsp;cobertura de cargo de&nbsp;Rector&nbsp;del &nbsp;Instituto Superior de Formaci\u00f3n Docente N\u00b0 6028 Archivos seg\u00fan Disp. 66\/23 &nbsp;cobertura de cargo de&nbsp;Rector&nbsp;del &nbsp;Instituto Superior de Formaci\u00f3n Docente N\u00b0 6028 N\u00f3mina de aspirantes inscriptos Nomina definitiva de aspirantes Disposici\u00f3n nuevo tribunal (si correspondiere) Dictamen evaluaci\u00f3n de T\u00edtulos y Antecedentes Fecha de Examen Escrito y Resultados Fecha &#8230; <a title=\"IES 6028 Convocatoria 2023 para acceso al cargo de Rector\" class=\"read-more\" href=\"https:\/\/dges-sal.infd.edu.ar\/sitio\/ies-6028-convocatoria-2023-para-acceso-al-cargo-de-rector\/\" aria-label=\"More on IES 6028 Convocatoria 2023 para acceso al cargo de Rector\">[+]<\/a><\/p>\n","protected":false},"author":790,"featured_media":0,"parent":0,"menu_order":0,"comment_status":"closed","ping_status":"closed","template":"","meta":[],"acf":[],"_links":{"self":[{"href":"https:\/\/dges-sal.infd.edu.ar\/sitio\/wp-json\/wp\/v2\/pages\/9816"}],"collection":[{"href":"https:\/\/dges-sal.infd.edu.ar\/sitio\/wp-json\/wp\/v2\/pages"}],"about":[{"href":"https:\/\/dges-sal.infd.edu.ar\/sitio\/wp-json\/wp\/v2\/types\/page"}],"author":[{"embeddable":true,"href":"https:\/\/dges-sal.infd.edu.ar\/sitio\/wp-json\/wp\/v2\/users\/790"}],"replies":[{"embeddable":true,"href":"https:\/\/dges-sal.infd.edu.ar\/sitio\/wp-json\/wp\/v2\/comments?post=9816"}],"version-history":[{"count":6,"href":"https:\/\/dges-sal.infd.edu.ar\/sitio\/wp-json\/wp\/v2\/pages\/9816\/revisions"}],"predecessor-version":[{"id":12130,"href":"https:\/\/dges-sal.infd.edu.ar\/sitio\/wp-json\/wp\/v2\/pages\/9816\/revisions\/12130"}],"wp:attachment":[{"href":"https:\/\/dges-sal.infd.edu.ar\/sitio\/wp-json\/wp\/v2\/media?parent=9816"}],"curies":[{"name":"wp","href":"https:\/\/api.w.org\/{rel}","templated":true}]}}