{"id":9814,"date":"2023-04-26T13:25:51","date_gmt":"2023-04-26T16:25:51","guid":{"rendered":"https:\/\/dges-sal.infd.edu.ar\/sitio\/?page_id=9814"},"modified":"2023-08-10T10:37:38","modified_gmt":"2023-08-10T13:37:38","slug":"ies-6016-convocatoria-2023-para-acceso-al-cargo-de-rector","status":"publish","type":"page","link":"https:\/\/dges-sal.infd.edu.ar\/sitio\/ies-6016-convocatoria-2023-para-acceso-al-cargo-de-rector\/","title":{"rendered":"IES 6016 Convocatoria 2023 para acceso al cargo de Rector"},"content":{"rendered":"\n<p>Convocatoria Disp. 64\/23 &nbsp;cobertura de cargo de&nbsp;<strong>Rector&nbsp;del &nbsp;Instituto de Carreras Superiores N\u00b0 6016 \u201cConscripto Ricardo Armando Paz\u201d<\/strong><\/p>\n\n\n\n<p>Archivos seg\u00fan Disp. 64\/23 &nbsp;cobertura de cargo de&nbsp;<strong>Rector&nbsp;del &nbsp;Instituto de Carreras Superiores N\u00b0 6016 \u201cConscripto Ricardo Armando Paz\u201d<\/strong><\/p>\n\n\n\n<figure class=\"wp-block-table\"><table><tbody><tr><td><strong>N\u00f3mina de aspirantes inscriptos<\/strong><\/td><td><strong>Nomina definitiva de aspirantes<\/strong><\/td><td><strong>Disposici\u00f3n nuevo tribunal (si correspondiere)<\/strong><\/td><td><strong>Dictamen evaluaci\u00f3n de T\u00edtulos y Antecedentes<\/strong><\/td><td><strong>Antecedentes y Propuesta de Gesti\u00f3n Aspirantes que pasan a la Instancia Oral<\/strong><\/td><td><strong>Disposiciones<\/strong>&nbsp;<strong>DGES<\/strong><\/td><\/tr><tr><td>2da Convocatoria<br>Archivo <strong><a href=\"https:\/\/dges-sal.infd.edu.ar\/sitio\/wp-content\/uploads\/2023\/06\/Acta-de-cierre-de-Inscripcion-2da-convocatoria-Rector-IES-6016.pdf\" target=\"_blank\" rel=\"noreferrer noopener\">AQU\u00cd<\/a><\/strong><\/td><td>Archivo&nbsp;<strong>AQU\u00cd<\/strong><\/td><td>Archivo&nbsp;<strong>AQU\u00cd<\/strong><\/td><td>Archivo&nbsp;<strong>AQU\u00cd<\/strong><\/td><td>Archivo&nbsp;<strong>AQU\u00cd<\/strong><\/td><td>Archivo\u00a0<strong><a href=\"https:\/\/dges-sal.infd.edu.ar\/sitio\/wp-content\/uploads\/2023\/08\/Disp-199-2023-DGES-IES-6016-Rector-Aprobar-Proced-Concursal.pdf\" target=\"_blank\" rel=\"noreferrer noopener\">AQU\u00cd<\/a><\/strong><\/td><\/tr><tr><td>1ra Convocatoria<br>Archivo&nbsp;<strong><a href=\"https:\/\/dges-sal.infd.edu.ar\/sitio\/wp-content\/uploads\/2023\/05\/Acta-de-cierre-de-Inscripcion-1ra-convocatoria-Rector-IES-6016.pdf\" target=\"_blank\" rel=\"noreferrer noopener\">AQU\u00cd<\/a><\/strong><\/td><td>Archivo&nbsp;<strong>AQU\u00cd<\/strong><\/td><td>Archivo&nbsp;<strong>AQU\u00cd<\/strong><\/td><td>Archivo&nbsp;<strong>AQU\u00cd<\/strong><\/td><td>Archivo&nbsp;<strong>AQU\u00cd<\/strong><\/td><td>Archivo&nbsp;<strong><a href=\"https:\/\/dges-sal.infd.edu.ar\/sitio\/wp-content\/uploads\/2023\/06\/Disp-135-2023-DGES-IES-6016-Rector-2da-convocatoria.pdf\" target=\"_blank\" rel=\"noreferrer noopener\">AQU\u00cd<\/a><\/strong><\/td><\/tr><\/tbody><\/table><\/figure>\n","protected":false},"excerpt":{"rendered":"<p>Convocatoria Disp. 64\/23 &nbsp;cobertura de cargo de&nbsp;Rector&nbsp;del &nbsp;Instituto de Carreras Superiores N\u00b0 6016 \u201cConscripto Ricardo Armando Paz\u201d Archivos seg\u00fan Disp. 64\/23 &nbsp;cobertura de cargo de&nbsp;Rector&nbsp;del &nbsp;Instituto de Carreras Superiores N\u00b0 6016 \u201cConscripto Ricardo Armando Paz\u201d N\u00f3mina de aspirantes inscriptos Nomina definitiva de aspirantes Disposici\u00f3n nuevo tribunal (si correspondiere) Dictamen evaluaci\u00f3n de T\u00edtulos y Antecedentes Antecedentes &#8230; <a title=\"IES 6016 Convocatoria 2023 para acceso al cargo de Rector\" class=\"read-more\" href=\"https:\/\/dges-sal.infd.edu.ar\/sitio\/ies-6016-convocatoria-2023-para-acceso-al-cargo-de-rector\/\" aria-label=\"More on IES 6016 Convocatoria 2023 para acceso al cargo de Rector\">[+]<\/a><\/p>\n","protected":false},"author":790,"featured_media":0,"parent":0,"menu_order":0,"comment_status":"closed","ping_status":"closed","template":"","meta":[],"acf":[],"_links":{"self":[{"href":"https:\/\/dges-sal.infd.edu.ar\/sitio\/wp-json\/wp\/v2\/pages\/9814"}],"collection":[{"href":"https:\/\/dges-sal.infd.edu.ar\/sitio\/wp-json\/wp\/v2\/pages"}],"about":[{"href":"https:\/\/dges-sal.infd.edu.ar\/sitio\/wp-json\/wp\/v2\/types\/page"}],"author":[{"embeddable":true,"href":"https:\/\/dges-sal.infd.edu.ar\/sitio\/wp-json\/wp\/v2\/users\/790"}],"replies":[{"embeddable":true,"href":"https:\/\/dges-sal.infd.edu.ar\/sitio\/wp-json\/wp\/v2\/comments?post=9814"}],"version-history":[{"count":4,"href":"https:\/\/dges-sal.infd.edu.ar\/sitio\/wp-json\/wp\/v2\/pages\/9814\/revisions"}],"predecessor-version":[{"id":11776,"href":"https:\/\/dges-sal.infd.edu.ar\/sitio\/wp-json\/wp\/v2\/pages\/9814\/revisions\/11776"}],"wp:attachment":[{"href":"https:\/\/dges-sal.infd.edu.ar\/sitio\/wp-json\/wp\/v2\/media?parent=9814"}],"curies":[{"name":"wp","href":"https:\/\/api.w.org\/{rel}","templated":true}]}}