{"id":9812,"date":"2023-04-26T13:20:02","date_gmt":"2023-04-26T16:20:02","guid":{"rendered":"https:\/\/dges-sal.infd.edu.ar\/sitio\/?page_id=9812"},"modified":"2023-08-10T10:41:21","modified_gmt":"2023-08-10T13:41:21","slug":"ies-6012-convocatoria-2023-para-acceso-al-cargo-de-rector","status":"publish","type":"page","link":"https:\/\/dges-sal.infd.edu.ar\/sitio\/ies-6012-convocatoria-2023-para-acceso-al-cargo-de-rector\/","title":{"rendered":"IES 6012 Convocatoria 2023 para acceso al cargo de Rector"},"content":{"rendered":"\n<h1 class=\"wp-block-heading\"><\/h1>\n\n\n\n<p>1ra Convocatoria <strong><a href=\"https:\/\/drive.google.com\/file\/d\/1gbL5BpYqJho1j38fKf5fVdv-U6Eq80Ks\/view?usp=sharing\">Disp. N\u00b0 67\/23<\/a><\/strong> &nbsp;&#8211; 2da Convocatoria <strong><a href=\"https:\/\/dges-sal.infd.edu.ar\/sitio\/wp-content\/uploads\/2023\/05\/Disp-87-2023-DGES-IES-6012-Rector-Desierta-1ra-conv-establecer-.pdf\">Disp. N\u00b0 87\/23<\/a><\/strong> cobertura de cargo de&nbsp;<strong>Rector&nbsp;del &nbsp;Instituto Superior de Formaci\u00f3n Docente N\u00b0 6012<\/strong><\/p>\n\n\n\n<p>Archivos seg\u00fan Disp. 67\/23 &nbsp;cobertura de cargo de&nbsp;<strong>Rector&nbsp;del &nbsp;Instituto Superior de Formaci\u00f3n Docente N\u00b0 6012<\/strong><\/p>\n\n\n\n<figure class=\"wp-block-table\"><table><tbody><tr><td><strong>N\u00f3mina de aspirantes inscriptos<\/strong><\/td><td><strong>Nomina definitiva de aspirantes<\/strong><\/td><td><strong>Disposici\u00f3n nuevo tribunal (si correspondiere)<\/strong><\/td><td><strong>Dictamen evaluaci\u00f3n de T\u00edtulos y Antecedentes<\/strong><\/td><td><strong>Antecedentes y Propuesta de Gesti\u00f3n Aspirantes que pasan a la Instancia Oral<\/strong><\/td><td><strong>Disposiciones<\/strong>&nbsp;<strong>DGES<\/strong><\/td><\/tr><tr><td>2da Convocatoria<br>Archivo <a rel=\"noreferrer noopener\" href=\"http:\/\/dges-sal.infd.edu.ar\/sitio\/wp-content\/uploads\/2023\/05\/Disp-87-2023-DGES-IES-6012-Rector-Desierta-1ra-conv-establecer-.pdf\" target=\"_blank\"><strong>AQU\u00cd<\/strong><\/a><\/td><td>Archivo&nbsp;<strong>AQU\u00cd<\/strong><\/td><td>Archivo&nbsp;<strong>AQU\u00cd<\/strong><\/td><td>Archivo&nbsp;<strong>AQU\u00cd<\/strong><\/td><td>Archivo&nbsp;<strong>AQU\u00cd<\/strong><\/td><td>Archivo\u00a0<strong><a href=\"https:\/\/dges-sal.infd.edu.ar\/sitio\/wp-content\/uploads\/2023\/08\/Disp-200-2023-DGES-IES-6012-Rector-Aprobar-Proced-Concursal.pdf\" target=\"_blank\" rel=\"noreferrer noopener\">AQU\u00cd<\/a><\/strong><\/td><\/tr><tr><td>1ra Convocatoria<br>Archivo&nbsp;<strong><a href=\"https:\/\/dges-sal.infd.edu.ar\/sitio\/wp-content\/uploads\/2023\/05\/Acta-de-cierre-de-Inscripcion-1ra-convocatoria-Rector-IES-6012.pdf\" target=\"_blank\" rel=\"noreferrer noopener\">AQU\u00cd<\/a><\/strong><\/td><td>Archivo&nbsp;<strong>AQU\u00cd<\/strong><\/td><td>Archivo&nbsp;<strong>AQU\u00cd<\/strong><\/td><td>Archivo&nbsp;<strong>AQU\u00cd<\/strong><\/td><td>Archivo&nbsp;<strong>AQU\u00cd<\/strong><\/td><td>Archivo&nbsp;<strong><a href=\"https:\/\/dges-sal.infd.edu.ar\/sitio\/wp-content\/uploads\/2023\/05\/Disp-87-2023-DGES-IES-6012-Rector-Desierta-1ra-conv-establecer-.pdf\" target=\"_blank\" rel=\"noreferrer noopener\">AQU\u00cd<\/a><\/strong><\/td><\/tr><\/tbody><\/table><\/figure>\n","protected":false},"excerpt":{"rendered":"<p>1ra Convocatoria Disp. N\u00b0 67\/23 &nbsp;&#8211; 2da Convocatoria Disp. N\u00b0 87\/23 cobertura de cargo de&nbsp;Rector&nbsp;del &nbsp;Instituto Superior de Formaci\u00f3n Docente N\u00b0 6012 Archivos seg\u00fan Disp. 67\/23 &nbsp;cobertura de cargo de&nbsp;Rector&nbsp;del &nbsp;Instituto Superior de Formaci\u00f3n Docente N\u00b0 6012 N\u00f3mina de aspirantes inscriptos Nomina definitiva de aspirantes Disposici\u00f3n nuevo tribunal (si correspondiere) Dictamen evaluaci\u00f3n de T\u00edtulos y &#8230; <a title=\"IES 6012 Convocatoria 2023 para acceso al cargo de Rector\" class=\"read-more\" href=\"https:\/\/dges-sal.infd.edu.ar\/sitio\/ies-6012-convocatoria-2023-para-acceso-al-cargo-de-rector\/\" aria-label=\"More on IES 6012 Convocatoria 2023 para acceso al cargo de Rector\">[+]<\/a><\/p>\n","protected":false},"author":790,"featured_media":0,"parent":0,"menu_order":0,"comment_status":"closed","ping_status":"closed","template":"","meta":[],"acf":[],"_links":{"self":[{"href":"https:\/\/dges-sal.infd.edu.ar\/sitio\/wp-json\/wp\/v2\/pages\/9812"}],"collection":[{"href":"https:\/\/dges-sal.infd.edu.ar\/sitio\/wp-json\/wp\/v2\/pages"}],"about":[{"href":"https:\/\/dges-sal.infd.edu.ar\/sitio\/wp-json\/wp\/v2\/types\/page"}],"author":[{"embeddable":true,"href":"https:\/\/dges-sal.infd.edu.ar\/sitio\/wp-json\/wp\/v2\/users\/790"}],"replies":[{"embeddable":true,"href":"https:\/\/dges-sal.infd.edu.ar\/sitio\/wp-json\/wp\/v2\/comments?post=9812"}],"version-history":[{"count":5,"href":"https:\/\/dges-sal.infd.edu.ar\/sitio\/wp-json\/wp\/v2\/pages\/9812\/revisions"}],"predecessor-version":[{"id":11778,"href":"https:\/\/dges-sal.infd.edu.ar\/sitio\/wp-json\/wp\/v2\/pages\/9812\/revisions\/11778"}],"wp:attachment":[{"href":"https:\/\/dges-sal.infd.edu.ar\/sitio\/wp-json\/wp\/v2\/media?parent=9812"}],"curies":[{"name":"wp","href":"https:\/\/api.w.org\/{rel}","templated":true}]}}