{"id":9810,"date":"2023-04-26T13:15:05","date_gmt":"2023-04-26T16:15:05","guid":{"rendered":"https:\/\/dges-sal.infd.edu.ar\/sitio\/?page_id=9810"},"modified":"2023-11-29T09:22:32","modified_gmt":"2023-11-29T12:22:32","slug":"ies-6009-convocatoria-2023-para-acceso-al-cargo-de-rector","status":"publish","type":"page","link":"https:\/\/dges-sal.infd.edu.ar\/sitio\/ies-6009-convocatoria-2023-para-acceso-al-cargo-de-rector\/","title":{"rendered":"IES 6009 Convocatoria 2023 para acceso al cargo de Rector"},"content":{"rendered":"\n<p>1ra Convocatoria <strong><a rel=\"noreferrer noopener\" href=\"https:\/\/drive.google.com\/file\/d\/15VnH33p9CpzWH_m6fXFgJks_Uykd5kF8\/view?usp=sharing\" target=\"_blank\">Disp. N\u00b0 68\/2023<\/a><\/strong> &nbsp;&#8211; 2da convocatoria <strong><a href=\"https:\/\/dges-sal.infd.edu.ar\/sitio\/wp-content\/uploads\/2023\/05\/Disp-88-2023-DGES-IES-6009-Rector-Desierta-1ra-conv-establecer-.pdf\">Disp. N\u00b0 88\/23<\/a><\/strong> cobertura de cargo de&nbsp;<strong>Rector&nbsp;del &nbsp;Instituto de Educaci\u00f3n Superior N\u00b0 6009<\/strong><\/p>\n\n\n\n<p>Archivos seg\u00fan Disp. 68\/23 &nbsp;cobertura de cargo de&nbsp;<strong>Rector&nbsp;del &nbsp;Instituto de Educaci\u00f3n Superior N\u00b0 6009<\/strong><\/p>\n\n\n\n<figure class=\"wp-block-table\"><table class=\"has-fixed-layout\"><tbody><tr><td><strong>N\u00f3mina de aspirantes inscriptos<\/strong><\/td><td><strong>Nomina definitiva de aspirantes<\/strong><\/td><td><strong>Disposici\u00f3n nuevo tribunal (si correspondiere)<\/strong><\/td><td><strong>Dictamen evaluaci\u00f3n de T\u00edtulos y Antecedentes<\/strong><\/td><td><strong>Fecha de Examen Escrito y Resultados<\/strong><\/td><td><strong>Fecha de Exposici\u00f3n y defensa oral de la propuesta de Gesti\u00f3n y Resultados<\/strong><\/td><td><strong>Disposiciones<\/strong>&nbsp;<strong>DGES<\/strong><\/td><\/tr><tr><td>2da Convocatoria<br>Archivo&nbsp;<strong><a href=\"https:\/\/dges-sal.infd.edu.ar\/sitio\/wp-content\/uploads\/2023\/06\/Acta-de-cierre-de-Inscripcion-2da-conv-Rector-IES-6009.pdf\" target=\"_blank\" rel=\"noreferrer noopener\">AQU\u00cd<\/a><\/strong><\/td><td>Archivo&nbsp;<strong>AQU\u00cd<\/strong><\/td><td>Archivo&nbsp;<strong>AQU\u00cd<\/strong><\/td><td>Archivo&nbsp;<strong><a href=\"https:\/\/dges-sal.infd.edu.ar\/sitio\/wp-content\/uploads\/2023\/07\/Acta-Comision-evaluadora-6009-Rector-a.pdf\" target=\"_blank\" rel=\"noreferrer noopener\">AQU\u00cd<\/a><\/strong><\/td><td>&nbsp; Fecha: <a rel=\"noreferrer noopener\" href=\"https:\/\/dges-sal.infd.edu.ar\/sitio\/wp-content\/uploads\/2023\/07\/Acta-Comision-evaluadora-6009-Rector-a-Propuesta-Institucional-.pdf\" target=\"_blank\"><strong>AQU\u00cd<\/strong> <\/a>Resultado: <strong><a rel=\"noreferrer noopener\" href=\"https:\/\/dges-sal.infd.edu.ar\/sitio\/wp-content\/uploads\/2023\/08\/Acta-Comision-Evaluadora-Rector-6009-Resultado-Examen-Escrito.pdf\" target=\"_blank\">AQU\u00cd<\/a><\/strong><\/td><td>Fecha: <strong>AQU\u00cd<\/strong> Resultado: <strong><a href=\"https:\/\/dges-sal.infd.edu.ar\/sitio\/wp-content\/uploads\/2023\/09\/Acta-Comision-evaluadora-6009-Rector-exposicion.pdf\" target=\"_blank\" rel=\"noreferrer noopener\">AQU\u00cd<\/a><\/strong><\/td><td>\u00a0 Archivo\u00a0<a href=\"https:\/\/dges-sal.infd.edu.ar\/sitio\/wp-content\/uploads\/2023\/11\/Disp-279-2023-DGES-IES-6009-Rector-Aprobar-Proced-Concursal.pdf\" target=\"_blank\" rel=\"noreferrer noopener\"><strong>AQU\u00cd<\/strong> <\/a><strong>\u00a0<\/strong><\/td><\/tr><tr><td>1ra Convocatoria<br>Archivo&nbsp;<strong><a href=\"https:\/\/dges-sal.infd.edu.ar\/sitio\/wp-content\/uploads\/2023\/05\/Acta-de-cierre-de-Inscripcion-1ra-convocatoria-Rector-IES-6009.pdf\" target=\"_blank\" rel=\"noreferrer noopener\">AQU\u00cd<\/a><\/strong><\/td><td>&nbsp; &nbsp; Archivo&nbsp;<strong>AQU\u00cd<\/strong><\/td><td>&nbsp; Archivo&nbsp;<strong>AQU\u00cd<\/strong><\/td><td>&nbsp; Archivo&nbsp;<strong>AQU\u00cd<\/strong><\/td><td>&nbsp; Archivo&nbsp;<strong>AQU\u00cd<\/strong><\/td><td>&nbsp; Archivo&nbsp;<strong>AQU\u00cd<\/strong><\/td><td>Archivo&nbsp;<strong><a href=\"https:\/\/dges-sal.infd.edu.ar\/sitio\/wp-content\/uploads\/2023\/05\/Disp-88-2023-DGES-IES-6009-Rector-Desierta-1ra-conv-establecer-.pdf\" target=\"_blank\" rel=\"noreferrer noopener\">AQU\u00cd<\/a><\/strong><\/td><\/tr><\/tbody><\/table><\/figure>\n","protected":false},"excerpt":{"rendered":"<p>1ra Convocatoria Disp. N\u00b0 68\/2023 &nbsp;&#8211; 2da convocatoria Disp. N\u00b0 88\/23 cobertura de cargo de&nbsp;Rector&nbsp;del &nbsp;Instituto de Educaci\u00f3n Superior N\u00b0 6009 Archivos seg\u00fan Disp. 68\/23 &nbsp;cobertura de cargo de&nbsp;Rector&nbsp;del &nbsp;Instituto de Educaci\u00f3n Superior N\u00b0 6009 N\u00f3mina de aspirantes inscriptos Nomina definitiva de aspirantes Disposici\u00f3n nuevo tribunal (si correspondiere) Dictamen evaluaci\u00f3n de T\u00edtulos y Antecedentes Fecha &#8230; <a title=\"IES 6009 Convocatoria 2023 para acceso al cargo de Rector\" class=\"read-more\" href=\"https:\/\/dges-sal.infd.edu.ar\/sitio\/ies-6009-convocatoria-2023-para-acceso-al-cargo-de-rector\/\" aria-label=\"More on IES 6009 Convocatoria 2023 para acceso al cargo de Rector\">[+]<\/a><\/p>\n","protected":false},"author":790,"featured_media":0,"parent":0,"menu_order":0,"comment_status":"closed","ping_status":"closed","template":"","meta":[],"acf":[],"_links":{"self":[{"href":"https:\/\/dges-sal.infd.edu.ar\/sitio\/wp-json\/wp\/v2\/pages\/9810"}],"collection":[{"href":"https:\/\/dges-sal.infd.edu.ar\/sitio\/wp-json\/wp\/v2\/pages"}],"about":[{"href":"https:\/\/dges-sal.infd.edu.ar\/sitio\/wp-json\/wp\/v2\/types\/page"}],"author":[{"embeddable":true,"href":"https:\/\/dges-sal.infd.edu.ar\/sitio\/wp-json\/wp\/v2\/users\/790"}],"replies":[{"embeddable":true,"href":"https:\/\/dges-sal.infd.edu.ar\/sitio\/wp-json\/wp\/v2\/comments?post=9810"}],"version-history":[{"count":10,"href":"https:\/\/dges-sal.infd.edu.ar\/sitio\/wp-json\/wp\/v2\/pages\/9810\/revisions"}],"predecessor-version":[{"id":12569,"href":"https:\/\/dges-sal.infd.edu.ar\/sitio\/wp-json\/wp\/v2\/pages\/9810\/revisions\/12569"}],"wp:attachment":[{"href":"https:\/\/dges-sal.infd.edu.ar\/sitio\/wp-json\/wp\/v2\/media?parent=9810"}],"curies":[{"name":"wp","href":"https:\/\/api.w.org\/{rel}","templated":true}]}}