{"id":9808,"date":"2023-04-26T13:10:05","date_gmt":"2023-04-26T16:10:05","guid":{"rendered":"https:\/\/dges-sal.infd.edu.ar\/sitio\/?page_id=9808"},"modified":"2023-10-27T16:49:09","modified_gmt":"2023-10-27T19:49:09","slug":"ies-6001-convocatoria-2023-para-acceso-al-cargo-de-rector","status":"publish","type":"page","link":"https:\/\/dges-sal.infd.edu.ar\/sitio\/ies-6001-convocatoria-2023-para-acceso-al-cargo-de-rector\/","title":{"rendered":"IES 6001 Convocatoria 2023 para acceso al cargo de Rector"},"content":{"rendered":"\n<p>Convocatoria <a href=\"https:\/\/drive.google.com\/file\/d\/10ImdmIEnzHV8x0vmPwn4SirbJkuglfiP\/view\" target=\"_blank\" rel=\"noreferrer noopener\">Disp. 69\/23<\/a> &nbsp;cobertura de cargo de&nbsp;<strong>Rector&nbsp;del &nbsp;Instituto de Educaci\u00f3n Superior N\u00b0 6001 \u201cGral. Manuel Belgrano\u201d<\/strong><\/p>\n\n\n\n<p>Archivos seg\u00fan <a href=\"https:\/\/drive.google.com\/file\/d\/10ImdmIEnzHV8x0vmPwn4SirbJkuglfiP\/view\" target=\"_blank\" rel=\"noreferrer noopener\">Disp. 69\/23<\/a> &nbsp;cobertura de cargo de&nbsp;<strong>Rector&nbsp;del &nbsp;Instituto de Educaci\u00f3n Superior N\u00b0 6001 \u201cGral. Manuel Belgrano\u201d<\/strong><\/p>\n\n\n\n<figure class=\"wp-block-table\"><table><tbody><tr><td><strong>N\u00f3mina de aspirantes inscriptos<\/strong><\/td><td><strong>Nomina definitiva de aspirantes<\/strong><\/td><td><strong>Disposici\u00f3n nuevo tribunal (si correspondiere)<\/strong><\/td><td><strong>Dictamen evaluaci\u00f3n de T\u00edtulos y Antecedentes<\/strong><\/td><td><strong>Fecha de Examen Escrito y Resultados<\/strong><\/td><td><strong>Fecha de Exposici\u00f3n y defensa oral de la propuesta de Gesti\u00f3n y Resultados<\/strong><\/td><td><strong>Disposiciones<\/strong>&nbsp;<strong>DGES<\/strong><\/td><\/tr><tr><td>1ra Convocatoria<br>Archivo:&nbsp;<a href=\"https:\/\/dges-sal.infd.edu.ar\/sitio\/wp-content\/uploads\/2023\/05\/Acta-de-cierre-de-Inscripcion-1ra-convocatoria-Rector-IES-6001.pdf\">&nbsp;<strong>AQU\u00cd<\/strong><\/a><\/td><td>&nbsp; &nbsp; Archivo&nbsp;<strong>AQU\u00cd<\/strong><br><\/td><td>&nbsp; Archivo&nbsp;<strong>AQU\u00cd<\/strong><\/td><td>&nbsp; Archivo&nbsp;&nbsp;<strong><a href=\"https:\/\/dges-sal.infd.edu.ar\/sitio\/wp-content\/uploads\/2023\/05\/Acta-Comision-Evaluadora-6001-Rector-a-Titulacion-y-Antecedente.pdf\">AQU\u00cd<\/a><\/strong><\/td><td>&nbsp; Archivo&nbsp;<strong><a href=\"https:\/\/dges-sal.infd.edu.ar\/sitio\/wp-content\/uploads\/2023\/10\/fecha-de-examen-escrito.jpg\">AQU\u00cd<\/a><\/strong>&nbsp; Resultado:<strong>&nbsp;<a href=\"https:\/\/dges-sal.infd.edu.ar\/sitio\/wp-content\/uploads\/2023\/10\/Acta-Comision-Evaluadora-Examen-escrito-IES-6001-rector-a.pdf\" target=\"_blank\" rel=\"noreferrer noopener\">AQU\u00cd<\/a><\/strong><\/td><td>\u00a0 Archivo\u00a0<a rel=\"noreferrer noopener\" href=\"https:\/\/dges-sal.infd.edu.ar\/sitio\/wp-content\/uploads\/2023\/10\/Fecha-de-exposicion-y-defensa-oral-de-la-propuesta-de-gestion-institucional.jpg\" target=\"_blank\"><strong>AQU\u00cd<\/strong>\u00a0<\/a>\u00a0 Resultado:<strong>\u00a0<a href=\"https:\/\/dges-sal.infd.edu.ar\/sitio\/wp-content\/uploads\/2023\/10\/Acta-6001-Oral-24-10-23.pdf\" target=\"_blank\" rel=\"noreferrer noopener\">AQU\u00cd<\/a><\/strong><\/td><td>Archivo\u00a0\u00a0<strong><a href=\"https:\/\/dges-sal.infd.edu.ar\/sitio\/wp-content\/uploads\/2023\/10\/Disp-308-2023-DGES-IES-6001-Rector-Aprobar-Proced-Concursal.pdf\" target=\"_blank\" rel=\"noreferrer noopener\">AQU\u00cd<\/a><\/strong><\/td><\/tr><\/tbody><\/table><\/figure>\n","protected":false},"excerpt":{"rendered":"<p>Convocatoria Disp. 69\/23 &nbsp;cobertura de cargo de&nbsp;Rector&nbsp;del &nbsp;Instituto de Educaci\u00f3n Superior N\u00b0 6001 \u201cGral. Manuel Belgrano\u201d Archivos seg\u00fan Disp. 69\/23 &nbsp;cobertura de cargo de&nbsp;Rector&nbsp;del &nbsp;Instituto de Educaci\u00f3n Superior N\u00b0 6001 \u201cGral. Manuel Belgrano\u201d N\u00f3mina de aspirantes inscriptos Nomina definitiva de aspirantes Disposici\u00f3n nuevo tribunal (si correspondiere) Dictamen evaluaci\u00f3n de T\u00edtulos y Antecedentes Fecha de Examen &#8230; <a title=\"IES 6001 Convocatoria 2023 para acceso al cargo de Rector\" class=\"read-more\" href=\"https:\/\/dges-sal.infd.edu.ar\/sitio\/ies-6001-convocatoria-2023-para-acceso-al-cargo-de-rector\/\" aria-label=\"More on IES 6001 Convocatoria 2023 para acceso al cargo de Rector\">[+]<\/a><\/p>\n","protected":false},"author":790,"featured_media":0,"parent":0,"menu_order":0,"comment_status":"closed","ping_status":"closed","template":"","meta":[],"acf":[],"_links":{"self":[{"href":"https:\/\/dges-sal.infd.edu.ar\/sitio\/wp-json\/wp\/v2\/pages\/9808"}],"collection":[{"href":"https:\/\/dges-sal.infd.edu.ar\/sitio\/wp-json\/wp\/v2\/pages"}],"about":[{"href":"https:\/\/dges-sal.infd.edu.ar\/sitio\/wp-json\/wp\/v2\/types\/page"}],"author":[{"embeddable":true,"href":"https:\/\/dges-sal.infd.edu.ar\/sitio\/wp-json\/wp\/v2\/users\/790"}],"replies":[{"embeddable":true,"href":"https:\/\/dges-sal.infd.edu.ar\/sitio\/wp-json\/wp\/v2\/comments?post=9808"}],"version-history":[{"count":7,"href":"https:\/\/dges-sal.infd.edu.ar\/sitio\/wp-json\/wp\/v2\/pages\/9808\/revisions"}],"predecessor-version":[{"id":12417,"href":"https:\/\/dges-sal.infd.edu.ar\/sitio\/wp-json\/wp\/v2\/pages\/9808\/revisions\/12417"}],"wp:attachment":[{"href":"https:\/\/dges-sal.infd.edu.ar\/sitio\/wp-json\/wp\/v2\/media?parent=9808"}],"curies":[{"name":"wp","href":"https:\/\/api.w.org\/{rel}","templated":true}]}}