{"id":9696,"date":"2023-04-13T15:11:23","date_gmt":"2023-04-13T18:11:23","guid":{"rendered":"https:\/\/dges-sal.infd.edu.ar\/sitio\/?page_id=9696"},"modified":"2023-05-23T10:55:34","modified_gmt":"2023-05-23T13:55:34","slug":"ies-6046-convocatoria-2023-para-acceso-al-cargo-de-coordinacion-pedagogica","status":"publish","type":"page","link":"https:\/\/dges-sal.infd.edu.ar\/sitio\/ies-6046-convocatoria-2023-para-acceso-al-cargo-de-coordinacion-pedagogica\/","title":{"rendered":"IES 6046 Convocatoria 2023 para acceso al cargo de Coordinaci\u00f3n Pedag\u00f3gica"},"content":{"rendered":"\n<p>Archivos seg\u00fan Disp. 40\/23 &nbsp;cobertura de cargo de&nbsp;<strong>Coordinador Pedag\u00f3gico&nbsp;del Instituto de Educaci\u00f3n Superior \u201cLuis Felipe Wagner\u201d N\u00b0 6046<\/strong><\/p>\n\n\n\n<figure class=\"wp-block-table\"><table><tbody><tr><td><strong>N\u00f3mina de aspirantes inscriptos<\/strong><\/td><td><strong>Nomina definitiva de aspirantes<\/strong><\/td><td><strong>Disposici\u00f3n nuevo tribunal (si correspondiere)<\/strong><\/td><td><strong>Dictamen evaluaci\u00f3n de T\u00edtulos y Antecedentes<\/strong><\/td><td><strong>Antecedentes y Propuesta de Gesti\u00f3n Aspirantes que pasan a la Instancia Oral<\/strong><\/td><td><strong>Disposiciones<\/strong>&nbsp;<br><strong>DGES<\/strong><\/td><\/tr><tr><td>2daConvocatoria<br>Archivo <a rel=\"noreferrer noopener\" href=\"https:\/\/dges-sal.infd.edu.ar\/sitio\/wp-content\/uploads\/2023\/04\/Acta-de-cierre-de-Inscripcion-2da-convocatoria-IES-6046.pdf\" target=\"_blank\"><strong>AQU\u00cd<\/strong><\/a><\/td><td>Archivo&nbsp;<strong>AQU\u00cd<\/strong><\/td><td>Archivo&nbsp;<strong>AQU\u00cd<\/strong><\/td><td>Archivo&nbsp;<strong>AQU\u00cd<\/strong><\/td><td>Archivo&nbsp;<strong>AQU\u00cd<\/strong><\/td><td>Archivo\u00a0<strong><a href=\"https:\/\/dges-sal.infd.edu.ar\/sitio\/wp-content\/uploads\/2023\/05\/Disp-74-2023-DGES-IES-6046-Coord-Pedag-Aprobar-Proced-Concursal.pdf\" target=\"_blank\" rel=\"noreferrer noopener\">AQU\u00cd<\/a><\/strong><\/td><\/tr><tr><td>1ra Convocatoria<br>Archivo&nbsp;<strong><a rel=\"noreferrer noopener\" href=\"https:\/\/dges-sal.infd.edu.ar\/sitio\/wp-content\/uploads\/2023\/04\/Acta-de-cierre-de-Inscripcion-2da-convocatoria-IES-6046.pdf\" target=\"_blank\">AQU\u00cd<\/a><\/strong><\/td><td>Archivo&nbsp;<strong>AQU\u00cd<\/strong><\/td><td>Archivo&nbsp;<strong>AQU\u00cd<\/strong><\/td><td>Archivo&nbsp;<strong>AQU\u00cd<\/strong><\/td><td>Archivo&nbsp;<strong>AQU\u00cd<\/strong><\/td><td>Archivo&nbsp;<strong>AQU\u00cd<\/strong><\/td><\/tr><\/tbody><\/table><\/figure>\n\n\n\n<p><\/p>\n","protected":false},"excerpt":{"rendered":"<p>Archivos seg\u00fan Disp. 40\/23 &nbsp;cobertura de cargo de&nbsp;Coordinador Pedag\u00f3gico&nbsp;del Instituto de Educaci\u00f3n Superior \u201cLuis Felipe Wagner\u201d N\u00b0 6046 N\u00f3mina de aspirantes inscriptos Nomina definitiva de aspirantes Disposici\u00f3n nuevo tribunal (si correspondiere) Dictamen evaluaci\u00f3n de T\u00edtulos y Antecedentes Antecedentes y Propuesta de Gesti\u00f3n Aspirantes que pasan a la Instancia Oral Disposiciones&nbsp;DGES 2daConvocatoriaArchivo AQU\u00cd Archivo&nbsp;AQU\u00cd Archivo&nbsp;AQU\u00cd Archivo&nbsp;AQU\u00cd &#8230; <a title=\"IES 6046 Convocatoria 2023 para acceso al cargo de Coordinaci\u00f3n Pedag\u00f3gica\" class=\"read-more\" href=\"https:\/\/dges-sal.infd.edu.ar\/sitio\/ies-6046-convocatoria-2023-para-acceso-al-cargo-de-coordinacion-pedagogica\/\" aria-label=\"More on IES 6046 Convocatoria 2023 para acceso al cargo de Coordinaci\u00f3n Pedag\u00f3gica\">[+]<\/a><\/p>\n","protected":false},"author":790,"featured_media":0,"parent":0,"menu_order":0,"comment_status":"closed","ping_status":"closed","template":"","meta":[],"acf":[],"_links":{"self":[{"href":"https:\/\/dges-sal.infd.edu.ar\/sitio\/wp-json\/wp\/v2\/pages\/9696"}],"collection":[{"href":"https:\/\/dges-sal.infd.edu.ar\/sitio\/wp-json\/wp\/v2\/pages"}],"about":[{"href":"https:\/\/dges-sal.infd.edu.ar\/sitio\/wp-json\/wp\/v2\/types\/page"}],"author":[{"embeddable":true,"href":"https:\/\/dges-sal.infd.edu.ar\/sitio\/wp-json\/wp\/v2\/users\/790"}],"replies":[{"embeddable":true,"href":"https:\/\/dges-sal.infd.edu.ar\/sitio\/wp-json\/wp\/v2\/comments?post=9696"}],"version-history":[{"count":6,"href":"https:\/\/dges-sal.infd.edu.ar\/sitio\/wp-json\/wp\/v2\/pages\/9696\/revisions"}],"predecessor-version":[{"id":10293,"href":"https:\/\/dges-sal.infd.edu.ar\/sitio\/wp-json\/wp\/v2\/pages\/9696\/revisions\/10293"}],"wp:attachment":[{"href":"https:\/\/dges-sal.infd.edu.ar\/sitio\/wp-json\/wp\/v2\/media?parent=9696"}],"curies":[{"name":"wp","href":"https:\/\/api.w.org\/{rel}","templated":true}]}}