{"id":9571,"date":"2023-04-07T11:14:57","date_gmt":"2023-04-07T14:14:57","guid":{"rendered":"https:\/\/dges-sal.infd.edu.ar\/sitio\/?page_id=9571"},"modified":"2024-09-04T10:31:56","modified_gmt":"2024-09-04T13:31:56","slug":"acompanamiento","status":"publish","type":"page","link":"https:\/\/dges-sal.infd.edu.ar\/sitio\/acompanamiento\/","title":{"rendered":"acompa\u00f1amiento a los procesos"},"content":{"rendered":"\n<div class=\"wp-duotone-unset-1 wp-block-cover alignfull is-light has-parallax has-small-font-size\" style=\"min-height:218px\"><span aria-hidden=\"true\" class=\"wp-block-cover__background has-background-dim-0 has-background-dim\"><\/span><div role=\"img\" class=\"wp-block-cover__image-background wp-image-8955 has-parallax\" style=\"background-position:50% 50%;background-image:url(https:\/\/dges-sal.infd.edu.ar\/sitio\/wp-content\/uploads\/2023\/03\/Recurso-24-2.png)\"><\/div><div class=\"wp-block-cover__inner-container\">\n<h1 class=\"wp-block-heading has-text-align-center has-contrast-color has-text-color has-small-font-size\" style=\"font-style:normal;font-weight:100\">         <img decoding=\"async\" loading=\"lazy\" width=\"626\" height=\"183\" class=\"wp-image-9573\" style=\"width: 500px;\" src=\"https:\/\/dges-sal.infd.edu.ar\/sitio\/wp-content\/uploads\/2023\/04\/Recurso-99.png\" alt=\"\"><\/h1>\n<\/div><\/div>\n\n\n\n<hr class=\"wp-block-separator aligncenter has-text-color has-contrast-2-color has-alpha-channel-opacity has-contrast-2-background-color has-background is-style-default\"\/>\n\n\n\n<h1 class=\"wp-block-heading alignwide has-text-align-center has-medium-font-size\" style=\"letter-spacing:20px;text-transform:uppercase\">Pol\u00edtica<\/h1>\n\n\n\n<h2 class=\"wp-block-heading has-background has-medium-font-size\" style=\"background-color:#ff33cc;font-style:normal;font-weight:400\"><strong>Acompa\u00f1amiento a los procesos de mejora institucional<\/strong><\/h2>\n\n\n\n<figure class=\"wp-block-table is-style-stripes\"><table><tbody><tr><td class=\"has-text-align-center\" data-align=\"center\">Referente<\/td><td class=\"has-text-align-center\" data-align=\"center\">Contacto<\/td><\/tr><tr><td class=\"has-text-align-center\" data-align=\"center\"><strong>Prof.<\/strong> <strong>Sandra V\u00e1zquez<\/strong><\/td><td class=\"has-text-align-center\" data-align=\"center\"><strong><a href=\"mailto:acompanamiento.institucional@edusalta.gov.ar\">acompanamiento.institucional@edusalta.gov.ar<\/a><\/strong><\/td><\/tr><\/tbody><\/table><\/figure>\n\n\n<h4>Presentaci\u00f3n<\/h4>\n<p>La Direcci\u00f3n General de Educaci\u00f3n Superior (DGES) de Salta, en colaboraci\u00f3n con el Instituto Nacional de Formaci\u00f3n Docente (INFoD), lanza una convocatoria para la presentaci\u00f3n de proyectos de mejora institucional en los Institutos Superiores de Formaci\u00f3n Docente (ISFD) para el per\u00edodo 2024-2025. Esta iniciativa busca fortalecer y transformar los procesos administrativos, pedag\u00f3gicos y normativos de los ISFD, en l\u00ednea con el Plan Nacional de Alfabetizaci\u00f3n aprobado por el Consejo Federal de Educaci\u00f3n en mayo de 2024. Se destaca la importancia de recuperar y sistematizar las experiencias previas para guiar el dise\u00f1o de nuevos proyectos que aborden los desaf\u00edos actuales.<\/p>\n<h5>Objetivos<\/h5>\n<ul>\n<li>Contribuir a la mejora de las condiciones institucionales de los IES, tanto lo concerniente a la gesti\u00f3n educativa, a los procesos pedag\u00f3gicos, como al desarrollo de sus distintas funciones.<\/li>\n<li>Desarrollar proyectos de mejora con foco en la alfabetizaci\u00f3n que promuevan la construcci\u00f3n participativa de propuestas pedag\u00f3gico culturales en el territorio y la vinculaci\u00f3n de los ISFD con las escuelas.<\/li>\n<\/ul>\n<h5>Descripci\u00f3n general de las actividades a realizar<\/h5>\n<p>Se desarrollar\u00e1n diversas acciones para mejorar la alfabetizaci\u00f3n y la formaci\u00f3n docente. Estas incluyen la revisi\u00f3n colectiva de programas y propuestas metodol\u00f3gicas, la organizaci\u00f3n de talleres y ateneos para compartir buenas pr\u00e1cticas y experiencias, y el intercambio y desarrollo de estrategias y m\u00e9todos de ense\u00f1anza, entre otras. Se recuperar\u00e1n buenas pr\u00e1cticas desarrolladas entre el 2023 -2024 por los IES. En el presente periodo se trabaja en coordinaci\u00f3n con la L\u00ednea de Pol\u00edticas Estudiantiles.<\/p>\n<h5>Convocatoria<\/h5>\n<p>Etapas de implementaci\u00f3n:<\/p>\n<ul>\n<li><strong>Primera etapa<\/strong> en el segundo cuatrimestre de 2024, incluye la constituci\u00f3n de una mesa de trabajo, dise\u00f1o y presentaci\u00f3n del proyecto, evaluaci\u00f3n y transferencia de fondos.<\/li>\n<li><strong>Segunda etapa<\/strong> en el primer cuatrimestre de 2025 consiste en el desarrollo de acciones, presentaci\u00f3n de informe final y rendici\u00f3n de gastos.<\/li>\n<\/ul>\n<p>Los proyectos cuentan con financiamiento nacional para gastos corrientes, que ser\u00e1 transferido directamente al Instituto. El monto es definido por rangos, seg\u00fan la matr\u00edcula 2023 de las carreras de formaci\u00f3n docente inicial.<\/p>\n<p><\/p>\n\n\n<h3 class=\"wp-block-heading has-medium-font-size\">Documentos orientadores para el dise\u00f1o de proyectos<\/h3>\n\n\n\n<div class=\"wp-block-columns is-not-stacked-on-mobile is-layout-flex wp-container-4\">\n<div class=\"wp-block-column is-layout-flow\">\n<figure class=\"wp-block-image size-full\"><a href=\"https:\/\/drive.google.com\/file\/d\/1Nki51lNiDlJ6jtxAowh4lacUARArsJ8i\/view?usp=sharing\"><img decoding=\"async\" loading=\"lazy\" width=\"483\" height=\"588\" src=\"https:\/\/dges-sal.infd.edu.ar\/sitio\/wp-content\/uploads\/2024\/08\/image.png\" alt=\"\" class=\"wp-image-14178\"\/><\/a><\/figure>\n<\/div>\n\n\n\n<div class=\"wp-block-column is-layout-flow\">\n<figure class=\"wp-block-image size-full\"><a href=\"https:\/\/drive.google.com\/file\/d\/16VuJ6xdgB9zu7VPzVQ76lu7NLN4uHQro\/view?usp=sharing\"><img decoding=\"async\" loading=\"lazy\" width=\"483\" height=\"271\" src=\"https:\/\/dges-sal.infd.edu.ar\/sitio\/wp-content\/uploads\/2024\/08\/image-1.png\" alt=\"\" class=\"wp-image-14179\"\/><\/a><\/figure>\n<\/div>\n<\/div>\n\n\n\n<pre class=\"wp-block-preformatted\" style=\"font-size:16px\"><\/pre>\n","protected":false},"excerpt":{"rendered":"<p>Pol\u00edtica Acompa\u00f1amiento a los procesos de mejora institucional Referente Contacto Prof. Sandra V\u00e1zquez acompanamiento.institucional@edusalta.gov.ar Presentaci\u00f3n La Direcci\u00f3n General de Educaci\u00f3n Superior (DGES) de Salta, en colaboraci\u00f3n con el Instituto Nacional de Formaci\u00f3n Docente (INFoD), lanza una convocatoria para la presentaci\u00f3n de proyectos de mejora institucional en los Institutos Superiores de Formaci\u00f3n Docente (ISFD) para el &#8230; <a title=\"acompa\u00f1amiento a los procesos\" class=\"read-more\" href=\"https:\/\/dges-sal.infd.edu.ar\/sitio\/acompanamiento\/\" aria-label=\"More on acompa\u00f1amiento a los procesos\">[+]<\/a><\/p>\n","protected":false},"author":10692,"featured_media":0,"parent":0,"menu_order":0,"comment_status":"closed","ping_status":"closed","template":"","meta":[],"acf":[],"_links":{"self":[{"href":"https:\/\/dges-sal.infd.edu.ar\/sitio\/wp-json\/wp\/v2\/pages\/9571"}],"collection":[{"href":"https:\/\/dges-sal.infd.edu.ar\/sitio\/wp-json\/wp\/v2\/pages"}],"about":[{"href":"https:\/\/dges-sal.infd.edu.ar\/sitio\/wp-json\/wp\/v2\/types\/page"}],"author":[{"embeddable":true,"href":"https:\/\/dges-sal.infd.edu.ar\/sitio\/wp-json\/wp\/v2\/users\/10692"}],"replies":[{"embeddable":true,"href":"https:\/\/dges-sal.infd.edu.ar\/sitio\/wp-json\/wp\/v2\/comments?post=9571"}],"version-history":[{"count":28,"href":"https:\/\/dges-sal.infd.edu.ar\/sitio\/wp-json\/wp\/v2\/pages\/9571\/revisions"}],"predecessor-version":[{"id":14359,"href":"https:\/\/dges-sal.infd.edu.ar\/sitio\/wp-json\/wp\/v2\/pages\/9571\/revisions\/14359"}],"wp:attachment":[{"href":"https:\/\/dges-sal.infd.edu.ar\/sitio\/wp-json\/wp\/v2\/media?parent=9571"}],"curies":[{"name":"wp","href":"https:\/\/api.w.org\/{rel}","templated":true}]}}