{"id":9563,"date":"2023-04-06T22:19:05","date_gmt":"2023-04-07T01:19:05","guid":{"rendered":"https:\/\/dges-sal.infd.edu.ar\/sitio\/?page_id=9563"},"modified":"2023-04-06T22:19:06","modified_gmt":"2023-04-07T01:19:06","slug":"guias-2","status":"publish","type":"page","link":"https:\/\/dges-sal.infd.edu.ar\/sitio\/guias-2\/","title":{"rendered":"Guias"},"content":{"rendered":"\n<div class=\"wp-duotone-unset-1 wp-block-cover alignfull is-light has-parallax has-small-font-size\" style=\"min-height:218px\"><span aria-hidden=\"true\" class=\"wp-block-cover__background has-background-dim-0 has-background-dim\"><\/span><div role=\"img\" class=\"wp-block-cover__image-background wp-image-8955 has-parallax\" style=\"background-position:50% 50%;background-image:url(https:\/\/dges-sal.infd.edu.ar\/sitio\/wp-content\/uploads\/2023\/03\/Recurso-24-2.png)\"><\/div><div class=\"wp-block-cover__inner-container\">\n<h1 class=\"has-text-align-center wp-block-heading has-contrast-color has-text-color has-small-font-size\" style=\"font-style:normal;font-weight:100\">         <img decoding=\"async\" loading=\"lazy\" width=\"565\" height=\"315\" class=\"wp-image-8971\" style=\"width: 300px;\" src=\"https:\/\/dges-sal.infd.edu.ar\/sitio\/wp-content\/uploads\/2023\/03\/Recurso-28.png\" alt=\"\"><\/h1>\n<\/div><\/div>\n\n\n\n<hr class=\"wp-block-separator aligncenter has-text-color has-contrast-2-color has-alpha-channel-opacity has-contrast-2-background-color has-background is-style-default\"\/>\n\n\n\n<h2 class=\"has-text-align-center wp-block-heading\"><img decoding=\"async\" loading=\"lazy\" width=\"370\" height=\"169\" class=\"wp-image-9543\" style=\"width: 300px;\" src=\"https:\/\/dges-sal.infd.edu.ar\/sitio\/wp-content\/uploads\/2023\/04\/Recurso-97.png\" alt=\"\"><\/h2>\n\n\n\n<h2 class=\"has-background has-medium-font-size wp-block-heading\" style=\"background-color:#ff5757;font-style:normal;font-weight:400\">Gu\u00edas<\/h2>\n\n\n\n<figure class=\"wp-block-table is-style-stripes\"><table><tbody><tr><td><strong>Descripci\u00f3n<\/strong><\/td><td><strong>Bajar<\/strong><\/td><\/tr><tr><td>Gu\u00eda 2022 de Confecci\u00f3n de t\u00edtulos IES<\/td><td><a href=\"https:\/\/dges-sal.infd.edu.ar\/sitio\/wp-content\/uploads\/2022\/07\/Guia-para-la-Confeccion-de-titulo-de-Nivel-Superior-2022.pdf\"><strong>AQU\u00cd<\/strong><\/a><\/td><\/tr><\/tbody><\/table><\/figure>\n","protected":false},"excerpt":{"rendered":"<p>Gu\u00edas Descripci\u00f3n Bajar Gu\u00eda 2022 de Confecci\u00f3n de t\u00edtulos IES AQU\u00cd<\/p>\n","protected":false},"author":9605,"featured_media":0,"parent":0,"menu_order":0,"comment_status":"closed","ping_status":"closed","template":"","meta":[],"acf":[],"_links":{"self":[{"href":"https:\/\/dges-sal.infd.edu.ar\/sitio\/wp-json\/wp\/v2\/pages\/9563"}],"collection":[{"href":"https:\/\/dges-sal.infd.edu.ar\/sitio\/wp-json\/wp\/v2\/pages"}],"about":[{"href":"https:\/\/dges-sal.infd.edu.ar\/sitio\/wp-json\/wp\/v2\/types\/page"}],"author":[{"embeddable":true,"href":"https:\/\/dges-sal.infd.edu.ar\/sitio\/wp-json\/wp\/v2\/users\/9605"}],"replies":[{"embeddable":true,"href":"https:\/\/dges-sal.infd.edu.ar\/sitio\/wp-json\/wp\/v2\/comments?post=9563"}],"version-history":[{"count":1,"href":"https:\/\/dges-sal.infd.edu.ar\/sitio\/wp-json\/wp\/v2\/pages\/9563\/revisions"}],"predecessor-version":[{"id":9564,"href":"https:\/\/dges-sal.infd.edu.ar\/sitio\/wp-json\/wp\/v2\/pages\/9563\/revisions\/9564"}],"wp:attachment":[{"href":"https:\/\/dges-sal.infd.edu.ar\/sitio\/wp-json\/wp\/v2\/media?parent=9563"}],"curies":[{"name":"wp","href":"https:\/\/api.w.org\/{rel}","templated":true}]}}