{"id":9556,"date":"2023-04-06T22:09:31","date_gmt":"2023-04-07T01:09:31","guid":{"rendered":"https:\/\/dges-sal.infd.edu.ar\/sitio\/?page_id=9556"},"modified":"2026-01-29T11:17:49","modified_gmt":"2026-01-29T14:17:49","slug":"formularios-3","status":"publish","type":"page","link":"https:\/\/dges-sal.infd.edu.ar\/sitio\/formularios-3\/","title":{"rendered":"Formularios"},"content":{"rendered":"\n<div class=\"wp-duotone-unset-1 wp-block-cover alignfull is-light has-parallax has-small-font-size\" style=\"min-height:218px\"><span aria-hidden=\"true\" class=\"wp-block-cover__background has-background-dim-0 has-background-dim\"><\/span><div role=\"img\" class=\"wp-block-cover__image-background wp-image-8955 has-parallax\" style=\"background-position:50% 50%;background-image:url(https:\/\/dges-sal.infd.edu.ar\/sitio\/wp-content\/uploads\/2023\/03\/Recurso-24-2.png)\"><\/div><div class=\"wp-block-cover__inner-container\">\n<h1 class=\"wp-block-heading has-text-align-center has-contrast-color has-text-color has-small-font-size\" style=\"font-style:normal;font-weight:100\">         <img decoding=\"async\" loading=\"lazy\" width=\"565\" height=\"315\" class=\"wp-image-8971\" style=\"width: 300px;\" src=\"https:\/\/dges-sal.infd.edu.ar\/sitio\/wp-content\/uploads\/2023\/03\/Recurso-28.png\" alt=\"\"><\/h1>\n<\/div><\/div>\n\n\n\n<hr class=\"wp-block-separator aligncenter has-text-color has-contrast-2-color has-alpha-channel-opacity has-contrast-2-background-color has-background is-style-default\"\/>\n\n\n\n<h2 class=\"wp-block-heading has-text-align-center\"><img decoding=\"async\" loading=\"lazy\" width=\"370\" height=\"169\" class=\"wp-image-9543\" style=\"width: 300px;\" src=\"https:\/\/dges-sal.infd.edu.ar\/sitio\/wp-content\/uploads\/2023\/04\/Recurso-97.png\" alt=\"\"><\/h2>\n\n\n\n<h2 class=\"wp-block-heading has-background has-medium-font-size\" style=\"background-color:#ff5757;font-style:normal;font-weight:400\">Formularios<\/h2>\n\n\n\n<figure class=\"wp-block-table alignwide is-style-stripes\"><table><thead><tr><th class=\"has-text-align-center\" data-align=\"center\">Documento<\/th><th>Descripci\u00f3n<\/th><th>Bajar<\/th><\/tr><\/thead><tbody><tr><td class=\"has-text-align-center\" data-align=\"center\"><strong>Movimiento Matricular Institucional<\/strong><\/td><td>Planilla de Movimiento Matricular Institucional 2026<\/td><td><strong><a href=\"https:\/\/dges-sal.infd.edu.ar\/sitio\/wp-content\/uploads\/2026\/01\/MA-2026.doc\" target=\"_blank\" rel=\"noreferrer noopener\">AQU\u00cd<\/a><\/strong><\/td><\/tr><tr><td class=\"has-text-align-center\" data-align=\"center\"><strong>Formulario pedido de mobiliario<\/strong><\/td><td><\/td><td><a href=\"https:\/\/dges-sal.infd.edu.ar\/sitio\/wp-content\/uploads\/2020\/03\/Formulario-pedido-de-mobiliario-DGES.doc\"><strong>AQU\u00cd<\/strong><\/a><\/td><\/tr><tr><td class=\"has-text-align-center\" data-align=\"center\"><strong>Certificado de Control Anual de Salud<\/strong><\/td><td>Certificado de Control Anual de Salud integral Obligatorio para estudiantes de las unidades educativas dependientes de la Direcci\u00f3n General de Educaci\u00f3n Superior y de Educaci\u00f3n Privada.<\/td><td><a href=\"https:\/\/dges-sal.infd.edu.ar\/sitio\/wp-content\/uploads\/2018\/11\/Formulario-Certificado-de-Control-Anual-de-Salud-Integral-Oblig.pdf\"><strong>AQU\u00cd<\/strong><\/a><\/td><\/tr><tr><td class=\"has-text-align-center\" data-align=\"center\"><strong>Docentes Co Formadores<\/strong><\/td><td>Docentes Co Formadores<\/td><td><a href=\"https:\/\/dges-sal.infd.edu.ar\/sitio\/formularios-2\/upload\/Documentacion_para_presentar_certificacion_de_practicas.doc\"><strong>AQU\u00cd<\/strong><\/a><\/td><\/tr><tr><td class=\"has-text-align-center\" data-align=\"center\"><strong>Formulario de Res. 092\/15<\/strong><\/td><td>Formulario a&nbsp;la Comisi\u00f3n Permanente de T\u00edtulos<\/td><td><a href=\"https:\/\/dges-sal.infd.edu.ar\/sitio\/formularios-2\/upload\/Formulario_a_Comision_Permanente_de_Estudios_de_Titulos.doc\"><strong>AQU\u00cd<\/strong><\/a><\/td><\/tr><tr><td class=\"has-text-align-center\" data-align=\"center\"><strong>Declaraci\u00f3n jurada<\/strong><\/td><td>Percepci\u00f3n de Asignaciones Familiares<\/td><td><a href=\"https:\/\/dges-sal.infd.edu.ar\/sitio\/wp-content\/uploads\/2020\/05\/Declaracion-jurada-percepcion-de-asignaciones-familiares.doc\"><strong>AQU\u00cd<\/strong><\/a><\/td><\/tr><tr><td class=\"has-text-align-center\" data-align=\"center\"><strong>Declaraci\u00f3n Jurada<\/strong><\/td><td>Declaraci\u00f3n jurada de cargos p\u00fablicos y<strong><a href=\"https:\/\/dges-sal.infd.edu.ar\/sitio\/wp-content\/uploads\/2022\/02\/DDJJ-Recomendaciones-para-presentacion.doc\">&nbsp;Recomendaciones<\/a><\/strong><\/td><td><a href=\"https:\/\/dges-sal.infd.edu.ar\/sitio\/formularios-2\/upload\/Modelo_de_Declaracion_Jurada.xls\"><strong>AQU\u00cd<\/strong><\/a><\/td><\/tr><tr><td class=\"has-text-align-center\" data-align=\"center\"><strong>&nbsp;Formularios Seguimiento de Cohorte<\/strong><\/td><td>Es Importante comprender que registraremos el seguimiento de la cohorte te\u00f3rica de todas las carreras desde el a\u00f1o 2008 en adelante, no haremos seguimiento de a\u00f1os acad\u00e9micos. Vamos a realizar el seguimiento de la cohorte inicial al 30 de Abril y los seguimientos posteriores se har\u00e1n siempre al 30 de de Abril, siguiendo a los inscriptos iniciales.El seguimiento de cohorte de una carrera finaliza cuando se hace efectiva la extinci\u00f3n de los efectos acad\u00e9micos es decir seis (6) a\u00f1os despu\u00e9s que ocurri\u00f3 el cierre de carrera o luego que egresan la totalidad de alumnos pertenecientes a esa cohorte.<strong>La cohorte es la cantidad de inscriptos al 30 de Abril a 1\u00b0 A\u00f1o<\/strong>.Para hacer el seguimiento es necesario:Primeramente tener el dato de alumnos inscriptos al 30 de abril a 1\u00b0 A\u00f1o. Para un mejor seguimiento en la parte superior de la planilla indicaran el nombre de la Unidad educativa (Sede, Anexo o Extensi\u00f3n \u00c1ulica) la carrera y el n\u00famero de normativa que la aprueba. Se les solicita completar y remitir a Secretaria T\u00e9cnica de la Direcci\u00f3n, el seguimiento de cohorte por carrera de todas las carreras ofertadas desde el a\u00f1o 2008 en adelante, hasta el d\u00eda&nbsp;<strong>16 de Mayo del corriente a\u00f1o<\/strong>. Por cualquier duda o consulta comunicarse con Secretaria T\u00e9cnica.<\/td><td><a href=\"https:\/\/dges-sal.infd.edu.ar\/sitio\/formularios-2\/upload\/SEGUIMIENTO_DE_COHORTE_a_2017.xls\"><strong>AQU\u00cd<\/strong><\/a><\/td><\/tr><tr><td class=\"has-text-align-center\" data-align=\"center\"><strong>Liberar Cargo<\/strong><\/td><td><\/td><td><a href=\"https:\/\/dges-sal.infd.edu.ar\/sitio\/formularios-2\/upload\/form_Liber_Cargo_REV.pdf\"><strong>AQU\u00cd<\/strong><\/a><\/td><\/tr><tr><td class=\"has-text-align-center\" data-align=\"center\"><strong>Solicitud de permuta personal no docente<\/strong><\/td><td><\/td><td><a href=\"https:\/\/dges-sal.infd.edu.ar\/sitio\/formularios-2\/upload\/form_SOLIC.PERMUTA_PERSONAL_NO_DOCENTE.pdf\"><strong>AQU\u00cd<\/strong><\/a><\/td><\/tr><tr><td class=\"has-text-align-center\" data-align=\"center\"><strong>Solicitud de traslado personal no docente<\/strong><\/td><td><\/td><td><a href=\"https:\/\/dges-sal.infd.edu.ar\/sitio\/formularios-2\/upload\/form_SOLIC.TRASLADO_PERSONAL_NO_DOCENTE.pdf\"><strong>AQU\u00cd<\/strong><\/a><\/td><\/tr><tr><td class=\"has-text-align-center\" data-align=\"center\"><strong>Planilla ofrecimiento<\/strong><\/td><td><\/td><td><a href=\"https:\/\/dges-sal.infd.edu.ar\/sitio\/formularios-2\/upload\/planilla_ofrecimiento.pdf\"><strong>AQU\u00cd<\/strong><\/a><\/td><\/tr><tr><td class=\"has-text-align-center\" data-align=\"center\"><strong>Solicitud de cambio causal designacion<\/strong><\/td><td><\/td><td><a href=\"https:\/\/dges-sal.infd.edu.ar\/sitio\/formularios-2\/upload\/Sol._Cambio_Causal_DESIG.pdf\"><strong>AQU\u00cd<\/strong><\/a><\/td><\/tr><tr><td class=\"has-text-align-center\" data-align=\"center\"><strong>Solicitud de ascenso automatico<\/strong><\/td><td><\/td><td><a href=\"https:\/\/dges-sal.infd.edu.ar\/sitio\/formularios-2\/upload\/Solic_Ascenso_Automatico.pdf\"><strong>AQU\u00cd<\/strong><\/a><\/td><\/tr><tr><td class=\"has-text-align-center\" data-align=\"center\"><strong>Solicitud de cambio de situacion y revista<\/strong><\/td><td><\/td><td><a href=\"https:\/\/dges-sal.infd.edu.ar\/sitio\/formularios-2\/upload\/Solic_Camb_Sit_Revista.pdf\"><strong>AQU\u00cd<\/strong><\/a><\/td><\/tr><tr><td class=\"has-text-align-center\" data-align=\"center\"><strong>Solicitud de cierre de curso<\/strong><\/td><td><\/td><td><a href=\"https:\/\/dges-sal.infd.edu.ar\/sitio\/formularios-2\/upload\/Solicitud_de_Cierre_de_Curso.pdf\"><strong>AQU\u00cd<\/strong><\/a><\/td><\/tr><tr><td class=\"has-text-align-center\" data-align=\"center\"><strong>Solicitud de creacion de curso<\/strong><\/td><td><\/td><td><a href=\"https:\/\/dges-sal.infd.edu.ar\/sitio\/formularios-2\/upload\/Solicitud_de_Creacion_Curso_Numerado.pdf\"><strong>AQU\u00cd<\/strong><\/a><\/td><\/tr><tr><td class=\"has-text-align-center\" data-align=\"center\"><strong>Solicitud de licencia con goce de haberes<\/strong><\/td><td><\/td><td><a href=\"https:\/\/dges-sal.infd.edu.ar\/sitio\/formularios-2\/upload\/Solicitud_de_Lic_Con_Goce_Hab_Comp_Minist.pdf\"><strong>AQU\u00cd<\/strong><\/a><\/td><\/tr><tr><td class=\"has-text-align-center\" data-align=\"center\"><strong>Solicitud de licencia sin goce de haberes<\/strong><\/td><td><\/td><td><a href=\"https:\/\/dges-sal.infd.edu.ar\/sitio\/wp-content\/uploads\/2022\/11\/Solicitud-de-Licencia-Sin-Goce-Haberes.pdf\"><strong>AQU\u00cd<\/strong><\/a><\/td><\/tr><tr><td class=\"has-text-align-center\" data-align=\"center\"><strong>Solicitud de cambio de funciones<\/strong><\/td><td><\/td><td><a href=\"https:\/\/dges-sal.infd.edu.ar\/sitio\/formularios-2\/upload\/Solicitud_Cambio_Funciones.pdf\"><strong>AQU\u00cd<\/strong><\/a><\/td><\/tr><tr><td class=\"has-text-align-center\" data-align=\"center\"><strong>Solicitud de derecho habiente<\/strong><\/td><td><\/td><td><a href=\"https:\/\/dges-sal.infd.edu.ar\/sitio\/formularios-2\/upload\/Solicitud_Derecho_Habiente.pdf\"><strong>AQU\u00cd<\/strong><\/a><\/td><\/tr><tr><td class=\"has-text-align-center\" data-align=\"center\"><strong>Solicitud de designaci\u00f3n<\/strong><\/td><td><\/td><td><a href=\"https:\/\/dges-sal.infd.edu.ar\/sitio\/formularios-2\/upload\/Solicitud_Designacion.pdf\"><strong>AQU\u00cd<\/strong><\/a><\/td><\/tr><tr><td class=\"has-text-align-center\" data-align=\"center\"><strong>Solicitud reubicaci\u00f3n docente titular<\/strong><\/td><td><\/td><td><a href=\"https:\/\/dges-sal.infd.edu.ar\/sitio\/formularios-2\/upload\/Solicitud_Reub_Doc_tit.pdf\"><strong>AQU\u00cd<\/strong><\/a><\/td><\/tr><tr><td class=\"has-text-align-center\" data-align=\"center\"><strong>Solicitud traslado de docente<\/strong><\/td><td><\/td><td><a href=\"https:\/\/dges-sal.infd.edu.ar\/sitio\/formularios-2\/upload\/Solicitud_TRASLADO_DOCENTES.pdf\"><strong>AQU\u00cd<\/strong><\/a><\/td><\/tr><\/tbody><\/table><\/figure>\n","protected":false},"excerpt":{"rendered":"<p>Formularios Documento Descripci\u00f3n Bajar Movimiento Matricular Institucional Planilla de Movimiento Matricular Institucional 2026 AQU\u00cd Formulario pedido de mobiliario AQU\u00cd Certificado de Control Anual de Salud Certificado de Control Anual de Salud integral Obligatorio para estudiantes de las unidades educativas dependientes de la Direcci\u00f3n General de Educaci\u00f3n Superior y de Educaci\u00f3n Privada. AQU\u00cd Docentes Co Formadores &#8230; <a title=\"Formularios\" class=\"read-more\" href=\"https:\/\/dges-sal.infd.edu.ar\/sitio\/formularios-3\/\" aria-label=\"More on Formularios\">[+]<\/a><\/p>\n","protected":false},"author":9605,"featured_media":0,"parent":0,"menu_order":0,"comment_status":"closed","ping_status":"closed","template":"","meta":[],"acf":[],"_links":{"self":[{"href":"https:\/\/dges-sal.infd.edu.ar\/sitio\/wp-json\/wp\/v2\/pages\/9556"}],"collection":[{"href":"https:\/\/dges-sal.infd.edu.ar\/sitio\/wp-json\/wp\/v2\/pages"}],"about":[{"href":"https:\/\/dges-sal.infd.edu.ar\/sitio\/wp-json\/wp\/v2\/types\/page"}],"author":[{"embeddable":true,"href":"https:\/\/dges-sal.infd.edu.ar\/sitio\/wp-json\/wp\/v2\/users\/9605"}],"replies":[{"embeddable":true,"href":"https:\/\/dges-sal.infd.edu.ar\/sitio\/wp-json\/wp\/v2\/comments?post=9556"}],"version-history":[{"count":6,"href":"https:\/\/dges-sal.infd.edu.ar\/sitio\/wp-json\/wp\/v2\/pages\/9556\/revisions"}],"predecessor-version":[{"id":16978,"href":"https:\/\/dges-sal.infd.edu.ar\/sitio\/wp-json\/wp\/v2\/pages\/9556\/revisions\/16978"}],"wp:attachment":[{"href":"https:\/\/dges-sal.infd.edu.ar\/sitio\/wp-json\/wp\/v2\/media?parent=9556"}],"curies":[{"name":"wp","href":"https:\/\/api.w.org\/{rel}","templated":true}]}}