{"id":9418,"date":"2023-03-28T20:54:21","date_gmt":"2023-03-28T23:54:21","guid":{"rendered":"https:\/\/dges-sal.infd.edu.ar\/sitio\/?page_id=9418"},"modified":"2023-03-28T20:54:22","modified_gmt":"2023-03-28T23:54:22","slug":"decretos-2","status":"publish","type":"page","link":"https:\/\/dges-sal.infd.edu.ar\/sitio\/decretos-2\/","title":{"rendered":"Decretos"},"content":{"rendered":"\n<div class=\"wp-duotone-unset-1 wp-block-cover alignfull is-light has-parallax has-small-font-size\" style=\"min-height:218px\"><span aria-hidden=\"true\" class=\"wp-block-cover__background has-background-dim-0 has-background-dim\"><\/span><div role=\"img\" class=\"wp-block-cover__image-background wp-image-8955 has-parallax\" style=\"background-position:50% 50%;background-image:url(https:\/\/dges-sal.infd.edu.ar\/sitio\/wp-content\/uploads\/2023\/03\/Recurso-24-2.png)\"><\/div><div class=\"wp-block-cover__inner-container\">\n<h1 class=\"has-text-align-center wp-block-heading has-contrast-color has-text-color has-small-font-size\" style=\"font-style:normal;font-weight:100\">         <img decoding=\"async\" loading=\"lazy\" width=\"565\" height=\"315\" class=\"wp-image-8971\" style=\"width: 300px;\" src=\"https:\/\/dges-sal.infd.edu.ar\/sitio\/wp-content\/uploads\/2023\/03\/Recurso-28.png\" alt=\"\"><\/h1>\n<\/div><\/div>\n\n\n\n<hr class=\"wp-block-separator aligncenter has-text-color has-contrast-2-color has-alpha-channel-opacity has-contrast-2-background-color has-background is-style-default\"\/>\n\n\n\n<h2 class=\"has-text-align-center wp-block-heading\"><img decoding=\"async\" loading=\"lazy\" width=\"370\" height=\"171\" class=\"wp-image-9328\" style=\"width: 300px;\" src=\"https:\/\/dges-sal.infd.edu.ar\/sitio\/wp-content\/uploads\/2023\/03\/Recurso-94.png\" alt=\"\"><\/h2>\n\n\n\n<h2 class=\"has-background has-medium-font-size wp-block-heading\" style=\"background-color:#ff5757;font-style:normal;font-weight:400\">Decretos<\/h2>\n\n\n\n<div style=\"height:45px\" aria-hidden=\"true\" class=\"wp-block-spacer\"><\/div>\n\n\n\n<figure class=\"wp-block-table is-style-stripes\"><table><tbody><tr><td class=\"has-text-align-center\" data-align=\"center\"><strong>Documento<\/strong><\/td><td><strong>Descripci\u00f3n<\/strong><\/td><td class=\"has-text-align-center\" data-align=\"center\"><strong>Bajar<\/strong><\/td><\/tr><tr><td class=\"has-text-align-center\" data-align=\"center\"><strong>Decreto 228\/22<\/strong><\/td><td>Apru\u00e9base las actas acuerdo Salarial para el personal docente, suscriptas los d\u00edas 1 y 3 de marzo del a\u00f1o 2022, entre el Ministerio de Educaci\u00f3n, Cultura, Ciencia y Tecnolog\u00eda, el Ministerio de Econom\u00eda y Servicios P\u00fablicos y representantes de entidades sindicales\u2026<\/td><td class=\"has-text-align-center\" data-align=\"center\"><a href=\"https:\/\/saltaeducs.files.wordpress.com\/2022\/04\/dcto.-228-2022-aprubase-actas-acuerdo-salarial.pdf\"><strong>AQU\u00cd<\/strong><\/a><\/td><\/tr><tr><td class=\"has-text-align-center\" data-align=\"center\"><strong>Decreto 573\/18<\/strong><\/td><td>Apru\u00e9base la reglamentaci\u00f3n de la Ley 7850 mediante la cual a provincia adhiere a la Ley nacional N\u00b0 25.506 que reconoce el empleo de la firma electr\u00f3nica y de la firma digital.<\/td><td class=\"has-text-align-center\" data-align=\"center\"><a href=\"https:\/\/dges-sal.infd.edu.ar\/sitio\/wp-content\/uploads\/2019\/08\/Dcto-573-18.pdf\"><strong>AQU\u00cd<\/strong><\/a><\/td><\/tr><tr><td class=\"has-text-align-center\" data-align=\"center\"><strong>Decreto 564\/18<\/strong><\/td><td>Crease en el \u00e1mbito del Ministerio de Econom\u00eda, la unidad de Control y Aprobaci\u00f3n de la cuenta General del Ejercicio.<\/td><td class=\"has-text-align-center\" data-align=\"center\"><a href=\"https:\/\/dges-sal.infd.edu.ar\/sitio\/wp-content\/uploads\/2019\/08\/Dcto-564-18.pdf\"><strong>AQU\u00cd<\/strong><\/a><\/td><\/tr><tr><td class=\"has-text-align-center\" data-align=\"center\"><strong>Decreto N\u00b0 1131\/17<\/strong><\/td><td>Ampliase el Dcto. N\u00b0 1160\/98 y apru\u00e9bese a partir de la fecha del presente instrumento el \u201cProcedimiento para la aceptaci\u00f3n de renuncia por jubilaci\u00f3n del personal docente de este Ministerio\u201d que como Anexo forma parte integrante del presente.<\/td><td class=\"has-text-align-center\" data-align=\"center\"><a href=\"https:\/\/dges-sal.infd.edu.ar\/sitio\/decretos\/upload\/Decreto_1131-17.pdf\">Dcto 1131\/17<\/a><br>&#8211; <br><a href=\"https:\/\/dges-sal.infd.edu.ar\/sitio\/decretos\/upload\/Decreto_1131-17_Anexo_1.pdf\">Anexo I<\/a><\/td><\/tr><tr><td class=\"has-text-align-center\" data-align=\"center\"><strong>Decreto N\u00b0 251\/15<\/strong><\/td><td>Documentaci\u00f3n de Rendici\u00f3n de Cuentas y Planilla de Relaci\u00f3n de Comprobantes<\/td><td class=\"has-text-align-center\" data-align=\"center\"><a href=\"http:\/\/www.edusalta.gov.ar\/index.php\/2014-05-06-13-12-41\/normativa-educativa\/decretos\/2637-dcto-no-251-15-anexos-i-y-ii\/file\"><strong>AQUI<\/strong><\/a><\/td><\/tr><tr><td class=\"has-text-align-center\" data-align=\"center\"><strong>Decreto N\u00b01901\/09<\/strong><\/td><td>Reglamento vigente que regula las acciones relacionadas a los accidentes de trabajo. Asimismo, se presentan las disposiciones vinculadas a las exigencias para realizar el tr\u00e1mite Preocupacional<a href=\"https:\/\/dges-sal.infd.edu.ar\/sitio\/decretos\/upload\/Dcto_664_estructura_planta_de_cargos_MECyT.pdf\">.<\/a><\/td><td class=\"has-text-align-center\" data-align=\"center\"><a href=\"https:\/\/dges-sal.infd.edu.ar\/sitio\/wp-content\/uploads\/2018\/07\/decreto_1901.pdf\"><strong>AQU\u00cd<\/strong><\/a><\/td><\/tr><tr><td class=\"has-text-align-center\" data-align=\"center\"><strong>Decreto N\u00b01401\/03<\/strong><\/td><td>Modifica carga horaria del r\u00e9gimen de incompatibilidades<\/td><td class=\"has-text-align-center\" data-align=\"center\"><a href=\"https:\/\/dges-sal.infd.edu.ar\/sitio\/decretos\/upload\/DECRETO_N_1401-03_modifica_decreto_14-91_compatibilidad_horaria.pdf\"><strong>AQUI<\/strong><\/a><\/td><\/tr><tr><td class=\"has-text-align-center\" data-align=\"center\"><strong>Decreto N\u00b04118\/97<\/strong><\/td><td>R\u00e9gimen de Licencias, Justificaciones y Franquicias<\/td><td class=\"has-text-align-center\" data-align=\"center\"><a href=\"https:\/\/dges-sal.infd.edu.ar\/sitio\/decretos\/upload\/Dcto-4118-97_regimen_de_Licencias.pdf\"><strong>AQUI<\/strong><\/a><\/td><\/tr><tr><td class=\"has-text-align-center\" data-align=\"center\"><strong>Decreto N\u00b014\/91<\/strong><\/td><td>R\u00e9gimen de Incompatibilidades<\/td><td class=\"has-text-align-center\" data-align=\"center\"><a href=\"https:\/\/dges-sal.infd.edu.ar\/sitio\/decretos\/upload\/Dcto_14-91_Regimen_de_Incompatibilidades_1.doc\"><strong>AQUI<\/strong><\/a><\/td><\/tr><\/tbody><\/table><\/figure>\n","protected":false},"excerpt":{"rendered":"<p>Decretos Documento Descripci\u00f3n Bajar Decreto 228\/22 Apru\u00e9base las actas acuerdo Salarial para el personal docente, suscriptas los d\u00edas 1 y 3 de marzo del a\u00f1o 2022, entre el Ministerio de Educaci\u00f3n, Cultura, Ciencia y Tecnolog\u00eda, el Ministerio de Econom\u00eda y Servicios P\u00fablicos y representantes de entidades sindicales\u2026 AQU\u00cd Decreto 573\/18 Apru\u00e9base la reglamentaci\u00f3n de la &#8230; <a title=\"Decretos\" class=\"read-more\" href=\"https:\/\/dges-sal.infd.edu.ar\/sitio\/decretos-2\/\" aria-label=\"More on Decretos\">[+]<\/a><\/p>\n","protected":false},"author":9605,"featured_media":0,"parent":0,"menu_order":0,"comment_status":"closed","ping_status":"closed","template":"","meta":[],"acf":[],"_links":{"self":[{"href":"https:\/\/dges-sal.infd.edu.ar\/sitio\/wp-json\/wp\/v2\/pages\/9418"}],"collection":[{"href":"https:\/\/dges-sal.infd.edu.ar\/sitio\/wp-json\/wp\/v2\/pages"}],"about":[{"href":"https:\/\/dges-sal.infd.edu.ar\/sitio\/wp-json\/wp\/v2\/types\/page"}],"author":[{"embeddable":true,"href":"https:\/\/dges-sal.infd.edu.ar\/sitio\/wp-json\/wp\/v2\/users\/9605"}],"replies":[{"embeddable":true,"href":"https:\/\/dges-sal.infd.edu.ar\/sitio\/wp-json\/wp\/v2\/comments?post=9418"}],"version-history":[{"count":1,"href":"https:\/\/dges-sal.infd.edu.ar\/sitio\/wp-json\/wp\/v2\/pages\/9418\/revisions"}],"predecessor-version":[{"id":9419,"href":"https:\/\/dges-sal.infd.edu.ar\/sitio\/wp-json\/wp\/v2\/pages\/9418\/revisions\/9419"}],"wp:attachment":[{"href":"https:\/\/dges-sal.infd.edu.ar\/sitio\/wp-json\/wp\/v2\/media?parent=9418"}],"curies":[{"name":"wp","href":"https:\/\/api.w.org\/{rel}","templated":true}]}}