{"id":9403,"date":"2023-03-28T17:23:16","date_gmt":"2023-03-28T20:23:16","guid":{"rendered":"https:\/\/dges-sal.infd.edu.ar\/sitio\/?page_id=9403"},"modified":"2025-06-18T12:30:42","modified_gmt":"2025-06-18T15:30:42","slug":"resoluciones-nacionales-2","status":"publish","type":"page","link":"https:\/\/dges-sal.infd.edu.ar\/sitio\/resoluciones-nacionales-2\/","title":{"rendered":"Resoluciones Nacionales"},"content":{"rendered":"\n<div class=\"wp-duotone-unset-1 wp-block-cover alignfull is-light has-parallax has-small-font-size\" style=\"min-height:218px\"><span aria-hidden=\"true\" class=\"wp-block-cover__background has-background-dim-0 has-background-dim\"><\/span><div role=\"img\" class=\"wp-block-cover__image-background wp-image-8955 has-parallax\" style=\"background-position:50% 50%;background-image:url(https:\/\/dges-sal.infd.edu.ar\/sitio\/wp-content\/uploads\/2023\/03\/Recurso-24-2.png)\"><\/div><div class=\"wp-block-cover__inner-container\">\n<h1 class=\"wp-block-heading has-text-align-center has-contrast-color has-text-color has-small-font-size\" style=\"font-style:normal;font-weight:100\">         <img decoding=\"async\" loading=\"lazy\" width=\"565\" height=\"315\" class=\"wp-image-8971\" style=\"width: 300px;\" src=\"https:\/\/dges-sal.infd.edu.ar\/sitio\/wp-content\/uploads\/2023\/03\/Recurso-28.png\" alt=\"\"><\/h1>\n<\/div><\/div>\n\n\n\n<hr class=\"wp-block-separator aligncenter has-text-color has-contrast-2-color has-alpha-channel-opacity has-contrast-2-background-color has-background is-style-default\"\/>\n\n\n\n<h1 class=\"wp-block-heading alignwide has-text-align-center has-medium-font-size\" style=\"letter-spacing:20px;text-transform:uppercase\"><img decoding=\"async\" loading=\"lazy\" width=\"370\" height=\"169\" class=\"wp-image-9329\" style=\"width: 300px;\" src=\"https:\/\/dges-sal.infd.edu.ar\/sitio\/wp-content\/uploads\/2023\/03\/Recurso-96.png\" alt=\"\"><\/h1>\n\n\n\n<div style=\"height:5px\" aria-hidden=\"true\" class=\"wp-block-spacer\"><\/div>\n\n\n\n<h2 class=\"wp-block-heading has-background has-medium-font-size\" style=\"background-color:#38b5fe;font-style:normal;font-weight:400\">Resoluciones Nacionales<\/h2>\n\n\n\n<div style=\"height:45px\" aria-hidden=\"true\" class=\"wp-block-spacer\"><\/div>\n\n\n\n<figure class=\"wp-block-table is-style-stripes\" style=\"text-transform:capitalize\"><table><tbody><tr><td class=\"has-text-align-center\" data-align=\"center\"><strong>Documento<\/strong><\/td><td class=\"has-text-align-center\" data-align=\"center\"><strong>Descripci\u00f3n<\/strong><\/td><td class=\"has-text-align-center\" data-align=\"center\"><strong>Bajar<\/strong><\/td><\/tr><tr><td class=\"has-text-align-center\" data-align=\"center\">&nbsp;<strong>resoluci\u00f3n N\u00b0 476\/24<\/strong><\/td><td class=\"has-text-align-center\" data-align=\"center\">LINEAMIENTOS CURRICULARES NACIONALES PARA LA FORMACI\u00d3N DOCENTE INICIAL<br>Definici\u00f3n y Alcance. La formaci\u00f3n en capacidades profesionales. La incorporaci\u00f3n de la educaci\u00f3n h\u00edbrida en la formaci\u00f3n docente inicial.<\/td><td class=\"has-text-align-center\" data-align=\"center\"><strong><a href=\"https:\/\/dges-sal.infd.edu.ar\/aula\/archivos\/repositorio\/\/1250\/1485\/resolucion-cfe-476-24-lineamientos-curriculares-nacionales-para-la-fd-inicial.pdf.crdownload_1.pdf\">AQU\u00cd<\/a><\/strong><\/td><\/tr><tr><td class=\"has-text-align-center\" data-align=\"center\"><strong>Resoluci\u00f3n CFE N\u00b0 382\/20<\/strong><\/td><td class=\"has-text-align-center\" data-align=\"center\">Extender hasta el d\u00eda 31 de diciembre de 2020 el plazo de utilizaci\u00f3n de las planillas Serie 2019 correspondientes al Sistema Federal de T\u00edtulos, quedando por lo tanto su per\u00edodo de uso comprendido entre el 1\u00b0 de noviembre de 2019 y el 31 de diciembre de 2020<\/td><td class=\"has-text-align-center\" data-align=\"center\"><a href=\"https:\/\/dges-sal.infd.edu.ar\/sitio\/wp-content\/uploads\/2020\/11\/Res-CFE-382-20-Sistema-Federal-de-Titulos-Series-2019-2020.pdf\"><strong>AQU\u00cd<\/strong><\/a><\/td><\/tr><tr><td class=\"has-text-align-center\" data-align=\"center\"><strong>Resoluci\u00f3n CFE N\u00b0 373\/20<\/strong><\/td><td class=\"has-text-align-center\" data-align=\"center\">Formaci\u00f3n Docente \u2013 Lineamientos Nacionales para la regulaci\u00f3n del Sistema Formador en contexto de aislamiento social preventivo (ASPO) y distanciamiento social preventivo y obligatorio (DISPO)<\/td><td class=\"has-text-align-center\" data-align=\"center\"><a href=\"https:\/\/dges-sal.infd.edu.ar\/sitio\/wp-content\/uploads\/2020\/11\/Res-CFE-373-2020.pdf\"><strong>AQU\u00cd<\/strong><\/a><\/td><\/tr><tr><td class=\"has-text-align-center\" data-align=\"center\"><strong>Resoluci\u00f3n CFE N\u00b0 369\/20<\/strong><\/td><td class=\"has-text-align-center\" data-align=\"center\">Aprobar la realizaci\u00f3n del Programa ACOMPA\u00d1AR: Puentes de Igualdad<\/td><td class=\"has-text-align-center\" data-align=\"center\"><strong><a href=\"https:\/\/dges-sal.infd.edu.ar\/sitio\/wp-content\/uploads\/2020\/11\/Res-CFE-369-2020.pdf\">AQU\u00cd<\/a><\/strong><\/td><\/tr><tr><td class=\"has-text-align-center\" data-align=\"center\"><strong>Resoluci\u00f3n ME 82\/20<\/strong><\/td><td class=\"has-text-align-center\" data-align=\"center\">Coronavirus \u2013 Recomendar la adopci\u00f3n de medidas preventivas en los establecimientos educativos de todos los niveles y modalidades del pa\u00eds, sean estos de gesti\u00f3n estatal o privada, de educaci\u00f3n obligatoria o de educaci\u00f3n superior.<\/td><td class=\"has-text-align-center\" data-align=\"center\"><a href=\"https:\/\/dges-sal.infd.edu.ar\/aula\/archivos\/repositorio\/750\/824\/Res._82-20_Recomendacion__medidas_preventivas.pdf\"><strong>AQU\u00cd<\/strong><\/a><\/td><\/tr><tr><td class=\"has-text-align-center\" data-align=\"center\"><strong>Resoluci\u00f3n CFE N\u00b0 346\/18<\/strong><\/td><td class=\"has-text-align-center\" data-align=\"center\">Aprobar el Acuerdo Marco de Educaci\u00f3n a Distancia para los niveles primario, secundario y superior en las diferentes modalidades reguladas y reconocidas por la Ley de Educaci\u00f3n Nacional N\u00b0 26.206(3 archivos)<\/td><td class=\"has-text-align-center\" data-align=\"center\"><a href=\"https:\/\/dges-sal.infd.edu.ar\/sitio\/wp-content\/uploads\/2019\/05\/Res-CFE-346-18-Acuerdo-Marco-de-Educaci%C3%B3n-a-Distancia.pdf\"><strong>AQU\u00cd<\/strong><\/a><br><a href=\"https:\/\/dges-sal.infd.edu.ar\/sitio\/wp-content\/uploads\/2019\/05\/Anexo-I-Res-CFE-346-18-Acuerdo-Marco-de-Educaci%C3%B3n-a-Distancia.pdf\">Anexo I<\/a><a href=\"https:\/\/dges-sal.infd.edu.ar\/sitio\/wp-content\/uploads\/2019\/05\/Anexo-II-Res-CFE-346-18-Acuerdo-Marco-de-Educaci%C3%B3n-a-Distancia.pdf\"> y <\/a><a href=\"https:\/\/dges-sal.infd.edu.ar\/sitio\/wp-content\/uploads\/2019\/05\/Anexo-II-Res-CFE-346-18-Acuerdo-Marco-de-Educaci%C3%B3n-a-Distancia.pdf\">II<\/a><\/td><\/tr><tr><td class=\"has-text-align-center\" data-align=\"center\"><strong>Resoluci\u00f3n CFE N\u00b0 337\/18<\/strong><\/td><td class=\"has-text-align-center\" data-align=\"center\">Marco Referencial de Capacidades Profesionales de la Formaci\u00f3n Docente Inicial<\/td><td class=\"has-text-align-center\" data-align=\"center\"><strong><a href=\"https:\/\/dges-sal.infd.edu.ar\/aula\/archivos\/repositorio\/\/1500\/1560\/3._Res_CFE_N_337-18.pdf\">AQU\u00cd<\/a><\/strong><\/td><\/tr><tr><td class=\"has-text-align-center\" data-align=\"center\"><strong>Resoluci\u00f3n CFE N\u00b0 286\/16<\/strong><\/td><td class=\"has-text-align-center\" data-align=\"center\">&nbsp;Plan Nacional de Formaci\u00f3n Docente 2016-2021(2 archivos)<\/td><td class=\"has-text-align-center\" data-align=\"center\"><a href=\"https:\/\/dges-sal.infd.edu.ar\/sitio\/resoluciones-nacionales\/upload\/Res._286-16_PNFD_2016-2021.pdf\"><strong>AQU\u00cd<\/strong><\/a><br><a href=\"https:\/\/dges-sal.infd.edu.ar\/sitio\/resoluciones-nacionales\/upload\/Res._286-16_Anexo_PNFD_2016-2021.pdf\">Anexo I<\/a><\/td><\/tr><tr><td class=\"has-text-align-center\" data-align=\"center\"><strong>Resoluci\u00f3n CFE N\u00b0 285\/16<\/strong><\/td><td class=\"has-text-align-center\" data-align=\"center\">Plan Estrat\u00e9gico Nacional 2016-2021 \u201cArgentina Ense\u00f1a y Aprende\u201d(2 archivos)<\/td><td class=\"has-text-align-center\" data-align=\"center\"><a href=\"https:\/\/dges-sal.infd.edu.ar\/sitio\/wp-content\/uploads\/2019\/05\/Res-CFE-285-16-Plan-Estrategico-Nacional-2016-2021.pdf\"><strong>AQU\u00cd<\/strong><\/a><br><a href=\"https:\/\/dges-sal.infd.edu.ar\/sitio\/wp-content\/uploads\/2019\/05\/Anexo-Res-CFE-285-16-Plan-Estrategico-Nacional-2016-2021.pdf\">Anexo I<\/a><\/td><\/tr><tr><td class=\"has-text-align-center\" data-align=\"center\"><strong>Resoluci\u00f3n ME N\u00b0 116\/14<\/strong><\/td><td class=\"has-text-align-center\" data-align=\"center\">Modulo de Ejecuci\u00f3n y Rendici\u00f3n Escolar del Sistema de Transferencias y Recursos Educativos (SiTraREd)<\/td><td class=\"has-text-align-center\" data-align=\"center\"><a href=\"https:\/\/dges-sal.infd.edu.ar\/sitio\/resoluciones-nacionales\/upload\/RM_116-14.pdf\"><strong>AQU\u00cd<\/strong><\/a><\/td><\/tr><tr><td class=\"has-text-align-center\" data-align=\"center\"><strong>Resoluci\u00f3n CFE N\u00b0 201\/13<\/strong><\/td><td class=\"has-text-align-center\" data-align=\"center\">PROGRAMA NACIONAL DE FORMACI\u00d3N PERMANENTE(2 archivos)<\/td><td class=\"has-text-align-center\" data-align=\"center\"><a href=\"https:\/\/dges-sal.infd.edu.ar\/sitio\/resoluciones-nacionales\/upload\/res._CFE_201-13.pdf\"><strong>Aqu\u00ed<\/strong><\/a><br><a href=\"http:\/\/www.me.gov.ar\/consejo\/resoluciones\/res13\/201-13_01.pdf\">Anexo I<\/a><\/td><\/tr><tr><td class=\"has-text-align-center\" data-align=\"center\"><strong>Resoluci\u00f3n&nbsp;CFE N\u00b0 188\/12<\/strong><\/td><td class=\"has-text-align-center\" data-align=\"center\">&nbsp;\u201cPlan Nacional de Educaci\u00f3n Obligatoria y Formaci\u00f3n Docente 2012 \u2013 2016\u201d<br>(4 archivos)&nbsp;<\/td><td class=\"has-text-align-center\" data-align=\"center\"><a href=\"http:\/\/www.me.gov.ar\/consejo\/resoluciones\/res12\/188-12.pdf\">Resoluci\u00f3n 188\/12 y Pr\u00f3logo&nbsp;<\/a>\u2013<a href=\"http:\/\/www.me.gov.ar\/consejo\/resoluciones\/res12\/188-12_introduccion.pdf\">Introducci\u00f3n<\/a>&nbsp;\u2013<a href=\"http:\/\/www.me.gov.ar\/consejo\/resoluciones\/res12\/188-12_01_01.pdf\">Anexo \u2013 Parte I<\/a><a href=\"http:\/\/www.me.gov.ar\/consejo\/resoluciones\/res12\/188-12_01_02.pdf\">Anexo Parte II<\/a><\/td><\/tr><tr><td class=\"has-text-align-center\" data-align=\"center\"><strong>Resoluci\u00f3n CFE N\u00b0 167\/12<\/strong><\/td><td class=\"has-text-align-center\" data-align=\"center\">&nbsp;Plan Nacional de Formaci\u00f3n Docente 2012-2015(2 Archivos)<\/td><td class=\"has-text-align-center\" data-align=\"center\"><a href=\"http:\/\/www.me.gov.ar\/consejo\/resoluciones\/res12\/188-12.pdf\">&nbsp;<\/a><a href=\"http:\/\/www.me.gov.ar\/consejo\/resoluciones\/res12\/167-12.pdf\">Res.167\/12<\/a><a href=\"http:\/\/www.me.gov.ar\/consejo\/resoluciones\/res12\/167-12_01.pdf\">\u201cPlan Nacional de Formaci\u00f3n Docente 2012-2015\u2033<\/a><\/td><\/tr><tr><td class=\"has-text-align-center\" data-align=\"center\"><strong>Resoluci\u00f3n CFE N\u00b0 140\/11<\/strong><\/td><td class=\"has-text-align-center\" data-align=\"center\">LINEAMIENTOS FEDERALES PARA EL PLANEAMIENTO Y ORGANIZACI\u00d3N INSTITUCIONAL DEL SISTEMA FORMADOR(2 Archivos)<\/td><td class=\"has-text-align-center\" data-align=\"center\"><a href=\"http:\/\/www.me.gov.ar\/consejo\/resoluciones\/res11\/140-11.pdf\">Resoluci\u00f3n 140\/11<\/a><br><a href=\"http:\/\/portales.educacion.gov.ar\/infd\/files\/2011\/06\/140-11-ANEXO.pdf\">Anexo<\/a><\/td><\/tr><tr><td class=\"has-text-align-center\" data-align=\"center\"><strong>Resoluci\u00f3n CFE N\u00b0 134\/11<\/strong><\/td><td class=\"has-text-align-center\" data-align=\"center\">Mejora de la calidad del Sistema Educativo<\/td><td class=\"has-text-align-center\" data-align=\"center\"><a href=\"http:\/\/www.me.gov.ar\/consejo\/resoluciones\/res11\/134-11.pdf\">Resoluci\u00f3n 134\/11&nbsp;<\/a><\/td><\/tr><tr><td class=\"has-text-align-center\" data-align=\"center\"><strong>Resoluci\u00f3n CFE N\u00b0 101\/10<\/strong><\/td><td class=\"has-text-align-center\" data-align=\"center\">Objetivos y Acciones 2010\/11 de F. Docente.<\/td><td class=\"has-text-align-center\" data-align=\"center\"><a href=\"http:\/\/repositorio.educacion.gov.ar:8080\/dspace\/bitstream\/handle\/123456789\/54067\/14773.pdf?sequence=1\">Res. 101\/10<\/a><\/td><\/tr><tr><td class=\"has-text-align-center\" data-align=\"center\"><strong>Resoluci\u00f3n CFE N\u00b0 59\/08<\/strong><\/td><td class=\"has-text-align-center\" data-align=\"center\">Aprobar el \u201cSISTEMA FEDERAL DE T\u00cdTULOS Y CERTIFICADOSANAL\u00cdTICOS CON RESGUARDO DOCUMENTAL\u201d<\/td><td class=\"has-text-align-center\" data-align=\"center\"><a href=\"https:\/\/dges-sal.infd.edu.ar\/sitio\/wp-content\/uploads\/2019\/03\/res-cfe-59-08.pdf\">Res 59\/08<\/a><br><a href=\"https:\/\/dges-sal.infd.edu.ar\/sitio\/wp-content\/uploads\/2019\/03\/res-cfe-59-08-anexo1.pdf\">Anexo I<\/a><\/td><\/tr><tr><td class=\"has-text-align-center\" data-align=\"center\"><strong>Resoluci\u00f3n CFE N\u00b0 46\/08<\/strong><\/td><td class=\"has-text-align-center\" data-align=\"center\">Objetivos y Acciones 2008 de F. Docente.<\/td><td class=\"has-text-align-center\" data-align=\"center\"><a href=\"http:\/\/repositorio.educacion.gov.ar:8080\/dspace\/bitstream\/handle\/123456789\/54012\/13330.pdf?sequence=1\">Res. 46\/08<\/a><\/td><\/tr><tr><td class=\"has-text-align-center\" data-align=\"center\"><strong>Resoluci\u00f3n CFE N\u00b0 24\/07<\/strong><\/td><td class=\"has-text-align-center\" data-align=\"center\">Aprueba los Lineamientos Curriculares Nacionales para la Formaci\u00f3n Docente Inicial y la nomina de T\u00edtulos\u2026<\/td><td class=\"has-text-align-center\" data-align=\"center\"><a href=\"https:\/\/dges-sal.infd.edu.ar\/sitio\/resoluciones-nacionales\/upload\/Res._CFE_N_24-07__Aprueba_los_Lineamientos_Curriculares_Nacionales_para_la_Formacion_Docente_Inicial_y_la_nomina_de_titulos..pdf\">Res. 24\/07<\/a><\/td><\/tr><tr><td class=\"has-text-align-center\" data-align=\"center\"><strong>Resoluci\u00f3n CFE N\u00b0 23\/07<\/strong><\/td><td class=\"has-text-align-center\" data-align=\"center\">Plan Nacional de Formaci\u00f3n Docente 2007\/2010( 2 Archivos)<\/td><td class=\"has-text-align-center\" data-align=\"center\"><a href=\"http:\/\/repositorio.educacion.gov.ar:8080\/dspace\/bitstream\/handle\/123456789\/53989\/12923.pdf?sequence=1\">Res. 23\/07<\/a><br><a href=\"http:\/\/portales.educacion.gov.ar\/infd\/files\/2011\/06\/RCFE-2307-ANEXO1.pdf\">Anexo<\/a>&nbsp;<\/td><\/tr><\/tbody><\/table><\/figure>\n","protected":false},"excerpt":{"rendered":"<p>Resoluciones Nacionales Documento Descripci\u00f3n Bajar &nbsp;resoluci\u00f3n N\u00b0 476\/24 LINEAMIENTOS CURRICULARES NACIONALES PARA LA FORMACI\u00d3N DOCENTE INICIALDefinici\u00f3n y Alcance. La formaci\u00f3n en capacidades profesionales. La incorporaci\u00f3n de la educaci\u00f3n h\u00edbrida en la formaci\u00f3n docente inicial. AQU\u00cd Resoluci\u00f3n CFE N\u00b0 382\/20 Extender hasta el d\u00eda 31 de diciembre de 2020 el plazo de utilizaci\u00f3n de las planillas &#8230; <a title=\"Resoluciones Nacionales\" class=\"read-more\" href=\"https:\/\/dges-sal.infd.edu.ar\/sitio\/resoluciones-nacionales-2\/\" aria-label=\"More on Resoluciones Nacionales\">[+]<\/a><\/p>\n","protected":false},"author":9605,"featured_media":0,"parent":0,"menu_order":0,"comment_status":"closed","ping_status":"closed","template":"","meta":[],"acf":[],"_links":{"self":[{"href":"https:\/\/dges-sal.infd.edu.ar\/sitio\/wp-json\/wp\/v2\/pages\/9403"}],"collection":[{"href":"https:\/\/dges-sal.infd.edu.ar\/sitio\/wp-json\/wp\/v2\/pages"}],"about":[{"href":"https:\/\/dges-sal.infd.edu.ar\/sitio\/wp-json\/wp\/v2\/types\/page"}],"author":[{"embeddable":true,"href":"https:\/\/dges-sal.infd.edu.ar\/sitio\/wp-json\/wp\/v2\/users\/9605"}],"replies":[{"embeddable":true,"href":"https:\/\/dges-sal.infd.edu.ar\/sitio\/wp-json\/wp\/v2\/comments?post=9403"}],"version-history":[{"count":11,"href":"https:\/\/dges-sal.infd.edu.ar\/sitio\/wp-json\/wp\/v2\/pages\/9403\/revisions"}],"predecessor-version":[{"id":15979,"href":"https:\/\/dges-sal.infd.edu.ar\/sitio\/wp-json\/wp\/v2\/pages\/9403\/revisions\/15979"}],"wp:attachment":[{"href":"https:\/\/dges-sal.infd.edu.ar\/sitio\/wp-json\/wp\/v2\/media?parent=9403"}],"curies":[{"name":"wp","href":"https:\/\/api.w.org\/{rel}","templated":true}]}}