{"id":9142,"date":"2023-03-21T15:18:06","date_gmt":"2023-03-21T18:18:06","guid":{"rendered":"https:\/\/dges-sal.infd.edu.ar\/sitio\/?page_id=9142"},"modified":"2023-04-03T22:09:33","modified_gmt":"2023-04-04T01:09:33","slug":"institucional-4","status":"publish","type":"page","link":"https:\/\/dges-sal.infd.edu.ar\/sitio\/institucional-4\/","title":{"rendered":"Institucional"},"content":{"rendered":"\n<div class=\"wp-duotone-unset-1 wp-block-cover alignfull is-light has-parallax has-small-font-size\" style=\"min-height:218px\"><span aria-hidden=\"true\" class=\"wp-block-cover__background has-background-dim-0 has-background-dim\"><\/span><div role=\"img\" class=\"wp-block-cover__image-background wp-image-8955 has-parallax\" style=\"background-position:50% 50%;background-image:url(https:\/\/dges-sal.infd.edu.ar\/sitio\/wp-content\/uploads\/2023\/03\/Recurso-24-2.png)\"><\/div><div class=\"wp-block-cover__inner-container\">\n<h1 class=\"has-text-align-center wp-block-heading has-contrast-color has-text-color has-small-font-size\" style=\"font-style:normal;font-weight:100\">         <img decoding=\"async\" loading=\"lazy\" width=\"565\" height=\"315\" class=\"wp-image-8971\" style=\"width: 300px;\" src=\"https:\/\/dges-sal.infd.edu.ar\/sitio\/wp-content\/uploads\/2023\/03\/Recurso-28.png\" alt=\"\"><\/h1>\n<\/div><\/div>\n\n\n\n<hr class=\"wp-block-separator aligncenter has-text-color has-contrast-2-color has-alpha-channel-opacity has-contrast-2-background-color has-background is-style-default\"\/>\n\n\n\n<h1 class=\"alignwide has-text-align-center wp-block-heading\" style=\"font-size:18px;letter-spacing:18px;text-transform:uppercase\">Institucional<\/h1>\n\n\n\n<p class=\"has-medium-font-size\" style=\"font-style:normal;font-weight:600\">Historia<\/p>\n\n\n<p><\/p>\n<p style=\"text-align: justify;\">La Direcci\u00f3n General de Educaci\u00f3n Superior inici\u00f3 sus actividades el 13 de Diciembre de 1.983, creada por Decreto N\u00ba 242\/84. En la actualidad forman parte del organismo central: Secretar\u00eda T\u00e9cnica, Supervisi\u00f3n General y el Departamento Administrativo.<\/p>\n<p> <\/p>\n<p style=\"text-align: justify;\">Se encuentran bajo su dependencia 75 unidades educativas: 48 Institutos de Educaci\u00f3n Superior, 9 Anexos, 3 Sedes Din\u00e1micas y 15 Extensiones \u00c1ulicas, dos de los Institutos con dependencia compartida con la Secretar\u00eda de Seguridad\u00a0son el Instituto Superior de Educaci\u00f3n Policial \u00abGral. Martin M. de G\u00fcemes\u00bb N\u00b0 6045 y la Escuela de Cadetes del Servicio Penitenciario N\u00b0 6044.<\/p>\n<p><\/p>\n\n\n<p class=\"has-medium-font-size\" style=\"font-style:normal;font-weight:600\">Fines<\/p>\n\n\n<p><\/p>\n<p style=\"text-align: justify;\">Asistir al Gobierno de la Provincia en todo lo inherente a la ejecuci\u00f3n de las pol\u00edticas educativas al \u00e1rea de Educaci\u00f3n Superior con arreglo a la Constituci\u00f3n Nacional, Constituci\u00f3n Provincial, Ley de Educaci\u00f3n, Ley Provincial de Educaci\u00f3n, Resoluciones del Consejo Federal y dem\u00e1s normativas vigentes.<\/p>\n<p> <\/p>\n<p style=\"text-align: justify;\">Promover pol\u00edticas adecuadas relativas el ingreso, la retenci\u00f3n y el egreso de los alumnos en un marco de igualdad de oportunidades y posibilidades para acceder a la Educaci\u00f3n de Nivel Superior sin ning\u00fan tipo de discriminaci\u00f3n.<br \/>Instrumentar la transformaci\u00f3n pedag\u00f3gica en el \u00e1rea de Formaci\u00f3n Docente y Formaci\u00f3n T\u00e9cnica hacia la total instauraci\u00f3n del Sistema Educativo aprobado por la Ley de Educaci\u00f3n.<\/p>\n<p> <\/p>\n<p style=\"text-align: justify;\">Conducir, asesorar y acompa\u00f1ar a las Unidades Educativas de Nivel Superior para que las mismas cumplan con los objetivos pautados por la Ley de Educaci\u00f3n.<\/p>\n<p> <\/p>\n<p style=\"text-align: justify;\">Mantener un permanente seguimiento de los institutos de su dependencia a trav\u00e9s del cuerpo de supervisores y equipo t\u00e9cnico, a fin de garantizar calidad y excelencia de los procesos acad\u00e9micos, administrativos y pedag\u00f3gicos.<\/p>\n<p> <\/p>\n<p style=\"text-align: justify;\">Promover un proceso de retroalimentaci\u00f3n entre la Direcci\u00f3n General y los institutos de su dependencia con el prop\u00f3sito de dotar de mayor eficacia y eficiencia a la labor que desarrollan los mismos, en el marco de una relaci\u00f3n fluida, propiciando espacios de reflexi\u00f3n y negociaci\u00f3n entre todos los actores de la comunidad educativa en el contexto de una gesti\u00f3n participativa.<\/p>\n<p> <\/p>\n<p>Fortalecer el perfil docente de Profesores de Nivel Superior para asegurar la optimizaci\u00f3n del servicio educativo.<\/p>\n<p><\/p>\n\n\n<h2 class=\"has-accent-color has-text-color has-medium-font-size wp-block-heading\" style=\"font-style:normal;font-weight:800;letter-spacing:15px\">Funciones<\/h2>\n\n\n\n<hr class=\"wp-block-separator has-text-color has-accent-color has-alpha-channel-opacity has-accent-background-color has-background is-style-default\"\/>\n\n\n\n<p style=\"font-style:normal;font-weight:600\"><strong>Supervisi\u00f3n General<\/strong><\/p>\n\n\n<p><\/p>\n<ul>\n<li style=\"text-align: justify;\">Promocionar y promover la autonom\u00eda de las Instituciones con vistas a reforzar la calidad educativa.<\/li>\n \n<li style=\"text-align: justify;\">Coordinar las pr\u00e1cticas institucionales en\u00a0 resguardo de las unidades\u00a0 del Sistema.<\/li>\n \n<li style=\"text-align: justify;\">Promover\u00a0 la equidad del sistema y mayores niveles de eficiencia.<\/li>\n \n<li style=\"text-align: justify;\">Asistir a los institutos, seg\u00fan sus capacidades y\u00a0 problem\u00e1ticas.<\/li>\n \n<li style=\"text-align: justify;\">Integrar y coordinar las necesidades y disposici\u00f3n de los recursos humanos, materiales, financiero, capacitaci\u00f3n y asistencia t\u00e9cnica, etc.<\/li>\n \n<li style=\"text-align: justify;\">Difundir el marco normativo legal, de los lineamientos de la Pol\u00edtica Educativa\u00a0 y de los consensos\u00a0 logrados en los distintos niveles.<\/li>\n \n<li style=\"text-align: justify;\">Monitorear la organizaci\u00f3n de los Institutos a fin de verificar si se ajustan a las disposiciones vigentes y si cumplen los planes y programas de acuerdo a las reglamentaciones.<\/li>\n \n<li style=\"text-align: justify;\">Realizar reuniones con el personal directivo, docente, administrativo y de maestranza de los Institutos, a los efectos de\u00a0 orientar las acciones necesarias para el mejor cumplimiento de la misi\u00f3n que compete a cada uno.<\/li>\n \n<li style=\"text-align: justify;\">Promover el an\u00e1lisis cr\u00edtico del personal directivo y docente con respecto a la tarea que realiza en el desarrollo del proceso educativo, con el objeto de obtener conclusiones v\u00e1lidas para el perfeccionamiento de este proceso.<\/li>\n \n<li style=\"text-align: justify;\">Informar sobre el rendimiento y experiencias pedag\u00f3gicas de los Institutos dependientes de la Direcci\u00f3n de Nivel.<\/li>\n \n<li style=\"text-align: justify;\">Intervenir en actuaciones derivadas de la Direcci\u00f3n General de Personal del Ministerio de Educaci\u00f3n, cuando as\u00ed sea requerida.<\/li>\n \n<li style=\"text-align: justify;\">Intervenir en los procesos de reubicaci\u00f3n y\/o reasignaci\u00f3n de docentes en los institutos dependientes.<\/li>\n \n<li style=\"text-align: justify;\">Asesoramiento y monitoreo en lo atinente a planillas mensuales y P.O.F.<\/li>\n \n<li>Intervenir en el tr\u00e1mite de creaci\u00f3n y cierre de cursos, carreras que se desarrollan en las unidades educativas.<\/li>\n<\/ul>\n<p><\/p>\n\n\n<ul style=\"font-style:normal;font-weight:300\"><\/ul>\n\n\n\n<p><strong>Secretar\u00eda T\u00e9cnica<\/strong><\/p>\n\n\n\n<ul style=\"font-style:normal;font-weight:300\">\n<li>Asistir t\u00e9cnicamente a los Institutos&nbsp; en lo referente a concursos para la cobertura de horas c\u00e1tedra, sin perjuicio de que, en algunos casos se Sustancien a trav\u00e9s de esta dependencia.<\/li>\n\n\n\n<li>Organizar y desarrollar procesos concursales para cubrir cargos directivos en institutos dependientes.<\/li>\n\n\n\n<li>Supervisar y monitorear las convocatorias&nbsp; y recursos derivados de los llamados a concursos&nbsp; para la cobertura de&nbsp; horas c\u00e1tedras.<\/li>\n\n\n\n<li>Confeccionar e interpretar cuadros estad\u00edstiscos relacionados con movimiento de alumnos, egresados, horas c\u00e1tedra, etc.<\/li>\n\n\n\n<li>Actualizar permanentemente el registro y procesamiento de datos cuantitativos y cualitativos de las unidades de Nivel Superior.<\/li>\n\n\n\n<li>Admisi\u00f3n de los alumnos ingresados bajo el r\u00e9gimen de AM25, a los institutos dependientes mediante disposici\u00f3n de esta Direcci\u00f3n General.<\/li>\n\n\n\n<li>Control y archivo de equivalencias de estudios otorgadas a los estudiantes de las unidades educativas dependientes.<\/li>\n\n\n\n<li>Aprobaci\u00f3n de los Estatutos de creaci\u00f3n de Centros de Estudiantes.<\/li>\n\n\n\n<li>Elaborar informes de factibilidad de creaci\u00f3n de nuevas unidades educativas de nivel superior.<\/li>\n\n\n\n<li>Tramitar la conformaci\u00f3n de Comisiones Evaluadoras para la acreditaci\u00f3n de Institutos de Formaci\u00f3n Docente.<\/li>\n\n\n\n<li>Coordinar los procesos de acreditaci\u00f3n de Institutos, carreras de Formaci\u00f3n Docente y T\u00e9cnica de Nivel Superior.<\/li>\n\n\n\n<li>Conformar comisiones para la elaboraci\u00f3n de Dise\u00f1os Curriculares de carreras de formaci\u00f3n t\u00e9cnica y formaci\u00f3n docente<\/li>\n\n\n\n<li>Sistematizar y coordinar la gesti\u00f3n de aprobaci\u00f3n de proyectos de capacitaci\u00f3n e investigaci\u00f3n y post\u00edtulos de los Institutos de Educaci\u00f3n Superior.<\/li>\n\n\n\n<li>Controlar y tramitar ante el Sub Programa de Acreditaci\u00f3n de T\u00edtulos del Ministerio de Educaci\u00f3n el registro y legalizaci\u00f3n de Certificados de Post\u00edtulos.<\/li>\n\n\n\n<li>Confeccionar circulares, anteproyectos de resoluciones de aprobaci\u00f3n de Planes de Estudios de carreras de formaci\u00f3n docente y t\u00e9cnica que brindan los Institutos Educativos dependientes, disposiciones generales referentes a alumnos, concursos, impugnaciones, modificaci\u00f3n de Calendario Escolar, etc.<\/li>\n\n\n\n<li>Elaborar y recopilar instrumentos legales de car\u00e1cter normativo.<\/li>\n\n\n\n<li>Intervenir en la adecuaci\u00f3n, actualizaci\u00f3n y modificaci\u00f3n de la legislaci\u00f3n&nbsp; espec\u00edfica del Nivel.<\/li>\n\n\n\n<li>Entender en la aplicaci\u00f3n de la normativa regulatoria referente a los alumnos.<\/li>\n\n\n\n<li>Integrar la Comisi\u00f3n Permanente de Estudios de T\u00edtulos y de elaboraci\u00f3n del Calendario Escolar.<\/li>\n<\/ul>\n\n\n\n<p><strong>Departamento Administrativo<\/strong><\/p>\n\n\n\n<ul style=\"font-style:normal;font-weight:300\">\n<li>Advertir a la Superioridad en todo lo referente a asuntos de \u00edndole administrativos.<\/li>\n\n\n\n<li>Asesorar a las dependencias sobre cualquier dificultad de interpretaci\u00f3n o aplicaci\u00f3n de disposiciones administrativas vigentes.<\/li>\n\n\n\n<li>Entender en la redacci\u00f3n de notas, correspondencia, proyectos de decretos, disposiciones, resoluciones, etc., que por \u00edndole no requieran confecci\u00f3n por parte de dependencias espec\u00edficas.<\/li>\n\n\n\n<li>Centralizar toda la tramitaci\u00f3n administrativa producida por el Organismo.<\/li>\n\n\n\n<li>Cumplir y hacer cumplir lo dispuesto en el Manual de Normas para la Redacci\u00f3n de la Documentaci\u00f3n Administrativa (Dcto. 1233\/77).<\/li>\n\n\n\n<li>Recopilar, clasificar, comunicar y archivar los antecedentes legales y reglamentarios relativos al funcionamiento y actividades de la Repartici\u00f3n.<\/li>\n\n\n\n<li>Supervisar el cumplimiento de las normas establecidas en el \u201cSistema Uniforme de Registro y Pase de Expedientes\u201d (Dcto. 3196\/68).<\/li>\n\n\n\n<li>Mantener el inventario permanente actualizado y cumplir y verificar la aplicaci\u00f3n de las normas contenidas en el R\u00e9gimen de Patrimonio (Dcto. 7655\/72).<\/li>\n\n\n\n<li>Supervisar las funciones relativas a movilidad y maestranza.<\/li>\n\n\n\n<li>Controlar la asistencia y puntualidad del personal que se desempe\u00f1a en \u00e1mbito de la Repartici\u00f3n, registrar sus novedades en forma mensual e informar las mismas a los Departamentos Liquidaciones y Foja de Servicios, ambos dependientes de la Direcci\u00f3n de Personal del Ministerio de Educaci\u00f3n, para su registro y liquidaci\u00f3n de los haberes correspondientes.<\/li>\n<\/ul>\n","protected":false},"excerpt":{"rendered":"<p>Institucional Historia La Direcci\u00f3n General de Educaci\u00f3n Superior inici\u00f3 sus actividades el 13 de Diciembre de 1.983, creada por Decreto N\u00ba 242\/84. En la actualidad forman parte del organismo central: Secretar\u00eda T\u00e9cnica, Supervisi\u00f3n General y el Departamento Administrativo. Se encuentran bajo su dependencia 75 unidades educativas: 48 Institutos de Educaci\u00f3n Superior, 9 Anexos, 3 Sedes &#8230; <a title=\"Institucional\" class=\"read-more\" href=\"https:\/\/dges-sal.infd.edu.ar\/sitio\/institucional-4\/\" aria-label=\"More on Institucional\">[+]<\/a><\/p>\n","protected":false},"author":9605,"featured_media":0,"parent":0,"menu_order":0,"comment_status":"closed","ping_status":"closed","template":"","meta":[],"acf":[],"_links":{"self":[{"href":"https:\/\/dges-sal.infd.edu.ar\/sitio\/wp-json\/wp\/v2\/pages\/9142"}],"collection":[{"href":"https:\/\/dges-sal.infd.edu.ar\/sitio\/wp-json\/wp\/v2\/pages"}],"about":[{"href":"https:\/\/dges-sal.infd.edu.ar\/sitio\/wp-json\/wp\/v2\/types\/page"}],"author":[{"embeddable":true,"href":"https:\/\/dges-sal.infd.edu.ar\/sitio\/wp-json\/wp\/v2\/users\/9605"}],"replies":[{"embeddable":true,"href":"https:\/\/dges-sal.infd.edu.ar\/sitio\/wp-json\/wp\/v2\/comments?post=9142"}],"version-history":[{"count":34,"href":"https:\/\/dges-sal.infd.edu.ar\/sitio\/wp-json\/wp\/v2\/pages\/9142\/revisions"}],"predecessor-version":[{"id":11001,"href":"https:\/\/dges-sal.infd.edu.ar\/sitio\/wp-json\/wp\/v2\/pages\/9142\/revisions\/11001"}],"wp:attachment":[{"href":"https:\/\/dges-sal.infd.edu.ar\/sitio\/wp-json\/wp\/v2\/media?parent=9142"}],"curies":[{"name":"wp","href":"https:\/\/api.w.org\/{rel}","templated":true}]}}