{"id":9068,"date":"2023-03-21T10:51:20","date_gmt":"2023-03-21T13:51:20","guid":{"rendered":"https:\/\/dges-sal.infd.edu.ar\/sitio\/?page_id=9068"},"modified":"2024-11-22T11:44:58","modified_gmt":"2024-11-22T14:44:58","slug":"contacto-6","status":"publish","type":"page","link":"https:\/\/dges-sal.infd.edu.ar\/sitio\/contacto-6\/","title":{"rendered":"Contacto"},"content":{"rendered":"\n<div class=\"wp-duotone-unset-1 wp-block-cover alignfull is-light has-parallax has-small-font-size\" style=\"min-height:218px\"><span aria-hidden=\"true\" class=\"wp-block-cover__background has-background-dim-0 has-background-dim\"><\/span><div role=\"img\" class=\"wp-block-cover__image-background wp-image-8955 has-parallax\" style=\"background-position:50% 50%;background-image:url(https:\/\/dges-sal.infd.edu.ar\/sitio\/wp-content\/uploads\/2023\/03\/Recurso-24-2.png)\"><\/div><div class=\"wp-block-cover__inner-container\">\n<h1 class=\"wp-block-heading has-text-align-center has-contrast-color has-text-color has-small-font-size\" style=\"font-style:normal;font-weight:100\">         <img decoding=\"async\" loading=\"lazy\" width=\"565\" height=\"315\" class=\"wp-image-8971\" style=\"width: 300px;\" src=\"https:\/\/dges-sal.infd.edu.ar\/sitio\/wp-content\/uploads\/2023\/03\/Recurso-28.png\" alt=\"\"><\/h1>\n<\/div><\/div>\n\n\n\n<hr class=\"wp-block-separator aligncenter has-text-color has-contrast-2-color has-alpha-channel-opacity has-contrast-2-background-color has-background is-style-default\"\/>\n\n\n\n<h1 class=\"wp-block-heading alignwide has-text-align-center has-medium-font-size\" style=\"letter-spacing:20px;text-transform:uppercase\">Contacto<\/h1>\n\n\n\n<figure class=\"wp-block-table aligncenter is-style-stripes\" id=\"contacto\" style=\"font-size:17px;font-style:normal;font-weight:300\"><table><tbody><tr><td class=\"has-text-align-center\" data-align=\"center\"><img decoding=\"async\" loading=\"lazy\" width=\"100\" height=\"100\" class=\"wp-image-9085\" style=\"width: 60px;\" src=\"https:\/\/dges-sal.infd.edu.ar\/sitio\/wp-content\/uploads\/2023\/03\/Diseno-sin-titulo-1.gif\" alt=\"\"><\/td><td>Avda. Lucrecia Barquet s\/N\u00b0 B\u00b0 El Huaico&nbsp; <br>C.P. 4400 \u2013 Salta \u2013 Capital<\/td><\/tr><tr><td class=\"has-text-align-center\" data-align=\"center\"><img decoding=\"async\" loading=\"lazy\" width=\"100\" height=\"100\" class=\"wp-image-9089\" style=\"width: 60px;\" src=\"https:\/\/dges-sal.infd.edu.ar\/sitio\/wp-content\/uploads\/2023\/03\/Diseno-sin-titulo-2.gif\" alt=\"\"><\/td><td><br><strong>Mesa de Entradas<\/strong><br>(387) 244 0227<br><br><strong>Supervisi\u00f3n<\/strong><br>(387) 244 1665<br><br><strong>Secretar\u00eda T\u00e9cnica<\/strong><br>(387) 244 1632<\/td><\/tr><tr><td class=\"has-text-align-center\" data-align=\"center\"><img decoding=\"async\" loading=\"lazy\" width=\"100\" height=\"100\" class=\"wp-image-9093\" style=\"width: 60px;\" src=\"https:\/\/dges-sal.infd.edu.ar\/sitio\/wp-content\/uploads\/2023\/03\/Diseno-sin-titulo-3-1.gif\" alt=\"\"><\/td><td>Direcci\u00f3n General<br><a href=\"mailto:dgesuperiorsalta@Gmail.com\">dgesuperiorsalta@gmail.com<\/a>      <br>Secretar\u00eda T\u00e9cnica  <br><a href=\"mailto:secretariatecnicans@gmail.com\">secretariatecnicans@gmail.com<\/a><\/td><\/tr><tr><td class=\"has-text-align-center\" data-align=\"center\"><img decoding=\"async\" loading=\"lazy\" width=\"100\" height=\"100\" class=\"wp-image-9095\" style=\"width: 50px;\" src=\"https:\/\/dges-sal.infd.edu.ar\/sitio\/wp-content\/uploads\/2023\/03\/Diseno-sin-titulo-4.gif\" alt=\"\"><\/td><td>Lunes a Viernes <br>de 7 a 20 Hs.<\/td><\/tr><\/tbody><\/table><\/figure>\n\n\n\n<div class=\"wp-block-cover alignwide has-medium-font-size\"><span aria-hidden=\"true\" class=\"wp-block-cover__background has-base-3-background-color has-background-dim-100 has-background-dim\"><\/span><div class=\"wp-block-cover__inner-container\">\n<iframe src=\"https:\/\/www.google.com\/maps\/embed?pb=!1m18!1m12!1m3!1d1077.458644704148!2d-65.42089983820902!3d-24.72260748951377!2m3!1f0!2f0!3f0!3m2!1i1024!2i768!4f13.1!3m3!1m2!1s0x941bc15be9b965bf%3A0xdd4f2550c0eb7d73!2sDirecci%C3%B3n%20General%20de%20Educaci%C3%B3n%20Superior%20-%20Salta!5e0!3m2!1ses-419!2sar!4v1679410089355!5m2!1ses-419!2sar\" width=\"1000\" height=\"450\" style=\"border:0;\" allowfullscreen=\"\" loading=\"lazy\" referrerpolicy=\"no-referrer-when-downgrade\"><\/iframe>\n<\/div><\/div>\n","protected":false},"excerpt":{"rendered":"<p>Contacto Avda. Lucrecia Barquet s\/N\u00b0 B\u00b0 El Huaico&nbsp; C.P. 4400 \u2013 Salta \u2013 Capital Mesa de Entradas(387) 244 0227 Supervisi\u00f3n(387) 244 1665 Secretar\u00eda T\u00e9cnica(387) 244 1632 Direcci\u00f3n Generaldgesuperiorsalta@gmail.com Secretar\u00eda T\u00e9cnica secretariatecnicans@gmail.com Lunes a Viernes de 7 a 20 Hs.<\/p>\n","protected":false},"author":9605,"featured_media":0,"parent":0,"menu_order":0,"comment_status":"closed","ping_status":"closed","template":"","meta":[],"acf":[],"_links":{"self":[{"href":"https:\/\/dges-sal.infd.edu.ar\/sitio\/wp-json\/wp\/v2\/pages\/9068"}],"collection":[{"href":"https:\/\/dges-sal.infd.edu.ar\/sitio\/wp-json\/wp\/v2\/pages"}],"about":[{"href":"https:\/\/dges-sal.infd.edu.ar\/sitio\/wp-json\/wp\/v2\/types\/page"}],"author":[{"embeddable":true,"href":"https:\/\/dges-sal.infd.edu.ar\/sitio\/wp-json\/wp\/v2\/users\/9605"}],"replies":[{"embeddable":true,"href":"https:\/\/dges-sal.infd.edu.ar\/sitio\/wp-json\/wp\/v2\/comments?post=9068"}],"version-history":[{"count":20,"href":"https:\/\/dges-sal.infd.edu.ar\/sitio\/wp-json\/wp\/v2\/pages\/9068\/revisions"}],"predecessor-version":[{"id":14743,"href":"https:\/\/dges-sal.infd.edu.ar\/sitio\/wp-json\/wp\/v2\/pages\/9068\/revisions\/14743"}],"wp:attachment":[{"href":"https:\/\/dges-sal.infd.edu.ar\/sitio\/wp-json\/wp\/v2\/media?parent=9068"}],"curies":[{"name":"wp","href":"https:\/\/api.w.org\/{rel}","templated":true}]}}