{"id":8879,"date":"2023-03-14T22:27:19","date_gmt":"2023-03-15T01:27:19","guid":{"rendered":"https:\/\/dges-sal.infd.edu.ar\/sitio\/?page_id=8879"},"modified":"2023-04-06T21:07:52","modified_gmt":"2023-04-07T00:07:52","slug":"revista-redes","status":"publish","type":"page","link":"https:\/\/dges-sal.infd.edu.ar\/sitio\/revista-redes\/","title":{"rendered":"Revista"},"content":{"rendered":"\n<h2 class=\"has-text-align-center has-x-large-font-size wp-block-heading\"><img decoding=\"async\" loading=\"lazy\" width=\"1166\" height=\"940\" class=\"wp-image-8881\" style=\"width: 300px;\" src=\"https:\/\/dges-sal.infd.edu.ar\/sitio\/wp-content\/uploads\/2023\/03\/logo-redes.png\" alt=\"\" srcset=\"https:\/\/dges-sal.infd.edu.ar\/sitio\/wp-content\/uploads\/2023\/03\/logo-redes.png 1166w, https:\/\/dges-sal.infd.edu.ar\/sitio\/wp-content\/uploads\/2023\/03\/logo-redes-1000x806.png 1000w, https:\/\/dges-sal.infd.edu.ar\/sitio\/wp-content\/uploads\/2023\/03\/logo-redes-768x619.png 768w\" sizes=\"(max-width: 1166px) 100vw, 1166px\" \/><\/h2>\n\n\n<p class=\"has-text-align-left\" style=\"text-align: justify;\"><strong>Es una revista de divulgaci\u00f3n, editada por la Direcci\u00f3n General de Educaci\u00f3n Superior.<\/strong><\/p>\n<p class=\"has-text-align-left\" style=\"text-align: justify;\">Nace con el objetivo de compartir conocimientos, experiencias y saberes que se generan en distintos \u00e1mbitos de la educaci\u00f3n; en particular, en los Institutos dependientes del Nivel Superior. Se nutre del\u00a0 an\u00e1lisis, el di\u00e1logo y la reflexi\u00f3n acad\u00e9mica colectiva.<\/p>\n<p class=\"has-text-align-left\" style=\"text-align: justify;\">Esta producci\u00f3n acompa\u00f1a las acciones prioritarias anuales definidas por esta Direcci\u00f3n General, por lo que da lugar a una amplia variedad de temas.<\/p>\n<p class=\"has-text-align-left\" style=\"text-align: justify;\">Alentamos a compartir sus saberes.<\/p>\n\n\n<h2 class=\"has-medium-font-size wp-block-heading\" style=\"font-style:normal;font-weight:700\">2021<\/h2>\n\n\n\n<hr class=\"wp-block-separator has-text-color has-alpha-channel-opacity has-background is-style-wide\" style=\"background-color:#f26863;color:#f26863\"\/>\n\n\n\n<div class=\"wp-block-columns is-layout-flex wp-container-3\">\n<div class=\"wp-block-column is-layout-flow\">\n<figure class=\"wp-block-image size-large\"><a href=\"https:\/\/drive.google.com\/file\/d\/1dakPc1pqvYODcLVybHYPNM65xLSxbMs5\/view?usp=share_link\"><img decoding=\"async\" loading=\"lazy\" width=\"1351\" height=\"1900\" src=\"https:\/\/dges-sal.infd.edu.ar\/sitio\/wp-content\/uploads\/2023\/03\/Revista-REDES.-Vol.-4-Num.-1-1-1-1351x1900.jpg\" alt=\"\" class=\"wp-image-8901\" srcset=\"https:\/\/dges-sal.infd.edu.ar\/sitio\/wp-content\/uploads\/2023\/03\/Revista-REDES.-Vol.-4-Num.-1-1-1-1351x1900.jpg 1351w, https:\/\/dges-sal.infd.edu.ar\/sitio\/wp-content\/uploads\/2023\/03\/Revista-REDES.-Vol.-4-Num.-1-1-1-711x1000.jpg 711w, https:\/\/dges-sal.infd.edu.ar\/sitio\/wp-content\/uploads\/2023\/03\/Revista-REDES.-Vol.-4-Num.-1-1-1-768x1080.jpg 768w, https:\/\/dges-sal.infd.edu.ar\/sitio\/wp-content\/uploads\/2023\/03\/Revista-REDES.-Vol.-4-Num.-1-1-1-1092x1536.jpg 1092w, https:\/\/dges-sal.infd.edu.ar\/sitio\/wp-content\/uploads\/2023\/03\/Revista-REDES.-Vol.-4-Num.-1-1-1-1456x2048.jpg 1456w, https:\/\/dges-sal.infd.edu.ar\/sitio\/wp-content\/uploads\/2023\/03\/Revista-REDES.-Vol.-4-Num.-1-1-1.jpg 1505w\" sizes=\"(max-width: 1351px) 100vw, 1351px\" \/><\/a><figcaption class=\"wp-element-caption\"><em>Vol. 4 N\u00fam. 1<\/em><\/figcaption><\/figure>\n<\/div>\n\n\n\n<div class=\"wp-block-column is-layout-flow\">\n<figure class=\"wp-block-image size-large\"><a href=\"https:\/\/drive.google.com\/file\/d\/1y0Cxz83Dlgj7LQ8qtfPESUn14ZPfFZ4T\/view?usp=share_link\"><img decoding=\"async\" loading=\"lazy\" width=\"1351\" height=\"1900\" src=\"https:\/\/dges-sal.infd.edu.ar\/sitio\/wp-content\/uploads\/2023\/03\/Revista-REDES.-Vol.-4-Num.-2-1-2-1351x1900.jpg\" alt=\"\" class=\"wp-image-8902\" srcset=\"https:\/\/dges-sal.infd.edu.ar\/sitio\/wp-content\/uploads\/2023\/03\/Revista-REDES.-Vol.-4-Num.-2-1-2-1351x1900.jpg 1351w, https:\/\/dges-sal.infd.edu.ar\/sitio\/wp-content\/uploads\/2023\/03\/Revista-REDES.-Vol.-4-Num.-2-1-2-711x1000.jpg 711w, https:\/\/dges-sal.infd.edu.ar\/sitio\/wp-content\/uploads\/2023\/03\/Revista-REDES.-Vol.-4-Num.-2-1-2-768x1080.jpg 768w, https:\/\/dges-sal.infd.edu.ar\/sitio\/wp-content\/uploads\/2023\/03\/Revista-REDES.-Vol.-4-Num.-2-1-2-1092x1536.jpg 1092w, https:\/\/dges-sal.infd.edu.ar\/sitio\/wp-content\/uploads\/2023\/03\/Revista-REDES.-Vol.-4-Num.-2-1-2-1456x2048.jpg 1456w, https:\/\/dges-sal.infd.edu.ar\/sitio\/wp-content\/uploads\/2023\/03\/Revista-REDES.-Vol.-4-Num.-2-1-2.jpg 1505w\" sizes=\"(max-width: 1351px) 100vw, 1351px\" \/><\/a><figcaption class=\"wp-element-caption\"><em>Vol. 4 N\u00fam. 2<\/em><\/figcaption><\/figure>\n<\/div>\n<\/div>\n\n\n\n<h2 class=\"has-medium-font-size wp-block-heading\" style=\"font-style:normal;font-weight:700\">2020<\/h2>\n\n\n\n<hr class=\"wp-block-separator has-text-color has-alpha-channel-opacity has-background is-style-wide\" style=\"background-color:#f1a562;color:#f1a562\"\/>\n\n\n\n<div class=\"wp-block-columns is-layout-flex wp-container-6\">\n<div class=\"wp-block-column is-layout-flow\">\n<figure class=\"wp-block-image size-large\"><a href=\"https:\/\/drive.google.com\/file\/d\/19OW7A7bY8FntOWxYchLlWHA9MfeB-XmM\/view?usp=sharing\"><img decoding=\"async\" loading=\"lazy\" width=\"1351\" height=\"1900\" src=\"https:\/\/dges-sal.infd.edu.ar\/sitio\/wp-content\/uploads\/2023\/03\/Revista-REDES.-Vol.-3-Num-1351x1900.jpg\" alt=\"\" class=\"wp-image-8908\" srcset=\"https:\/\/dges-sal.infd.edu.ar\/sitio\/wp-content\/uploads\/2023\/03\/Revista-REDES.-Vol.-3-Num-1351x1900.jpg 1351w, https:\/\/dges-sal.infd.edu.ar\/sitio\/wp-content\/uploads\/2023\/03\/Revista-REDES.-Vol.-3-Num-711x1000.jpg 711w, https:\/\/dges-sal.infd.edu.ar\/sitio\/wp-content\/uploads\/2023\/03\/Revista-REDES.-Vol.-3-Num-768x1080.jpg 768w, https:\/\/dges-sal.infd.edu.ar\/sitio\/wp-content\/uploads\/2023\/03\/Revista-REDES.-Vol.-3-Num-1092x1536.jpg 1092w, https:\/\/dges-sal.infd.edu.ar\/sitio\/wp-content\/uploads\/2023\/03\/Revista-REDES.-Vol.-3-Num-1456x2048.jpg 1456w, https:\/\/dges-sal.infd.edu.ar\/sitio\/wp-content\/uploads\/2023\/03\/Revista-REDES.-Vol.-3-Num.jpg 1505w\" sizes=\"(max-width: 1351px) 100vw, 1351px\" \/><\/a><figcaption class=\"wp-element-caption\"><em>Vol. 3 N\u00fam. 1<\/em><\/figcaption><\/figure>\n<\/div>\n\n\n\n<div class=\"wp-block-column is-layout-flow\">\n<figure class=\"wp-block-image size-large\"><a href=\"https:\/\/drive.google.com\/file\/d\/1wEMDp_hqh8L81x8QQcSqa5I5C9qYtUkc\/view?usp=share_link\"><img decoding=\"async\" loading=\"lazy\" width=\"1351\" height=\"1900\" src=\"https:\/\/dges-sal.infd.edu.ar\/sitio\/wp-content\/uploads\/2023\/03\/Revista-REDES.-Vol.-3-Num-2-1351x1900.jpg\" alt=\"\" class=\"wp-image-8909\" srcset=\"https:\/\/dges-sal.infd.edu.ar\/sitio\/wp-content\/uploads\/2023\/03\/Revista-REDES.-Vol.-3-Num-2-1351x1900.jpg 1351w, https:\/\/dges-sal.infd.edu.ar\/sitio\/wp-content\/uploads\/2023\/03\/Revista-REDES.-Vol.-3-Num-2-711x1000.jpg 711w, https:\/\/dges-sal.infd.edu.ar\/sitio\/wp-content\/uploads\/2023\/03\/Revista-REDES.-Vol.-3-Num-2-768x1080.jpg 768w, https:\/\/dges-sal.infd.edu.ar\/sitio\/wp-content\/uploads\/2023\/03\/Revista-REDES.-Vol.-3-Num-2-1092x1536.jpg 1092w, https:\/\/dges-sal.infd.edu.ar\/sitio\/wp-content\/uploads\/2023\/03\/Revista-REDES.-Vol.-3-Num-2-1456x2048.jpg 1456w, https:\/\/dges-sal.infd.edu.ar\/sitio\/wp-content\/uploads\/2023\/03\/Revista-REDES.-Vol.-3-Num-2.jpg 1505w\" sizes=\"(max-width: 1351px) 100vw, 1351px\" \/><\/a><figcaption class=\"wp-element-caption\"><em>Vol. 3 N\u00fam. <\/em>2<\/figcaption><\/figure>\n<\/div>\n<\/div>\n\n\n\n<h2 class=\"has-medium-font-size wp-block-heading\" style=\"font-style:normal;font-weight:700\">2019<\/h2>\n\n\n\n<hr class=\"wp-block-separator has-text-color has-alpha-channel-opacity has-background is-style-wide\" style=\"background-color:#f1a562;color:#f1a562\"\/>\n\n\n\n<div class=\"wp-block-columns is-layout-flex wp-container-9\">\n<div class=\"wp-block-column is-layout-flow\">\n<figure class=\"wp-block-image size-full\"><a href=\"https:\/\/drive.google.com\/file\/d\/1XzI8qQ6t7zArpgXjm54ORELUt7Inlo8f\/view?usp=sharing\"><img decoding=\"async\" loading=\"lazy\" width=\"1351\" height=\"1900\" src=\"https:\/\/dges-sal.infd.edu.ar\/sitio\/wp-content\/uploads\/2023\/04\/Paginas-desdeREDES-Vol-2-Num-1-Ene-Jun-2019.jpg\" alt=\"\" class=\"wp-image-9532\" srcset=\"https:\/\/dges-sal.infd.edu.ar\/sitio\/wp-content\/uploads\/2023\/04\/Paginas-desdeREDES-Vol-2-Num-1-Ene-Jun-2019.jpg 1351w, https:\/\/dges-sal.infd.edu.ar\/sitio\/wp-content\/uploads\/2023\/04\/Paginas-desdeREDES-Vol-2-Num-1-Ene-Jun-2019-711x1000.jpg 711w, https:\/\/dges-sal.infd.edu.ar\/sitio\/wp-content\/uploads\/2023\/04\/Paginas-desdeREDES-Vol-2-Num-1-Ene-Jun-2019-768x1080.jpg 768w, https:\/\/dges-sal.infd.edu.ar\/sitio\/wp-content\/uploads\/2023\/04\/Paginas-desdeREDES-Vol-2-Num-1-Ene-Jun-2019-1092x1536.jpg 1092w\" sizes=\"(max-width: 1351px) 100vw, 1351px\" \/><\/a><figcaption class=\"wp-element-caption\"><em>Vol. 2 N\u00fam. 1<\/em><\/figcaption><\/figure>\n<\/div>\n\n\n\n<div class=\"wp-block-column is-layout-flow\">\n<figure class=\"wp-block-image size-full\"><a href=\"https:\/\/drive.google.com\/file\/d\/12q_PpaNlmoyZfCyw5aOc8g2NlpGI8uGC\/view?usp=sharing\"><img decoding=\"async\" loading=\"lazy\" width=\"1351\" height=\"1900\" src=\"https:\/\/dges-sal.infd.edu.ar\/sitio\/wp-content\/uploads\/2023\/04\/Paginas-desdeREDES_Vol._2_Num._2_julio-diciembre_2019.jpg\" alt=\"\" class=\"wp-image-9533\" srcset=\"https:\/\/dges-sal.infd.edu.ar\/sitio\/wp-content\/uploads\/2023\/04\/Paginas-desdeREDES_Vol._2_Num._2_julio-diciembre_2019.jpg 1351w, https:\/\/dges-sal.infd.edu.ar\/sitio\/wp-content\/uploads\/2023\/04\/Paginas-desdeREDES_Vol._2_Num._2_julio-diciembre_2019-711x1000.jpg 711w, https:\/\/dges-sal.infd.edu.ar\/sitio\/wp-content\/uploads\/2023\/04\/Paginas-desdeREDES_Vol._2_Num._2_julio-diciembre_2019-768x1080.jpg 768w, https:\/\/dges-sal.infd.edu.ar\/sitio\/wp-content\/uploads\/2023\/04\/Paginas-desdeREDES_Vol._2_Num._2_julio-diciembre_2019-1092x1536.jpg 1092w\" sizes=\"(max-width: 1351px) 100vw, 1351px\" \/><\/a><figcaption class=\"wp-element-caption\"><em>Vol. 2 N\u00fam. <\/em>2<\/figcaption><\/figure>\n<\/div>\n<\/div>\n\n\n\n<h2 class=\"has-medium-font-size wp-block-heading\" style=\"font-style:normal;font-weight:700\">2018<\/h2>\n\n\n\n<hr class=\"wp-block-separator has-text-color has-alpha-channel-opacity has-background is-style-wide\" style=\"background-color:#f26863;color:#f26863\"\/>\n\n\n\n<div class=\"wp-block-columns is-layout-flex wp-container-12\">\n<div class=\"wp-block-column is-layout-flow\">\n<figure class=\"wp-block-image size-full\"><a href=\"https:\/\/drive.google.com\/file\/d\/171Aveo6nYKv6Q7TV5HcnkfnE_TBpsusQ\/view?usp=sharing\"><img decoding=\"async\" loading=\"lazy\" width=\"1351\" height=\"1900\" src=\"https:\/\/dges-sal.infd.edu.ar\/sitio\/wp-content\/uploads\/2023\/04\/Paginas-desdeRevista-REDES-Volumen-1-Numero-1-Ene-Jun-2018-2.jpg\" alt=\"\" class=\"wp-image-9528\" srcset=\"https:\/\/dges-sal.infd.edu.ar\/sitio\/wp-content\/uploads\/2023\/04\/Paginas-desdeRevista-REDES-Volumen-1-Numero-1-Ene-Jun-2018-2.jpg 1351w, https:\/\/dges-sal.infd.edu.ar\/sitio\/wp-content\/uploads\/2023\/04\/Paginas-desdeRevista-REDES-Volumen-1-Numero-1-Ene-Jun-2018-2-711x1000.jpg 711w, https:\/\/dges-sal.infd.edu.ar\/sitio\/wp-content\/uploads\/2023\/04\/Paginas-desdeRevista-REDES-Volumen-1-Numero-1-Ene-Jun-2018-2-768x1080.jpg 768w, https:\/\/dges-sal.infd.edu.ar\/sitio\/wp-content\/uploads\/2023\/04\/Paginas-desdeRevista-REDES-Volumen-1-Numero-1-Ene-Jun-2018-2-1092x1536.jpg 1092w\" sizes=\"(max-width: 1351px) 100vw, 1351px\" \/><\/a><figcaption class=\"wp-element-caption\"><em>Vol. 1 N\u00fam. 1<\/em><\/figcaption><\/figure>\n<\/div>\n\n\n\n<div class=\"wp-block-column is-layout-flow\">\n<figure class=\"wp-block-image size-full\"><a href=\"https:\/\/drive.google.com\/file\/d\/1BZ2f_xCusidXas6hF18cTd2Ou-EFgaR2\/view?usp=sharing\"><img decoding=\"async\" loading=\"lazy\" width=\"1351\" height=\"1900\" src=\"https:\/\/dges-sal.infd.edu.ar\/sitio\/wp-content\/uploads\/2023\/04\/Paginas-desdeRevista-REDES-Volumen-1-Numero-2-Jul-Dic-2018-1.jpg\" alt=\"\" class=\"wp-image-9529\" srcset=\"https:\/\/dges-sal.infd.edu.ar\/sitio\/wp-content\/uploads\/2023\/04\/Paginas-desdeRevista-REDES-Volumen-1-Numero-2-Jul-Dic-2018-1.jpg 1351w, https:\/\/dges-sal.infd.edu.ar\/sitio\/wp-content\/uploads\/2023\/04\/Paginas-desdeRevista-REDES-Volumen-1-Numero-2-Jul-Dic-2018-1-711x1000.jpg 711w, https:\/\/dges-sal.infd.edu.ar\/sitio\/wp-content\/uploads\/2023\/04\/Paginas-desdeRevista-REDES-Volumen-1-Numero-2-Jul-Dic-2018-1-768x1080.jpg 768w, https:\/\/dges-sal.infd.edu.ar\/sitio\/wp-content\/uploads\/2023\/04\/Paginas-desdeRevista-REDES-Volumen-1-Numero-2-Jul-Dic-2018-1-1092x1536.jpg 1092w\" sizes=\"(max-width: 1351px) 100vw, 1351px\" \/><\/a><figcaption class=\"wp-element-caption\"><em>Vol. 1 N\u00fam. <\/em>2<\/figcaption><\/figure>\n<\/div>\n<\/div>\n","protected":false},"excerpt":{"rendered":"<p>Es una revista de divulgaci\u00f3n, editada por la Direcci\u00f3n General de Educaci\u00f3n Superior. Nace con el objetivo de compartir conocimientos, experiencias y saberes que se generan en distintos \u00e1mbitos de la educaci\u00f3n; en particular, en los Institutos dependientes del Nivel Superior. Se nutre del\u00a0 an\u00e1lisis, el di\u00e1logo y la reflexi\u00f3n acad\u00e9mica colectiva. Esta producci\u00f3n acompa\u00f1a &#8230; <a title=\"Revista\" class=\"read-more\" href=\"https:\/\/dges-sal.infd.edu.ar\/sitio\/revista-redes\/\" aria-label=\"More on Revista\">[+]<\/a><\/p>\n","protected":false},"author":9605,"featured_media":0,"parent":0,"menu_order":0,"comment_status":"closed","ping_status":"closed","template":"","meta":[],"acf":[],"_links":{"self":[{"href":"https:\/\/dges-sal.infd.edu.ar\/sitio\/wp-json\/wp\/v2\/pages\/8879"}],"collection":[{"href":"https:\/\/dges-sal.infd.edu.ar\/sitio\/wp-json\/wp\/v2\/pages"}],"about":[{"href":"https:\/\/dges-sal.infd.edu.ar\/sitio\/wp-json\/wp\/v2\/types\/page"}],"author":[{"embeddable":true,"href":"https:\/\/dges-sal.infd.edu.ar\/sitio\/wp-json\/wp\/v2\/users\/9605"}],"replies":[{"embeddable":true,"href":"https:\/\/dges-sal.infd.edu.ar\/sitio\/wp-json\/wp\/v2\/comments?post=8879"}],"version-history":[{"count":23,"href":"https:\/\/dges-sal.infd.edu.ar\/sitio\/wp-json\/wp\/v2\/pages\/8879\/revisions"}],"predecessor-version":[{"id":9908,"href":"https:\/\/dges-sal.infd.edu.ar\/sitio\/wp-json\/wp\/v2\/pages\/8879\/revisions\/9908"}],"wp:attachment":[{"href":"https:\/\/dges-sal.infd.edu.ar\/sitio\/wp-json\/wp\/v2\/media?parent=8879"}],"curies":[{"name":"wp","href":"https:\/\/api.w.org\/{rel}","templated":true}]}}