{"id":8479,"date":"2022-12-28T11:49:01","date_gmt":"2022-12-28T14:49:01","guid":{"rendered":"https:\/\/dges-sal.infd.edu.ar\/sitio\/?page_id=8479"},"modified":"2024-11-05T14:44:46","modified_gmt":"2024-11-05T17:44:46","slug":"ies-6026-convocatoria-2022-para-acceso-al-cargo-de-coordinacion-pedagogica","status":"publish","type":"page","link":"https:\/\/dges-sal.infd.edu.ar\/sitio\/ies-6026-convocatoria-2022-para-acceso-al-cargo-de-coordinacion-pedagogica\/","title":{"rendered":"IES 6026 Convocatoria 2022 para acceso al cargo de Coordinaci\u00f3n Pedag\u00f3gica"},"content":{"rendered":"\n<p><\/p>\n\n\n\n<p>Convocatoria Disp. 266\/22 &nbsp;cobertura de cargo de&nbsp;<strong>Coordinador Pedag\u00f3gico&nbsp;del Profesorado para la Ense\u00f1anza Primaria con Modalidades N\u00b0 6026<\/strong><\/p>\n\n\n\n<p>Archivos seg\u00fan Disp. 266\/22 &nbsp;cobertura de cargo de&nbsp;<strong>Coordinador Pedag\u00f3gico&nbsp;del Profesorado para la Ense\u00f1anza Primaria con Modalidades N\u00b0 6026<\/strong><\/p>\n\n\n\n<figure class=\"wp-block-table is-style-stripes\"><table><tbody><tr><td><strong>N\u00f3mina de aspirantes inscriptos<\/strong><\/td><td><strong>Nomina definitiva de aspirantes<\/strong><\/td><td><strong>Disposici\u00f3n nuevo tribunal (si correspondiere)<\/strong><\/td><td><strong>Dictamen evaluaci\u00f3n de T\u00edtulos y Antecedentes<\/strong><\/td><td><strong>Fecha de Examen Escrito y Resultados<\/strong><\/td><td><strong>Fecha de Exposici\u00f3n y defensa oral de la propuesta de Gesti\u00f3n y Resultados<\/strong><\/td><td><strong>Disposiciones<\/strong>&nbsp;<strong>DGES<\/strong><\/td><\/tr><tr><td>2da Convocatoria<br>Archivo:&nbsp;&nbsp;<a href=\"https:\/\/dges-sal.infd.edu.ar\/sitio\/wp-content\/uploads\/2023\/04\/Acta-de-cierre-de-Inscripcion-2da-convocatoria-IES-6026-1.pdf\" target=\"_blank\" rel=\"noreferrer noopener\"><strong>AQU\u00cd<\/strong><\/a><\/td><td>Archivo:&nbsp;<strong>AQU\u00cd<\/strong><\/td><td>&nbsp; Archivo:&nbsp;<strong>AQU\u00cd<\/strong><\/td><td>&nbsp; Archivo:&nbsp;&nbsp;<strong><a href=\"https:\/\/dges-sal.infd.edu.ar\/sitio\/wp-content\/uploads\/2024\/10\/Acta-Comision-Evaluadora-IES-6026-Coordinacion-Pedagogica.pdf\" target=\"_blank\" rel=\"noreferrer noopener\">AQU\u00cd<\/a><\/strong><\/td><td>&nbsp; Archivo:&nbsp;<strong>AQU\u00cd<\/strong>&nbsp; Resultado:<strong>&nbsp;<a href=\"https:\/\/dges-sal.infd.edu.ar\/sitio\/wp-content\/uploads\/2024\/11\/Acta-Comision-evaluadora-Coordinacion-pedagogica-6026-examen-escrito.pdf\" target=\"_blank\" rel=\"noreferrer noopener\">AQU\u00cd<\/a><\/strong><\/td><td>&nbsp; Archivo:&nbsp;<strong>AQU\u00cd<\/strong>&nbsp;&nbsp; Resultado:<strong>&nbsp;AQU\u00cd<\/strong><\/td><td>Archivo\u00a0\u00a0<strong><a href=\"https:\/\/dges-sal.infd.edu.ar\/sitio\/wp-content\/uploads\/2024\/11\/Disp.-280-24-IES-6026-Aprobar-procedimiento-concursal-Coordinador-Pedagogico-Declarando-Desierto-el-orden-de-merito.pdf\" target=\"_blank\" rel=\"noreferrer noopener\">AQU\u00cd<\/a><\/strong><\/td><\/tr><tr><td>1ra Convocatoria<br>Archivo&nbsp;<strong><a href=\"https:\/\/dges-sal.infd.edu.ar\/sitio\/wp-content\/uploads\/2022\/12\/Acta-de-Cierre-de-Inscripcion-6026-Coordinacion-Pedagogica.pdf\" target=\"_blank\" rel=\"noreferrer noopener\">AQU\u00cd<\/a><\/strong><\/td><td><strong>AQU\u00cd<\/strong><\/td><td>&nbsp; Archivo:&nbsp;<strong>AQU\u00cd<\/strong><\/td><td>&nbsp; Archivo:&nbsp;&nbsp;<strong><a href=\"https:\/\/dges-sal.infd.edu.ar\/sitio\/wp-content\/uploads\/2023\/02\/Listado-45-Puntos-IES-6026.jpg\" target=\"_blank\" rel=\"noreferrer noopener\">AQU\u00cd<\/a><\/strong><\/td><td>&nbsp; Archivo:&nbsp;<strong>AQU\u00cd<\/strong>&nbsp; Resultado:<strong>&nbsp;AQU\u00cd<\/strong><\/td><td>&nbsp; Archivo:&nbsp;<strong>AQU\u00cd<\/strong>&nbsp;&nbsp; Resultado:<strong>&nbsp;AQU\u00cd<\/strong><\/td><td>Archivo&nbsp;<strong><a href=\"https:\/\/dges-sal.infd.edu.ar\/sitio\/wp-content\/uploads\/2023\/03\/Disp-43-2023-IES-6026-Dictamen-convocatoria-coordinador.pdf\" target=\"_blank\" rel=\"noreferrer noopener\">AQU\u00cd<\/a><\/strong><\/td><\/tr><\/tbody><\/table><\/figure>\n","protected":false},"excerpt":{"rendered":"<p>Convocatoria Disp. 266\/22 &nbsp;cobertura de cargo de&nbsp;Coordinador Pedag\u00f3gico&nbsp;del Profesorado para la Ense\u00f1anza Primaria con Modalidades N\u00b0 6026 Archivos seg\u00fan Disp. 266\/22 &nbsp;cobertura de cargo de&nbsp;Coordinador Pedag\u00f3gico&nbsp;del Profesorado para la Ense\u00f1anza Primaria con Modalidades N\u00b0 6026 N\u00f3mina de aspirantes inscriptos Nomina definitiva de aspirantes Disposici\u00f3n nuevo tribunal (si correspondiere) Dictamen evaluaci\u00f3n de T\u00edtulos y Antecedentes Fecha &#8230; <a title=\"IES 6026 Convocatoria 2022 para acceso al cargo de Coordinaci\u00f3n Pedag\u00f3gica\" class=\"read-more\" href=\"https:\/\/dges-sal.infd.edu.ar\/sitio\/ies-6026-convocatoria-2022-para-acceso-al-cargo-de-coordinacion-pedagogica\/\" aria-label=\"More on IES 6026 Convocatoria 2022 para acceso al cargo de Coordinaci\u00f3n Pedag\u00f3gica\">[+]<\/a><\/p>\n","protected":false},"author":790,"featured_media":0,"parent":0,"menu_order":0,"comment_status":"closed","ping_status":"closed","template":"","meta":[],"acf":[],"_links":{"self":[{"href":"https:\/\/dges-sal.infd.edu.ar\/sitio\/wp-json\/wp\/v2\/pages\/8479"}],"collection":[{"href":"https:\/\/dges-sal.infd.edu.ar\/sitio\/wp-json\/wp\/v2\/pages"}],"about":[{"href":"https:\/\/dges-sal.infd.edu.ar\/sitio\/wp-json\/wp\/v2\/types\/page"}],"author":[{"embeddable":true,"href":"https:\/\/dges-sal.infd.edu.ar\/sitio\/wp-json\/wp\/v2\/users\/790"}],"replies":[{"embeddable":true,"href":"https:\/\/dges-sal.infd.edu.ar\/sitio\/wp-json\/wp\/v2\/comments?post=8479"}],"version-history":[{"count":8,"href":"https:\/\/dges-sal.infd.edu.ar\/sitio\/wp-json\/wp\/v2\/pages\/8479\/revisions"}],"predecessor-version":[{"id":14703,"href":"https:\/\/dges-sal.infd.edu.ar\/sitio\/wp-json\/wp\/v2\/pages\/8479\/revisions\/14703"}],"wp:attachment":[{"href":"https:\/\/dges-sal.infd.edu.ar\/sitio\/wp-json\/wp\/v2\/media?parent=8479"}],"curies":[{"name":"wp","href":"https:\/\/api.w.org\/{rel}","templated":true}]}}