{"id":8473,"date":"2022-12-28T11:15:47","date_gmt":"2022-12-28T14:15:47","guid":{"rendered":"https:\/\/dges-sal.infd.edu.ar\/sitio\/?page_id=8473"},"modified":"2023-05-10T10:05:34","modified_gmt":"2023-05-10T13:05:34","slug":"ies-6012-convocatoria-2022-para-acceso-al-cargo-de-coordinacion-pedagogica","status":"publish","type":"page","link":"https:\/\/dges-sal.infd.edu.ar\/sitio\/ies-6012-convocatoria-2022-para-acceso-al-cargo-de-coordinacion-pedagogica\/","title":{"rendered":"IES 6012 Convocatoria 2022 para acceso al cargo de Coordinaci\u00f3n Pedag\u00f3gica"},"content":{"rendered":"\n<p><\/p>\n\n\n\n<p>Convocatoria Disp. 264\/22 &nbsp;cobertura de cargo de&nbsp;<strong>Coordinador Pedag\u00f3gico&nbsp;del Instituto Superior de Formaci\u00f3n Docente Rural N\u00b0 6012<\/strong><\/p>\n\n\n\n<p>Archivos seg\u00fan Disp. 264\/22 &nbsp;cobertura de cargo de&nbsp;<strong>Coordinador Pedag\u00f3gico&nbsp;del Instituto Superior de Formaci\u00f3n Docente Rural N\u00b0 6012<\/strong><\/p>\n\n\n\n<figure class=\"wp-block-table\"><table><tbody><tr><td><strong>N\u00f3mina de aspirantes inscriptos<\/strong><\/td><td><strong>Nomina definitiva de aspirantes<\/strong><\/td><td><strong>Disposici\u00f3n nuevo tribunal (si correspondiere)<\/strong><\/td><td><strong>Dictamen evaluaci\u00f3n de T\u00edtulos y Antecedentes<\/strong><\/td><td><strong>Antecedentes y Propuesta de Gesti\u00f3n Aspirantes que pasan a la Instancia Oral<\/strong><\/td><td><strong>Disposiciones<\/strong> <strong>DGES<\/strong><\/td><\/tr><tr><td>2da Convocatoria<br>Archivo <strong><a href=\"https:\/\/dges-sal.infd.edu.ar\/sitio\/wp-content\/uploads\/2023\/05\/Acta-de-cierre-de-Inscripcion-2da-convocatoria-CP-IES-6012.pdf\" target=\"_blank\" rel=\"noreferrer noopener\">AQU\u00cd<\/a><\/strong><\/td><td>Archivo <strong>AQU\u00cd<\/strong><\/td><td>Archivo <strong>AQU\u00cd<\/strong><\/td><td>Archivo <strong>AQU\u00cd<\/strong><\/td><td>Archivo <strong>AQU\u00cd<\/strong><\/td><td>Archivo <strong>AQU\u00cd<\/strong><\/td><\/tr><tr><td>1ra Convocatoria <br>Archivo <strong><a rel=\"noreferrer noopener\" href=\"https:\/\/dges-sal.infd.edu.ar\/sitio\/wp-content\/uploads\/2022\/12\/Acta-de-Cierre-de-Inscripcion-6012-Coordinacion-Pedagogica.pdf\" data-type=\"URL\" data-id=\"https:\/\/dges-sal.infd.edu.ar\/sitio\/wp-content\/uploads\/2022\/12\/Acta-de-Cierre-de-Inscripcion-6012-Coordinacion-Pedagogica.pdf\" target=\"_blank\">AQU\u00cd<\/a><\/strong><\/td><td>Archivo <strong>AQU\u00cd<\/strong><\/td><td>Archivo <strong>AQU\u00cd<\/strong><\/td><td>Archivo <strong>AQU\u00cd<\/strong><\/td><td>Archivo <strong>AQU\u00cd<\/strong><\/td><td>Archivo <strong><a href=\"https:\/\/dges-sal.infd.edu.ar\/sitio\/wp-content\/uploads\/2023\/02\/Disp-09-2023-DGES.pdf\" target=\"_blank\" rel=\"noreferrer noopener\">AQU\u00cd<\/a><\/strong><\/td><\/tr><\/tbody><\/table><\/figure>\n","protected":false},"excerpt":{"rendered":"<p>Convocatoria Disp. 264\/22 &nbsp;cobertura de cargo de&nbsp;Coordinador Pedag\u00f3gico&nbsp;del Instituto Superior de Formaci\u00f3n Docente Rural N\u00b0 6012 Archivos seg\u00fan Disp. 264\/22 &nbsp;cobertura de cargo de&nbsp;Coordinador Pedag\u00f3gico&nbsp;del Instituto Superior de Formaci\u00f3n Docente Rural N\u00b0 6012 N\u00f3mina de aspirantes inscriptos Nomina definitiva de aspirantes Disposici\u00f3n nuevo tribunal (si correspondiere) Dictamen evaluaci\u00f3n de T\u00edtulos y Antecedentes Antecedentes y Propuesta &#8230; <a title=\"IES 6012 Convocatoria 2022 para acceso al cargo de Coordinaci\u00f3n Pedag\u00f3gica\" class=\"read-more\" href=\"https:\/\/dges-sal.infd.edu.ar\/sitio\/ies-6012-convocatoria-2022-para-acceso-al-cargo-de-coordinacion-pedagogica\/\" aria-label=\"More on IES 6012 Convocatoria 2022 para acceso al cargo de Coordinaci\u00f3n Pedag\u00f3gica\">[+]<\/a><\/p>\n","protected":false},"author":790,"featured_media":0,"parent":0,"menu_order":0,"comment_status":"closed","ping_status":"closed","template":"","meta":[],"acf":[],"_links":{"self":[{"href":"https:\/\/dges-sal.infd.edu.ar\/sitio\/wp-json\/wp\/v2\/pages\/8473"}],"collection":[{"href":"https:\/\/dges-sal.infd.edu.ar\/sitio\/wp-json\/wp\/v2\/pages"}],"about":[{"href":"https:\/\/dges-sal.infd.edu.ar\/sitio\/wp-json\/wp\/v2\/types\/page"}],"author":[{"embeddable":true,"href":"https:\/\/dges-sal.infd.edu.ar\/sitio\/wp-json\/wp\/v2\/users\/790"}],"replies":[{"embeddable":true,"href":"https:\/\/dges-sal.infd.edu.ar\/sitio\/wp-json\/wp\/v2\/comments?post=8473"}],"version-history":[{"count":3,"href":"https:\/\/dges-sal.infd.edu.ar\/sitio\/wp-json\/wp\/v2\/pages\/8473\/revisions"}],"predecessor-version":[{"id":9870,"href":"https:\/\/dges-sal.infd.edu.ar\/sitio\/wp-json\/wp\/v2\/pages\/8473\/revisions\/9870"}],"wp:attachment":[{"href":"https:\/\/dges-sal.infd.edu.ar\/sitio\/wp-json\/wp\/v2\/media?parent=8473"}],"curies":[{"name":"wp","href":"https:\/\/api.w.org\/{rel}","templated":true}]}}