{"id":6884,"date":"2021-11-23T08:59:54","date_gmt":"2021-11-23T11:59:54","guid":{"rendered":"https:\/\/dges-sal.infd.edu.ar\/sitio\/?page_id=6884"},"modified":"2021-11-28T21:49:43","modified_gmt":"2021-11-29T00:49:43","slug":"x-encuentro-de-practicas-y-residencia","status":"publish","type":"page","link":"https:\/\/dges-sal.infd.edu.ar\/sitio\/x-encuentro-de-practicas-y-residencia\/","title":{"rendered":"X Encuentro Provincial de Pr\u00e1cticas y Residencias Educativas"},"content":{"rendered":"\n<figure class=\"wp-block-image size-large\"><img decoding=\"async\" loading=\"lazy\" width=\"1500\" height=\"500\" src=\"https:\/\/dges-sal.infd.edu.ar\/sitio\/wp-content\/uploads\/2021\/11\/DGES-Encabezados-1.jpg\" alt=\"\" class=\"wp-image-6888\" srcset=\"https:\/\/dges-sal.infd.edu.ar\/sitio\/wp-content\/uploads\/2021\/11\/DGES-Encabezados-1.jpg 1500w, https:\/\/dges-sal.infd.edu.ar\/sitio\/wp-content\/uploads\/2021\/11\/DGES-Encabezados-1-1000x333.jpg 1000w, https:\/\/dges-sal.infd.edu.ar\/sitio\/wp-content\/uploads\/2021\/11\/DGES-Encabezados-1-768x256.jpg 768w\" sizes=\"(max-width: 1500px) 100vw, 1500px\" \/><\/figure>\n\n\n\n<div class=\"wp-block-columns is-layout-flex wp-container-8\">\n<div class=\"wp-block-column is-layout-flow\" style=\"flex-basis:100%\">\n<div class=\"wp-block-group alignfull\"><div class=\"wp-block-group__inner-container is-layout-flow\">\n<div class=\"wp-block-group\"><div class=\"wp-block-group__inner-container is-layout-flow\">\n<pre class=\"wp-block-preformatted\"><strong>Introducci\u00f3n&nbsp;<\/strong>\n\nEntendiendo a la pr\u00e1ctica docente como una praxis social condicionada por el contexto socio hist\u00f3rico donde acontece, resulta necesario un encuentro para compartir sentires, apreciaciones, constructos te\u00f3ricos y metodol\u00f3gicos; as\u00ed como interrogantes, que d\u00e9 lugar a la construcci\u00f3n de un saber pedag\u00f3gico- did\u00e1ctico atento a los tiempos actuales.&nbsp;\nEn este marco, las Jornadas Preparatorias para el X Encuentro Provincial de Pr\u00e1cticas y Residencias Educativas surgen como un espacio destinado al an\u00e1lisis, reflexi\u00f3n e intercambio de experiencias en torno a las pr\u00e1cticas docentes realizadas durante la pandemia (periodo lectivo 2020-2021). Por ello, se convoca a docentes y estudiantes de nivel superior a realizar una producci\u00f3n cooperativa&nbsp; sobre las propuestas formativas que acontecen en este contexto.&nbsp;\nEstas Jornadas de trabajo se realizar\u00e1n los d\u00edas 29 y 30 de noviembre y 1 de diciembre de 2021 mediante encuentros presenciales que se transmitir\u00e1n on line, conferencias virtuales y talleres presenciales en Institutos de Educaci\u00f3n Superior de toda la provincia.&nbsp;\n\n<\/pre>\n\n\n\n<pre class=\"wp-block-preformatted\"><strong>Prop\u00f3sitos<\/strong>\n\nCompartir experiencias educativas innovadoras que promuevan la reflexi\u00f3n y mejora sobre la propia pr\u00e1ctica.\nIncentivar procesos de transformaci\u00f3n e innovaci\u00f3n pedag\u00f3gica tendientes a fortalecer la formaci\u00f3n en la pr\u00e1ctica docente.&nbsp;\nPromover la construcci\u00f3n de conocimiento en torno a la Pr\u00e1ctica Docente, como herramienta para impulsar el dise\u00f1o de nuevos formatos pedag\u00f3gicos-did\u00e1cticos.\nPropiciar un espacio de di\u00e1logo y reflexi\u00f3n colectiva que posibilite la discusi\u00f3n sobre algunos desaf\u00edos actuales en el campo de las pr\u00e1cticas docentes, en un contexto de incertidumbre. <\/pre>\n\n\n\n<pre class=\"wp-block-preformatted\"><strong>Din\u00e1mica de trabajo&nbsp;<\/strong>\n\nEn estas Jornadas se pretende construir un espacio de trabajo, debate y socializaci\u00f3n del conocimiento producido por docentes y estudiantes en los trayectos de pr\u00e1cticas docentes y residencias. \nPara ello, se propone:\n\n<strong>1.&nbsp; Conferencias virtuales centrales\n\n2. Mesas plenarias\n\n3. Conversatorios<\/strong>\n\n4. <strong>Talleres en Institutos de Educaci\u00f3n Superior:<\/strong> se realizar\u00e1n de modo presencial y virtual en simult\u00e1neo en los Institutos sedes:&nbsp; \n \n - 6001\n - 6002\n - 6003\n - 6004\n - 6009\n - 6015 \n - <a href=\"https:\/\/ies6017-sal.infd.edu.ar\/sitio\/inscripcion-a-talleres\/\" target=\"_blank\" rel=\"noreferrer noopener\">6017 (Virtuales)<\/a>\n - 6019\n - 6025\n - 6029\n-  6047&nbsp; \n<\/pre>\n\n\n\n<p><\/p>\n<\/div><\/div>\n\n\n\n<p>Para ampliar informaci\u00f3n los invitamos a descargar el documento del encuentro <\/p>\n\n\n\n<div class=\"wp-block-file\"><a href=\"https:\/\/dges-sal.infd.edu.ar\/sitio\/wp-content\/uploads\/2021\/11\/DGES-Documento-Final-encuentro.pdf\">DGES-Documento-encuentro<\/a><a href=\"https:\/\/dges-sal.infd.edu.ar\/sitio\/wp-content\/uploads\/2021\/11\/DGES-Documento-Final-encuentro.pdf\" class=\"wp-block-file__button\" download>Descarga<\/a><\/div>\n\n\n\n<div class=\"wp-block-columns is-layout-flex wp-container-5\">\n<div class=\"wp-block-column is-layout-flow\" style=\"flex-basis:100%\">\n<div class=\"wp-block-columns is-layout-flex wp-container-3\">\n<div class=\"wp-block-column is-layout-flow\" style=\"flex-basis:100%\">\n<figure class=\"wp-block-image is-resized\"><a href=\"https:\/\/dges-sal.infd.edu.ar\/sitio\/wp-content\/uploads\/2021\/11\/DGES-Documento-encuentro1.pdf\"><img decoding=\"async\" loading=\"lazy\" src=\"https:\/\/dges-sal.infd.edu.ar\/sitio\/wp-content\/uploads\/2021\/11\/DGES-Documento-encuentro-1343x1900.jpg\" alt=\"\" class=\"wp-image-6890\" width=\"229\" height=\"323\" srcset=\"https:\/\/dges-sal.infd.edu.ar\/sitio\/wp-content\/uploads\/2021\/11\/DGES-Documento-encuentro-1343x1900.jpg 1343w, https:\/\/dges-sal.infd.edu.ar\/sitio\/wp-content\/uploads\/2021\/11\/DGES-Documento-encuentro-707x1000.jpg 707w, https:\/\/dges-sal.infd.edu.ar\/sitio\/wp-content\/uploads\/2021\/11\/DGES-Documento-encuentro-768x1086.jpg 768w, https:\/\/dges-sal.infd.edu.ar\/sitio\/wp-content\/uploads\/2021\/11\/DGES-Documento-encuentro-1086x1536.jpg 1086w, https:\/\/dges-sal.infd.edu.ar\/sitio\/wp-content\/uploads\/2021\/11\/DGES-Documento-encuentro.jpg 1414w\" sizes=\"(max-width: 229px) 100vw, 229px\" \/><\/a><\/figure>\n<\/div>\n<\/div>\n<\/div>\n<\/div>\n<\/div><\/div>\n\n\n\n<pre class=\"wp-block-preformatted\">Correo de Contacto por consultas:<strong> jornadapractica2021@gmail.com <\/strong><\/pre>\n\n\n\n<p class=\"has-text-align-center\"><u><span class=\"has-inline-color has-vivid-cyan-blue-color\"><strong>LINKS PARA ZOOM ENCUENTRO DE PR\u00c1CTICAS Y RESIDENCIAS<\/strong><\/span><\/u><\/p>\n\n\n\n<p><strong><u>LUNES 29 DE NOVIEMBRE DE 2021<\/u><\/strong><\/p>\n\n\n\n<p><strong><em><u>INAUGURACION : HS 10<\/u><\/em><\/strong><strong><em><br><\/em><\/strong><br><a href=\"https:\/\/www.google.com\/url?q=https:\/\/us02web.zoom.us\/j\/81915078085?pwd%3DQlI1dFNhaXNDZ1B3cWQ1WEd3V1Zidz09&amp;sa=D&amp;source=calendar&amp;usd=2&amp;usg=AOvVaw2J4InR7dQHHfbwmTUkb-Q5\">https:\/\/us02web.zoom.us\/j\/81915078085?pwd=QlI1dFNhaXNDZ1B3cWQ1WEd3V1Zidz09<\/a><br><br>ID de reuni\u00f3n: 819 1507 8085<br>C\u00f3digo de acceso: 717770<\/p>\n\n\n\n<p><strong><em><u>CONFERENCIA DR. DANIEL SU\u00c1REZ. HS 12<\/u><\/em><\/strong><\/p>\n\n\n\n<p><a href=\"https:\/\/www.google.com\/url?q=https:\/\/us02web.zoom.us\/j\/86511284817?pwd%3DekJ6OHZKL2lzai9yVWZlSk1kY01Cdz09&amp;sa=D&amp;source=calendar&amp;usd=2&amp;usg=AOvVaw0_fi7WKsb3QEU69aBSAFUg\">https:\/\/us02web.zoom.us\/j\/86511284817?pwd=ekJ6OHZKL2lzai9yVWZlSk1kY01Cdz09<\/a><br><br>ID de reuni\u00f3n: 865 1128 4817<br>C\u00f3digo de acceso: 637584<\/p>\n\n\n\n<p>&nbsp;<strong><em><u>MESA PANEL \u00bb PR\u00c1CT. DOCENTE : JUANA MANSO Y DISPOSITIVO TICS\u201d 14,30 HS.<\/u><\/em><\/strong><\/p>\n\n\n\n<p><a href=\"https:\/\/www.google.com\/url?q=https:\/\/us02web.zoom.us\/j\/86040330918?pwd%3DSnNvMXpWVnpEU3paTERrUGgvUmRRUT09&amp;sa=D&amp;source=calendar&amp;usd=2&amp;usg=AOvVaw18Ex_eBtia4O-Nib6P6J_q\">https:\/\/us02web.zoom.us\/j\/86040330918?pwd=SnNvMXpWVnpEU3paTERrUGgvUmRRUT09<\/a><br><br>ID de reuni\u00f3n: 860 4033 0918<br>C\u00f3digo de acceso: 493869<\/p>\n\n\n\n<p><strong><em><u>PRESENTACI\u00d3N LIBRO \u00bb MI PESO TAMBIEN VALE . PROF. FREDY BUSDRAGO. HS. 16,30<\/u><\/em><\/strong><\/p>\n\n\n\n<p><a href=\"https:\/\/www.google.com\/url?q=https:\/\/us02web.zoom.us\/j\/87413629464?pwd%3DOTkrWG9vNHZuajdyaDBobzlDcnpnUT09&amp;sa=D&amp;source=calendar&amp;usd=2&amp;usg=AOvVaw2MRA9N-EjqBCoAukt3HFyg\">https:\/\/us02web.zoom.us\/j\/87413629464?pwd=OTkrWG9vNHZuajdyaDBobzlDcnpnUT09<\/a><br><br>ID de reuni\u00f3n: 874 1362 9464<br>C\u00f3digo de acceso: 441397<\/p>\n\n\n\n<p><strong><u>MARTES 30 DE NOVIEMBRE DE 2021<\/u><\/strong> .<\/p>\n\n\n\n<p><strong><em><u>CONFERENCIA DR. LUIS PORTA HS. 10<\/u><\/em><\/strong><strong><em><u><\/u><\/em><\/strong><\/p>\n\n\n\n<p><a href=\"https:\/\/www.google.com\/url?q=https:\/\/us02web.zoom.us\/j\/81914206184?pwd%3DakxMTEorWFFMczNXZmxEeGFvbHVtdz09&amp;sa=D&amp;source=calendar&amp;usd=2&amp;usg=AOvVaw3bnELTkgMFNB4v3HXoxjN_\">https:\/\/us02web.zoom.us\/j\/81914206184?pwd=akxMTEorWFFMczNXZmxEeGFvbHVtdz09<\/a><br><br>ID de reuni\u00f3n: 819 1420 6184<br>C\u00f3digo de acceso: 154000<\/p>\n\n\n\n<p><strong><em><u>MESA PLENARIA \u00bb PR\u00c1CT. DOC. : REVINCULACION Y PRESENCIALIDAD\u00bb HS. 14<\/u><\/em><\/strong><\/p>\n\n\n\n<p><a href=\"https:\/\/www.google.com\/url?q=https:\/\/us02web.zoom.us\/j\/84066449183?pwd%3DRStoNzB3NmZFVkQ4ZVhwU0ttSFFFQT09&amp;sa=D&amp;source=calendar&amp;usd=2&amp;usg=AOvVaw0h0ZfIHamMDLwkgUsfugq4\">https:\/\/us02web.zoom.us\/j\/84066449183?pwd=RStoNzB3NmZFVkQ4ZVhwU0ttSFFFQT09<\/a><br><br>ID de reuni\u00f3n: 840 6644 9183<br>C\u00f3digo de acceso: 699795<\/p>\n\n\n\n<p><strong><em><u>PRESENTACI\u00d3N&nbsp; DE LIBRO \u00abCOMPENDIO HIST\u00d3RICO Y GEOGR\u00c1FICO DE SALTA. LIC. EDUARDO POMA. HS. 16:30<\/u><\/em><\/strong><\/p>\n\n\n\n<p><a href=\"https:\/\/www.google.com\/url?q=https:\/\/us02web.zoom.us\/j\/82677316917?pwd%3DSjJVMDMxWHFBT3UrT21KbDl2VngrUT09&amp;sa=D&amp;source=calendar&amp;usd=2&amp;usg=AOvVaw2KormOPAVchgg2ljt8UW4P\">https:\/\/us02web.zoom.us\/j\/82677316917?pwd=SjJVMDMxWHFBT3UrT21KbDl2VngrUT09<\/a><br><br>ID de reuni\u00f3n: 826 7731 6917<br>C\u00f3digo de acceso: 345697<\/p>\n\n\n\n<p><strong><u>MIERCOLES 1 DE DICIEMBRE DE 2021<\/u><\/strong><\/p>\n\n\n\n<p><strong><em><u>CONFERENCIA ON LINE DR. ERNESTO PAIS, HS. 10<\/u><\/em><\/strong><strong><em><u><\/u><\/em><\/strong><\/p>\n\n\n\n<p><a href=\"https:\/\/www.google.com\/url?q=https:\/\/us02web.zoom.us\/j\/81843006043?pwd%3DcnJxTTNmMG1ValRPWVFCZGlKUEZLQT09&amp;sa=D&amp;source=calendar&amp;usd=2&amp;usg=AOvVaw0O_PG-h6HeZ14pZCzR4vlI\">https:\/\/us02web.zoom.us\/j\/81843006043?pwd=cnJxTTNmMG1ValRPWVFCZGlKUEZLQT09<\/a><br><br>ID de reuni\u00f3n: 818 4300 6043<br>C\u00f3digo de acceso: 206401<\/p>\n\n\n\n<p><strong><em><u>PARTICIPACI\u00d3N ESTUDIANTES 6003 HS. 12:30<\/u><\/em><\/strong><\/p>\n\n\n\n<p><br><a href=\"https:\/\/www.google.com\/url?q=https:\/\/us02web.zoom.us\/j\/84726028787?pwd%3DTFcxQ04xQkdsdWhXd3RibXpzZ1RDZz09&amp;sa=D&amp;source=calendar&amp;usd=2&amp;usg=AOvVaw0F7hGpCPBiiljwP-9F4vY6\">https:\/\/us02web.zoom.us\/j\/84726028787?pwd=TFcxQ04xQkdsdWhXd3RibXpzZ1RDZz09<\/a><br><br>ID de reuni\u00f3n: 847 2602 8787<br>C\u00f3digo de acceso: 837528<\/p>\n\n\n\n<p><strong><em><u>CINE DEBATE \u201c LA ESCUELA EN RECONEXI\u00d3N\u201d. HS. 14<\/u><\/em><\/strong><strong><em><u><\/u><\/em><\/strong><\/p>\n\n\n\n<p><br><a href=\"https:\/\/www.google.com\/url?q=https:\/\/us02web.zoom.us\/j\/83133442973?pwd%3DMnpXaVdjdHl6OGFJcjhZSDBIdm53QT09&amp;sa=D&amp;source=calendar&amp;usd=2&amp;usg=AOvVaw0-F0g0btESyn_A6fTKsc4h\">https:\/\/us02web.zoom.us\/j\/83133442973?pwd=MnpXaVdjdHl6OGFJcjhZSDBIdm53QT09<\/a><br><br>ID de reuni\u00f3n: 831 3344 2973<br>C\u00f3digo de acceso: 878516<strong><em><u><\/u><\/em><\/strong><\/p>\n<\/div>\n<\/div>\n","protected":false},"excerpt":{"rendered":"<p>Introducci\u00f3n&nbsp; Entendiendo a la pr\u00e1ctica docente como una praxis social condicionada por el contexto socio hist\u00f3rico donde acontece, resulta necesario un encuentro para compartir sentires, apreciaciones, constructos te\u00f3ricos y metodol\u00f3gicos; as\u00ed como interrogantes, que d\u00e9 lugar a la construcci\u00f3n de un saber pedag\u00f3gico- did\u00e1ctico atento a los tiempos actuales.&nbsp; En este marco, las Jornadas Preparatorias &#8230; <a title=\"X Encuentro Provincial de Pr\u00e1cticas y Residencias Educativas\" class=\"read-more\" href=\"https:\/\/dges-sal.infd.edu.ar\/sitio\/x-encuentro-de-practicas-y-residencia\/\" aria-label=\"More on X Encuentro Provincial de Pr\u00e1cticas y Residencias Educativas\">[+]<\/a><\/p>\n","protected":false},"author":2571,"featured_media":0,"parent":0,"menu_order":0,"comment_status":"closed","ping_status":"closed","template":"","meta":[],"acf":[],"_links":{"self":[{"href":"https:\/\/dges-sal.infd.edu.ar\/sitio\/wp-json\/wp\/v2\/pages\/6884"}],"collection":[{"href":"https:\/\/dges-sal.infd.edu.ar\/sitio\/wp-json\/wp\/v2\/pages"}],"about":[{"href":"https:\/\/dges-sal.infd.edu.ar\/sitio\/wp-json\/wp\/v2\/types\/page"}],"author":[{"embeddable":true,"href":"https:\/\/dges-sal.infd.edu.ar\/sitio\/wp-json\/wp\/v2\/users\/2571"}],"replies":[{"embeddable":true,"href":"https:\/\/dges-sal.infd.edu.ar\/sitio\/wp-json\/wp\/v2\/comments?post=6884"}],"version-history":[{"count":12,"href":"https:\/\/dges-sal.infd.edu.ar\/sitio\/wp-json\/wp\/v2\/pages\/6884\/revisions"}],"predecessor-version":[{"id":6926,"href":"https:\/\/dges-sal.infd.edu.ar\/sitio\/wp-json\/wp\/v2\/pages\/6884\/revisions\/6926"}],"wp:attachment":[{"href":"https:\/\/dges-sal.infd.edu.ar\/sitio\/wp-json\/wp\/v2\/media?parent=6884"}],"curies":[{"name":"wp","href":"https:\/\/api.w.org\/{rel}","templated":true}]}}