{"id":6706,"date":"2021-08-13T21:39:06","date_gmt":"2021-08-14T00:39:06","guid":{"rendered":"https:\/\/dges-sal.infd.edu.ar\/sitio\/?page_id=6706"},"modified":"2021-08-20T11:35:16","modified_gmt":"2021-08-20T14:35:16","slug":"convocatoria-2021","status":"publish","type":"page","link":"https:\/\/dges-sal.infd.edu.ar\/sitio\/convocatoria-2021\/","title":{"rendered":"Convocatoria 2021"},"content":{"rendered":"\n<figure class=\"wp-block-image size-large\"><img decoding=\"async\" loading=\"lazy\" width=\"1500\" height=\"500\" src=\"https:\/\/dges-sal.infd.edu.ar\/sitio\/wp-content\/uploads\/2021\/08\/DGES-Encabezados.jpg\" alt=\"\" class=\"wp-image-6708\" srcset=\"https:\/\/dges-sal.infd.edu.ar\/sitio\/wp-content\/uploads\/2021\/08\/DGES-Encabezados.jpg 1500w, https:\/\/dges-sal.infd.edu.ar\/sitio\/wp-content\/uploads\/2021\/08\/DGES-Encabezados-1000x333.jpg 1000w, https:\/\/dges-sal.infd.edu.ar\/sitio\/wp-content\/uploads\/2021\/08\/DGES-Encabezados-768x256.jpg 768w\" sizes=\"(max-width: 1500px) 100vw, 1500px\" \/><\/figure>\n\n\n<h2 style=\"text-align: center;\"><span style=\"color: #ff0000;\"><strong>PRORROGA DE PRESENTACION: HASTA EL 31 DE AGOSTO<\/strong><\/span><\/h2>\n<h4 style=\"text-align: center;\"><strong>Proyectos de Investigaci\u00f3n de Institutos Superiores de Formaci\u00f3n Docente<\/strong><\/h4>\n<p style=\"text-align: justify;\">El Instituto Nacional de Formaci\u00f3n Docente (INFoD) propone fomentar la funci\u00f3n de investigaci\u00f3n en el nivel Superior y en los Institutos Superiores de Formaci\u00f3n Docente (ISFD) a partir de la producci\u00f3n de conocimiento en \u00e1reas de vacancia como una estrategia para el fortalecimiento de las instituciones. Esta estrategia se enmarca en el eje II del Plan Nacional de Formaci\u00f3n Docente 2021-2023, cuyas acciones buscan integrar las funciones de la formaci\u00f3n docente, acompa\u00f1ar el gobierno de las instituciones, mejorar la organizaci\u00f3n, la din\u00e1mica pedag\u00f3gica y las condiciones institucionales y materiales de los institutos superiores.<\/p>\n<p style=\"text-align: justify;\">En ese marco, el \u00c1rea de Investigaci\u00f3n del Instituto Nacional de Formaci\u00f3n Docente convoca a docentes y estudiantes de carreras de Formaci\u00f3n Docente de los Institutos de Educaci\u00f3n Superior (ISFD) de gesti\u00f3n estatal de todo el pa\u00eds a presentar proyectos de investigaci\u00f3n in\u00e9ditos, con la intenci\u00f3n de promover la producci\u00f3n de conocimiento educativo y pedag\u00f3gico. Se espera que los resultados de las investigaciones se transformen en insumos para el dise\u00f1o de pol\u00edticas que permitan mejorar los procesos de ense\u00f1anza y de aprendizaje, la gesti\u00f3n institucional, la articulaci\u00f3n entre instituciones, el fortalecimiento del Nivel Superior y de los Niveles y Modalidades de la Educaci\u00f3n obligatoria<\/p>\n<p><strong>OBJETIVOS DE LA CONVOCATORIA<\/strong><\/p>\n<ul>\n<li style=\"text-align: justify;\">Fomentar y fortalecer la producci\u00f3n de conocimiento educativo y cient\u00edfico en el nivel superior.<\/li>\n<li style=\"text-align: justify;\">Promover el desarrollo de investigaciones que contribuyan a la identificaci\u00f3n de problemas y desaf\u00edos del sistema formador y del sistema educativo.<\/li>\n<li style=\"text-align: justify;\">Fortalecer la conformaci\u00f3n de equipos de docentes y estudiantes de los ISFD para la construcci\u00f3n colectiva de conocimiento.<\/li>\n<li style=\"text-align: justify;\">Desarrollar lazos entre las pr\u00e1cticas de investigaci\u00f3n y las pr\u00e1cticas educativas a partir de la difusi\u00f3n y discusi\u00f3n de los resultados de las investigaciones.<\/li>\n<\/ul>\n<p><strong>DESTINATARIOS Y DURACION<\/strong><\/p>\n<p style=\"text-align: justify;\">Esta convocatoria est\u00e1 destinada a equipos de investigaci\u00f3n integrados por docentes y estudiantes de carreras de Formaci\u00f3n Docente de Institutos Superiores de gesti\u00f3n estatal de todo el pa\u00eds que dependan de los Ministerios de Educaci\u00f3n jurisdiccionales (u organismos equivalentes). Los proyectos de investigaci\u00f3n tendr\u00e1n una duraci\u00f3n de hasta doce (12) meses, a<br \/>de la recepci\u00f3n de los fondos en el ISFD.<\/p>\n<p style=\"text-align: justify;\">Se adjunta a continuaci\u00f3n las bases y caracter\u00edsticas de esta convocatoria. Podr\u00e1n realizar cualquier consulta a la referente de investigaci\u00f3n en: <a href=\"mailto:investigando.dges1@gmail.com\"><strong>investigacion.dges1@gmail.com<\/strong><\/a><\/p>\n\n\n<figure class=\"wp-block-image size-large\"><img decoding=\"async\" loading=\"lazy\" width=\"800\" height=\"51\" src=\"https:\/\/dges-sal.infd.edu.ar\/sitio\/wp-content\/uploads\/2021\/08\/Lineas.png\" alt=\"\" class=\"wp-image-6711\" srcset=\"https:\/\/dges-sal.infd.edu.ar\/sitio\/wp-content\/uploads\/2021\/08\/Lineas.png 800w, https:\/\/dges-sal.infd.edu.ar\/sitio\/wp-content\/uploads\/2021\/08\/Lineas-768x49.png 768w\" sizes=\"(max-width: 800px) 100vw, 800px\" \/><\/figure>\n\n\n<p><span style=\"color: #ff0000;\"><strong>NOVEDADES<\/strong><\/span><\/p>\n<p style=\"text-align: center;\"><span style=\"color: #000000;\"><strong>Compatibilidad entre becas Progresar y becas de Investigaci\u00f3n<\/strong><\/span><\/p>\n<p style=\"text-align: justify;\">Les informamos que, a partir de la reuni\u00f3n mantenida desde el \u00e1rea de investigaci\u00f3n INFoD, con autoridades y el \u00e1rea de becas del Ministerio, se ha concluido que no va a haber incompatibilidades entre la presente convocatoria y la recepci\u00f3n de la beca PROGRESAR.<br \/>De esta manera, los estudiantes beneficiarios de PROGRESAR podr\u00e1n aspirar a recibir la beca por la participaci\u00f3n en un proyecto de investigaci\u00f3n.<\/p>\n\n\n<div class=\"wp-block-image\"><figure class=\"alignright size-large\"><img decoding=\"async\" loading=\"lazy\" width=\"800\" height=\"51\" src=\"https:\/\/dges-sal.infd.edu.ar\/sitio\/wp-content\/uploads\/2021\/08\/Lineas-90.png\" alt=\"\" class=\"wp-image-6712\" srcset=\"https:\/\/dges-sal.infd.edu.ar\/sitio\/wp-content\/uploads\/2021\/08\/Lineas-90.png 800w, https:\/\/dges-sal.infd.edu.ar\/sitio\/wp-content\/uploads\/2021\/08\/Lineas-90-768x49.png 768w\" sizes=\"(max-width: 800px) 100vw, 800px\" \/><\/figure><\/div>\n\n\n<p>\u00a0<\/p>\n<p>\u00a0<\/p>\n<p>Se adjunta a continuaci\u00f3n las bases y caracter\u00edsticas de esta convocatoria. Podr\u00e1n realizar cualquier consulta a la referente de investigaci\u00f3n en: <a href=\"mailto:investigando.dges1@gmail.com\"><strong>investigacion.dges1@gmail.com<\/strong><\/a><\/p>\n\n\n<div class=\"wp-block-buttons alignwide is-content-justification-center is-layout-flex\">\n<div class=\"wp-block-button\"><a class=\"wp-block-button__link has-white-color has-text-color has-background\" href=\"https:\/\/dges-sal.infd.edu.ar\/sitio\/wp-content\/uploads\/2021\/08\/Bases-y-Condiciones-2021.pdf\" style=\"border-radius:50px;background-color:#622b04\" target=\"_blank\" rel=\"noreferrer noopener\">Bases y Condiciones<\/a><\/div>\n\n\n\n<div class=\"wp-block-button\"><a class=\"wp-block-button__link has-background\" href=\"https:\/\/dges-sal.infd.edu.ar\/sitio\/wp-content\/uploads\/2021\/08\/Orientaciones-para-la-presentacion-de-proyectos.pdf\" style=\"background-color:#622b04\" target=\"_blank\" rel=\"noreferrer noopener\">Orientaciones para la Presentaci\u00f3n<\/a><\/div>\n\n\n\n<div class=\"wp-block-button\"><a class=\"wp-block-button__link has-background\" href=\"https:\/\/dges-sal.infd.edu.ar\/sitio\/wp-content\/uploads\/2021\/08\/El-diseno-de-la-investigacion-PPT2.pdf\" style=\"background-color:#622b04\" target=\"_blank\" rel=\"noreferrer noopener\">El dise\u00f1o de la Investigaci\u00f3n<\/a><\/div>\n\n\n\n<div class=\"wp-block-button\"><a class=\"wp-block-button__link has-background\" href=\"https:\/\/dges-sal.infd.edu.ar\/sitio\/wp-content\/uploads\/2021\/08\/Consultas-recibidas-en-el-encuentro-del-9-de-Agosto.pdf\" style=\"background-color:#622b04\" target=\"_blank\" rel=\"noreferrer noopener\">Consultas recibidas en el Encuentro<\/a><\/div>\n<\/div>\n\n\n<p>\u00a0<\/p>\n<p style=\"padding-left: 40px;\"><strong>MATERIAL DE CONSULTA SUGERIDO<\/strong><\/p>\n\n\n<figure class=\"wp-block-table alignwide\"><table><tbody><tr><td class=\"has-text-align-center\" data-align=\"center\"><a href=\"https:\/\/dges-sal.infd.edu.ar\/sitio\/wp-content\/uploads\/2021\/08\/El-salvaje-metropolitano.pdf\"><img decoding=\"async\" loading=\"lazy\" width=\"159\" height=\"258\" class=\"wp-image-6715\" style=\"width: 150px;\" src=\"https:\/\/dges-sal.infd.edu.ar\/sitio\/wp-content\/uploads\/2021\/08\/El-salvaje-metropolitano-imagen.jpg\" alt=\"\"><\/a><\/td><td class=\"has-text-align-center\" data-align=\"center\"><strong>El Salvaje metropolitano<\/strong><br><br><a href=\"https:\/\/dges-sal.infd.edu.ar\/sitio\/wp-content\/uploads\/2021\/08\/El-salvaje-metropolitano.pdf\">Descargar Archivo, hacer clic aqui..<\/a><\/td><\/tr><tr><td class=\"has-text-align-center\" data-align=\"center\"><strong>El ojo ilustrado<\/strong><br><br><a href=\"https:\/\/drive.google.com\/file\/d\/1Bjq5watgDamB0LO3KlLzWyZhc8BO3zke\/view?usp=sharing\" target=\"_blank\" rel=\"noreferrer noopener\">Descargar Archivo, hacer clic aqui..<\/a><br><\/td><td class=\"has-text-align-center\" data-align=\"center\"><a href=\"https:\/\/drive.google.com\/file\/d\/1Bjq5watgDamB0LO3KlLzWyZhc8BO3zke\/view?usp=sharing\" target=\"_blank\" rel=\"noreferrer noopener\"><img decoding=\"async\" loading=\"lazy\" width=\"353\" height=\"499\" class=\"wp-image-6716\" style=\"width: 150px;\" src=\"https:\/\/dges-sal.infd.edu.ar\/sitio\/wp-content\/uploads\/2021\/08\/El-ojo-ilustrado-imagen.jpg\" alt=\"\"><\/a><\/td><\/tr><\/tbody><\/table><figcaption><strong>VIDEOTECA DE INVESTIGACI\u00d3N<\/strong><\/figcaption><\/figure>\n\n\n\n<figure class=\"wp-block-embed is-type-video is-provider-youtube wp-block-embed-youtube wp-embed-aspect-16-9 wp-has-aspect-ratio\"><div class=\"wp-block-embed__wrapper\">\n<iframe loading=\"lazy\" title=\"Investigaci\u00f3n\" width=\"1200\" height=\"675\" src=\"https:\/\/www.youtube.com\/embed\/y3ql2LZYwwQ?feature=oembed\" frameborder=\"0\" allow=\"accelerometer; autoplay; clipboard-write; encrypted-media; gyroscope; picture-in-picture\" allowfullscreen><\/iframe>\n<\/div><\/figure>\n\n\n\n<p><\/p>\n","protected":false},"excerpt":{"rendered":"<p>PRORROGA DE PRESENTACION: HASTA EL 31 DE AGOSTO Proyectos de Investigaci\u00f3n de Institutos Superiores de Formaci\u00f3n Docente El Instituto Nacional de Formaci\u00f3n Docente (INFoD) propone fomentar la funci\u00f3n de investigaci\u00f3n en el nivel Superior y en los Institutos Superiores de Formaci\u00f3n Docente (ISFD) a partir de la producci\u00f3n de conocimiento en \u00e1reas de vacancia como &#8230; <a title=\"Convocatoria 2021\" class=\"read-more\" href=\"https:\/\/dges-sal.infd.edu.ar\/sitio\/convocatoria-2021\/\" aria-label=\"More on Convocatoria 2021\">[+]<\/a><\/p>\n","protected":false},"author":1992,"featured_media":0,"parent":0,"menu_order":0,"comment_status":"closed","ping_status":"closed","template":"","meta":[],"acf":[],"_links":{"self":[{"href":"https:\/\/dges-sal.infd.edu.ar\/sitio\/wp-json\/wp\/v2\/pages\/6706"}],"collection":[{"href":"https:\/\/dges-sal.infd.edu.ar\/sitio\/wp-json\/wp\/v2\/pages"}],"about":[{"href":"https:\/\/dges-sal.infd.edu.ar\/sitio\/wp-json\/wp\/v2\/types\/page"}],"author":[{"embeddable":true,"href":"https:\/\/dges-sal.infd.edu.ar\/sitio\/wp-json\/wp\/v2\/users\/1992"}],"replies":[{"embeddable":true,"href":"https:\/\/dges-sal.infd.edu.ar\/sitio\/wp-json\/wp\/v2\/comments?post=6706"}],"version-history":[{"count":20,"href":"https:\/\/dges-sal.infd.edu.ar\/sitio\/wp-json\/wp\/v2\/pages\/6706\/revisions"}],"predecessor-version":[{"id":6777,"href":"https:\/\/dges-sal.infd.edu.ar\/sitio\/wp-json\/wp\/v2\/pages\/6706\/revisions\/6777"}],"wp:attachment":[{"href":"https:\/\/dges-sal.infd.edu.ar\/sitio\/wp-json\/wp\/v2\/media?parent=6706"}],"curies":[{"name":"wp","href":"https:\/\/api.w.org\/{rel}","templated":true}]}}