{"id":6318,"date":"2021-01-26T19:08:56","date_gmt":"2021-01-26T22:08:56","guid":{"rendered":"https:\/\/dges-sal.infd.edu.ar\/sitio\/?page_id=6318"},"modified":"2022-03-22T20:26:44","modified_gmt":"2022-03-22T23:26:44","slug":"designaciones-a-termino-hs-catedras","status":"publish","type":"page","link":"https:\/\/dges-sal.infd.edu.ar\/sitio\/designaciones-a-termino-hs-catedras\/","title":{"rendered":"Designaciones a T\u00e9rmino Hs C\u00e1tedras"},"content":{"rendered":"<table>\n<tbody>\n<tr>\n<td width=\"342\">\n<p><span style=\"color: #0000ff;\"><strong>Unidad Curricular\/curso y divisi\u00f3n\/Carga Horaria\/R\u00e9gimen\/Horario\/Turno<\/strong><\/span><\/p>\n<\/td>\n<td width=\"252\">\n<p><span style=\"color: #0000ff;\"><strong>Carrera y Normativa de aprobaci\u00f3n de Dise\u00f1o Curricular<\/strong><\/span><\/p>\n<\/td>\n<td width=\"269\">\n<p><span style=\"color: #0000ff;\"><strong>Establecimiento\/ Domicilio<\/strong><\/span><\/p>\n<\/td>\n<td width=\"280\">\n<p><span style=\"color: #0000ff;\"><strong>Inscripci\u00f3n: fecha, Horario y lugar<\/strong><\/span><\/p>\n<\/td>\n<td width=\"158\">\n<p><span style=\"color: #0000ff;\"><strong>Convocatoria<\/strong><\/span><\/p>\n<\/td>\n<\/tr>\n<tr>\n<td width=\"342\">\n<p><strong>EDI I: Laboratorio de Ciencias<\/strong><\/p>\n<p>\u00a0<\/p>\n<p>3\u00b0 A\u00f1o 1\u00b0 Divisi\u00f3n<\/p>\n<p>4 hs c\u00e1tedras\/ 1er Cuatrimestre<\/p>\n<p>Mi\u00e9rcoles: 18:20 a 19 Jueves: 20:20 a 21:40<\/p>\n<p>Vespertino<\/p>\n<\/td>\n<td width=\"252\">\n<p><strong>Profesorado de Educaci\u00f3n Primaria<\/strong><\/p>\n<p><strong>R.M.N\u00b0 \u00a0<\/strong><u><a href=\"https:\/\/dges-sal.infd.edu.ar\/aula\/archivos\/repositorio\/500\/610\/Res._1229-19_PEP.pdf\">1229\/19<\/a><\/u><\/p>\n<p><strong>\u00a0<\/strong><\/p>\n<\/td>\n<td width=\"269\">\n<p>Instituto de Educaci\u00f3n Superior N\u00b0 6009<\/p>\n<p>\u00a0<\/p>\n<p>Rivadavia N\u00ba 80<\/p>\n<p>\u00a0<\/p>\n<p>Cafayate<\/p>\n<\/td>\n<td width=\"280\">\n<p>23 y 25 de Marzo de 2022<\/p>\n<p>De 19:00 a 22:00<\/p>\n<p>\u00a0<\/p>\n<p>Rivadavia N\u00ba 80<\/p>\n<p>\u00a0<\/p>\n<p>Cafayate<\/p>\n<\/td>\n<td width=\"158\">\n<p><strong><a href=\"https:\/\/dges-sal.infd.edu.ar\/sitio\/wp-content\/uploads\/2022\/03\/6009-CONVOCATORIA-A-COBERTURA-DE-UNIDADES-CURRICULARES-Marzo-2022.pdf\">AQU\u00cd<\/a><\/strong><\/p>\n<\/td>\n<\/tr>\n<tr>\n<td width=\"342\">\n<p><strong>Sujeto de la Educaci\u00f3n Especial<\/strong><\/p>\n<p><strong>\u00a0<\/strong><\/p>\n<p>1\u00b0 A\u00f1o 1\u00b0 Divisi\u00f3n<\/p>\n<p>4 hs c\u00e1tedras\/ Anual<\/p>\n<p>Martes: 21 a 21:40 Viernes: 19:40 a 21:40<\/p>\n<p>Vespertino<\/p>\n<\/td>\n<td width=\"252\">\n<p><strong>Profesorado de Educaci\u00f3n Especial con Orientaci\u00f3n en Discapacidad Intelectual<\/strong><\/p>\n<p><strong>R.M.N\u00b0 <\/strong><u><a href=\"https:\/\/dges-sal.infd.edu.ar\/aula\/archivos\/repositorio\/500\/731\/Res._4273-19_Profesorado_de_Educacion_Especial_con_Orientacient.pdf\">4273\/19<\/a><\/u><\/p>\n<p><strong>\u00a0<\/strong><\/p>\n<\/td>\n<td width=\"269\">\n<p>Instituto de Educaci\u00f3n Superior N\u00b0 6009<\/p>\n<p>\u00a0<\/p>\n<p>Rivadavia N\u00ba 80<\/p>\n<p>\u00a0<\/p>\n<p>Cafayate<\/p>\n<\/td>\n<td width=\"280\">\n<p>23 y 25 de Marzo de 2022<\/p>\n<p>De 19:00 a 22:00<\/p>\n<p>\u00a0<\/p>\n<p>Rivadavia N\u00ba 80<\/p>\n<p>\u00a0<\/p>\n<p>Cafayate<\/p>\n<\/td>\n<td width=\"158\">\n<p><strong><a href=\"https:\/\/dges-sal.infd.edu.ar\/sitio\/wp-content\/uploads\/2022\/03\/6009-CONVOCATORIA-A-COBERTURA-DE-UNIDADES-CURRICULARES-Marzo-2022.pdf\">AQU\u00cd<\/a><\/strong><\/p>\n<\/td>\n<\/tr>\n<tr>\n<td width=\"342\">\n<p><strong>Pr\u00e1ctica Docente III: Pr\u00e1ctica de la Ense\u00f1anza<\/strong><\/p>\n<p>\u00a0<\/p>\n<p>3\u00b0 A\u00f1o 1\u00b0 Divisi\u00f3n<\/p>\n<p>7 hs c\u00e1tedras\/ Anual<\/p>\n<p>03 hs c\u00e1t. Institucionales Martes de 19 a 21 04 hs c\u00e1t. de acompa\u00f1amiento<\/p>\n<p>Vespertino<\/p>\n<\/td>\n<td width=\"252\">\n<p><strong>Profesorado de Educaci\u00f3n Especial con Orientaci\u00f3n en Discapacidad Intelectual<\/strong><\/p>\n<p><strong>R.M.N\u00b0 <\/strong><u><a href=\"https:\/\/dges-sal.infd.edu.ar\/aula\/archivos\/repositorio\/500\/731\/Res._4273-19_Profesorado_de_Educacion_Especial_con_Orientacient.pdf\">4273\/19<\/a><\/u><\/p>\n<p><strong>\u00a0<\/strong><\/p>\n<\/td>\n<td width=\"269\">\n<p>Instituto de Educaci\u00f3n Superior N\u00b0 6009<\/p>\n<p>\u00a0<\/p>\n<p>Rivadavia N\u00ba 80<\/p>\n<p>\u00a0<\/p>\n<p>Cafayate<\/p>\n<\/td>\n<td width=\"280\">\n<p>23 y 25 de Marzo de 2022<\/p>\n<p>De 19:00 a 22:00<\/p>\n<p>\u00a0<\/p>\n<p>Rivadavia N\u00ba 80<\/p>\n<p>\u00a0<\/p>\n<p>Cafayate<\/p>\n<\/td>\n<td width=\"158\">\n<p><strong><a href=\"https:\/\/dges-sal.infd.edu.ar\/sitio\/wp-content\/uploads\/2022\/03\/6009-CONVOCATORIA-A-COBERTURA-DE-UNIDADES-CURRICULARES-Marzo-2022.pdf\">AQU\u00cd<\/a><\/strong><\/p>\n<\/td>\n<\/tr>\n<tr>\n<td width=\"342\">\n<p><strong>\u00a0<\/strong><\/p>\n<p><strong>T\u00e9cnicas Textiles I<\/strong><\/p>\n<p><strong>\u00a0<\/strong><\/p>\n<p>1\u00b0 A\u00f1o 1\u00b0 Divisi\u00f3n<\/p>\n<p>3 hs c\u00e1tedras\/ Anual<\/p>\n<p>\u00a0<\/p>\n<\/td>\n<td width=\"252\">\n<p><strong>\u00a0<\/strong><\/p>\n<p><strong>Tecnicatura Superior en Arte Textil e Indumentaria<\/strong><\/p>\n<p><strong>R.M.N\u00b0\u00a0 <\/strong><strong><u><a href=\"http:\/\/dges.sal.infd.edu.ar\/sitio\/upload\/Resoluci%F3n_360-05_TSATex_e_Indum.pdf\">360\/05<\/a><\/u><\/strong><\/p>\n<p>\u00a0<\/p>\n<\/td>\n<td width=\"269\">\n<p>Instituto Superior\u00a0 de Formaci\u00f3n Docente N\u00b0 6.015 &#8211; Extensi\u00f3n \u00c1ulica Misi\u00f3n Chaque\u00f1a<\/p>\n<p>\u00a0<\/p>\n<\/td>\n<td width=\"280\">\n<p>23 y 25 de Marzo de 2022<\/p>\n<p>De 19:30 a 21:00<\/p>\n<p>En el Instituto Sede de la Localidad de Embarcaci\u00f3n Sito en Hip\u00f3lito Irigoyen esq. San Luis<\/p>\n<p>\u00a0<\/p>\n<\/td>\n<td width=\"158\">\n<p><strong><a href=\"https:\/\/dges-sal.infd.edu.ar\/sitio\/wp-content\/uploads\/2022\/03\/CONVOCATORIA-TEXTIL-2022.pdf\">AQU\u00cd<\/a><\/strong><\/p>\n<\/td>\n<\/tr>\n<tr>\n<td width=\"342\">\n<p><strong>Laboratorio de Tintes y Materiales I<\/strong><\/p>\n<p><strong>\u00a0<\/strong><\/p>\n<p>1\u00b0 A\u00f1o 1\u00b0 Divisi\u00f3n<\/p>\n<p>2 hs c\u00e1tedras\/ Anual<\/p>\n<p>\u00a0<\/p>\n<p>\u00a0<\/p>\n<p>\u00a0<\/p>\n<\/td>\n<td width=\"252\">\n<p><strong>\u00a0<\/strong><\/p>\n<p><strong>Tecnicatura Superior en Arte Textil e Indumentaria<\/strong><\/p>\n<p><strong>R.M.N\u00b0\u00a0 <\/strong><strong><u><a href=\"http:\/\/dges.sal.infd.edu.ar\/sitio\/upload\/Resoluci%F3n_360-05_TSATex_e_Indum.pdf\">360\/05<\/a><\/u><\/strong><\/p>\n<p>\u00a0<\/p>\n<\/td>\n<td width=\"269\">\n<p>Instituto Superior\u00a0 de Formaci\u00f3n Docente N\u00b0 6.015 &#8211; Extensi\u00f3n \u00c1ulica Misi\u00f3n Chaque\u00f1a<\/p>\n<p>\u00a0<\/p>\n<\/td>\n<td width=\"280\">\n<p>23 y 25 de Marzo de 2022<\/p>\n<p>De 19:30 a 21:00<\/p>\n<p>En el Instituto Sede de la Localidad de Embarcaci\u00f3n Sito en Hip\u00f3lito Irigoyen esq. San Luis<\/p>\n<p>\u00a0<\/p>\n<\/td>\n<td width=\"158\">\n<p><strong><a href=\"https:\/\/dges-sal.infd.edu.ar\/sitio\/wp-content\/uploads\/2022\/03\/CONVOCATORIA-TEXTIL-2022.pdf\">AQU\u00cd<\/a><\/strong><\/p>\n<\/td>\n<\/tr>\n<tr>\n<td width=\"342\">\n<p><strong>Producci\u00f3n textil I<\/strong><\/p>\n<p><strong>\u00a0<\/strong><\/p>\n<p>1\u00b0 A\u00f1o 1\u00b0 Divisi\u00f3n<\/p>\n<p>4 hs c\u00e1tedras\/ Anual<\/p>\n<p>\u00a0<\/p>\n<p>\u00a0<\/p>\n<\/td>\n<td width=\"252\">\n<p><strong>\u00a0<\/strong><\/p>\n<p><strong>Tecnicatura Superior en Arte Textil e Indumentaria<\/strong><\/p>\n<p><strong>R.M.N\u00b0\u00a0 <\/strong><strong><u><a href=\"http:\/\/dges.sal.infd.edu.ar\/sitio\/upload\/Resoluci%F3n_360-05_TSATex_e_Indum.pdf\">360\/05<\/a><\/u><\/strong><\/p>\n<p>\u00a0<\/p>\n<\/td>\n<td width=\"269\">\n<p>Instituto Superior\u00a0 de Formaci\u00f3n Docente N\u00b0 6.015 &#8211; Extensi\u00f3n \u00c1ulica Misi\u00f3n Chaque\u00f1a<\/p>\n<p>\u00a0<\/p>\n<\/td>\n<td width=\"280\">\n<p>23 y 25 de Marzo de 2022<\/p>\n<p>De 19:30 a 21:00<\/p>\n<p>En el Instituto Sede de la Localidad de Embarcaci\u00f3n Sito en Hip\u00f3lito Irigoyen esq. San Luis<\/p>\n<p>\u00a0<\/p>\n<\/td>\n<td width=\"158\">\n<p><strong><a href=\"https:\/\/dges-sal.infd.edu.ar\/sitio\/wp-content\/uploads\/2022\/03\/CONVOCATORIA-TEXTIL-2022.pdf\">AQU\u00cd<\/a><\/strong><\/p>\n<\/td>\n<\/tr>\n<tr>\n<td width=\"342\">\n<p><strong>Historia del Arte I<\/strong><\/p>\n<p><strong>\u00a0<\/strong><\/p>\n<p>1\u00b0 A\u00f1o 1\u00b0 Divisi\u00f3n<\/p>\n<p>4 hs c\u00e1tedras\/ Anual<\/p>\n<p>\u00a0<\/p>\n<p>\u00a0<\/p>\n<\/td>\n<td width=\"252\">\n<p><strong>\u00a0<\/strong><\/p>\n<p><strong>Tecnicatura Superior en Arte Textil e Indumentaria<\/strong><\/p>\n<p><strong>R.M.N\u00b0\u00a0 <\/strong><strong><u><a href=\"http:\/\/dges.sal.infd.edu.ar\/sitio\/upload\/Resoluci%F3n_360-05_TSATex_e_Indum.pdf\">360\/05<\/a><\/u><\/strong><\/p>\n<p>\u00a0<\/p>\n<\/td>\n<td width=\"269\">\n<p>Instituto Superior\u00a0 de Formaci\u00f3n Docente N\u00b0 6.015 &#8211; Extensi\u00f3n \u00c1ulica Misi\u00f3n Chaque\u00f1a<\/p>\n<p>\u00a0<\/p>\n<\/td>\n<td width=\"280\">\n<p>23 y 25 de Marzo de 2022<\/p>\n<p>De 19:30 a 21:00<\/p>\n<p>En el Instituto Sede de la Localidad de Embarcaci\u00f3n Sito en Hip\u00f3lito Irigoyen esq. San Luis<\/p>\n<p>\u00a0<\/p>\n<\/td>\n<td width=\"158\">\n<p><strong><a href=\"https:\/\/dges-sal.infd.edu.ar\/sitio\/wp-content\/uploads\/2022\/03\/CONVOCATORIA-TEXTIL-2022.pdf\">AQU\u00cd<\/a><\/strong><\/p>\n<\/td>\n<\/tr>\n<tr>\n<td width=\"342\">\n<p><strong>Lenguaje Visual I<\/strong><\/p>\n<p><strong>\u00a0<\/strong><\/p>\n<p>1\u00b0 A\u00f1o 1\u00b0 Divisi\u00f3n<\/p>\n<p>3 hs c\u00e1tedras\/ Anual<\/p>\n<p>\u00a0<\/p>\n<p>\u00a0<\/p>\n<\/td>\n<td width=\"252\">\n<p><strong>\u00a0<\/strong><\/p>\n<p><strong>Tecnicatura Superior en Arte Textil e Indumentaria<\/strong><\/p>\n<p><strong>R.M.N\u00b0\u00a0 <\/strong><strong><u><a href=\"http:\/\/dges.sal.infd.edu.ar\/sitio\/upload\/Resoluci%F3n_360-05_TSATex_e_Indum.pdf\">360\/05<\/a><\/u><\/strong><\/p>\n<p>\u00a0<\/p>\n<\/td>\n<td width=\"269\">\n<p>Instituto Superior\u00a0 de Formaci\u00f3n Docente N\u00b0 6.015 &#8211; Extensi\u00f3n \u00c1ulica Misi\u00f3n Chaque\u00f1a<\/p>\n<p>\u00a0<\/p>\n<\/td>\n<td width=\"280\">\n<p>23 y 25 de Marzo de 2022<\/p>\n<p>De 19:30 a 21:00<\/p>\n<p>En el Instituto Sede de la Localidad de Embarcaci\u00f3n Sito en Hip\u00f3lito Irigoyen esq. San Luis<\/p>\n<p>\u00a0<\/p>\n<\/td>\n<td width=\"158\">\n<p><strong><a href=\"https:\/\/dges-sal.infd.edu.ar\/sitio\/wp-content\/uploads\/2022\/03\/CONVOCATORIA-TEXTIL-2022.pdf\">AQU\u00cd<\/a><\/strong><\/p>\n<\/td>\n<\/tr>\n<tr>\n<td width=\"342\">\n<p><strong>Dise\u00f1o Textil I<\/strong><\/p>\n<p><strong>\u00a0<\/strong><\/p>\n<p>1\u00b0 A\u00f1o 1\u00b0 Divisi\u00f3n<\/p>\n<p>4 hs c\u00e1tedras\/ Anual<\/p>\n<p>\u00a0<\/p>\n<p>\u00a0<\/p>\n<\/td>\n<td width=\"252\">\n<p><strong>\u00a0<\/strong><\/p>\n<p><strong>Tecnicatura Superior en Arte Textil e Indumentaria<\/strong><\/p>\n<p><strong>R.M.N\u00b0\u00a0 <\/strong><strong><u><a href=\"http:\/\/dges.sal.infd.edu.ar\/sitio\/upload\/Resoluci%F3n_360-05_TSATex_e_Indum.pdf\">360\/05<\/a><\/u><\/strong><\/p>\n<p>\u00a0<\/p>\n<\/td>\n<td width=\"269\">\n<p>Instituto Superior\u00a0 de Formaci\u00f3n Docente N\u00b0 6.015 &#8211; Extensi\u00f3n \u00c1ulica Misi\u00f3n Chaque\u00f1a<\/p>\n<p>\u00a0<\/p>\n<\/td>\n<td width=\"280\">\n<p>23 y 25 de Marzo de 2022<\/p>\n<p>De 19:30 a 21:00<\/p>\n<p>En el Instituto Sede de la Localidad de Embarcaci\u00f3n Sito en Hip\u00f3lito Irigoyen esq. San Luis<\/p>\n<p>\u00a0<\/p>\n<\/td>\n<td width=\"158\">\n<p><strong><a href=\"https:\/\/dges-sal.infd.edu.ar\/sitio\/wp-content\/uploads\/2022\/03\/CONVOCATORIA-TEXTIL-2022.pdf\">AQU\u00cd<\/a><\/strong><\/p>\n<\/td>\n<\/tr>\n<tr>\n<td width=\"342\">\n<p><strong>Lengua y Cultura Ind\u00edgena I: Fortalecimiento de la Oralidad<\/strong><\/p>\n<p><strong>\u00a0<\/strong><\/p>\n<p>1\u00b0 A\u00f1o 1\u00b0 Divisi\u00f3n<\/p>\n<p>2 hs c\u00e1tedras\/ Anual<\/p>\n<p><strong>\u00a0<\/strong><\/p>\n<p>\u00a0<\/p>\n<p>\u00a0<\/p>\n<\/td>\n<td width=\"252\">\n<p>Tecnicatura Superior en Enfermer\u00eda Intercultural Biling\u00fce<\/p>\n<p><strong><u><a href=\"https:\/\/saltaeducs.files.wordpress.com\/2022\/02\/res.-conjunta-091-22-meccyt-y-162-22-msp-ts-en-enfermeria-ib.pdf\">Res. Conjunta 091-22 MECCyT y 162-22 MSP <\/a><\/u><\/strong><\/p>\n<p>\u00a0<\/p>\n<\/td>\n<td width=\"269\">\n<p>Instituto Superior\u00a0 de Formaci\u00f3n Docente N\u00b0 6.015 &#8211; Extensi\u00f3n \u00c1ulica Carboncito<\/p>\n<p>\u00a0<\/p>\n<\/td>\n<td width=\"280\">\n<p>23 y 25 de Marzo de 2022<\/p>\n<p>De 19:30 a 21:00<\/p>\n<p>En el Instituto Sede de la Localidad de Embarcaci\u00f3n Sito en Hip\u00f3lito Irigoyen esq. San Luis<\/p>\n<p>\u00a0<\/p>\n<\/td>\n<td width=\"158\">\n<p><strong><a href=\"https:\/\/dges-sal.infd.edu.ar\/sitio\/wp-content\/uploads\/2022\/03\/CONVOCATORIA-ENFERMERIA2022.pdf\">AQU\u00cd<\/a><\/strong><\/p>\n<\/td>\n<\/tr>\n<tr>\n<td width=\"342\">\n<p>\u00a0<\/p>\n<p><strong>Psicolog\u00eda<\/strong><\/p>\n<p><strong>\u00a0<\/strong><\/p>\n<p>1\u00b0 A\u00f1o 1\u00b0 Divisi\u00f3n<\/p>\n<p>2 hs c\u00e1tedras\/ Anual<\/p>\n<p>\u00a0<\/p>\n<p>\u00a0<\/p>\n<\/td>\n<td width=\"252\">\n<p>Tecnicatura Superior en Enfermer\u00eda Intercultural Biling\u00fce<\/p>\n<p><strong><u><a href=\"https:\/\/saltaeducs.files.wordpress.com\/2022\/02\/res.-conjunta-091-22-meccyt-y-162-22-msp-ts-en-enfermeria-ib.pdf\">Res. Conjunta 091-22 MECCyT y 162-22 MSP <\/a><\/u><\/strong><\/p>\n<p>\u00a0<\/p>\n<\/td>\n<td width=\"269\">\n<p>Instituto Superior\u00a0 de Formaci\u00f3n Docente N\u00b0 6.015 &#8211; Extensi\u00f3n \u00c1ulica Carboncito<\/p>\n<p>\u00a0<\/p>\n<\/td>\n<td width=\"280\">\n<p>23 y 25 de Marzo de 2022<\/p>\n<p>De 19:30 a 21:00<\/p>\n<p>En el Instituto Sede de la Localidad de Embarcaci\u00f3n Sito en Hip\u00f3lito Irigoyen esq. San Luis<\/p>\n<p>\u00a0<\/p>\n<\/td>\n<td width=\"158\">\n<p><strong><a href=\"https:\/\/dges-sal.infd.edu.ar\/sitio\/wp-content\/uploads\/2022\/03\/CONVOCATORIA-ENFERMERIA2022.pdf\">AQU\u00cd<\/a><\/strong><\/p>\n<\/td>\n<\/tr>\n<tr>\n<td width=\"342\">\n<p>\u00a0<\/p>\n<p><strong>\u00c9tica y Deontolog\u00eda<\/strong><\/p>\n<p><strong>\u00a0<\/strong><\/p>\n<p>1\u00b0 A\u00f1o 1\u00b0 Divisi\u00f3n<\/p>\n<p>5 hs c\u00e1tedras\/ 1er Cuatrimestre<\/p>\n<p>\u00a0<\/p>\n<p>\u00a0<\/p>\n<\/td>\n<td width=\"252\">\n<p>Tecnicatura Superior en Enfermer\u00eda Intercultural Biling\u00fce<\/p>\n<p><strong><u><a href=\"https:\/\/saltaeducs.files.wordpress.com\/2022\/02\/res.-conjunta-091-22-meccyt-y-162-22-msp-ts-en-enfermeria-ib.pdf\">Res. Conjunta 091-22 MECCyT y 162-22 MSP <\/a><\/u><\/strong><\/p>\n<p>\u00a0<\/p>\n<\/td>\n<td width=\"269\">\n<p>Instituto Superior\u00a0 de Formaci\u00f3n Docente N\u00b0 6.015 &#8211; Extensi\u00f3n \u00c1ulica Carboncito<\/p>\n<p>\u00a0<\/p>\n<\/td>\n<td width=\"280\">\n<p>23 y 25 de Marzo de 2022<\/p>\n<p>De 19:30 a 21:00<\/p>\n<p>En el Instituto Sede de la Localidad de Embarcaci\u00f3n Sito en Hip\u00f3lito Irigoyen esq. San Luis<\/p>\n<p>\u00a0<\/p>\n<\/td>\n<td width=\"158\">\n<p><strong><a href=\"https:\/\/dges-sal.infd.edu.ar\/sitio\/wp-content\/uploads\/2022\/03\/CONVOCATORIA-ENFERMERIA2022.pdf\">AQU\u00cd<\/a><\/strong><\/p>\n<\/td>\n<\/tr>\n<tr>\n<td width=\"342\">\n<p><strong>F\u00edsica y Qu\u00edmica aplicada a la Enfermer\u00eda<\/strong><\/p>\n<p>\u00a0<\/p>\n<p>1\u00b0 A\u00f1o 1\u00b0 Divisi\u00f3n<\/p>\n<p>4 hs c\u00e1tedras\/ Anual<\/p>\n<p>\u00a0<\/p>\n<p>\u00a0<\/p>\n<\/td>\n<td width=\"252\">\n<p>Tecnicatura Superior en Enfermer\u00eda Intercultural Biling\u00fce<\/p>\n<p><strong><u><a href=\"https:\/\/saltaeducs.files.wordpress.com\/2022\/02\/res.-conjunta-091-22-meccyt-y-162-22-msp-ts-en-enfermeria-ib.pdf\">Res. Conjunta 091-22 MECCyT y 162-22 MSP <\/a><\/u><\/strong><\/p>\n<p>\u00a0<\/p>\n<\/td>\n<td width=\"269\">\n<p>Instituto Superior\u00a0 de Formaci\u00f3n Docente N\u00b0 6.015 &#8211; Extensi\u00f3n \u00c1ulica Carboncito<\/p>\n<p>\u00a0<\/p>\n<\/td>\n<td width=\"280\">\n<p>23 y 25 de Marzo de 2022<\/p>\n<p>De 19:30 a 21:00<\/p>\n<p>En el Instituto Sede de la Localidad de Embarcaci\u00f3n Sito en Hip\u00f3lito Irigoyen esq. San Luis<\/p>\n<p>\u00a0<\/p>\n<\/td>\n<td width=\"158\">\n<p><strong><a href=\"https:\/\/dges-sal.infd.edu.ar\/sitio\/wp-content\/uploads\/2022\/03\/CONVOCATORIA-ENFERMERIA2022.pdf\">AQU\u00cd<\/a><\/strong><\/p>\n<\/td>\n<\/tr>\n<tr>\n<td width=\"342\">\n<p>\u00a0<\/p>\n<p><strong>Saberes y Conocimientos Tradicionales en el Campo de la Salud<\/strong><\/p>\n<p>\u00a0<\/p>\n<p>1\u00b0 A\u00f1o 1\u00b0 Divisi\u00f3n<\/p>\n<p>4 hs c\u00e1tedras\/ 2do Cuatrimestre<\/p>\n<p>\u00a0<\/p>\n<\/td>\n<td width=\"252\">\n<p>Tecnicatura Superior en Enfermer\u00eda Intercultural Biling\u00fce<\/p>\n<p><strong><u><a href=\"https:\/\/saltaeducs.files.wordpress.com\/2022\/02\/res.-conjunta-091-22-meccyt-y-162-22-msp-ts-en-enfermeria-ib.pdf\">Res. Conjunta 091-22 MECCyT y 162-22 MSP <\/a><\/u><\/strong><\/p>\n<p>\u00a0<\/p>\n<\/td>\n<td width=\"269\">\n<p>Instituto Superior\u00a0 de Formaci\u00f3n Docente N\u00b0 6.015 &#8211; Extensi\u00f3n \u00c1ulica Carboncito<\/p>\n<p>\u00a0<\/p>\n<\/td>\n<td width=\"280\">\n<p>23 y 25 de Marzo de 2022<\/p>\n<p>De 19:30 a 21:00<\/p>\n<p>En el Instituto Sede de la Localidad de Embarcaci\u00f3n Sito en Hip\u00f3lito Irigoyen esq. San Luis<\/p>\n<p>\u00a0<\/p>\n<\/td>\n<td width=\"158\">\n<p><strong><a href=\"https:\/\/dges-sal.infd.edu.ar\/sitio\/wp-content\/uploads\/2022\/03\/CONVOCATORIA-ENFERMERIA2022.pdf\">AQU\u00cd<\/a><\/strong><\/p>\n<\/td>\n<\/tr>\n<tr>\n<td width=\"342\">\n<p>\u00a0<\/p>\n<p><strong>Fundamento de la Enfermer\u00eda<\/strong><\/p>\n<p><strong>\u00a0<\/strong><\/p>\n<p>1\u00b0 A\u00f1o 1\u00b0 Divisi\u00f3n<\/p>\n<p>4 hs c\u00e1tedras\/ Anual<\/p>\n<p>\u00a0<\/p>\n<\/td>\n<td width=\"252\">\n<p>Tecnicatura Superior en Enfermer\u00eda Intercultural Biling\u00fce<\/p>\n<p><strong><u><a href=\"https:\/\/saltaeducs.files.wordpress.com\/2022\/02\/res.-conjunta-091-22-meccyt-y-162-22-msp-ts-en-enfermeria-ib.pdf\">Res. Conjunta 091-22 MECCyT y 162-22 MSP <\/a><\/u><\/strong><\/p>\n<p>\u00a0<\/p>\n<\/td>\n<td width=\"269\">\n<p>Instituto Superior\u00a0 de Formaci\u00f3n Docente N\u00b0 6.015 &#8211; Extensi\u00f3n \u00c1ulica Carboncito<\/p>\n<p>\u00a0<\/p>\n<\/td>\n<td width=\"280\">\n<p>23 y 25 de Marzo de 2022<\/p>\n<p>De 19:30 a 21:00<\/p>\n<p>En el Instituto Sede de la Localidad de Embarcaci\u00f3n Sito en Hip\u00f3lito Irigoyen esq. San Luis<\/p>\n<p>\u00a0<\/p>\n<\/td>\n<td width=\"158\">\n<p><strong><a href=\"https:\/\/dges-sal.infd.edu.ar\/sitio\/wp-content\/uploads\/2022\/03\/CONVOCATORIA-ENFERMERIA2022.pdf\">AQU\u00cd<\/a><\/strong><\/p>\n<\/td>\n<\/tr>\n<tr>\n<td width=\"342\">\n<p><strong>Salud P\u00fablica<\/strong><\/p>\n<p><strong>\u00a0<\/strong><\/p>\n<p>1\u00b0 A\u00f1o 1\u00b0 Divisi\u00f3n<\/p>\n<p>4 hs c\u00e1tedras\/ 1er Cuatrimestre<\/p>\n<p>\u00a0<\/p>\n<\/td>\n<td width=\"252\">\n<p>Tecnicatura Superior en Enfermer\u00eda Intercultural Biling\u00fce<\/p>\n<p><strong><u><a href=\"https:\/\/saltaeducs.files.wordpress.com\/2022\/02\/res.-conjunta-091-22-meccyt-y-162-22-msp-ts-en-enfermeria-ib.pdf\">Res. Conjunta 091-22 MECCyT y 162-22 MSP <\/a><\/u><\/strong><\/p>\n<p>\u00a0<\/p>\n<\/td>\n<td width=\"269\">\n<p>Instituto Superior\u00a0 de Formaci\u00f3n Docente N\u00b0 6.015 &#8211; Extensi\u00f3n \u00c1ulica Carboncito<\/p>\n<p>\u00a0<\/p>\n<\/td>\n<td width=\"280\">\n<p>23 y 25 de Marzo de 2022<\/p>\n<p>De 19:30 a 21:00<\/p>\n<p>En el Instituto Sede de la Localidad de Embarcaci\u00f3n Sito en Hip\u00f3lito Irigoyen esq. San Luis<\/p>\n<p>\u00a0<\/p>\n<\/td>\n<td width=\"158\">\n<p><strong><a href=\"https:\/\/dges-sal.infd.edu.ar\/sitio\/wp-content\/uploads\/2022\/03\/CONVOCATORIA-ENFERMERIA2022.pdf\">AQU\u00cd<\/a><\/strong><\/p>\n<\/td>\n<\/tr>\n<tr>\n<td width=\"342\">\n<p><strong>Biolog\u00eda y Anatom\u00eda<\/strong><\/p>\n<p>\u00a0<\/p>\n<p>1\u00b0 A\u00f1o 1\u00b0 Divisi\u00f3n<\/p>\n<p>6 hs c\u00e1tedras\/ Anual<\/p>\n<p>\u00a0<\/p>\n<\/td>\n<td width=\"252\">\n<p>Tecnicatura Superior en Enfermer\u00eda Intercultural Biling\u00fce<\/p>\n<p><strong><u><a href=\"https:\/\/saltaeducs.files.wordpress.com\/2022\/02\/res.-conjunta-091-22-meccyt-y-162-22-msp-ts-en-enfermeria-ib.pdf\">Res. Conjunta 091-22 MECCyT y 162-22 MSP <\/a><\/u><\/strong><\/p>\n<p>\u00a0<\/p>\n<\/td>\n<td width=\"269\">\n<p>Instituto Superior\u00a0 de Formaci\u00f3n Docente N\u00b0 6.015 &#8211; Extensi\u00f3n \u00c1ulica Carboncito<\/p>\n<p>\u00a0<\/p>\n<\/td>\n<td width=\"280\">\n<p>23 y 25 de Marzo de 2022<\/p>\n<p>De 19:30 a 21:00<\/p>\n<p>En el Instituto Sede de la Localidad de Embarcaci\u00f3n Sito en Hip\u00f3lito Irigoyen esq. San Luis<\/p>\n<p>\u00a0<\/p>\n<\/td>\n<td width=\"158\">\n<p><strong><a href=\"https:\/\/dges-sal.infd.edu.ar\/sitio\/wp-content\/uploads\/2022\/03\/CONVOCATORIA-ENFERMERIA2022.pdf\">AQU\u00cd<\/a><\/strong><\/p>\n<\/td>\n<\/tr>\n<tr>\n<td width=\"342\">\n<p><strong>La Salud en los Derechos de los Pueblos Ind\u00edgenas<\/strong><\/p>\n<p><strong>\u00a0<\/strong><\/p>\n<p>1\u00b0 A\u00f1o 1\u00b0 Divisi\u00f3n<\/p>\n<p>4 hs c\u00e1tedras\/ 2do Cuatrimestre<\/p>\n<p>\u00a0<\/p>\n<\/td>\n<td width=\"252\">\n<p>Tecnicatura Superior en Enfermer\u00eda Intercultural Biling\u00fce<\/p>\n<p><strong><u><a href=\"https:\/\/saltaeducs.files.wordpress.com\/2022\/02\/res.-conjunta-091-22-meccyt-y-162-22-msp-ts-en-enfermeria-ib.pdf\">Res. Conjunta 091-22 MECCyT y 162-22 MSP <\/a><\/u><\/strong><\/p>\n<p>\u00a0<\/p>\n<\/td>\n<td width=\"269\">\n<p>Instituto Superior\u00a0 de Formaci\u00f3n Docente N\u00b0 6.015 &#8211; Extensi\u00f3n \u00c1ulica Carboncito<\/p>\n<p>\u00a0<\/p>\n<\/td>\n<td width=\"280\">\n<p>23 y 25 de Marzo de 2022<\/p>\n<p>De 19:30 a 21:00<\/p>\n<p>En el Instituto Sede de la Localidad de Embarcaci\u00f3n Sito en Hip\u00f3lito Irigoyen esq. San Luis<\/p>\n<p>\u00a0<\/p>\n<\/td>\n<td width=\"158\">\n<p><strong><a href=\"https:\/\/dges-sal.infd.edu.ar\/sitio\/wp-content\/uploads\/2022\/03\/CONVOCATORIA-ENFERMERIA2022.pdf\">AQU\u00cd<\/a><\/strong><\/p>\n<\/td>\n<\/tr>\n<tr>\n<td width=\"342\">\n<p><strong>Pr\u00e1ctica Profesional I: Valoraci\u00f3n General del Sujeto de Atenci\u00f3n. Procedimientos y T\u00e9cnicas B\u00e1sicas de Enfermer\u00eda<\/strong><\/p>\n<p><strong>\u00a0<\/strong><\/p>\n<p>1\u00b0 A\u00f1o 1\u00b0 Divisi\u00f3n<\/p>\n<p>9 hs c\u00e1tedras\/ Anual<\/p>\n<p>\u00a0<\/p>\n<\/td>\n<td width=\"252\">\n<p>Tecnicatura Superior en Enfermer\u00eda Intercultural Biling\u00fce<\/p>\n<p><strong><u><a href=\"https:\/\/saltaeducs.files.wordpress.com\/2022\/02\/res.-conjunta-091-22-meccyt-y-162-22-msp-ts-en-enfermeria-ib.pdf\">Res. Conjunta 091-22 MECCyT y 162-22 MSP <\/a><\/u><\/strong><\/p>\n<p>\u00a0<\/p>\n<\/td>\n<td width=\"269\">\n<p>Instituto Superior\u00a0 de Formaci\u00f3n Docente N\u00b0 6.015 &#8211; Extensi\u00f3n \u00c1ulica Carboncito<\/p>\n<p>\u00a0<\/p>\n<\/td>\n<td width=\"280\">\n<p>23 y 25 de Marzo de 2022<\/p>\n<p>De 19:30 a 21:00<\/p>\n<p>En el Instituto Sede de la Localidad de Embarcaci\u00f3n Sito en Hip\u00f3lito Irigoyen esq. San Luis<\/p>\n<p>\u00a0<\/p>\n<\/td>\n<td width=\"158\">\n<p><strong><a href=\"https:\/\/dges-sal.infd.edu.ar\/sitio\/wp-content\/uploads\/2022\/03\/CONVOCATORIA-ENFERMERIA2022.pdf\">AQU\u00cd<\/a><\/strong><\/p>\n<\/td>\n<\/tr>\n<tr>\n<td width=\"342\">\n<p><strong>T\u00e9cnico Articulador Intercultural<\/strong><\/p>\n<p>\u00a0<\/p>\n<p>1\u00b0 A\u00f1o 1\u00b0 Divisi\u00f3n<\/p>\n<p>5 hs c\u00e1tedras\/ Anual<\/p>\n<p>\u00a0<\/p>\n<\/td>\n<td width=\"252\">\n<p>Tecnicatura Superior en Enfermer\u00eda Intercultural Biling\u00fce<\/p>\n<p><strong><u><a href=\"https:\/\/saltaeducs.files.wordpress.com\/2022\/02\/res.-conjunta-091-22-meccyt-y-162-22-msp-ts-en-enfermeria-ib.pdf\">Res. Conjunta 091-22 MECCyT y 162-22 MSP <\/a><\/u><\/strong><\/p>\n<p>\u00a0<\/p>\n<\/td>\n<td width=\"269\">\n<p>Instituto Superior\u00a0 de Formaci\u00f3n Docente N\u00b0 6.015 &#8211; Extensi\u00f3n \u00c1ulica Carboncito<\/p>\n<p>\u00a0<\/p>\n<\/td>\n<td width=\"280\">\n<p>23 y 25 de Marzo de 2022<\/p>\n<p>De 19:30 a 21:00<\/p>\n<p>En el Instituto Sede de la Localidad de Embarcaci\u00f3n Sito en Hip\u00f3lito Irigoyen esq. San Luis<\/p>\n<p>\u00a0<\/p>\n<\/td>\n<td width=\"158\">\n<p><strong><a href=\"https:\/\/dges-sal.infd.edu.ar\/sitio\/wp-content\/uploads\/2022\/03\/CONVOCATORIA-ENFERMERIA2022.pdf\">AQU\u00cd<\/a><\/strong><\/p>\n<\/td>\n<\/tr>\n<\/tbody>\n<\/table>\n\n\n<p><\/p>\n","protected":false},"excerpt":{"rendered":"<p>Unidad Curricular\/curso y divisi\u00f3n\/Carga Horaria\/R\u00e9gimen\/Horario\/Turno Carrera y Normativa de aprobaci\u00f3n de Dise\u00f1o Curricular Establecimiento\/ Domicilio Inscripci\u00f3n: fecha, Horario y lugar Convocatoria EDI I: Laboratorio de Ciencias \u00a0 3\u00b0 A\u00f1o 1\u00b0 Divisi\u00f3n 4 hs c\u00e1tedras\/ 1er Cuatrimestre Mi\u00e9rcoles: 18:20 a 19 Jueves: 20:20 a 21:40 Vespertino Profesorado de Educaci\u00f3n Primaria R.M.N\u00b0 \u00a01229\/19 \u00a0 Instituto de Educaci\u00f3n &#8230; <a title=\"Designaciones a T\u00e9rmino Hs C\u00e1tedras\" class=\"read-more\" href=\"https:\/\/dges-sal.infd.edu.ar\/sitio\/designaciones-a-termino-hs-catedras\/\" aria-label=\"More on Designaciones a T\u00e9rmino Hs C\u00e1tedras\">[+]<\/a><\/p>\n","protected":false},"author":790,"featured_media":0,"parent":0,"menu_order":0,"comment_status":"closed","ping_status":"closed","template":"","meta":[],"acf":[],"_links":{"self":[{"href":"https:\/\/dges-sal.infd.edu.ar\/sitio\/wp-json\/wp\/v2\/pages\/6318"}],"collection":[{"href":"https:\/\/dges-sal.infd.edu.ar\/sitio\/wp-json\/wp\/v2\/pages"}],"about":[{"href":"https:\/\/dges-sal.infd.edu.ar\/sitio\/wp-json\/wp\/v2\/types\/page"}],"author":[{"embeddable":true,"href":"https:\/\/dges-sal.infd.edu.ar\/sitio\/wp-json\/wp\/v2\/users\/790"}],"replies":[{"embeddable":true,"href":"https:\/\/dges-sal.infd.edu.ar\/sitio\/wp-json\/wp\/v2\/comments?post=6318"}],"version-history":[{"count":6,"href":"https:\/\/dges-sal.infd.edu.ar\/sitio\/wp-json\/wp\/v2\/pages\/6318\/revisions"}],"predecessor-version":[{"id":7052,"href":"https:\/\/dges-sal.infd.edu.ar\/sitio\/wp-json\/wp\/v2\/pages\/6318\/revisions\/7052"}],"wp:attachment":[{"href":"https:\/\/dges-sal.infd.edu.ar\/sitio\/wp-json\/wp\/v2\/media?parent=6318"}],"curies":[{"name":"wp","href":"https:\/\/api.w.org\/{rel}","templated":true}]}}