{"id":5707,"date":"2020-03-13T14:59:55","date_gmt":"2020-03-13T17:59:55","guid":{"rendered":"https:\/\/dges-sal.infd.edu.ar\/sitio\/?page_id=5707"},"modified":"2020-03-13T15:14:18","modified_gmt":"2020-03-13T18:14:18","slug":"alumnos-de-la-tecnicatura-superior-en-mineria-de-campo-quijano-realizan-practicas-profesionalizantes-en-la-puna-saltena-con-la-empresa-first-quantum-minerals-ltd-corriente-argentina-s-a","status":"publish","type":"page","link":"https:\/\/dges-sal.infd.edu.ar\/sitio\/alumnos-de-la-tecnicatura-superior-en-mineria-de-campo-quijano-realizan-practicas-profesionalizantes-en-la-puna-saltena-con-la-empresa-first-quantum-minerals-ltd-corriente-argentina-s-a\/","title":{"rendered":"ALUMNOS DE LA TECNICATURA SUPERIOR EN MINER\u00cdA DE CAMPO QUIJANO REALIZAN PR\u00c1CTICAS PROFESIONALIZANTES EN LA PUNA SALTE\u00d1A CON LA EMPRESA FIRST QUANTUM MINERALS Ltd. \u2013 CORRIENTE ARGENTINA S.A."},"content":{"rendered":"<p><strong>PARTE DE PRENSA<\/strong><\/p>\n<p>Desde diciembre del a\u00f1o 2019 alumnos de la Tecnicatura de Miner\u00eda realizan pr\u00e1cticas profesionalizantes en Taca Taca, uno de los proyectos mineros m\u00e1s importantes del Pa\u00eds y tambi\u00e9n en el proyecto minero Vendaval, ambos ubicados en el Departamento los Andes, en la Puna Salte\u00f1a. Hasta el momento, un total de diez alumnos se ven beneficiados con estas pr\u00e1cticas, en las cuales participan en actividades de prospecci\u00f3n geof\u00edsica, control de perforaci\u00f3n, descripci\u00f3n de muestras, jornadas de inducci\u00f3n y capacitaci\u00f3n t\u00e9cnica y de seguridad, contando para ello con la gu\u00eda y supervisi\u00f3n de profesionales de la Empresa First Quantum \u2013 Corriente Argentina, como as\u00ed tambi\u00e9n tutores de la Instituci\u00f3n educativa.<\/p>\n<p style=\"text-align: center;\"><div id=\"metaslider-id-5709\" style=\"width: 100%; margin: 0 auto;\" class=\"ml-slider-3-33-0 metaslider metaslider-nivo metaslider-5709 ml-slider ms-theme-default\" role=\"region\" aria-roledescription=\"Slideshow\" aria-label=\"Slideshow\">\n    <div id=\"metaslider_container_5709\">\n        <div class='slider-wrapper theme-default'><div class='ribbon'><\/div><div id='metaslider_5709' class='nivoSlider'><img src=\"https:\/\/dges-sal.infd.edu.ar\/sitio\/wp-content\/uploads\/2020\/03\/PP-Taca-Taca-2020-2-466x233.jpg\" height=\"500\" width=\"1000\" title=\"PP Taca Taca 2020 (2)\" alt=\"\" class=\"slider-5709 slide-5732\" \/><img src=\"https:\/\/dges-sal.infd.edu.ar\/sitio\/wp-content\/uploads\/2020\/03\/Pr\u00e1ctica-FQM-Taca-Taca-960x479.jpg\" height=\"500\" width=\"1000\" title=\"Pr\u00e1ctica FQM Taca Taca\" alt=\"\" class=\"slider-5709 slide-5727\" \/><img src=\"https:\/\/dges-sal.infd.edu.ar\/sitio\/wp-content\/uploads\/2020\/03\/PP-Taca-Taca-2020-774x387.jpg\" height=\"500\" width=\"1000\" title=\"PP Taca Taca 2020\" alt=\"\" class=\"slider-5709 slide-5726\" \/><img src=\"https:\/\/dges-sal.infd.edu.ar\/sitio\/wp-content\/uploads\/2020\/03\/IMG-20191218-WA0129-1000x500.jpg\" height=\"500\" width=\"1000\" title=\"IMG-20191218-WA0129\" alt=\"\" class=\"slider-5709 slide-5719\" \/><img src=\"https:\/\/dges-sal.infd.edu.ar\/sitio\/wp-content\/uploads\/2020\/03\/IMG-20200114-WA0040-1000x500.jpg\" height=\"500\" width=\"1000\" title=\"IMG-20200114-WA0040\" alt=\"\" class=\"slider-5709 slide-5720\" \/><img src=\"https:\/\/dges-sal.infd.edu.ar\/sitio\/wp-content\/uploads\/2020\/03\/IMG-20200204-WA0033-1000x500.jpg\" height=\"500\" width=\"1000\" title=\"IMG-20200204-WA0033\" alt=\"\" class=\"slider-5709 slide-5721\" \/><img src=\"https:\/\/dges-sal.infd.edu.ar\/sitio\/wp-content\/uploads\/2020\/03\/IMG-20200217-WA0065-960x479.jpg\" height=\"500\" width=\"1000\" title=\"IMG-20200217-WA0065\" alt=\"\" class=\"slider-5709 slide-5722\" \/><img src=\"https:\/\/dges-sal.infd.edu.ar\/sitio\/wp-content\/uploads\/2020\/03\/PP-Taca-Taca-2019-1000x500.jpg\" height=\"500\" width=\"1000\" title=\"PP Taca Taca 2019\" alt=\"\" class=\"slider-5709 slide-5723\" \/><img src=\"https:\/\/dges-sal.infd.edu.ar\/sitio\/wp-content\/uploads\/2020\/03\/PP-Taca-Taca-2020-3-581x290.jpg\" height=\"500\" width=\"1000\" title=\"PP Taca Taca 2020 (3)\" alt=\"\" class=\"slider-5709 slide-5725\" \/><\/div><\/div>\n        \n    <\/div>\n<\/div><\/p>\n<p>De esta manera, la Empresa demuestra su compromiso y voluntad de participar e involucrarse en la realizaci\u00f3n de Pr\u00e1cticas Profesionalizantes, lo cual implica, mediante la vinculaci\u00f3n entre Educaci\u00f3n y Trabajo, garantizar la mejora continua y din\u00e1mica de la formaci\u00f3n T\u00e9cnico profesional. Cabe destacar el excelente trato y dedicaci\u00f3n que los directivos, profesionales, t\u00e9cnicos y administrativos de la Empresa First Quantum brindan a nuestros estudiantes, sumada a la dedicaci\u00f3n formativa de sus tutores, que convirtieron la pr\u00e1ctica, m\u00e1s que en una actividad pedag\u00f3gica, en una acci\u00f3n de formaci\u00f3n integral. Estas pr\u00e1cticas situadas en ambientes reales, en yacimientos mineros ubicados en el coraz\u00f3n de la Puna, representan una experiencia invaluable para los futuros T\u00e9cnicos Mineros, sirviendo de est\u00edmulo para continuar sus estudios y convertirse en excelentes profesionales que cumplir\u00e1n con los exigentes est\u00e1ndares de la Industria Minera.<\/p>\n<p>Las pr\u00e1cticas se realizan en el marco del Convenio firmado entre la DGES y la C\u00e1mara de la Miner\u00eda de Salta, el cual gener\u00f3 el contexto adecuado para su concreci\u00f3n, sum\u00e1ndose a las que actualmente se est\u00e1n llevando adelante con las instituciones del Estado: Secretar\u00eda de Miner\u00eda de Salta, SEGEMAR delegaci\u00f3n Salta y con las empresas mineras Borax Argentina y Minera Santa Rita \u2013 Manufactura los Andes. Estas empresas e instituciones demuestran de esta manera un fuerte y real compromiso del sector productivo con la educaci\u00f3n de nuestros alumnos, dedicando para ello recursos econ\u00f3micos, infraestructura y el valioso tiempo de sus profesionales.<\/p>\n","protected":false},"excerpt":{"rendered":"<p>PARTE DE PRENSA Desde diciembre del a\u00f1o 2019 alumnos de la Tecnicatura de Miner\u00eda realizan pr\u00e1cticas profesionalizantes en Taca Taca, uno de los proyectos mineros m\u00e1s importantes del Pa\u00eds y tambi\u00e9n en el proyecto minero Vendaval, ambos ubicados en el Departamento los Andes, en la Puna Salte\u00f1a. Hasta el momento, un total de diez alumnos &#8230; <a title=\"ALUMNOS DE LA TECNICATURA SUPERIOR EN MINER\u00cdA DE CAMPO QUIJANO REALIZAN PR\u00c1CTICAS PROFESIONALIZANTES EN LA PUNA SALTE\u00d1A CON LA EMPRESA FIRST QUANTUM MINERALS Ltd. \u2013 CORRIENTE ARGENTINA S.A.\" class=\"read-more\" href=\"https:\/\/dges-sal.infd.edu.ar\/sitio\/alumnos-de-la-tecnicatura-superior-en-mineria-de-campo-quijano-realizan-practicas-profesionalizantes-en-la-puna-saltena-con-la-empresa-first-quantum-minerals-ltd-corriente-argentina-s-a\/\" aria-label=\"More on ALUMNOS DE LA TECNICATURA SUPERIOR EN MINER\u00cdA DE CAMPO QUIJANO REALIZAN PR\u00c1CTICAS PROFESIONALIZANTES EN LA PUNA SALTE\u00d1A CON LA EMPRESA FIRST QUANTUM MINERALS Ltd. \u2013 CORRIENTE ARGENTINA S.A.\">[+]<\/a><\/p>\n","protected":false},"author":790,"featured_media":0,"parent":0,"menu_order":0,"comment_status":"closed","ping_status":"closed","template":"","meta":[],"acf":[],"_links":{"self":[{"href":"https:\/\/dges-sal.infd.edu.ar\/sitio\/wp-json\/wp\/v2\/pages\/5707"}],"collection":[{"href":"https:\/\/dges-sal.infd.edu.ar\/sitio\/wp-json\/wp\/v2\/pages"}],"about":[{"href":"https:\/\/dges-sal.infd.edu.ar\/sitio\/wp-json\/wp\/v2\/types\/page"}],"author":[{"embeddable":true,"href":"https:\/\/dges-sal.infd.edu.ar\/sitio\/wp-json\/wp\/v2\/users\/790"}],"replies":[{"embeddable":true,"href":"https:\/\/dges-sal.infd.edu.ar\/sitio\/wp-json\/wp\/v2\/comments?post=5707"}],"version-history":[{"count":2,"href":"https:\/\/dges-sal.infd.edu.ar\/sitio\/wp-json\/wp\/v2\/pages\/5707\/revisions"}],"predecessor-version":[{"id":5730,"href":"https:\/\/dges-sal.infd.edu.ar\/sitio\/wp-json\/wp\/v2\/pages\/5707\/revisions\/5730"}],"wp:attachment":[{"href":"https:\/\/dges-sal.infd.edu.ar\/sitio\/wp-json\/wp\/v2\/media?parent=5707"}],"curies":[{"name":"wp","href":"https:\/\/api.w.org\/{rel}","templated":true}]}}