{"id":4949,"date":"2019-09-23T15:06:05","date_gmt":"2019-09-23T18:06:05","guid":{"rendered":"https:\/\/dges-sal.infd.edu.ar\/sitio\/?page_id=4949"},"modified":"2023-07-24T12:44:30","modified_gmt":"2023-07-24T15:44:30","slug":"estatutos-centros-de-estudiantes","status":"publish","type":"page","link":"https:\/\/dges-sal.infd.edu.ar\/sitio\/estatutos-centros-de-estudiantes\/","title":{"rendered":"Estatutos Centros de Estudiantes"},"content":{"rendered":"<p>Reglamentaci\u00f3n de conformaci\u00f3n de Centros de Estudiantes, en primer lugar la &nbsp;Ley Nacional 26.877 &nbsp;Creaci\u00f3n y funcionamiento de los Centros de Estudiantes,&nbsp;la Ley Provincial N\u00b0 8235 que deroga la Ley provincial N\u00b0 6616, &nbsp;la Disposici\u00f3n 182\/14 de la Direcci\u00f3n General de Educaci\u00f3n Superior Estatuto tipo para la organizaci\u00f3n y funcionamiento de los centros de estudiantes de las Instituciones de nivel Superior dependientes de la Direcci\u00f3n General de Educaci\u00f3n Superior, Gu\u00eda Practica para la conformaci\u00f3n de Centros de Estudiantes y finalmente los reglamentos organizados por numero de Instituto.<\/p>\n<table width=\"1020\">\n<tbody>\n<tr>\n<td width=\"171\"><strong>Documento<\/strong><\/td>\n<td width=\"546\"><strong>Descripci\u00f3n<\/strong><\/td>\n<td width=\"460\"><strong>Bajar<\/strong><\/td>\n<\/tr>\n<tr>\n<td width=\"171\"><strong>Ley Nacional 26.877<\/strong><\/td>\n<td width=\"546\">\u201cCreaci\u00f3n y funcionamiento de los Centros de Estudiantes\u201d<\/td>\n<td width=\"460\"><a href=\"https:\/\/dges-sal.infd.edu.ar\/sitio\/wp-content\/uploads\/2019\/09\/Ley-Nacional-26877-CentrosdeEstudiantes.pdf\">AQU\u00cd<\/a><\/td>\n<\/tr>\n<tr>\n<td width=\"171\"><strong>Ley Provincial N\u00b0 8235<\/strong><\/td>\n<td width=\"546\">Estudiantes de niveles Secundarios, de educaci\u00f3n Superior y Modalidad adultos de gesti\u00f3n estatal o Privada, tienen derecho a constituir Centros de Estudiantes Aut\u00f3nomos conforme a la Ley Nacional N\u00b0 26.877.<\/p>\n<p>Derogase la Ley 6.616 y toda norma que se oponga a la presente o a la Ley Nacional 26.877.<\/td>\n<td width=\"460\"><a href=\"https:\/\/dges-sal.infd.edu.ar\/sitio\/wp-content\/uploads\/2022\/05\/LEY-8235.pdf\">AQU\u00cd<\/a><\/td>\n<\/tr>\n<tr>\n<td width=\"171\"><strong>Ley Provincial 6616<\/strong><\/td>\n<td width=\"546\">Autor\u00edzase el funcionamiento de los Centros de Estudiantes en establecimientos educativos dependientes de la Provincia, correspondientes a los niveles medio, terciario y ense\u00f1anza manual y t\u00e9cnica<\/td>\n<td width=\"460\"><a href=\"https:\/\/dges-sal.infd.edu.ar\/sitio\/wp-content\/uploads\/2019\/09\/LEY_N_6616_-_Centro_de_Estudiantes.doc\">AQU\u00cd<\/a><\/td>\n<\/tr>\n<tr>\n<td width=\"171\"><strong>Disposici\u00f3n 182\/14<\/strong><\/td>\n<td width=\"546\">Estatuto tipo para la organizaci\u00f3n y funcionamiento de los Centros de Estudiantes de las Instituciones de Nivel Superior dependientes de la DGES<\/td>\n<td width=\"460\"><a href=\"https:\/\/dges-sal.infd.edu.ar\/sitio\/disposiciones\/upload\/DISP._182.pdf\">AQUI<\/a><\/td>\n<\/tr>\n<tr>\n<td width=\"171\"><strong>Gu\u00eda<\/strong><\/td>\n<td width=\"546\">Gu\u00eda Pr\u00e1ctica para la conformaci\u00f3n de Centros de Estudiantes de Nivel Superior de gesti\u00f3n Estatal<\/td>\n<td width=\"460\"><a href=\"https:\/\/dges-sal.infd.edu.ar\/sitio\/wp-content\/uploads\/2019\/09\/Guia-Pr%C3%A1ctica-para-la-Conformaci%C3%B3n-de-Centros-de-Estudiantes.ppt\">AQU\u00cd<\/a><\/td>\n<\/tr>\n<tr>\n<td width=\"171\"><strong>Disposici\u00f3n 286\/16<\/strong><\/td>\n<td width=\"546\"><strong>IES 6001<\/strong>&nbsp;\u2013 Aprobar el Estatuto del Centro de Estudiantes del Instituto de Educaci\u00f3n Superior N\u00b0 6001 \u201cGeneral Manuel Belgrano y de su extensi\u00f3n \u00c1ulica<\/td>\n<td width=\"460\"><a href=\"https:\/\/dges-sal.infd.edu.ar\/aula\/archivos\/repositorio\/750\/755\/Estatuto_CE_6001-dis_268-16.pdf\">https:\/\/dges-sal.infd.edu.ar\/aula\/archivos\/repositorio\/\/750\/755\/Estatuto_CE_6001-dis_268-16.pdf<\/a><\/td>\n<\/tr>\n<tr>\n<td width=\"171\"><strong>Disposici\u00f3n 181\/15<\/strong><\/td>\n<td width=\"546\"><strong>IES 6002<\/strong>&nbsp;\u2013 Aprobar el Estatuto del Centro de Estudiantes de la Escuela Provincial de Bellas&nbsp; Artes N\u00b0 6002 &nbsp;\u201cTomas Cabrera\u201d<\/td>\n<td width=\"460\"><a href=\"https:\/\/dges-sal.infd.edu.ar\/aula\/archivos\/repositorio\/750\/756\/Estatuto_CE_6002_-Disp._181-15.pdf\">https:\/\/dges-sal.infd.edu.ar\/aula\/archivos\/repositorio\/\/750\/756\/Estatuto_CE_6002_-Disp._181-15.pdf<\/a><\/td>\n<\/tr>\n<tr>\n<td width=\"171\"><strong>Disposici\u00f3n 79\/17<\/strong><\/td>\n<td width=\"546\"><strong>IES 6003<\/strong>&nbsp;\u2013 Aprobar el Estatuto del Centro de Estudiantes de la Escuela Superior de M\u00fasica N\u00b0 6003 &nbsp;\u201cJos\u00e9 lo Giudice\u201d<\/td>\n<td width=\"460\"><a href=\"https:\/\/dges-sal.infd.edu.ar\/aula\/archivos\/repositorio\/750\/757\/Estatuto_CE_6003_-disp_79-2017.pdf\">https:\/\/dges-sal.infd.edu.ar\/aula\/archivos\/repositorio\/\/750\/757\/Estatuto_CE_6003_-disp_79-2017.pdf<\/a><\/td>\n<\/tr>\n<tr>\n<td width=\"171\"><strong>Disposici\u00f3n 158\/15<\/strong><\/td>\n<td width=\"546\"><strong>IES 6004<\/strong>&nbsp;\u2013 Aprobar el Estatuto del Centro de Estudiantes del Instituto Superior &nbsp;del Profesorado de Arte N\u00b0 6004<\/td>\n<td width=\"460\"><a href=\"https:\/\/dges-sal.infd.edu.ar\/aula\/archivos\/repositorio\/750\/758\/Estatuto_CE_6004-dis_158-15.pdf\">https:\/\/dges-sal.infd.edu.ar\/aula\/archivos\/repositorio\/\/750\/758\/Estatuto_CE_6004-dis_158-15.pdf<\/a><\/td>\n<\/tr>\n<tr>\n<td width=\"171\"><strong>Disposici\u00f3n 211\/15<\/strong><\/td>\n<td width=\"546\"><strong>IES 6005<\/strong>&nbsp;\u2013 Aprobar el Estatuto del Centro de Estudiantes del Instituto Superior &nbsp;del Profesorado de Salta N\u00b0 6005<\/td>\n<td width=\"460\"><a href=\"https:\/\/dges-sal.infd.edu.ar\/aula\/archivos\/repositorio\/750\/759\/Estatuto_CE_6005-dis_211-15.pdf\">https:\/\/dges-sal.infd.edu.ar\/aula\/archivos\/repositorio\/\/750\/759\/Estatuto_CE_6005-dis_211-15.pdf<\/a><\/td>\n<\/tr>\n<tr>\n<td width=\"171\"><strong>Disposici\u00f3n 109\/15<\/strong><\/td>\n<td width=\"546\"><strong>IES 6007<\/strong>&nbsp;\u2013 Aprobar el Estatuto del Centro de Estudiantes del Profesorado Superior &nbsp;de Lenguas Vivas N\u00b0 6007<\/td>\n<td width=\"460\"><a href=\"https:\/\/dges-sal.infd.edu.ar\/aula\/archivos\/repositorio\/750\/760\/Estatuto_CE_6007-dis_109-15.pdf\">https:\/\/dges-sal.infd.edu.ar\/aula\/archivos\/repositorio\/\/750\/760\/Estatuto_CE_6007-dis_109-15.pdf<\/a><\/td>\n<\/tr>\n<tr>\n<td width=\"171\"><strong>Disposici\u00f3n 291\/15<\/strong><\/td>\n<td width=\"546\"><strong>IES 6009<\/strong>&nbsp;\u2013 Aprobar el Estatuto del Centro de Estudiantes del Instituto de Educaci\u00f3n Superior N\u00b0 6009<\/td>\n<td width=\"460\"><a href=\"https:\/\/dges-sal.infd.edu.ar\/aula\/archivos\/repositorio\/750\/778\/Estatuto_CE_6009-dis_291-15.pdf\">https:\/\/dges-sal.infd.edu.ar\/aula\/archivos\/repositorio\/\/750\/778\/Estatuto_CE_6009-dis_291-15.pdf<\/a><\/td>\n<\/tr>\n<tr>\n<td width=\"171\"><strong>Disposici\u00f3n 15\/15<\/strong><\/td>\n<td width=\"546\"><strong>IES 6010<\/strong>&nbsp;\u2013 Aprobar el Estatuto del Centro de Estudiantes del Instituto Superior &nbsp;de Formaci\u00f3n Docente N\u00b0 6010<\/td>\n<td width=\"460\"><a href=\"https:\/\/dges-sal.infd.edu.ar\/aula\/archivos\/repositorio\/750\/762\/Estatuto_CE_6010-dis_15-15.pdf\">https:\/\/dges-sal.infd.edu.ar\/aula\/archivos\/repositorio\/\/750\/762\/Estatuto_CE_6010-dis_15-15.pdf<\/a><\/td>\n<\/tr>\n<tr>\n<td width=\"171\"><strong>Disposici\u00f3n 257\/15<\/strong><\/td>\n<td width=\"546\"><strong>IES 6012<\/strong>&nbsp;\u2013 Aprobar el Estatuto del Centro de Estudiantes del Instituto Superior &nbsp;de Formaci\u00f3n Docente Rural N\u00b0 6012 y de su extensi\u00f3n \u00c1ulica<\/td>\n<td width=\"460\"><a href=\"https:\/\/dges-sal.infd.edu.ar\/aula\/archivos\/repositorio\/750\/763\/Estatuto_CE_6012-dis_257-15.pdf\">https:\/\/dges-sal.infd.edu.ar\/aula\/archivos\/repositorio\/\/750\/763\/Estatuto_CE_6012-dis_257-15.pdf<\/a><\/td>\n<\/tr>\n<tr>\n<td width=\"171\"><strong>Disposici\u00f3n 126\/15<\/strong><\/td>\n<td width=\"546\"><strong>IES 6015<\/strong>&nbsp;\u2013 Aprobar el Estatuto del Centro de Estudiantes del Instituto Superior &nbsp;de Formaci\u00f3n Docente&nbsp; N\u00b0 6015<\/td>\n<td width=\"460\"><a href=\"https:\/\/dges-sal.infd.edu.ar\/aula\/archivos\/repositorio\/750\/764\/Estatuto_CE_6015-dis_126-15.pdf\">https:\/\/dges-sal.infd.edu.ar\/aula\/archivos\/repositorio\/\/750\/764\/Estatuto_CE_6015-dis_126-15.pdf<\/a><\/td>\n<\/tr>\n<tr>\n<td width=\"171\"><strong>Disposici\u00f3n 292\/15<\/strong><\/td>\n<td width=\"546\"><strong>IES 6017<\/strong>&nbsp;\u2013 Aprobar el Estatuto del Centro de Estudiantes del Instituto de Ense\u00f1anza Superior &nbsp;N\u00b0 6017 \u201cProf. Amadeo R. Sirolli\u201d &nbsp;y de su Anexo<\/td>\n<td width=\"460\"><a href=\"https:\/\/dges-sal.infd.edu.ar\/aula\/archivos\/repositorio\/750\/779\/Estatuto_CE_6017-dis_292-15.pdf\">https:\/\/dges-sal.infd.edu.ar\/aula\/archivos\/repositorio\/\/750\/779\/Estatuto_CE_6017-dis_292-15.pdf<\/a><\/td>\n<\/tr>\n<tr>\n<td width=\"171\"><strong>Disposici\u00f3n 102\/16<\/strong><\/td>\n<td width=\"546\"><strong>IES 6018<\/strong>&nbsp;\u2013 Aprobar el Estatuto del Centro de Estudiantes del Instituto Superior &nbsp;de Formaci\u00f3n Docente Rural N\u00b0 6018<\/td>\n<td width=\"460\"><a href=\"https:\/\/dges-sal.infd.edu.ar\/aula\/archivos\/repositorio\/750\/766\/Estatuto_CE_6018-dis_102-16.pdf\">https:\/\/dges-sal.infd.edu.ar\/aula\/archivos\/repositorio\/\/750\/766\/Estatuto_CE_6018-dis_102-16.pdf<\/a><\/td>\n<\/tr>\n<tr>\n<td width=\"171\"><strong>Disposici\u00f3n 180\/17<\/strong><\/td>\n<td width=\"546\"><strong>IES 6019<\/strong>&nbsp;\u2013 Aprobar el Estatuto del Centro de Estudiantes del Instituto de Educaci\u00f3n Superior N\u00b0 6019<\/td>\n<td width=\"460\"><a href=\"https:\/\/dges-sal.infd.edu.ar\/aula\/archivos\/repositorio\/750\/767\/Estatuto_CE_6019_-_Disp_180-17.pdf\">https:\/\/dges-sal.infd.edu.ar\/aula\/archivos\/repositorio\/\/750\/767\/Estatuto_CE_6019_-_Disp_180-17.pdf<\/a><\/td>\n<\/tr>\n<tr>\n<td width=\"171\"><strong>Disposici\u00f3n 268\/15<\/strong><\/td>\n<td width=\"546\"><strong>IES 6021<\/strong>&nbsp;\u2013 Aprobar el Estatuto del Centro de Estudiantes del Instituto de Educaci\u00f3n Superior N\u00b0 6021 \u201cJuan Carlos D\u00e1valos\u201d<\/td>\n<td width=\"460\"><a href=\"https:\/\/dges-sal.infd.edu.ar\/aula\/archivos\/repositorio\/750\/768\/Estatuto_CE_6021-dis_268-15.pdf\">https:\/\/dges-sal.infd.edu.ar\/aula\/archivos\/repositorio\/\/750\/768\/Estatuto_CE_6021-dis_268-15.pdf<\/a><\/td>\n<\/tr>\n<tr>\n<td width=\"171\"><strong>Disposici\u00f3n 157\/15<\/strong><\/td>\n<td width=\"546\"><strong>IES 6023<\/strong>&nbsp;\u2013 Aprobar el Estatuto del Centro de Estudiantes del Instituto de Ense\u00f1anza Superior &nbsp;N\u00b0 6023 \u201cDr. Alfredo Loutaif\u201d<\/td>\n<td width=\"460\"><a href=\"https:\/\/dges-sal.infd.edu.ar\/aula\/archivos\/repositorio\/750\/769\/Estatuto_CE_6023_-Disp._157-15.pdf\">https:\/\/dges-sal.infd.edu.ar\/aula\/archivos\/repositorio\/\/750\/769\/Estatuto_CE_6023_-Disp._157-15.pdf<\/a><\/td>\n<\/tr>\n<tr>\n<td width=\"171\"><strong>Disposici\u00f3n 267\/15<\/strong><\/td>\n<td width=\"546\"><strong>IES 6024<\/strong>&nbsp;\u2013 Aprobar el Estatuto del Centro de Estudiantes del Instituto de Educaci\u00f3n Superior N\u00b0 6024 \u201cRep\u00fablica de Colombia\u201d<\/td>\n<td width=\"460\"><a href=\"https:\/\/dges-sal.infd.edu.ar\/aula\/archivos\/repositorio\/750\/770\/Estatuto_CE_6024_-Disp._267-15.pdf\">https:\/\/dges-sal.infd.edu.ar\/aula\/archivos\/repositorio\/\/750\/770\/Estatuto_CE_6024_-Disp._267-15.pdf<\/a><\/td>\n<\/tr>\n<tr>\n<td width=\"171\"><strong>Disposici\u00f3n 216\/15<\/strong><\/td>\n<td width=\"546\"><strong>IES 6026<\/strong>&nbsp;\u2013 Aprobar el Estatuto del Centro de Estudiantes del Profesorado para la Ense\u00f1anza Primaria con Modalidades N\u00b0 6026<\/td>\n<td width=\"460\"><a href=\"https:\/\/dges-sal.infd.edu.ar\/aula\/archivos\/repositorio\/750\/771\/Estatuto_CE_6026_-Disp._216-15.pdf\">https:\/\/dges-sal.infd.edu.ar\/aula\/archivos\/repositorio\/\/750\/771\/Estatuto_CE_6026_-Disp._216-15.pdf<\/a><\/td>\n<\/tr>\n<tr>\n<td width=\"171\"><strong>Disposici\u00f3n 172\/15<\/strong><\/td>\n<td width=\"546\"><strong>IES 6028\/01<\/strong>&nbsp;\u2013 Aprobar el Estatuto del Centro de Estudiantes del Anexo de Campo Quijano del Instituto Superior de Formaci\u00f3n Docente N\u00b0 6028<\/p>\n<p><a href=\"https:\/\/dges-sal.infd.edu.ar\/sitio\/wp-content\/uploads\/2021\/05\/Disp-289-15-IES-6028-01.pdf\"><strong>Disp. 289\/15<\/strong>&nbsp;\u2013 Modificatoria Parcial<\/a><\/td>\n<td width=\"460\"><a href=\"https:\/\/dges-sal.infd.edu.ar\/aula\/archivos\/repositorio\/750\/772\/Estatuto_CE_6028-01-dis_172-15.pdf\">https:\/\/dges-sal.infd.edu.ar\/aula\/archivos\/repositorio\/\/750\/772\/Estatuto_CE_6028-01-dis_172-15.pdf<\/a><\/td>\n<\/tr>\n<tr>\n<td width=\"171\"><strong>Disposici\u00f3n 232\/14<\/strong><\/td>\n<td width=\"546\"><strong>IES 6034<\/strong>&nbsp;\u2013 Aprobar el Estatuto del Centro de Estudiantes del Instituto de Carreras Superiores N\u00b0 6034 Anexo El Galp\u00f3n<\/td>\n<td width=\"460\"><a href=\"https:\/\/dges-sal.infd.edu.ar\/aula\/archivos\/repositorio\/750\/773\/Estatuto_CE_6034_-Disp_232-14.pdf\">https:\/\/dges-sal.infd.edu.ar\/aula\/archivos\/repositorio\/\/750\/773\/Estatuto_CE_6034_-Disp_232-14.pdf<\/a><\/td>\n<\/tr>\n<tr>\n<td width=\"171\"><strong>Disposici\u00f3n 164\/15<\/strong><\/td>\n<td width=\"546\"><strong>IES 6036<\/strong>&nbsp;\u2013 Aprobar el Estatuto del Centro de Estudiantes de la Unidad de Formaci\u00f3n, Investigaci\u00f3n y Desarrollo Tecnol\u00f3gico &nbsp;N\u00b0 6036<\/td>\n<td width=\"460\"><a href=\"https:\/\/dges-sal.infd.edu.ar\/aula\/archivos\/repositorio\/750\/774\/Estatuto_CE_6036-dis_164-15.pdf\">https:\/\/dges-sal.infd.edu.ar\/aula\/archivos\/repositorio\/\/750\/774\/Estatuto_CE_6036-dis_164-15.pdf<\/a><\/td>\n<\/tr>\n<tr>\n<td width=\"171\"><strong>Disposici\u00f3n 218\/15<\/strong><\/td>\n<td width=\"546\"><strong>IES 6036\/01<\/strong>&nbsp;\u2013 Aprobar el Estatuto del Centro de Estudiantes del &nbsp;Anexo SRN Oran de la Unidad de Formaci\u00f3n, Investigaci\u00f3n y Desarrollo Tecnol\u00f3gico &nbsp;N\u00b0 6036<\/td>\n<td width=\"460\"><a href=\"https:\/\/dges-sal.infd.edu.ar\/aula\/archivos\/repositorio\/750\/775\/Estatuto_CE_6036-01-dis_218-15.pdf\">https:\/\/dges-sal.infd.edu.ar\/aula\/archivos\/repositorio\/\/750\/775\/Estatuto_CE_6036-01-dis_218-15.pdf<\/a><\/td>\n<\/tr>\n<tr>\n<td width=\"171\"><strong>Disposici\u00f3n 255\/14<\/strong><\/td>\n<td width=\"546\"><strong>IES 6046<\/strong>&nbsp;\u2013 Aprobar el Estatuto del Centro de Estudiantes del Instituto de Educaci\u00f3n Superior N\u00b0 6046<\/td>\n<td width=\"460\"><a href=\"https:\/\/dges-sal.infd.edu.ar\/aula\/archivos\/repositorio\/750\/776\/Estatuto_CE_6046-dis_255-14.pdf\">https:\/\/dges-sal.infd.edu.ar\/aula\/archivos\/repositorio\/\/750\/776\/Estatuto_CE_6046-dis_255-14.pdf<\/a><\/td>\n<\/tr>\n<tr>\n<td width=\"171\"><strong>Disposici\u00f3n 263\/15<\/strong><\/td>\n<td width=\"546\"><strong>IES 6047<\/strong>&nbsp;\u2013 Aprobar el Estatuto del Centro de Estudiantes del Instituto de Educaci\u00f3n Superior N\u00b0 6047<\/td>\n<td width=\"460\"><a href=\"https:\/\/dges-sal.infd.edu.ar\/aula\/archivos\/repositorio\/750\/777\/Estatuto_CE_6047-dis_263-15.pdf\">https:\/\/dges-sal.infd.edu.ar\/aula\/archivos\/repositorio\/\/750\/777\/Estatuto_CE_6047-dis_263-15.pdf<\/a><\/td>\n<\/tr>\n<\/tbody>\n<\/table>\n","protected":false},"excerpt":{"rendered":"<p>Reglamentaci\u00f3n de conformaci\u00f3n de Centros de Estudiantes, en primer lugar la &nbsp;Ley Nacional 26.877 &nbsp;Creaci\u00f3n y funcionamiento de los Centros de Estudiantes,&nbsp;la Ley Provincial N\u00b0 8235 que deroga la Ley provincial N\u00b0 6616, &nbsp;la Disposici\u00f3n 182\/14 de la Direcci\u00f3n General de Educaci\u00f3n Superior Estatuto tipo para la organizaci\u00f3n y funcionamiento de los centros de estudiantes &#8230; <a title=\"Estatutos Centros de Estudiantes\" class=\"read-more\" href=\"https:\/\/dges-sal.infd.edu.ar\/sitio\/estatutos-centros-de-estudiantes\/\" aria-label=\"More on Estatutos Centros de Estudiantes\">[+]<\/a><\/p>\n","protected":false},"author":790,"featured_media":0,"parent":0,"menu_order":0,"comment_status":"closed","ping_status":"closed","template":"","meta":[],"acf":[],"_links":{"self":[{"href":"https:\/\/dges-sal.infd.edu.ar\/sitio\/wp-json\/wp\/v2\/pages\/4949"}],"collection":[{"href":"https:\/\/dges-sal.infd.edu.ar\/sitio\/wp-json\/wp\/v2\/pages"}],"about":[{"href":"https:\/\/dges-sal.infd.edu.ar\/sitio\/wp-json\/wp\/v2\/types\/page"}],"author":[{"embeddable":true,"href":"https:\/\/dges-sal.infd.edu.ar\/sitio\/wp-json\/wp\/v2\/users\/790"}],"replies":[{"embeddable":true,"href":"https:\/\/dges-sal.infd.edu.ar\/sitio\/wp-json\/wp\/v2\/comments?post=4949"}],"version-history":[{"count":15,"href":"https:\/\/dges-sal.infd.edu.ar\/sitio\/wp-json\/wp\/v2\/pages\/4949\/revisions"}],"predecessor-version":[{"id":10386,"href":"https:\/\/dges-sal.infd.edu.ar\/sitio\/wp-json\/wp\/v2\/pages\/4949\/revisions\/10386"}],"wp:attachment":[{"href":"https:\/\/dges-sal.infd.edu.ar\/sitio\/wp-json\/wp\/v2\/media?parent=4949"}],"curies":[{"name":"wp","href":"https:\/\/api.w.org\/{rel}","templated":true}]}}