{"id":4808,"date":"2019-08-20T17:52:20","date_gmt":"2019-08-20T20:52:20","guid":{"rendered":"https:\/\/dges-sal.infd.edu.ar\/sitio\/?page_id=4808"},"modified":"2020-03-01T17:45:54","modified_gmt":"2020-03-01T20:45:54","slug":"guia-del-estudiante-carreras-de-educacion-superior-2019","status":"publish","type":"page","link":"https:\/\/dges-sal.infd.edu.ar\/sitio\/guia-del-estudiante-carreras-de-educacion-superior-2019\/","title":{"rendered":"Gu\u00eda del Estudiante  Carreras de Educaci\u00f3n Superior  &#8211; 2019-"},"content":{"rendered":"<p><strong>Estimado lector:<\/strong><\/p>\n<p>La Gu\u00eda que tiene en sus manos ha sido especialmente elaborada para ser utilizada en diferentes situaciones de lectura y an\u00e1lisis.<\/p>\n<p>Est\u00e1 destinada principalmente a los\/as Estudiantes de los \u00faltimos a\u00f1os del Nivel Secundario, a quienes luego de postergaciones quieren retomar estudios superiores, a padres, a escuelas y a orientadores vocacionales.<\/p>\n<p>La Gu\u00eda le brindar\u00e1 informaci\u00f3n exacta de la oferta acad\u00e9mica a implementarse en <strong>2019<\/strong> en los Institutos de Educaci\u00f3n Superior de gesti\u00f3n estatal de la provincia de Salta, la versi\u00f3n digital de La Gu\u00eda del Estudiante 2019 esta publicada On line en la p\u00e1gina de la Direcci\u00f3n General de Educaci\u00f3n Superior:<\/p>\n<p style=\"text-align: center;\"><strong><a href=\"https:\/\/issuu.com\/dgesuperiorsalta\/docs\/aa-guia_del_estudiante_2019_\">http:\/\/dges.sal.infd.edu.ar<\/a><\/strong><\/p>\n<p style=\"text-align: center;\"><strong>\u00a0<a href=\"https:\/\/issuu.com\/dgesuperiorsalta\/docs\/aa-guia_del_estudiante_2019_\"><img decoding=\"async\" loading=\"lazy\" class=\"alignnone wp-image-4792 size-full\" src=\"https:\/\/dges-sal.infd.edu.ar\/sitio\/wp-content\/uploads\/2019\/08\/Gu\u00eda-del-Estudiante-Carreras-de-Educaci\u00f3n-Superior-2019.jpg\" alt=\"\" width=\"502\" height=\"481\" \/><\/a><\/strong><\/p>\n<p>De su lectura se espera que pueda analizar &#8211; a conciencia &#8211; la variada oferta que tienen los Institutos de Educaci\u00f3n Superior de gesti\u00f3n estatal y realizar una elecci\u00f3n acertada para la continuidad de sus estudios en el Nivel Superior.<\/p>\n<p>&nbsp;<\/p>\n<p><strong>La organizaci\u00f3n de la informaci\u00f3n en esta Gu\u00eda es la siguiente:<\/strong><\/p>\n<p><strong>1-<\/strong>N\u00f3mina de todas las Instituciones P\u00fablicas de Gesti\u00f3n Estatal del Nivel en la Provincia de Salta.<\/p>\n<p><strong>2-<\/strong>Oferta de Carreras que se dictan en cada uno de los Institutos y estructuras curriculares de los planes de Estudio separados por un lado Profesorados y por otro Tecnicaturas, al respecto tener en cuenta que los Profesorados son carreras de 4 o 5 a\u00f1os y las Tecnicaturas carreras de 2 o 3 a\u00f1os. (En la versi\u00f3n digital de esta Gu\u00eda podr\u00e1n seguir los links de acceso a los dise\u00f1os curriculares en los cuales encontrar\u00e1n los contenidos m\u00ednimos de cada materia)<\/p>\n<p><strong>3-<\/strong>Datos y direcciones Web para ampliar informaci\u00f3n sobre las Becas PROGRESAR, l\u00edneas Universitarios y Terciarios, Est\u00edmulos Econ\u00f3micos Pueblos Originarios y Compromiso Docente a los que se puede acceder estudiando en Instituciones p\u00fablicas.<\/p>\n<h3>Comienza a partir de <a href=\"https:\/\/issuu.com\/dgesuperiorsalta\/docs\/aa-guia_del_estudiante_2019_\">aqu\u00ed La Gu\u00eda<\/a>.<\/h3>\n<p><strong>Versi\u00f3n PDF La Gu\u00eda del Estudiante 2019: <a href=\"https:\/\/dges-sal.infd.edu.ar\/sitio\/wp-content\/uploads\/2019\/08\/aa-Guia_del_estudiante_2019-.pdf\">AQU\u00cd<\/a><\/strong><\/p>\n<p><strong>Benjam\u00edn Beltr\u00e1n<\/strong><\/p>\n","protected":false},"excerpt":{"rendered":"<p>Estimado lector: La Gu\u00eda que tiene en sus manos ha sido especialmente elaborada para ser utilizada en diferentes situaciones de lectura y an\u00e1lisis. Est\u00e1 destinada principalmente a los\/as Estudiantes de los \u00faltimos a\u00f1os del Nivel Secundario, a quienes luego de postergaciones quieren retomar estudios superiores, a padres, a escuelas y a orientadores vocacionales. La Gu\u00eda &#8230; <a title=\"Gu\u00eda del Estudiante  Carreras de Educaci\u00f3n Superior  &#8211; 2019-\" class=\"read-more\" href=\"https:\/\/dges-sal.infd.edu.ar\/sitio\/guia-del-estudiante-carreras-de-educacion-superior-2019\/\" aria-label=\"More on Gu\u00eda del Estudiante  Carreras de Educaci\u00f3n Superior  &#8211; 2019-\">[+]<\/a><\/p>\n","protected":false},"author":790,"featured_media":0,"parent":0,"menu_order":0,"comment_status":"closed","ping_status":"closed","template":"","meta":[],"acf":[],"_links":{"self":[{"href":"https:\/\/dges-sal.infd.edu.ar\/sitio\/wp-json\/wp\/v2\/pages\/4808"}],"collection":[{"href":"https:\/\/dges-sal.infd.edu.ar\/sitio\/wp-json\/wp\/v2\/pages"}],"about":[{"href":"https:\/\/dges-sal.infd.edu.ar\/sitio\/wp-json\/wp\/v2\/types\/page"}],"author":[{"embeddable":true,"href":"https:\/\/dges-sal.infd.edu.ar\/sitio\/wp-json\/wp\/v2\/users\/790"}],"replies":[{"embeddable":true,"href":"https:\/\/dges-sal.infd.edu.ar\/sitio\/wp-json\/wp\/v2\/comments?post=4808"}],"version-history":[{"count":6,"href":"https:\/\/dges-sal.infd.edu.ar\/sitio\/wp-json\/wp\/v2\/pages\/4808\/revisions"}],"predecessor-version":[{"id":4855,"href":"https:\/\/dges-sal.infd.edu.ar\/sitio\/wp-json\/wp\/v2\/pages\/4808\/revisions\/4855"}],"wp:attachment":[{"href":"https:\/\/dges-sal.infd.edu.ar\/sitio\/wp-json\/wp\/v2\/media?parent=4808"}],"curies":[{"name":"wp","href":"https:\/\/api.w.org\/{rel}","templated":true}]}}