{"id":4739,"date":"2019-08-16T16:30:24","date_gmt":"2019-08-16T19:30:24","guid":{"rendered":"https:\/\/dges-sal.infd.edu.ar\/sitio\/?page_id=4739"},"modified":"2019-11-15T13:29:11","modified_gmt":"2019-11-15T16:29:11","slug":"ies-6002-convocatoria-para-acceso-al-cargo-de-rector","status":"publish","type":"page","link":"https:\/\/dges-sal.infd.edu.ar\/sitio\/ies-6002-convocatoria-para-acceso-al-cargo-de-rector\/","title":{"rendered":"IES 6002 Convocatoria para acceso al cargo de Rector"},"content":{"rendered":"<p>Convocatoria <a href=\"https:\/\/dges-sal.infd.edu.ar\/sitio\/wp-content\/uploads\/2019\/08\/Disp-184-19-IES-6002-Convocatoria-cobertura-cargo-Rector.pdf\">Disp. 184\/19<\/a> cobertura de cargo de\u00a0<strong>Rector\u00a0de la Escuela Provincial de Bellas Artes \u201cTomas Cabrera\u201d N\u00b0 6002.<\/strong><\/p>\n<p>&nbsp;<\/p>\n<p>Archivos seg\u00fan <a href=\"https:\/\/dges-sal.infd.edu.ar\/sitio\/wp-content\/uploads\/2019\/08\/Disp-184-19-IES-6002-Convocatoria-cobertura-cargo-Rector.pdf\">Disp. 184\/19<\/a>\u00a0cobertura de\u00a0cargo de Rector de la Escuela Provincial de Bellas Artes \u201cTomas Cabrera\u201d N\u00b0 6002.<\/p>\n<p>&nbsp;<\/p>\n<table width=\"1020\">\n<tbody>\n<tr>\n<td width=\"67\"><strong>N\u00f3mina de aspirantes inscriptos<\/strong><\/td>\n<td width=\"68\"><strong>Nomina definitiva de aspirantes<\/strong><\/td>\n<td width=\"92\"><strong>Disposici\u00f3n nuevo tribunal (si correspondiere)<\/strong><\/td>\n<td width=\"89\"><strong>Dictamen evaluaci\u00f3n de T\u00edtulos y Antecedentes<\/strong><\/td>\n<td width=\"71\"><strong>Antecedentes y Propuesta de Gesti\u00f3n Aspirantes que pasan a la Instancia Oral<\/strong><\/td>\n<td width=\"84\"><strong>Disposiciones<\/strong><\/p>\n<p><strong>DGES<\/strong><\/td>\n<\/tr>\n<tr>\n<td width=\"67\">&nbsp;<\/p>\n<p>Archivo 1\u00b0 periodo de Inscripci\u00f3n<\/p>\n<p><a href=\"https:\/\/dges-sal.infd.edu.ar\/sitio\/wp-content\/uploads\/2019\/09\/acta-de-cierre-de-inscripci\u00f3n-Rector-a-6002.pdf\"><strong>AQU\u00cd<\/strong><\/a><\/td>\n<td width=\"68\">&nbsp;<\/p>\n<p>Archivo<\/p>\n<p><strong>AQU\u00cd<\/strong><\/p>\n<p>&nbsp;<\/td>\n<td width=\"92\">\u00a0Archivo<\/p>\n<p>&nbsp;<\/p>\n<p><strong>AQU\u00cd\u00a0<\/strong><\/td>\n<td width=\"89\">&nbsp;<\/p>\n<p>Archivo<\/p>\n<p><a href=\"https:\/\/dges-sal.infd.edu.ar\/sitio\/wp-content\/uploads\/2019\/10\/Acta-Comisi\u00f3n-Evaluadora-Rector-6002.pdf\"><strong>AQU\u00cd\u00a0<\/strong><\/a><\/td>\n<td width=\"71\">Archivo<\/p>\n<p>&nbsp;<\/p>\n<p><strong>AQU\u00cd<\/strong><\/td>\n<td width=\"84\">&nbsp;<\/p>\n<p>Archivo<\/p>\n<p><a href=\"https:\/\/dges-sal.infd.edu.ar\/aula\/archivos\/repositorio\/\/750\/816\/Disp_239-19_IES_6002.pdf\"><strong>AQU\u00cd\u00a0<\/strong><\/a><\/p>\n<p>Modificatoria<\/p>\n<p><strong><a href=\"https:\/\/dges-sal.infd.edu.ar\/sitio\/wp-content\/uploads\/2019\/11\/Disp-247-19-IES-6002.pdf\">AQU\u00cd<\/a><\/strong><\/td>\n<\/tr>\n<\/tbody>\n<\/table>\n<p>&nbsp;<\/p>\n","protected":false},"excerpt":{"rendered":"<p>Convocatoria Disp. 184\/19 cobertura de cargo de\u00a0Rector\u00a0de la Escuela Provincial de Bellas Artes \u201cTomas Cabrera\u201d N\u00b0 6002. &nbsp; Archivos seg\u00fan Disp. 184\/19\u00a0cobertura de\u00a0cargo de Rector de la Escuela Provincial de Bellas Artes \u201cTomas Cabrera\u201d N\u00b0 6002. &nbsp; N\u00f3mina de aspirantes inscriptos Nomina definitiva de aspirantes Disposici\u00f3n nuevo tribunal (si correspondiere) Dictamen evaluaci\u00f3n de T\u00edtulos y &#8230; <a title=\"IES 6002 Convocatoria para acceso al cargo de Rector\" class=\"read-more\" href=\"https:\/\/dges-sal.infd.edu.ar\/sitio\/ies-6002-convocatoria-para-acceso-al-cargo-de-rector\/\" aria-label=\"More on IES 6002 Convocatoria para acceso al cargo de Rector\">[+]<\/a><\/p>\n","protected":false},"author":790,"featured_media":0,"parent":0,"menu_order":0,"comment_status":"closed","ping_status":"closed","template":"","meta":[],"acf":[],"_links":{"self":[{"href":"https:\/\/dges-sal.infd.edu.ar\/sitio\/wp-json\/wp\/v2\/pages\/4739"}],"collection":[{"href":"https:\/\/dges-sal.infd.edu.ar\/sitio\/wp-json\/wp\/v2\/pages"}],"about":[{"href":"https:\/\/dges-sal.infd.edu.ar\/sitio\/wp-json\/wp\/v2\/types\/page"}],"author":[{"embeddable":true,"href":"https:\/\/dges-sal.infd.edu.ar\/sitio\/wp-json\/wp\/v2\/users\/790"}],"replies":[{"embeddable":true,"href":"https:\/\/dges-sal.infd.edu.ar\/sitio\/wp-json\/wp\/v2\/comments?post=4739"}],"version-history":[{"count":7,"href":"https:\/\/dges-sal.infd.edu.ar\/sitio\/wp-json\/wp\/v2\/pages\/4739\/revisions"}],"predecessor-version":[{"id":5342,"href":"https:\/\/dges-sal.infd.edu.ar\/sitio\/wp-json\/wp\/v2\/pages\/4739\/revisions\/5342"}],"wp:attachment":[{"href":"https:\/\/dges-sal.infd.edu.ar\/sitio\/wp-json\/wp\/v2\/media?parent=4739"}],"curies":[{"name":"wp","href":"https:\/\/api.w.org\/{rel}","templated":true}]}}