{"id":4208,"date":"2019-05-08T23:45:03","date_gmt":"2019-05-09T02:45:03","guid":{"rendered":"https:\/\/dges-sal.infd.edu.ar\/sitio\/?page_id=4208"},"modified":"2019-07-03T10:15:13","modified_gmt":"2019-07-03T13:15:13","slug":"ies-6021-convocatoria-para-acceso-al-cargo-de-rector","status":"publish","type":"page","link":"https:\/\/dges-sal.infd.edu.ar\/sitio\/ies-6021-convocatoria-para-acceso-al-cargo-de-rector\/","title":{"rendered":"IES 6021 Convocatoria para acceso al cargo de Rector"},"content":{"rendered":"<p>Convocatoria Disp. 73\/19 cobertura de cargo de\u00a0<strong>Rector\u00a0del Instituto de Educaci\u00f3n Superior \u00abJuan Carlos D\u00e1valos\u00bb N\u00b0 6021.<\/strong><\/p>\n<p>&nbsp;<\/p>\n<p>Archivos seg\u00fan Disp. 73\/19\u00a0cobertura de\u00a0cargo del Instituto de Educaci\u00f3n Superior \u00abJuan Carlos D\u00e1valos\u00bb N\u00b0 6021.<\/p>\n<p>&nbsp;<\/p>\n<table width=\"504\">\n<tbody>\n<tr>\n<td width=\"67\"><strong>N\u00f3mina de aspirantes inscriptos<\/strong><\/td>\n<td width=\"68\"><strong>Nomina definitiva de aspirantes<\/strong><\/td>\n<td width=\"92\"><strong>Disposici\u00f3n nuevo tribunal (si correspondiere)<\/strong><\/td>\n<td width=\"89\"><strong>Dictamen evaluaci\u00f3n de T\u00edtulos y Antecedentes<\/strong><\/td>\n<td width=\"71\"><strong>Antecedentes y Propuesta de Gesti\u00f3n Aspirantes que pasan a la Instancia Oral<\/strong><\/td>\n<td width=\"84\"><strong>Disposiciones<\/strong><\/p>\n<p><strong>DGES<\/strong><\/td>\n<\/tr>\n<tr>\n<td width=\"67\">&nbsp;<\/p>\n<p>Archivo 1\u00b0 periodo de Inscripci\u00f3n<\/p>\n<p><a href=\"https:\/\/dges-sal.infd.edu.ar\/sitio\/wp-content\/uploads\/2019\/06\/6021-N\u00f3mina-de-aspirantes-inscriptos.pdf\"><strong>AQU\u00cd<\/strong><\/a><\/p>\n<p>Archivo 2\u00b0 periodo de Inscripci\u00f3n<\/p>\n<p><strong>AQU\u00cd<\/strong><\/td>\n<td width=\"68\">&nbsp;<\/p>\n<p>Archivo<\/p>\n<p><strong>AQU\u00cd<\/strong><\/p>\n<p>&nbsp;<\/td>\n<td width=\"92\">\u00a0Archivo<\/p>\n<p><strong>AQU\u00cd\u00a0<\/strong><\/td>\n<td width=\"89\">&nbsp;<\/p>\n<p>Archivo<\/p>\n<p><strong>AQU\u00cd<\/strong><\/p>\n<p>&nbsp;<\/td>\n<td width=\"71\">Archivo<\/p>\n<p><strong>AQU\u00cd<\/strong><\/td>\n<td width=\"84\">&nbsp;<\/p>\n<p>Archivo<\/p>\n<p><a href=\"https:\/\/dges-sal.infd.edu.ar\/sitio\/wp-content\/uploads\/2019\/07\/Disp.-Conjunta-141-19-6021.pdf\"><strong>AQU\u00cd<\/strong><\/a><\/p>\n<p>&nbsp;<\/td>\n<\/tr>\n<\/tbody>\n<\/table>\n","protected":false},"excerpt":{"rendered":"<p>Convocatoria Disp. 73\/19 cobertura de cargo de\u00a0Rector\u00a0del Instituto de Educaci\u00f3n Superior \u00abJuan Carlos D\u00e1valos\u00bb N\u00b0 6021. &nbsp; Archivos seg\u00fan Disp. 73\/19\u00a0cobertura de\u00a0cargo del Instituto de Educaci\u00f3n Superior \u00abJuan Carlos D\u00e1valos\u00bb N\u00b0 6021. &nbsp; N\u00f3mina de aspirantes inscriptos Nomina definitiva de aspirantes Disposici\u00f3n nuevo tribunal (si correspondiere) Dictamen evaluaci\u00f3n de T\u00edtulos y Antecedentes Antecedentes y Propuesta &#8230; <a title=\"IES 6021 Convocatoria para acceso al cargo de Rector\" class=\"read-more\" href=\"https:\/\/dges-sal.infd.edu.ar\/sitio\/ies-6021-convocatoria-para-acceso-al-cargo-de-rector\/\" aria-label=\"More on IES 6021 Convocatoria para acceso al cargo de Rector\">[+]<\/a><\/p>\n","protected":false},"author":790,"featured_media":0,"parent":0,"menu_order":0,"comment_status":"closed","ping_status":"closed","template":"","meta":[],"acf":[],"_links":{"self":[{"href":"https:\/\/dges-sal.infd.edu.ar\/sitio\/wp-json\/wp\/v2\/pages\/4208"}],"collection":[{"href":"https:\/\/dges-sal.infd.edu.ar\/sitio\/wp-json\/wp\/v2\/pages"}],"about":[{"href":"https:\/\/dges-sal.infd.edu.ar\/sitio\/wp-json\/wp\/v2\/types\/page"}],"author":[{"embeddable":true,"href":"https:\/\/dges-sal.infd.edu.ar\/sitio\/wp-json\/wp\/v2\/users\/790"}],"replies":[{"embeddable":true,"href":"https:\/\/dges-sal.infd.edu.ar\/sitio\/wp-json\/wp\/v2\/comments?post=4208"}],"version-history":[{"count":3,"href":"https:\/\/dges-sal.infd.edu.ar\/sitio\/wp-json\/wp\/v2\/pages\/4208\/revisions"}],"predecessor-version":[{"id":4577,"href":"https:\/\/dges-sal.infd.edu.ar\/sitio\/wp-json\/wp\/v2\/pages\/4208\/revisions\/4577"}],"wp:attachment":[{"href":"https:\/\/dges-sal.infd.edu.ar\/sitio\/wp-json\/wp\/v2\/media?parent=4208"}],"curies":[{"name":"wp","href":"https:\/\/api.w.org\/{rel}","templated":true}]}}