{"id":3013,"date":"2018-08-01T12:04:28","date_gmt":"2018-08-01T15:04:28","guid":{"rendered":"https:\/\/dges-sal.infd.edu.ar\/sitio\/?page_id=3013"},"modified":"2019-12-16T16:56:42","modified_gmt":"2019-12-16T19:56:42","slug":"redes-revista-digital-de-la-direccion-general-de-educacion-superior","status":"publish","type":"page","link":"https:\/\/dges-sal.infd.edu.ar\/sitio\/redes-revista-digital-de-la-direccion-general-de-educacion-superior\/","title":{"rendered":"REDES &#8211; Revista Digital de la Direcci\u00f3n General de Educaci\u00f3n Superior"},"content":{"rendered":"<h3><span style=\"color: #008080;\">REDES<\/span><\/h3>\n<p>Es una revista de divulgaci\u00f3n semestral, editada por la Direcci\u00f3n General de Educaci\u00f3n Superior.<\/p>\n<p>Nace con el objetivo de compartir conocimientos, experiencias y saberes que se generan en distintos \u00e1mbitos de la educaci\u00f3n; en particular, en los Institutos dependientes del Nivel Superior. Se nutre del\u00a0 an\u00e1lisis, el di\u00e1logo y la reflexi\u00f3n acad\u00e9mica colectiva.<\/p>\n<p>Esta producci\u00f3n acompa\u00f1a las acciones prioritarias anuales definidas por esta Direcci\u00f3n General, por lo que da lugar a una amplia variedad de temas.<\/p>\n<p>Alentamos a compartir sus saberes.<\/p>\n<p>Especificaciones de escritura:<\/p>\n<p>Pautas de Escritura Revista REDES. <a href=\"https:\/\/dges-sal.infd.edu.ar\/sitio\/wp-content\/uploads\/2018\/09\/Pautas-de-Escritura-Revista-REDES.pdf\">Pautas de Escritura Revista REDES<\/a><\/p>\n<p>Normas APA. <a href=\"https:\/\/dges-sal.infd.edu.ar\/sitio\/wp-content\/uploads\/2018\/09\/b-Normas-APA-Sexta-Edici\u00f3n-2017.pdf\">b-Normas APA Sexta Edici\u00f3n 2017<\/a><\/p>\n<h2><span style=\"color: #000000;\">Revista REDES N\u00b0 4<\/span><\/h2>\n<p style=\"text-align: center;\"><a href=\"https:\/\/issuu.com\/dgesuperiorsalta\/docs\/revista_redes_n__4__3_\"><img decoding=\"async\" loading=\"lazy\" class=\"alignnone wp-image-5416 size-full\" src=\"https:\/\/dges-sal.infd.edu.ar\/sitio\/wp-content\/uploads\/2019\/12\/Revista-Redes-IV.jpg\" alt=\"\" width=\"303\" height=\"424\" \/><\/a><\/p>\n<p><strong>Versi\u00f3n PDF \u00a0Revista N\u00b0 4:\u00a0<a href=\"https:\/\/dges-sal.infd.edu.ar\/aula\/archivos\/repositorio\/\/750\/823\/Revista_REDES_N_4_3.pdf\">https:\/\/dges-sal.infd.edu.ar\/aula\/archivos\/repositorio\/\/750\/823\/Revista_REDES_N_4_3.pdf<\/a><\/strong><\/p>\n<p>&nbsp;<\/p>\n<p>&nbsp;<\/p>\n<h2><span style=\"color: #000000;\">Revista REDES N\u00b0 3<\/span><\/h2>\n<p style=\"text-align: center;\"><a href=\"https:\/\/issuu.com\/dgesuperiorsalta\/docs\/revista_redes_n__3__5_\"><img decoding=\"async\" loading=\"lazy\" class=\"alignnone wp-image-5042\" src=\"https:\/\/dges-sal.infd.edu.ar\/sitio\/wp-content\/uploads\/2019\/10\/Revista-Redes-III.jpg\" alt=\"\" width=\"289\" height=\"405\" \/><\/a><\/p>\n<p><strong>Versi\u00f3n PDF \u00a0Revista N\u00b0 3:\u00a0<a href=\"https:\/\/dges-sal.infd.edu.ar\/aula\/archivos\/repositorio\/\/750\/822\/Revista_REDES_N_3_5.pdf\">\u00a0https:\/\/dges-sal.infd.edu.ar\/aula\/archivos\/repositorio\/\/750\/822\/Revista_REDES_N_3_5.pdf<\/a><\/strong><\/p>\n<p>&nbsp;<\/p>\n<h2><span style=\"color: #000000;\">Revista REDES N\u00b0 2<\/span><\/h2>\n<p><a href=\"https:\/\/issuu.com\/dgesuperiorsalta\/docs\/revista_redes_-_numero_2-_dic18\/2\"><img decoding=\"async\" loading=\"lazy\" class=\"alignnone wp-image-4075 aligncenter\" src=\"https:\/\/dges-sal.infd.edu.ar\/sitio\/wp-content\/uploads\/2019\/01\/Revista-REDES-Nro-II.jpg\" alt=\"\" width=\"278\" height=\"407\" \/><\/a><\/p>\n<p><strong>Versi\u00f3n PDF \u00a0Revista N\u00b0 2:<\/strong> <span style=\"color: #0000ff;\"><a style=\"color: #0000ff;\" href=\"https:\/\/dges-sal.infd.edu.ar\/sitio\/wp-content\/uploads\/2019\/05\/REVISTA-REDES-Numero-2-Dic18.pdf\">https:\/\/dges-sal.infd.edu.ar\/sitio\/wp-content\/uploads\/2019\/05\/REVISTA-REDES-Numero-2-Dic18.pdf<\/a><\/span><\/p>\n<h2><\/h2>\n<p>&nbsp;<\/p>\n<h2><span style=\"color: #000000;\">Revista REDES N\u00b0 1<\/span><\/h2>\n<p><a href=\"https:\/\/e.issuu.com\/issuu-reader3-embed-files\/latest\/twittercard.html?u=dgesuperiorsalta&amp;d=revista_redes_num_1_sep_2018&amp;p=1\"><img decoding=\"async\" loading=\"lazy\" class=\"aligncenter wp-image-3562\" src=\"https:\/\/dges-sal.infd.edu.ar\/sitio\/wp-content\/uploads\/2018\/09\/Revista-REDES-N\u00famero-1-Sep-2018-703x1000.jpeg\" alt=\"\" width=\"280\" height=\"400\" \/><\/a><\/p>\n<p><strong>Versi\u00f3n PDF \u00a0Revista N\u00b0 1:<\/strong><span style=\"color: #0000ff;\"> <a style=\"color: #0000ff;\" href=\"https:\/\/dges-sal.infd.edu.ar\/sitio\/wp-content\/uploads\/2019\/05\/REVISTA-REDES-NUM-1-SEP-2018.pdf\">https:\/\/dges-sal.infd.edu.ar\/sitio\/wp-content\/uploads\/2019\/05\/REVISTA-REDES-NUM-1-SEP-2018.pdf<\/a><\/span><\/p>\n<hr \/>\n<p>&nbsp;<\/p>\n<p>&nbsp;<\/p>\n","protected":false},"excerpt":{"rendered":"<p>REDES Es una revista de divulgaci\u00f3n semestral, editada por la Direcci\u00f3n General de Educaci\u00f3n Superior. Nace con el objetivo de compartir conocimientos, experiencias y saberes que se generan en distintos \u00e1mbitos de la educaci\u00f3n; en particular, en los Institutos dependientes del Nivel Superior. Se nutre del\u00a0 an\u00e1lisis, el di\u00e1logo y la reflexi\u00f3n acad\u00e9mica colectiva. Esta &#8230; <a title=\"REDES &#8211; Revista Digital de la Direcci\u00f3n General de Educaci\u00f3n Superior\" class=\"read-more\" href=\"https:\/\/dges-sal.infd.edu.ar\/sitio\/redes-revista-digital-de-la-direccion-general-de-educacion-superior\/\" aria-label=\"More on REDES &#8211; Revista Digital de la Direcci\u00f3n General de Educaci\u00f3n Superior\">[+]<\/a><\/p>\n","protected":false},"author":790,"featured_media":0,"parent":0,"menu_order":0,"comment_status":"closed","ping_status":"closed","template":"","meta":[],"acf":[],"_links":{"self":[{"href":"https:\/\/dges-sal.infd.edu.ar\/sitio\/wp-json\/wp\/v2\/pages\/3013"}],"collection":[{"href":"https:\/\/dges-sal.infd.edu.ar\/sitio\/wp-json\/wp\/v2\/pages"}],"about":[{"href":"https:\/\/dges-sal.infd.edu.ar\/sitio\/wp-json\/wp\/v2\/types\/page"}],"author":[{"embeddable":true,"href":"https:\/\/dges-sal.infd.edu.ar\/sitio\/wp-json\/wp\/v2\/users\/790"}],"replies":[{"embeddable":true,"href":"https:\/\/dges-sal.infd.edu.ar\/sitio\/wp-json\/wp\/v2\/comments?post=3013"}],"version-history":[{"count":27,"href":"https:\/\/dges-sal.infd.edu.ar\/sitio\/wp-json\/wp\/v2\/pages\/3013\/revisions"}],"predecessor-version":[{"id":6755,"href":"https:\/\/dges-sal.infd.edu.ar\/sitio\/wp-json\/wp\/v2\/pages\/3013\/revisions\/6755"}],"wp:attachment":[{"href":"https:\/\/dges-sal.infd.edu.ar\/sitio\/wp-json\/wp\/v2\/media?parent=3013"}],"curies":[{"name":"wp","href":"https:\/\/api.w.org\/{rel}","templated":true}]}}