{"id":16507,"date":"2025-12-01T08:41:05","date_gmt":"2025-12-01T11:41:05","guid":{"rendered":"https:\/\/dges-sal.infd.edu.ar\/sitio\/?page_id=16507"},"modified":"2026-02-10T17:16:06","modified_gmt":"2026-02-10T20:16:06","slug":"oferta-academica-2026","status":"publish","type":"page","link":"https:\/\/dges-sal.infd.edu.ar\/sitio\/oferta-academica-2026\/","title":{"rendered":"oferta acad\u00e9mica 2026"},"content":{"rendered":"\n<figure class=\"wp-block-image alignfull size-full\"><img decoding=\"async\" loading=\"lazy\" width=\"1241\" height=\"1599\" src=\"https:\/\/dges-sal.infd.edu.ar\/sitio\/wp-content\/uploads\/2025\/11\/oferta-grande-antes-de-profesorado-y-tecnicaturas-2026-png-1.png\" alt=\"\" class=\"wp-image-16510\" srcset=\"https:\/\/dges-sal.infd.edu.ar\/sitio\/wp-content\/uploads\/2025\/11\/oferta-grande-antes-de-profesorado-y-tecnicaturas-2026-png-1.png 1241w, https:\/\/dges-sal.infd.edu.ar\/sitio\/wp-content\/uploads\/2025\/11\/oferta-grande-antes-de-profesorado-y-tecnicaturas-2026-png-1-776x1000.png 776w, https:\/\/dges-sal.infd.edu.ar\/sitio\/wp-content\/uploads\/2025\/11\/oferta-grande-antes-de-profesorado-y-tecnicaturas-2026-png-1-768x990.png 768w, https:\/\/dges-sal.infd.edu.ar\/sitio\/wp-content\/uploads\/2025\/11\/oferta-grande-antes-de-profesorado-y-tecnicaturas-2026-png-1-1192x1536.png 1192w\" sizes=\"(max-width: 1241px) 100vw, 1241px\" \/><\/figure>\n\n\n<p style=\"text-align: justify;\">La Direcci\u00f3n General&nbsp; de Educaci\u00f3n Superior tiene el agrado de presentar esta nueva secci\u00f3n del Sitio Web donde la comunidad en general podr\u00e1 consultar la oferta acad\u00e9mica de los Institutos de Educaci\u00f3n Superior de la &nbsp;Provincia de Salta.<\/p>\n<p style=\"text-align: justify;\">Esperamos que esta propuesta sea aprovechada por toda la comunidad y futuros estudiantes interesados en &nbsp;continuar estudios superiores.<\/p>\n\n\n<div class=\"wp-block-columns alignfull is-layout-flex wp-container-7\">\n<div class=\"wp-block-column is-layout-flow\" style=\"flex-basis:50px\"><\/div>\n\n\n\n<div class=\"wp-block-column is-layout-flow\">\n<figure class=\"wp-block-image size-full\"><a href=\"https:\/\/dges-sal.infd.edu.ar\/sitio\/oferta-en-profesorados-2026\/\"><img decoding=\"async\" loading=\"lazy\" width=\"819\" height=\"706\" src=\"https:\/\/dges-sal.infd.edu.ar\/sitio\/wp-content\/uploads\/2023\/08\/Recurso-26.png\" alt=\"\" class=\"wp-image-12035\" srcset=\"https:\/\/dges-sal.infd.edu.ar\/sitio\/wp-content\/uploads\/2023\/08\/Recurso-26.png 819w, https:\/\/dges-sal.infd.edu.ar\/sitio\/wp-content\/uploads\/2023\/08\/Recurso-26-768x662.png 768w\" sizes=\"(max-width: 819px) 100vw, 819px\" \/><\/a><\/figure>\n\n\n\n<p style=\"text-align: justify;\"><span style=\"color: #808080;\">Conoc\u00e9 nuestra diversa oferta de carreras de Profesorados y en qu\u00e9 Institutos de la Provincia las pod\u00e9s cursar<\/span><\/p>\n<\/div>\n\n\n\n<div class=\"wp-block-column is-layout-flow\">\n<figure class=\"wp-block-image size-full\"><a href=\"https:\/\/dges-sal.infd.edu.ar\/sitio\/oferta-tecnicaturas-2026\/\"><img decoding=\"async\" loading=\"lazy\" width=\"818\" height=\"706\" src=\"https:\/\/dges-sal.infd.edu.ar\/sitio\/wp-content\/uploads\/2023\/08\/Recurso-27.png\" alt=\"\" class=\"wp-image-12036\" srcset=\"https:\/\/dges-sal.infd.edu.ar\/sitio\/wp-content\/uploads\/2023\/08\/Recurso-27.png 818w, https:\/\/dges-sal.infd.edu.ar\/sitio\/wp-content\/uploads\/2023\/08\/Recurso-27-768x663.png 768w\" sizes=\"(max-width: 818px) 100vw, 818px\" \/><\/a><\/figure>\n\n\n\n<p style=\"text-align: justify;\"><span style=\"color: #808080;\">Conoc\u00e9 nuestra diversa oferta de carreras de Tecnicaturas y en qu\u00e9 Institutos de la Provincia las pod\u00e9s cursar<\/span><\/p>\n<\/div>\n\n\n\n<div class=\"wp-block-column is-layout-flow\">\n<figure class=\"wp-block-image size-full\"><a href=\"https:\/\/dges-sal.infd.edu.ar\/sitio\/oferta-academica\/\"><img decoding=\"async\" loading=\"lazy\" width=\"818\" height=\"705\" src=\"https:\/\/dges-sal.infd.edu.ar\/sitio\/wp-content\/uploads\/2026\/02\/buscar-x-region.png\" alt=\"\" class=\"wp-image-17127\" srcset=\"https:\/\/dges-sal.infd.edu.ar\/sitio\/wp-content\/uploads\/2026\/02\/buscar-x-region.png 818w, https:\/\/dges-sal.infd.edu.ar\/sitio\/wp-content\/uploads\/2026\/02\/buscar-x-region-768x662.png 768w\" sizes=\"(max-width: 818px) 100vw, 818px\" \/><\/a><\/figure>\n\n\n\n<p>Tambi\u00e9n pod\u00e9s buscar nuestra oferta de carreras docentes y t\u00e9cnicas que est\u00e9n cerca de tu lugar de residencia<\/p>\n<\/div>\n\n\n\n<div class=\"wp-block-column is-layout-flow\">\n<figure class=\"wp-block-image size-full\"><a href=\"https:\/\/dges-sal.infd.edu.ar\/aula\/archivos\/repositorio\/\/1500\/1676\/oferta_2026_fecha_03_02_2026.pdf\"><img decoding=\"async\" loading=\"lazy\" width=\"789\" height=\"693\" src=\"https:\/\/dges-sal.infd.edu.ar\/sitio\/wp-content\/uploads\/2023\/08\/Recurso-28.png\" alt=\"\" class=\"wp-image-12071\" srcset=\"https:\/\/dges-sal.infd.edu.ar\/sitio\/wp-content\/uploads\/2023\/08\/Recurso-28.png 789w, https:\/\/dges-sal.infd.edu.ar\/sitio\/wp-content\/uploads\/2023\/08\/Recurso-28-768x675.png 768w\" sizes=\"(max-width: 789px) 100vw, 789px\" \/><\/a><\/figure>\n\n\n\n<p style=\"text-align: justify;\"><span style=\"color: #808080;\">Si tu internet no es muy veloz o quer\u00e9s ahorrar datos podes descargar nuestra oferta en PDF<\/span><\/p>\n<\/div>\n\n\n\n<div class=\"wp-block-column is-layout-flow\" style=\"flex-basis:50px\"><\/div>\n<\/div>\n\n\n\n<div class=\"wp-block-columns alignfull is-layout-flex wp-container-11\">\n<div class=\"wp-block-column is-layout-flow\" style=\"flex-basis:50px\"><\/div>\n\n\n\n<div class=\"wp-block-column is-layout-flow\">\n<p style=\"text-transform:uppercase\"><\/p>\n<\/div>\n\n\n\n<div class=\"wp-block-column is-layout-flow\" style=\"flex-basis:50px\"><\/div>\n<\/div>\n","protected":false},"excerpt":{"rendered":"<p>La Direcci\u00f3n General&nbsp; de Educaci\u00f3n Superior tiene el agrado de presentar esta nueva secci\u00f3n del Sitio Web donde la comunidad en general podr\u00e1 consultar la oferta acad\u00e9mica de los Institutos de Educaci\u00f3n Superior de la &nbsp;Provincia de Salta. Esperamos que esta propuesta sea aprovechada por toda la comunidad y futuros estudiantes interesados en &nbsp;continuar estudios &#8230; <a title=\"oferta acad\u00e9mica 2026\" class=\"read-more\" href=\"https:\/\/dges-sal.infd.edu.ar\/sitio\/oferta-academica-2026\/\" aria-label=\"More on oferta acad\u00e9mica 2026\">[+]<\/a><\/p>\n","protected":false},"author":10692,"featured_media":0,"parent":0,"menu_order":0,"comment_status":"closed","ping_status":"closed","template":"","meta":[],"acf":[],"_links":{"self":[{"href":"https:\/\/dges-sal.infd.edu.ar\/sitio\/wp-json\/wp\/v2\/pages\/16507"}],"collection":[{"href":"https:\/\/dges-sal.infd.edu.ar\/sitio\/wp-json\/wp\/v2\/pages"}],"about":[{"href":"https:\/\/dges-sal.infd.edu.ar\/sitio\/wp-json\/wp\/v2\/types\/page"}],"author":[{"embeddable":true,"href":"https:\/\/dges-sal.infd.edu.ar\/sitio\/wp-json\/wp\/v2\/users\/10692"}],"replies":[{"embeddable":true,"href":"https:\/\/dges-sal.infd.edu.ar\/sitio\/wp-json\/wp\/v2\/comments?post=16507"}],"version-history":[{"count":11,"href":"https:\/\/dges-sal.infd.edu.ar\/sitio\/wp-json\/wp\/v2\/pages\/16507\/revisions"}],"predecessor-version":[{"id":17129,"href":"https:\/\/dges-sal.infd.edu.ar\/sitio\/wp-json\/wp\/v2\/pages\/16507\/revisions\/17129"}],"wp:attachment":[{"href":"https:\/\/dges-sal.infd.edu.ar\/sitio\/wp-json\/wp\/v2\/media?parent=16507"}],"curies":[{"name":"wp","href":"https:\/\/api.w.org\/{rel}","templated":true}]}}