{"id":16211,"date":"2025-10-07T14:57:26","date_gmt":"2025-10-07T17:57:26","guid":{"rendered":"https:\/\/dges-sal.infd.edu.ar\/sitio\/?page_id=16211"},"modified":"2025-10-07T15:21:47","modified_gmt":"2025-10-07T18:21:47","slug":"consejo-federal-de-educacion","status":"publish","type":"page","link":"https:\/\/dges-sal.infd.edu.ar\/sitio\/consejo-federal-de-educacion\/","title":{"rendered":"Consejo Federal de Educaci\u00f3n"},"content":{"rendered":"\n<div class=\"wp-duotone-unset-1 wp-block-cover alignfull is-light has-parallax has-small-font-size\" style=\"min-height:218px\"><span aria-hidden=\"true\" class=\"wp-block-cover__background has-background-dim-0 has-background-dim\"><\/span><div role=\"img\" class=\"wp-block-cover__image-background wp-image-8955 has-parallax\" style=\"background-position:50% 50%;background-image:url(https:\/\/dges-sal.infd.edu.ar\/sitio\/wp-content\/uploads\/2023\/03\/Recurso-24-2.png)\"><\/div><div class=\"wp-block-cover__inner-container\">\n<h1 class=\"wp-block-heading has-text-align-center has-contrast-color has-text-color has-small-font-size\" style=\"font-style:normal;font-weight:100\">         <img decoding=\"async\" loading=\"lazy\" width=\"565\" height=\"315\" class=\"wp-image-8971\" style=\"width: 300px;\" src=\"https:\/\/dges-sal.infd.edu.ar\/sitio\/wp-content\/uploads\/2023\/03\/Recurso-28.png\" alt=\"\"><\/h1>\n<\/div><\/div>\n\n\n\n<hr class=\"wp-block-separator aligncenter has-text-color has-contrast-2-color has-alpha-channel-opacity has-contrast-2-background-color has-background is-style-default\"\/>\n\n\n\n<div class=\"wp-block-columns is-layout-flex wp-container-4\">\n<div class=\"wp-block-column is-layout-flow\">\n<figure class=\"wp-block-image size-full is-resized\"><img decoding=\"async\" loading=\"lazy\" src=\"https:\/\/dges-sal.infd.edu.ar\/sitio\/wp-content\/uploads\/2025\/10\/cfe.png\" alt=\"\" class=\"wp-image-16217\" width=\"455\" height=\"91\"\/><\/figure>\n<\/div>\n\n\n\n<div class=\"wp-block-column is-layout-flow\">\n<p class=\"has-text-align-center\">Las resoluciones del Consejo Federal de Educaci\u00f3n (CFE) son decisiones y normativas que el CFE, el organismo interjurisdiccional de coordinaci\u00f3n de la pol\u00edtica educativa argentina, emite para asegurar la unidad y articulaci\u00f3n del sistema educativo nacional.\u00a0Estas resoluciones son de cumplimiento obligatorio a nivel nacional y establecen pautas para temas como la alfabetizaci\u00f3n, la formaci\u00f3n docente, los t\u00edtulos educativos y el desarrollo de estrategias para el sistema educativo.\u00a0<\/p>\n\n\n\n<p>Acceso a Resoluciones del CFE: clic <strong><a href=\"https:\/\/www.argentina.gob.ar\/educacion\/documentos-cfe\/resoluciones\">aqu\u00ed<\/a><\/strong><\/p>\n<\/div>\n<\/div>\n","protected":false},"excerpt":{"rendered":"<p>Las resoluciones del Consejo Federal de Educaci\u00f3n (CFE) son decisiones y normativas que el CFE, el organismo interjurisdiccional de coordinaci\u00f3n de la pol\u00edtica educativa argentina, emite para asegurar la unidad y articulaci\u00f3n del sistema educativo nacional.\u00a0Estas resoluciones son de cumplimiento obligatorio a nivel nacional y establecen pautas para temas como la alfabetizaci\u00f3n, la formaci\u00f3n docente, &#8230; <a title=\"Consejo Federal de Educaci\u00f3n\" class=\"read-more\" href=\"https:\/\/dges-sal.infd.edu.ar\/sitio\/consejo-federal-de-educacion\/\" aria-label=\"More on Consejo Federal de Educaci\u00f3n\">[+]<\/a><\/p>\n","protected":false},"author":10692,"featured_media":0,"parent":0,"menu_order":0,"comment_status":"closed","ping_status":"closed","template":"","meta":[],"acf":[],"_links":{"self":[{"href":"https:\/\/dges-sal.infd.edu.ar\/sitio\/wp-json\/wp\/v2\/pages\/16211"}],"collection":[{"href":"https:\/\/dges-sal.infd.edu.ar\/sitio\/wp-json\/wp\/v2\/pages"}],"about":[{"href":"https:\/\/dges-sal.infd.edu.ar\/sitio\/wp-json\/wp\/v2\/types\/page"}],"author":[{"embeddable":true,"href":"https:\/\/dges-sal.infd.edu.ar\/sitio\/wp-json\/wp\/v2\/users\/10692"}],"replies":[{"embeddable":true,"href":"https:\/\/dges-sal.infd.edu.ar\/sitio\/wp-json\/wp\/v2\/comments?post=16211"}],"version-history":[{"count":6,"href":"https:\/\/dges-sal.infd.edu.ar\/sitio\/wp-json\/wp\/v2\/pages\/16211\/revisions"}],"predecessor-version":[{"id":16222,"href":"https:\/\/dges-sal.infd.edu.ar\/sitio\/wp-json\/wp\/v2\/pages\/16211\/revisions\/16222"}],"wp:attachment":[{"href":"https:\/\/dges-sal.infd.edu.ar\/sitio\/wp-json\/wp\/v2\/media?parent=16211"}],"curies":[{"name":"wp","href":"https:\/\/api.w.org\/{rel}","templated":true}]}}