{"id":16174,"date":"2025-09-29T09:40:09","date_gmt":"2025-09-29T12:40:09","guid":{"rendered":"https:\/\/dges-sal.infd.edu.ar\/sitio\/?page_id=16174"},"modified":"2025-12-26T13:23:37","modified_gmt":"2025-12-26T16:23:37","slug":"ies-6005-de-salta-capital-convocatoria-2025-para-acceso-al-cargo-de-coordinador-pedagogico","status":"publish","type":"page","link":"https:\/\/dges-sal.infd.edu.ar\/sitio\/ies-6005-de-salta-capital-convocatoria-2025-para-acceso-al-cargo-de-coordinador-pedagogico\/","title":{"rendered":"IES 6005 de Salta Capital Convocatoria 2025 para acceso al cargo de Coordinador Pedag\u00f3gico"},"content":{"rendered":"\n<p><strong>Convocatoria&nbsp;<a href=\"https:\/\/saltaeducs.com\/wp-content\/uploads\/2025\/09\/disp.-257-25-ies-6005-convocatoria-coordinador-pedagogico.pdf\"><strong>Disp. 257\/2025<\/strong><\/a>&nbsp;cobertura de cargo de&nbsp;Coordinador Pedag\u00f3gico&nbsp;del Instituto Superior del Profesorado de Salta &nbsp;N\u00b0 6005 de Salta Capital<\/strong><\/p>\n\n\n\n<figure class=\"wp-block-table\"><table><tbody><tr><td><strong>N\u00f3mina de aspirantes inscriptos.<\/strong> <strong>Fecha de publicaci\u00f3n<\/strong><\/td><td><strong>Nomina definitiva de aspirantes<\/strong> <strong>Fecha de publicaci\u00f3n<\/strong><\/td><td><strong>Disposici\u00f3n nuevo tribunal (si correspondiere)<\/strong><\/td><td><strong>Listado evaluaci\u00f3n de T\u00edtulos y Antecedentes<\/strong><\/td><td><strong>Resultado evaluaci\u00f3n de la<\/strong> <strong>Propuesta<\/strong><\/td><td><strong>Fecha de Examen Escrito y Resultados<\/strong><\/td><td><strong>Fecha de Exposici\u00f3n y defensa oral de la propuesta de Gesti\u00f3n y Resultados<\/strong><\/td><td><strong>Disposiciones<\/strong>&nbsp; <strong>DGES<\/strong><\/td><\/tr><tr><td>1ra Convocatoria<br>Archivo:&nbsp;<br><strong><a href=\"https:\/\/dges-sal.infd.edu.ar\/sitio\/wp-content\/uploads\/2025\/09\/Acta-cierre-de-inscripcion-6005-CP.pdf\">AQU\u00cd<\/a><\/strong><br>fecha de publicaci\u00f3n: 30\/09\/25<\/td><td>Archivo:&nbsp; <strong><a href=\"https:\/\/dges-sal.infd.edu.ar\/sitio\/wp-content\/uploads\/2025\/10\/Disp.-300-25-IES-6005-Coordinador-Pedagogico-nomina-definitiva-aspirantes-.pdf\" target=\"_blank\" rel=\"noreferrer noopener\">AQU\u00cd<\/a><\/strong><br>fecha de publicaci\u00f3n: 08\/10\/25<\/td><td>Archivo:&nbsp; <br><strong>AQU\u00cd<\/strong><\/td><td>Archivo:&nbsp; <br><strong><a href=\"https:\/\/dges-sal.infd.edu.ar\/sitio\/wp-content\/uploads\/2025\/11\/listado-6005-CP-titulo-y-trayectoria-.pdf\" target=\"_blank\" rel=\"noreferrer noopener\">AQU\u00cd<\/a><\/strong><\/td><td>Archivo:&nbsp; <strong><a href=\"https:\/\/dges-sal.infd.edu.ar\/sitio\/wp-content\/uploads\/2025\/11\/6005-CP-resultado-Valoracion-propuesta-Pedagogica-.pdf\" target=\"_blank\" rel=\"noreferrer noopener\">AQU\u00cd<\/a><\/strong><\/td><td>Fecha: <strong>25\/11\/25<\/strong> a hs. 10:30 en oficinas de la DGESuperior&nbsp; Resultado: <strong><a href=\"https:\/\/dges-sal.infd.edu.ar\/sitio\/wp-content\/uploads\/2025\/11\/6005-CP-resultado-Examen-Escrito-y-fecha-de-exposicion-y-defensa-oral-de-la-propuesta-pedagogica.pdf\" target=\"_blank\" rel=\"noreferrer noopener\">AQU\u00cd<\/a><\/strong><\/td><td>Fecha:  <br>17\/12\/25 a hs. 19:30 en el Instituto Superior del Profesorado de Salta N\u00b0 6005&nbsp;  Resultado: <strong><a href=\"https:\/\/dges-sal.infd.edu.ar\/sitio\/wp-content\/uploads\/2025\/12\/Resultado-6005-exposicion-y-defensa-oral-CP.pdf\" target=\"_blank\" rel=\"noreferrer noopener\">AQU\u00cd<\/a><\/strong><\/td><td>Archivo: <strong><a href=\"https:\/\/dges-sal.infd.edu.ar\/sitio\/wp-content\/uploads\/2025\/12\/Disp.-407-25-IES-6005-aprobar-procedimiento-concurso-CP.pdf\" target=\"_blank\" rel=\"noreferrer noopener\">AQU\u00cd<\/a><\/strong><\/td><\/tr><\/tbody><\/table><\/figure>\n","protected":false},"excerpt":{"rendered":"<p>Convocatoria&nbsp;Disp. 257\/2025&nbsp;cobertura de cargo de&nbsp;Coordinador Pedag\u00f3gico&nbsp;del Instituto Superior del Profesorado de Salta &nbsp;N\u00b0 6005 de Salta Capital N\u00f3mina de aspirantes inscriptos. Fecha de publicaci\u00f3n Nomina definitiva de aspirantes Fecha de publicaci\u00f3n Disposici\u00f3n nuevo tribunal (si correspondiere) Listado evaluaci\u00f3n de T\u00edtulos y Antecedentes Resultado evaluaci\u00f3n de la Propuesta Fecha de Examen Escrito y Resultados Fecha de &#8230; <a title=\"IES 6005 de Salta Capital Convocatoria 2025 para acceso al cargo de Coordinador Pedag\u00f3gico\" class=\"read-more\" href=\"https:\/\/dges-sal.infd.edu.ar\/sitio\/ies-6005-de-salta-capital-convocatoria-2025-para-acceso-al-cargo-de-coordinador-pedagogico\/\" aria-label=\"More on IES 6005 de Salta Capital Convocatoria 2025 para acceso al cargo de Coordinador Pedag\u00f3gico\">[+]<\/a><\/p>\n","protected":false},"author":790,"featured_media":0,"parent":0,"menu_order":0,"comment_status":"closed","ping_status":"closed","template":"","meta":[],"acf":[],"_links":{"self":[{"href":"https:\/\/dges-sal.infd.edu.ar\/sitio\/wp-json\/wp\/v2\/pages\/16174"}],"collection":[{"href":"https:\/\/dges-sal.infd.edu.ar\/sitio\/wp-json\/wp\/v2\/pages"}],"about":[{"href":"https:\/\/dges-sal.infd.edu.ar\/sitio\/wp-json\/wp\/v2\/types\/page"}],"author":[{"embeddable":true,"href":"https:\/\/dges-sal.infd.edu.ar\/sitio\/wp-json\/wp\/v2\/users\/790"}],"replies":[{"embeddable":true,"href":"https:\/\/dges-sal.infd.edu.ar\/sitio\/wp-json\/wp\/v2\/comments?post=16174"}],"version-history":[{"count":14,"href":"https:\/\/dges-sal.infd.edu.ar\/sitio\/wp-json\/wp\/v2\/pages\/16174\/revisions"}],"predecessor-version":[{"id":16941,"href":"https:\/\/dges-sal.infd.edu.ar\/sitio\/wp-json\/wp\/v2\/pages\/16174\/revisions\/16941"}],"wp:attachment":[{"href":"https:\/\/dges-sal.infd.edu.ar\/sitio\/wp-json\/wp\/v2\/media?parent=16174"}],"curies":[{"name":"wp","href":"https:\/\/api.w.org\/{rel}","templated":true}]}}