{"id":16170,"date":"2025-09-29T09:33:30","date_gmt":"2025-09-29T12:33:30","guid":{"rendered":"https:\/\/dges-sal.infd.edu.ar\/sitio\/?page_id=16170"},"modified":"2025-12-26T13:29:02","modified_gmt":"2025-12-26T16:29:02","slug":"ies-6006-de-salta-capital-convocatoria-2025-para-acceso-al-cargo-de-rector-a","status":"publish","type":"page","link":"https:\/\/dges-sal.infd.edu.ar\/sitio\/ies-6006-de-salta-capital-convocatoria-2025-para-acceso-al-cargo-de-rector-a\/","title":{"rendered":"IES 6006 de Salta Capital Convocatoria 2025 para acceso al cargo de Rector-a"},"content":{"rendered":"\n<p><strong>Convocatoria&nbsp;<a href=\"https:\/\/saltaeducs.com\/wp-content\/uploads\/2025\/09\/disp.-258-25-ies-6006-convocatoria-rector.pdf\"><strong>Disp. 258\/2025<\/strong><\/a>&nbsp;cobertura de cargo de&nbsp;Rector-a&nbsp;del Profesorado de Jard\u00edn de Infantes y Educaci\u00f3n Especial N\u00b0 6006 de Salta Capital<\/strong><\/p>\n\n\n\n<figure class=\"wp-block-table is-style-stripes\"><table><tbody><tr><td><strong>N\u00f3mina de aspirantes inscriptos.<\/strong> <strong>Fecha de publicaci\u00f3n<\/strong><\/td><td><strong>Nomina definitiva de aspirantes<\/strong> <strong>Fecha de publicaci\u00f3n<\/strong><\/td><td><strong>Disposici\u00f3n nuevo tribunal (si correspondiere)<\/strong><\/td><td><strong>Listado evaluaci\u00f3n de T\u00edtulos y Antecedentes<\/strong><\/td><td><strong>Resultado evaluaci\u00f3n de la<\/strong> <strong>Propuesta<\/strong><\/td><td><strong>Fecha de Examen Escrito y Resultados<\/strong><\/td><td><strong>Fecha de Exposici\u00f3n y defensa oral de la propuesta de Gesti\u00f3n y Resultados<\/strong><\/td><td><strong>Disposiciones<\/strong>&nbsp; <strong>DGES<\/strong><\/td><\/tr><tr><td>1ra Convocatoria<br>Archivo:&nbsp;<br><a href=\"https:\/\/dges-sal.infd.edu.ar\/sitio\/wp-content\/uploads\/2025\/09\/Acta-de-cierre-inscripcion-6006-Rector.pdf\"><strong>AQU\u00cd<\/strong><\/a><br>fecha de publicaci\u00f3n: 30\/09\/25<\/td><td>Archivo:&nbsp; <strong><a href=\"https:\/\/dges-sal.infd.edu.ar\/sitio\/wp-content\/uploads\/2025\/10\/Disp.-304-25-Nomina-definitiva-aspirantes-6006-Rector.pdf\" target=\"_blank\" rel=\"noreferrer noopener\">AQU\u00cd<\/a><\/strong><br>fecha de publicaci\u00f3n: 08\/10\/25<\/td><td>Archivo:&nbsp; <br><strong>AQU\u00cd<\/strong><\/td><td>Archivo:&nbsp; <br><strong><a href=\"https:\/\/dges-sal.infd.edu.ar\/sitio\/wp-content\/uploads\/2025\/11\/listado-6006-Rector-titulo-y-trayectoria-.pdf\" target=\"_blank\" rel=\"noreferrer noopener\">AQU\u00cd<\/a><\/strong><\/td><td>Archivo:&nbsp; <strong><a href=\"https:\/\/dges-sal.infd.edu.ar\/sitio\/wp-content\/uploads\/2025\/11\/6006-Rector-resultado-propuesta-de-Gestion-.pdf\" target=\"_blank\" rel=\"noreferrer noopener\">AQU\u00cd<\/a><\/strong><\/td><td>Fecha:&nbsp; <strong>18\/12\/2025<\/strong> a hs. 09:00 en oficinas de la DGESuperior&nbsp; Resultado: <strong><a href=\"https:\/\/dges-sal.infd.edu.ar\/sitio\/wp-content\/uploads\/2025\/12\/6006-resultado-examen-escrito-rector.pdf\" target=\"_blank\" rel=\"noreferrer noopener\">AQU\u00cd<\/a><\/strong><\/td><td>Archivo:&nbsp; 22\/12\/2025 a hs. 20:00 en el Profesorado de Jard\u00edn de Infantes y Educaci\u00f3n Especial N\u00b0 6006, sito en 20 de Febrero 131 de Salta Capital Resultado: <strong><a rel=\"noreferrer noopener\" href=\"https:\/\/dges-sal.infd.edu.ar\/sitio\/wp-content\/uploads\/2025\/12\/6006-resultado-exposicion-y-defensa-oral-propuesta-de-gestion-.pdf\" target=\"_blank\">AQU\u00cd<\/a><\/strong><\/td><td>Archivo: <strong><a href=\"https:\/\/dges-sal.infd.edu.ar\/sitio\/wp-content\/uploads\/2025\/12\/Disp.-409-25-IES-6006-aprobar-procedimiento-concursal-rector.pdf\" target=\"_blank\" rel=\"noreferrer noopener\">AQU\u00cd<\/a><\/strong><\/td><\/tr><\/tbody><\/table><\/figure>\n","protected":false},"excerpt":{"rendered":"<p>Convocatoria&nbsp;Disp. 258\/2025&nbsp;cobertura de cargo de&nbsp;Rector-a&nbsp;del Profesorado de Jard\u00edn de Infantes y Educaci\u00f3n Especial N\u00b0 6006 de Salta Capital N\u00f3mina de aspirantes inscriptos. Fecha de publicaci\u00f3n Nomina definitiva de aspirantes Fecha de publicaci\u00f3n Disposici\u00f3n nuevo tribunal (si correspondiere) Listado evaluaci\u00f3n de T\u00edtulos y Antecedentes Resultado evaluaci\u00f3n de la Propuesta Fecha de Examen Escrito y Resultados Fecha &#8230; <a title=\"IES 6006 de Salta Capital Convocatoria 2025 para acceso al cargo de Rector-a\" class=\"read-more\" href=\"https:\/\/dges-sal.infd.edu.ar\/sitio\/ies-6006-de-salta-capital-convocatoria-2025-para-acceso-al-cargo-de-rector-a\/\" aria-label=\"More on IES 6006 de Salta Capital Convocatoria 2025 para acceso al cargo de Rector-a\">[+]<\/a><\/p>\n","protected":false},"author":790,"featured_media":0,"parent":0,"menu_order":0,"comment_status":"closed","ping_status":"closed","template":"","meta":[],"acf":[],"_links":{"self":[{"href":"https:\/\/dges-sal.infd.edu.ar\/sitio\/wp-json\/wp\/v2\/pages\/16170"}],"collection":[{"href":"https:\/\/dges-sal.infd.edu.ar\/sitio\/wp-json\/wp\/v2\/pages"}],"about":[{"href":"https:\/\/dges-sal.infd.edu.ar\/sitio\/wp-json\/wp\/v2\/types\/page"}],"author":[{"embeddable":true,"href":"https:\/\/dges-sal.infd.edu.ar\/sitio\/wp-json\/wp\/v2\/users\/790"}],"replies":[{"embeddable":true,"href":"https:\/\/dges-sal.infd.edu.ar\/sitio\/wp-json\/wp\/v2\/comments?post=16170"}],"version-history":[{"count":13,"href":"https:\/\/dges-sal.infd.edu.ar\/sitio\/wp-json\/wp\/v2\/pages\/16170\/revisions"}],"predecessor-version":[{"id":16943,"href":"https:\/\/dges-sal.infd.edu.ar\/sitio\/wp-json\/wp\/v2\/pages\/16170\/revisions\/16943"}],"wp:attachment":[{"href":"https:\/\/dges-sal.infd.edu.ar\/sitio\/wp-json\/wp\/v2\/media?parent=16170"}],"curies":[{"name":"wp","href":"https:\/\/api.w.org\/{rel}","templated":true}]}}