{"id":16163,"date":"2025-09-29T09:20:55","date_gmt":"2025-09-29T12:20:55","guid":{"rendered":"https:\/\/dges-sal.infd.edu.ar\/sitio\/?page_id=16163"},"modified":"2025-12-17T16:00:28","modified_gmt":"2025-12-17T19:00:28","slug":"ies-6005-de-salta-capital-convocatoria-2025-para-acceso-al-cargo-de-rector-a","status":"publish","type":"page","link":"https:\/\/dges-sal.infd.edu.ar\/sitio\/ies-6005-de-salta-capital-convocatoria-2025-para-acceso-al-cargo-de-rector-a\/","title":{"rendered":"IES 6005 de Salta Capital Convocatoria 2025 para acceso al cargo de Rector-a"},"content":{"rendered":"\n<p><strong>Convocatoria&nbsp;<a href=\"https:\/\/saltaeducs.com\/wp-content\/uploads\/2025\/09\/disp.-255-25-ies-6005-convocatoria-rector.pdf\"><strong>Disp. 255\/2025<\/strong><\/a>&nbsp;cobertura de cargo de&nbsp;Rector-a&nbsp;del Instituto Superior del Profesorado de Salta N\u00b0 6005 de Salta Capital<\/strong><\/p>\n\n\n\n<figure class=\"wp-block-table is-style-stripes\"><table><tbody><tr><td><strong>N\u00f3mina de aspirantes inscriptos.<\/strong> <strong>Fecha de publicaci\u00f3n<\/strong><\/td><td><strong>Nomina definitiva de aspirantes<\/strong> <strong>Fecha de publicaci\u00f3n<\/strong><\/td><td><strong>Disposici\u00f3n nuevo tribunal (si correspondiere)<\/strong><\/td><td><strong>Listado evaluaci\u00f3n de T\u00edtulos y Antecedentes<\/strong><\/td><td><strong>Dictamen evaluaci\u00f3n de la<\/strong> <strong>Propuesta<\/strong><\/td><td><strong>Fecha de Examen Escrito y Resultados<\/strong><\/td><td><strong>Fecha de Exposici\u00f3n y defensa oral de la propuesta de Gesti\u00f3n y Resultados<\/strong><\/td><td><strong>Disposiciones<\/strong>&nbsp; <strong>DGES<\/strong><\/td><\/tr><tr><td>1ra Convocatoria<br>Archivo:&nbsp;<br><strong><a href=\"https:\/\/dges-sal.infd.edu.ar\/sitio\/wp-content\/uploads\/2025\/09\/Acta-cierre-de-inscripcion-6005-Rector.pdf\">AQU\u00cd<\/a><\/strong><br>fecha de publicaci\u00f3n: 30\/09\/25<\/td><td>Archivo:&nbsp; <strong><a href=\"https:\/\/dges-sal.infd.edu.ar\/sitio\/wp-content\/uploads\/2025\/10\/Disp.-302-25-IES-6005-Rector-nomina-definitiva-aspirantes-.pdf\" target=\"_blank\" rel=\"noreferrer noopener\">AQU\u00cd<\/a><\/strong><br>fecha de publicaci\u00f3n: 08\/10\/25<\/td><td>Archivo:&nbsp;<br><strong>AQU\u00cd<\/strong><\/td><td>Archivo:&nbsp; <br><strong><a href=\"https:\/\/dges-sal.infd.edu.ar\/sitio\/wp-content\/uploads\/2025\/11\/listado-6005-Rector-titulo-y-trayectoria-.pdf\" target=\"_blank\" rel=\"noreferrer noopener\">AQU\u00cd<\/a><\/strong><\/td><td>Archivo:&nbsp; <strong><a href=\"https:\/\/dges-sal.infd.edu.ar\/sitio\/wp-content\/uploads\/2025\/11\/Listado-6005-Rector-resultado-valoracion-propuesta-de-Gestion-y-fecha-de-examen-escrito.pdf\" target=\"_blank\" rel=\"noreferrer noopener\">AQU\u00cd<\/a><\/strong><\/td><td>Fecha:&nbsp; <strong>05\/12\/2025<\/strong> a hs. 08:30 en oficinas de la DGESuperior<br><br>Resultado: <strong><a href=\"https:\/\/dges-sal.infd.edu.ar\/sitio\/wp-content\/uploads\/2025\/12\/IES-6005-listado-resultado-examen-escrito-Rector.pdf\" target=\"_blank\" rel=\"noreferrer noopener\">AQU\u00cd<\/a><\/strong><\/td><td>Fecha:\u00a0 11\/12\/2025 a hs. 20.00 en el ISPS N\u00b0 6005\u00a0\u00a0 Resultado: <strong><a href=\"https:\/\/dges-sal.infd.edu.ar\/sitio\/wp-content\/uploads\/2025\/12\/Listado-6005-resultado-exposicion-y-defensa-oral-Rector.pdf\" target=\"_blank\" rel=\"noreferrer noopener\">AQU\u00cd<\/a><\/strong><\/td><td>Archivo: <strong><a href=\"https:\/\/dges-sal.infd.edu.ar\/sitio\/wp-content\/uploads\/2025\/12\/Disp.-402-25-IES-6005-aprobar-procedimiento-concursal-Rector.pdf\" target=\"_blank\" rel=\"noreferrer noopener\">AQU\u00cd<\/a><\/strong><\/td><\/tr><\/tbody><\/table><\/figure>\n","protected":false},"excerpt":{"rendered":"<p>Convocatoria&nbsp;Disp. 255\/2025&nbsp;cobertura de cargo de&nbsp;Rector-a&nbsp;del Instituto Superior del Profesorado de Salta N\u00b0 6005 de Salta Capital N\u00f3mina de aspirantes inscriptos. Fecha de publicaci\u00f3n Nomina definitiva de aspirantes Fecha de publicaci\u00f3n Disposici\u00f3n nuevo tribunal (si correspondiere) Listado evaluaci\u00f3n de T\u00edtulos y Antecedentes Dictamen evaluaci\u00f3n de la Propuesta Fecha de Examen Escrito y Resultados Fecha de Exposici\u00f3n &#8230; <a title=\"IES 6005 de Salta Capital Convocatoria 2025 para acceso al cargo de Rector-a\" class=\"read-more\" href=\"https:\/\/dges-sal.infd.edu.ar\/sitio\/ies-6005-de-salta-capital-convocatoria-2025-para-acceso-al-cargo-de-rector-a\/\" aria-label=\"More on IES 6005 de Salta Capital Convocatoria 2025 para acceso al cargo de Rector-a\">[+]<\/a><\/p>\n","protected":false},"author":790,"featured_media":0,"parent":0,"menu_order":0,"comment_status":"closed","ping_status":"closed","template":"","meta":[],"acf":[],"_links":{"self":[{"href":"https:\/\/dges-sal.infd.edu.ar\/sitio\/wp-json\/wp\/v2\/pages\/16163"}],"collection":[{"href":"https:\/\/dges-sal.infd.edu.ar\/sitio\/wp-json\/wp\/v2\/pages"}],"about":[{"href":"https:\/\/dges-sal.infd.edu.ar\/sitio\/wp-json\/wp\/v2\/types\/page"}],"author":[{"embeddable":true,"href":"https:\/\/dges-sal.infd.edu.ar\/sitio\/wp-json\/wp\/v2\/users\/790"}],"replies":[{"embeddable":true,"href":"https:\/\/dges-sal.infd.edu.ar\/sitio\/wp-json\/wp\/v2\/comments?post=16163"}],"version-history":[{"count":14,"href":"https:\/\/dges-sal.infd.edu.ar\/sitio\/wp-json\/wp\/v2\/pages\/16163\/revisions"}],"predecessor-version":[{"id":16926,"href":"https:\/\/dges-sal.infd.edu.ar\/sitio\/wp-json\/wp\/v2\/pages\/16163\/revisions\/16926"}],"wp:attachment":[{"href":"https:\/\/dges-sal.infd.edu.ar\/sitio\/wp-json\/wp\/v2\/media?parent=16163"}],"curies":[{"name":"wp","href":"https:\/\/api.w.org\/{rel}","templated":true}]}}