{"id":16118,"date":"2025-09-10T10:26:18","date_gmt":"2025-09-10T13:26:18","guid":{"rendered":"https:\/\/dges-sal.infd.edu.ar\/sitio\/?page_id=16118"},"modified":"2025-10-18T09:52:49","modified_gmt":"2025-10-18T12:52:49","slug":"xiii-encuentro-provincial-de-practicas-y-residencias-educativas","status":"publish","type":"page","link":"https:\/\/dges-sal.infd.edu.ar\/sitio\/xiii-encuentro-provincial-de-practicas-y-residencias-educativas\/","title":{"rendered":"XIII ENCUENTRO PROVINCIAL DE PR\u00c1CTICAS Y RESIDENCIAS EDUCATIVAS"},"content":{"rendered":"\n<hr class=\"wp-block-separator has-alpha-channel-opacity\"\/>\n\n\n\n<figure class=\"wp-block-image size-full\"><img decoding=\"async\" loading=\"lazy\" width=\"1366\" height=\"768\" src=\"https:\/\/dges-sal.infd.edu.ar\/sitio\/wp-content\/uploads\/2025\/09\/Portada-pagina-opcion-2-2.png\" alt=\"\" class=\"wp-image-16119\" srcset=\"https:\/\/dges-sal.infd.edu.ar\/sitio\/wp-content\/uploads\/2025\/09\/Portada-pagina-opcion-2-2.png 1366w, https:\/\/dges-sal.infd.edu.ar\/sitio\/wp-content\/uploads\/2025\/09\/Portada-pagina-opcion-2-2-1000x562.png 1000w, https:\/\/dges-sal.infd.edu.ar\/sitio\/wp-content\/uploads\/2025\/09\/Portada-pagina-opcion-2-2-768x432.png 768w\" sizes=\"(max-width: 1366px) 100vw, 1366px\" \/><\/figure>\n\n\n\n<p>El XIII Encuentro Provincial de Pr\u00e1cticas y Residencias Educativas es un espacio de reflexi\u00f3n e intercambio colectivo que busca repensar la pr\u00e1ctica docente y profesionalizante, integrando innovaci\u00f3n, diversidad y compromiso social.<\/p>\n\n\n\n<p>Bajo el lema <em>\u201cDel desaf\u00edo pedag\u00f3gico a la pr\u00e1ctica innovadora: el rol del docente del siglo XXI en contexto h\u00edbrido\u201d<\/em>, esta edici\u00f3n se realizar\u00e1 los d\u00edas 21 y 22 de octubre de 2025, con modalidad h\u00edbrida, en diferentes sedes de la provincia y transmisi\u00f3n en vivo, favoreciendo la participaci\u00f3n amplia y plural.<\/p>\n\n\n\n<div class=\"wp-block-columns is-layout-flex wp-container-3\">\n<div class=\"wp-block-column is-layout-flow\" style=\"flex-basis:33.33%\"><\/div>\n\n\n\n<div class=\"wp-block-column is-layout-flow\" style=\"flex-basis:66.66%\">\n<p>M\u00e1s informaci\u00f3n: <a href=\"https:\/\/dges-sal.infd.edu.ar\/aula\/archivos\/repositorio\/\/1500\/1594\/I_Circular_-_Encuentro_de_Pra769cticas_y_Residencias_XIII.Finaldocx_1.pdf\">Circular 01 del XIII Encuentro Provincial de Pr\u00e1cticas y Residencias Educativas<\/a><\/p>\n<\/div>\n<\/div>\n\n\n\n<p>El XIII Encuentro Provincial de Pr\u00e1cticas y Residencias Educativas avanza en su organizaci\u00f3n e invita a la comunidad educativa a sumarse con propuestas y experiencias que enriquezcan el intercambio y la construcci\u00f3n colectiva.<\/p>\n\n\n\n<p>Bajo el lema <em>\u201cDel desaf\u00edo pedag\u00f3gico a la pr\u00e1ctica innovadora: el rol del docente del siglo XXI en contexto h\u00edbrido\u201d<\/em>, se presentan las modalidades de participaci\u00f3n, plazos, ejes tem\u00e1ticos y pautas para la presentaci\u00f3n de trabajos, en el marco de un evento que promueve la reflexi\u00f3n sobre los desaf\u00edos actuales de la educaci\u00f3n superior.<\/p>\n\n\n\n<div class=\"wp-block-columns is-layout-flex wp-container-6\">\n<div class=\"wp-block-column is-layout-flow\" style=\"flex-basis:33.33%\"><\/div>\n\n\n\n<div class=\"wp-block-column is-layout-flow\" style=\"flex-basis:66.66%\">\n<p>M\u00e1s informaci\u00f3n: <a href=\"https:\/\/dges-sal.infd.edu.ar\/aula\/archivos\/repositorio\/\/1500\/1595\/__II_Circular_-_Encuentro_de_Practicas_y_Residencias_XIII.docx.pdf\">Circular 02 del XIII Encuentro Provincial de Pr\u00e1cticas y Residencias Educativas<\/a><\/p>\n<\/div>\n<\/div>\n\n\n\n<p>Con el prop\u00f3sito de orientar a las\/los participantes y facilitar su plena integraci\u00f3n en las distintas actividades programadas, se comparte Circular III y agenda con d\u00edas, horarios y sedes de las actividades, indicando para cada propuesta su modalidad (presencial, h\u00edbrida o virtual), la cantidad de cupos disponibles y el enlace directo para la inscripci\u00f3n.<\/p>\n\n\n\n<div class=\"wp-block-columns is-layout-flex wp-container-9\">\n<div class=\"wp-block-column is-layout-flow\" style=\"flex-basis:33.33%\"><\/div>\n\n\n\n<div class=\"wp-block-column is-layout-flow\" style=\"flex-basis:66.66%\">\n<p>M\u00e1s informaci\u00f3n: <a href=\"https:\/\/dges-sal.infd.edu.ar\/aula\/archivos\/repositorio\/\/1500\/1622\/III_Circular_-_Encuentro_de_Practicas_y_Residencias_XIII.docx_2.pdf\">Circular 03 del XIII Encuentro Provincial de Pr\u00e1cticas y Residencias Educativas. Agenda<\/a>.<\/p>\n<\/div>\n<\/div>\n\n\n\n<p><\/p>\n\n\n\n<h2 class=\"wp-block-heading\">Actualizaci\u00f3n de agenda &#8211; XIII Encuentro Provincial de Pr\u00e1cticas y Residencias Educativas<\/h2>\n\n\n\n<p><br>En el marco del XIII Encuentro Provincial de Pr\u00e1cticas y Residencias Educativas, se publica nuevamente la agenda de actividades con las correcciones y actualizaciones pertinentes.<br>Esta versi\u00f3n incorpora ajustes en los horarios y espacios de algunas propuestas, as\u00ed como la inclusi\u00f3n de nuevas actividades que no figuraban en la publicaci\u00f3n anterior.<br>Se recomienda a las y los participantes consultar esta versi\u00f3n actualizada para acceder a la informaci\u00f3n completa y definitiva del cronograma correspondiente a cada una de las sedes<\/p>\n\n\n\n<figure class=\"wp-block-table\"><table><tbody><tr><td class=\"has-text-align-center\" data-align=\"center\"><strong>Sede<\/strong><\/td><td><\/td><td class=\"has-text-align-center\" data-align=\"center\"><strong>Agenda actualizada<\/strong><\/td><\/tr><tr><td class=\"has-text-align-center\" data-align=\"center\">SALTA CAPITAL<\/td><td><\/td><td class=\"has-text-align-center\" data-align=\"center\">Clic <strong><a href=\"https:\/\/docs.google.com\/document\/d\/1G0b3TVP6sIEwHquj1n9HxK0oZPptkRrS\/\">aqu\u00ed<\/a><\/strong><\/td><\/tr><tr><td class=\"has-text-align-center\" data-align=\"center\">OR\u00c1N<\/td><td><\/td><td class=\"has-text-align-center\" data-align=\"center\">Clic <a href=\"https:\/\/dges-sal.infd.edu.ar\/aula\/archivos\/repositorio\/\/1500\/1627\/SEDE_ORAN.pdf\"><strong>aqu\u00ed<\/strong><\/a><\/td><\/tr><tr><td class=\"has-text-align-center\" data-align=\"center\">MOLINOS<\/td><td><\/td><td class=\"has-text-align-center\" data-align=\"center\">Clic <strong><a href=\"https:\/\/dges-sal.infd.edu.ar\/aula\/archivos\/repositorio\/\/1500\/1626\/SEDE_MOLINOS.pdf\">aqu\u00ed<\/a><\/strong><\/td><\/tr><tr><td class=\"has-text-align-center\" data-align=\"center\">TARTAGAL<\/td><td><\/td><td class=\"has-text-align-center\" data-align=\"center\">Clic <strong><a href=\"https:\/\/dges-sal.infd.edu.ar\/aula\/archivos\/repositorio\/\/1500\/1624\/AGENDA_SEDE_TARTAGAL.pdf\">aqu\u00ed<\/a><\/strong><\/td><\/tr><tr><td class=\"has-text-align-center\" data-align=\"center\">CAFAYATE<\/td><td><\/td><td class=\"has-text-align-center\" data-align=\"center\">Clic <strong><a href=\"https:\/\/dges-sal.infd.edu.ar\/aula\/archivos\/repositorio\/\/1500\/1628\/Agenda_XIII_Encuentro_de_Practicas_y_Residencias_-_Sede_Cafayate.docx.pdf\">aqu\u00ed<\/a><\/strong><\/td><\/tr><tr><td class=\"has-text-align-center\" data-align=\"center\">JOAQU\u00cdN V. GONZ\u00c1LEZ<\/td><td><\/td><td class=\"has-text-align-center\" data-align=\"center\">Clic <strong><a href=\"https:\/\/dges-sal.infd.edu.ar\/aula\/archivos\/repositorio\/\/1500\/1625\/Agenda_XIII_Encuentro_de_Practicas_y_Residencias_-_JV_GONZALEZ.pdf\">aqu\u00ed<\/a><\/strong><\/td><\/tr><\/tbody><\/table><\/figure>\n\n\n\n<div class=\"wp-block-columns is-layout-flex wp-container-12\">\n<div class=\"wp-block-column is-layout-flow\" style=\"flex-basis:33.33%\"><\/div>\n\n\n\n<div class=\"wp-block-column is-layout-flow\" style=\"flex-basis:66.66%\">\n<p>Mas informaci\u00f3n: <a href=\"https:\/\/docs.google.com\/document\/d\/1G0b3TVP6sIEwHquj1n9HxK0oZPptkRrS\/\">Fe de erratas &#8211; Agenda XIII Encuentro de Pr\u00e1cticas y Residencias &#8211; Sede Capital<\/a><\/p>\n<\/div>\n<\/div>\n\n\n\n<hr class=\"wp-block-separator has-alpha-channel-opacity\"\/>\n\n\n\n<div class=\"wp-block-columns is-layout-flex wp-container-16\">\n<div class=\"wp-block-column is-layout-flow\"><\/div>\n\n\n\n<div class=\"wp-block-column is-layout-flow\">\n<h5 class=\"wp-block-heading has-text-align-center\">Fechas Claves<\/h5>\n<\/div>\n\n\n\n<div class=\"wp-block-column is-layout-flow\"><\/div>\n<\/div>\n\n\n\n<div class=\"wp-block-columns is-layout-flex wp-container-20\">\n<div class=\"wp-block-column is-layout-flow\">\n<p>Desarrollo del evento<\/p>\n\n\n\n<ul>\n<li>21 y 22 de Octubre<\/li>\n<\/ul>\n<\/div>\n\n\n\n<div class=\"wp-block-column is-layout-flow\">\n<p>Presentaci\u00f3n de trabajos<\/p>\n\n\n\n<ul>\n<li>17 al 22 de septiembre del 2025: Env\u00edo de propuesta<\/li>\n\n\n\n<li>27 de septiembre al 8 de octubre del 2025: Correcci\u00f3n de trabajos por la comisi\u00f3n evaluadora<\/li>\n\n\n\n<li>9 de octubre del 2025: Comunicaci\u00f3n de trabajos aceptados<\/li>\n\n\n\n<li>10 de octubre del 2025: Organizaci\u00f3n de trabajos por sede<\/li>\n<\/ul>\n<\/div>\n\n\n\n<div class=\"wp-block-column is-layout-flow\">\n<p>Inscripci\u00f3n<\/p>\n\n\n\n<ul>\n<li>13 al 20 de octubre del 2025: Inscripci\u00f3n de asistentes (presencial y virtual)<\/li>\n<\/ul>\n<\/div>\n<\/div>\n\n\n\n<h2 class=\"wp-block-heading\">Plantillas para la presentaci\u00f3n de propuestas<\/h2>\n\n\n\n<p>En este espacio podr\u00e1s descargar las plantillas para la presentaci\u00f3n de trabajos en el marco del XIII Encuentro Provincial de Pr\u00e1cticas y Residencias Educativas.Cada propuesta deber\u00e1 ajustarse a la plantilla correspondiente seg\u00fan la modalidad elegida.<\/p>\n\n\n\n<p>Estas plantillas aseguran uniformidad en la presentaci\u00f3n y facilitan el proceso de evaluaci\u00f3n por parte de los comit\u00e9s.<\/p>\n\n\n\n<p><strong>Importante:<\/strong><\/p>\n\n\n\n<p>-Cada trabajo podr\u00e1 contar con hasta cuatro autores.<\/p>\n\n\n\n<p>-Cada participante podr\u00e1 presentar dos propuestas en diferentes modalidades.<\/p>\n\n\n\n<p>-Los archivos finales deben enviarse en formato PDF, indicando en el nombre: Eje tem\u00e1tico \u2013 Modalidad \u2013 Nombre de un\/a autor\/a.<\/p>\n\n\n\n<p>Seleccion\u00e1 la modalidad de tu propuesta y descarg\u00e1 la plantilla correspondiente para comenzar a prepararla.<\/p>\n\n\n\n<figure class=\"wp-block-table\"><table><tbody><tr><td><strong>modalidad de la propuesta<\/strong><\/td><td class=\"has-text-align-center\" data-align=\"center\"><strong>link <\/strong><\/td><\/tr><tr><td>Taller<\/td><td class=\"has-text-align-center\" data-align=\"center\">clic <strong><a href=\"https:\/\/dges-sal.infd.edu.ar\/aula\/archivos\/repositorio\/\/1500\/1609\/Plantilla_Taller_1.docx\">aqu\u00ed<\/a><\/strong><\/td><\/tr><tr><td>Stand<\/td><td class=\"has-text-align-center\" data-align=\"center\">clic <a href=\"https:\/\/dges-sal.infd.edu.ar\/aula\/archivos\/repositorio\/\/1500\/1610\/Plantilla_Stand_1.docx\"><strong>aqu\u00ed<\/strong><\/a><\/td><\/tr><tr><td>Ponencia<\/td><td class=\"has-text-align-center\" data-align=\"center\">clic <strong><a href=\"https:\/\/dges-sal.infd.edu.ar\/aula\/archivos\/repositorio\/\/1500\/1611\/Plantilla_Ponencia_1.docx\">aqu\u00ed<\/a><\/strong><\/td><\/tr><tr><td>Talleres, mesas de di\u00e1logo<\/td><td class=\"has-text-align-center\" data-align=\"center\">clic <strong><a href=\"https:\/\/dges-sal.infd.edu.ar\/aula\/archivos\/repositorio\/\/1500\/1612\/Plantilla_para_talleres_mesas_de_dialogo__y_debate_stand_interactivo_laboratorio_de_innovacion_1.docx\">aqu\u00ed<\/a><\/strong><\/td><\/tr><tr><td>Laboratorio de experiencias<\/td><td class=\"has-text-align-center\" data-align=\"center\">clic<strong><a href=\"https:\/\/dges-sal.infd.edu.ar\/aula\/archivos\/repositorio\/\/1500\/1613\/Plantilla_Laboratorio_de_experiencias_1.docx\"> aqu\u00ed<\/a><\/strong><\/td><\/tr><\/tbody><\/table><\/figure>\n\n\n\n<hr class=\"wp-block-separator has-alpha-channel-opacity\"\/>\n\n\n\n<h2 class=\"wp-block-heading\">Nota de solicitud de Art. 80 Decreto 4118\/97<\/h2>\n\n\n\n<p>Nota de solicitud para justificar inasistencia conforme Art. 80 del Decreto 4118\/97, para asistir al <strong>XIII Encuentro Provincial de Pr\u00e1cticas y Residencias Educativas: <em>\u201cDel desaf\u00edo pedag\u00f3gico a la pr\u00e1ctica innovadora: El rol del docente del siglo XXI en contexto h\u00edbrido\u201d,<\/em> <\/strong>los d\u00edas 21 y 22 de octubre de 2025. Clic <strong><a href=\"https:\/\/docs.google.com\/document\/d\/1IU-ofDz8t1SLibbOKfUHWD6f37WAING5NdUGEEskDt0\/edit?usp=sharing\">aqu\u00ed<\/a><\/strong><\/p>\n\n\n\n<hr class=\"wp-block-separator has-alpha-channel-opacity\"\/>\n","protected":false},"excerpt":{"rendered":"<p>El XIII Encuentro Provincial de Pr\u00e1cticas y Residencias Educativas es un espacio de reflexi\u00f3n e intercambio colectivo que busca repensar la pr\u00e1ctica docente y profesionalizante, integrando innovaci\u00f3n, diversidad y compromiso social. Bajo el lema \u201cDel desaf\u00edo pedag\u00f3gico a la pr\u00e1ctica innovadora: el rol del docente del siglo XXI en contexto h\u00edbrido\u201d, esta edici\u00f3n se realizar\u00e1 &#8230; <a title=\"XIII ENCUENTRO PROVINCIAL DE PR\u00c1CTICAS Y RESIDENCIAS EDUCATIVAS\" class=\"read-more\" href=\"https:\/\/dges-sal.infd.edu.ar\/sitio\/xiii-encuentro-provincial-de-practicas-y-residencias-educativas\/\" aria-label=\"More on XIII ENCUENTRO PROVINCIAL DE PR\u00c1CTICAS Y RESIDENCIAS EDUCATIVAS\">[+]<\/a><\/p>\n","protected":false},"author":10692,"featured_media":0,"parent":0,"menu_order":0,"comment_status":"closed","ping_status":"closed","template":"","meta":[],"acf":[],"_links":{"self":[{"href":"https:\/\/dges-sal.infd.edu.ar\/sitio\/wp-json\/wp\/v2\/pages\/16118"}],"collection":[{"href":"https:\/\/dges-sal.infd.edu.ar\/sitio\/wp-json\/wp\/v2\/pages"}],"about":[{"href":"https:\/\/dges-sal.infd.edu.ar\/sitio\/wp-json\/wp\/v2\/types\/page"}],"author":[{"embeddable":true,"href":"https:\/\/dges-sal.infd.edu.ar\/sitio\/wp-json\/wp\/v2\/users\/10692"}],"replies":[{"embeddable":true,"href":"https:\/\/dges-sal.infd.edu.ar\/sitio\/wp-json\/wp\/v2\/comments?post=16118"}],"version-history":[{"count":41,"href":"https:\/\/dges-sal.infd.edu.ar\/sitio\/wp-json\/wp\/v2\/pages\/16118\/revisions"}],"predecessor-version":[{"id":16309,"href":"https:\/\/dges-sal.infd.edu.ar\/sitio\/wp-json\/wp\/v2\/pages\/16118\/revisions\/16309"}],"wp:attachment":[{"href":"https:\/\/dges-sal.infd.edu.ar\/sitio\/wp-json\/wp\/v2\/media?parent=16118"}],"curies":[{"name":"wp","href":"https:\/\/api.w.org\/{rel}","templated":true}]}}