{"id":15812,"date":"2025-05-19T08:43:03","date_gmt":"2025-05-19T11:43:03","guid":{"rendered":"https:\/\/dges-sal.infd.edu.ar\/sitio\/?page_id=15812"},"modified":"2026-02-05T21:36:23","modified_gmt":"2026-02-06T00:36:23","slug":"certificaciones","status":"publish","type":"page","link":"https:\/\/dges-sal.infd.edu.ar\/sitio\/certificaciones\/","title":{"rendered":"Certificaciones"},"content":{"rendered":"\n<p>La Direcci\u00f3n General de Educaci\u00f3n Superior pone a disposici\u00f3n de la comunidad educativa los certificados emitidos correspondientes a las diversas acciones que se llevan a cabo bajo la \u00f3rbita de esta Direcci\u00f3n.<\/p>\n\n\n\n<p><\/p>\n\n\n\n<figure class=\"wp-block-table is-style-stripes\"><table><tbody><tr><td class=\"has-text-align-center\" data-align=\"center\"><strong>A\u00f1o<\/strong><\/td><td><strong>Denominaci\u00f3n del proyecto<\/strong><\/td><td><strong>Fecha de implementaci\u00f3n<\/strong> <\/td><td><strong>Link<\/strong><\/td><td>Observaciones<\/td><\/tr><tr><td class=\"has-text-align-center\" data-align=\"center\">2025<\/td><td>XIII ENCUENTRO PROVINCIAL DE PR\u00c1CTICAS Y RESIDENCIAS EDUCATIVAS OCTUBRE 2025 \/ EDICI\u00d3N H\u00cdBRIDA<br>\u201cDel desaf\u00edo pedag\u00f3gico a la pr\u00e1ctica innovadora: El rol del docente del siglo XXI, en contexto h\u00edbrido\u201d.<\/td><td>Octubre 2025<\/td><td><a href=\"https:\/\/drive.google.com\/drive\/folders\/1feq_HGnTNS4akWfiDJep7BrtzdexgKqT?usp=sharing\">aqu\u00ed<\/a><\/td><td>Certificados de ASISTENTES<\/td><\/tr><tr><td class=\"has-text-align-center\" data-align=\"center\">2025<\/td><td>XIII ENCUENTRO PROVINCIAL DE PR\u00c1CTICAS Y RESIDENCIAS EDUCATIVAS OCTUBRE 2025 \/ EDICI\u00d3N H\u00cdBRIDA<br>\u201cDel desaf\u00edo pedag\u00f3gico a la pr\u00e1ctica innovadora: El rol del docente del siglo XXI, en contexto h\u00edbrido\u201d.<\/td><td>Octubre 2025<\/td><td><a href=\"https:\/\/drive.google.com\/drive\/folders\/131523JFSMs5ka55oXmsD_P4-p1md0f4v?usp=sharing\">aqu\u00ed<\/a><\/td><td>Certificados de EXPOSITORES Y TALLERISTA<\/td><\/tr><tr><td class=\"has-text-align-center\" data-align=\"center\">2025<\/td><td>Ateneos Did\u00e1cticos de Alfabetizaci\u00f3n Inicial<\/td><td>16\/11\/2024 al 30\/11\/2024<\/td><td>link 1 <a href=\"https:\/\/drive.google.com\/drive\/folders\/1blkCi4VRufj5yyIaXjXLXKivgcKa5g2g\">aqu\u00ed<\/a> <br><br>link 2 <a href=\"https:\/\/drive.google.com\/drive\/folders\/13V0o3TA2iNBXlL1o7PsF5FcH8IVVx5iZ\">aqu\u00ed <\/a><\/td><td><\/td><\/tr><tr><td class=\"has-text-align-center\" data-align=\"center\">2024<\/td><td>XII Encuentro Provincial de Pr\u00e1cticas Y Residencias Educativas \u00abDesaf\u00edos y Transformaciones en la ense\u00f1anza de las Pr\u00e1cticas Docentes y Profesionalizantes en la Educaci\u00f3n Superior\u201d.<\/td><td><br>22 y 23 de Octubre del 2024<\/td><td>clic <a href=\"https:\/\/drive.google.com\/file\/d\/1zvGND5sYMiLm2p64sQvLwzy9b3Z7cRLN\/view?usp=drive_link\">aqu\u00ed<\/a> <\/td><td>Si una persona particip\u00f3 en diferentes roles (asistente, tallerista, etc.), se emitir\u00e1 UN S\u00d3LO certificado, correspondiente al rol de mayor jerarqu\u00eda.<br><br>Los certificados emitidos son:<br>\u2013 9 &nbsp; &nbsp;Comisi\u00f3n Evaluadora<br>\u2013 7 &nbsp; &nbsp;Comisi\u00f3n Organizadora<br>\u2013 654 &nbsp;Talleristas<br>\u2013 2661 Asistentes<\/td><\/tr><tr><td class=\"has-text-align-center\" data-align=\"center\">2024<\/td><td>Taller: Alfabetizaci\u00f3n avanzada en \u00e1reas disciplinares: dise\u00f1o de materiales did\u00e1cticos intercultural biling\u00fce<\/td><td>01\/10\/2024 al 30\/11\/2024<\/td><td>clic <a href=\"https:\/\/drive.google.com\/drive\/folders\/1pCELIFSYjEKOEry_PXqNWtqKr7cOdCfw?usp=sharing\">aqu\u00ed<\/a><\/td><td><\/td><\/tr><tr><td class=\"has-text-align-center\" data-align=\"center\">2024<\/td><td>Taller Fortalecimiento de la articulaci\u00f3n entre el Nivel Inicial y el Nivel Primario.<\/td><td>22\/10\/2024 al<br>14\/11\/2024.<\/td><td>clic<br><a href=\"https:\/\/drive.google.com\/drive\/folders\/17Y7ytHahA4i_BpsatuCWbVsMFwKdrT59?usp=sharing\">aqu\u00ed<\/a><\/td><td><\/td><\/tr><tr><td class=\"has-text-align-center\" data-align=\"center\">2024<\/td><td>El Monitoreo de la Escritura<\/td><td>09\/11\/2024 al 23\/11\/2024<\/td><td>clic<a href=\"https:\/\/drive.google.com\/drive\/folders\/1YRQGSf4Me7_Mk0mn7DTS2JfOzuu3BoaH?usp=sharing\"><br>aqu\u00ed<\/a><\/td><td><\/td><\/tr><tr><td class=\"has-text-align-center\" data-align=\"center\">2023<\/td><td>Curso \u201cFortalecimiento institucional del Nivel Superior\u201d<\/td><td>26\/4\/2023 al 11\/10\/2023<\/td><td>clic<br><a href=\"https:\/\/drive.google.com\/drive\/folders\/1VMrlOn3lIlF_c0QbQ7N5oNQ-8As5k9Cy?usp=sharing\">aqu\u00ed<\/a><\/td><td><\/td><\/tr><\/tbody><\/table><\/figure>\n\n\n\n<div class=\"wp-block-columns is-layout-flex wp-container-1\"><\/div>\n","protected":false},"excerpt":{"rendered":"<p>La Direcci\u00f3n General de Educaci\u00f3n Superior pone a disposici\u00f3n de la comunidad educativa los certificados emitidos correspondientes a las diversas acciones que se llevan a cabo bajo la \u00f3rbita de esta Direcci\u00f3n. A\u00f1o Denominaci\u00f3n del proyecto Fecha de implementaci\u00f3n Link Observaciones 2025 XIII ENCUENTRO PROVINCIAL DE PR\u00c1CTICAS Y RESIDENCIAS EDUCATIVAS OCTUBRE 2025 \/ EDICI\u00d3N H\u00cdBRIDA\u201cDel &#8230; <a title=\"Certificaciones\" class=\"read-more\" href=\"https:\/\/dges-sal.infd.edu.ar\/sitio\/certificaciones\/\" aria-label=\"More on Certificaciones\">[+]<\/a><\/p>\n","protected":false},"author":10692,"featured_media":0,"parent":0,"menu_order":0,"comment_status":"closed","ping_status":"closed","template":"","meta":[],"acf":[],"_links":{"self":[{"href":"https:\/\/dges-sal.infd.edu.ar\/sitio\/wp-json\/wp\/v2\/pages\/15812"}],"collection":[{"href":"https:\/\/dges-sal.infd.edu.ar\/sitio\/wp-json\/wp\/v2\/pages"}],"about":[{"href":"https:\/\/dges-sal.infd.edu.ar\/sitio\/wp-json\/wp\/v2\/types\/page"}],"author":[{"embeddable":true,"href":"https:\/\/dges-sal.infd.edu.ar\/sitio\/wp-json\/wp\/v2\/users\/10692"}],"replies":[{"embeddable":true,"href":"https:\/\/dges-sal.infd.edu.ar\/sitio\/wp-json\/wp\/v2\/comments?post=15812"}],"version-history":[{"count":23,"href":"https:\/\/dges-sal.infd.edu.ar\/sitio\/wp-json\/wp\/v2\/pages\/15812\/revisions"}],"predecessor-version":[{"id":17036,"href":"https:\/\/dges-sal.infd.edu.ar\/sitio\/wp-json\/wp\/v2\/pages\/15812\/revisions\/17036"}],"wp:attachment":[{"href":"https:\/\/dges-sal.infd.edu.ar\/sitio\/wp-json\/wp\/v2\/media?parent=15812"}],"curies":[{"name":"wp","href":"https:\/\/api.w.org\/{rel}","templated":true}]}}