{"id":15738,"date":"2025-04-30T16:07:50","date_gmt":"2025-04-30T19:07:50","guid":{"rendered":"https:\/\/dges-sal.infd.edu.ar\/sitio\/?page_id=15738"},"modified":"2025-08-04T14:11:04","modified_gmt":"2025-08-04T17:11:04","slug":"ies-6015-de-embarcacion-convocatoria-2025-para-acceso-al-cargo-de-rector-a","status":"publish","type":"page","link":"https:\/\/dges-sal.infd.edu.ar\/sitio\/ies-6015-de-embarcacion-convocatoria-2025-para-acceso-al-cargo-de-rector-a\/","title":{"rendered":"IES 6015 de Embarcaci\u00f3n Convocatoria 2025 para acceso al cargo de Rector-a"},"content":{"rendered":"\n<p><\/p>\n\n\n\n<p><strong>Convocatoria&nbsp;<a href=\"https:\/\/dges-sal.infd.edu.ar\/sitio\/wp-content\/uploads\/2025\/04\/Disp.-101-25-IES-6015.pdf\">Disp. 101\/2025&nbsp;<\/a>cobertura de cargo de&nbsp;Rector-a&nbsp;del Instituto Superior de Formaci\u00f3n Docente N\u00b0 6015 de Embarcaci\u00f3n<\/strong><\/p>\n\n\n\n<figure class=\"wp-block-table is-style-stripes\"><table><tbody><tr><td><strong>N\u00f3mina de aspirantes inscriptos<\/strong><\/td><td><strong>Nomina definitiva de aspirantes<\/strong><\/td><td><strong>Disposici\u00f3n nuevo tribunal (si correspondiere)<\/strong><\/td><td><strong>Dictamen evaluaci\u00f3n de T\u00edtulos y Antecedentes<\/strong><\/td><td><strong>Fecha de Examen Escrito y Resultados<\/strong><\/td><td><strong>Fecha de Exposici\u00f3n y defensa oral de la propuesta de Gesti\u00f3n y Resultados<\/strong><\/td><td><strong>Disposiciones<\/strong>&nbsp;<strong>DGES<\/strong><\/td><\/tr><tr><td>1ra Convocatoria<br>Archivo:&nbsp;<br><strong><a href=\"https:\/\/dges-sal.infd.edu.ar\/sitio\/wp-content\/uploads\/2025\/05\/Acta-de-cierre-de-inscripcion-6015-Rector-a.pdf\" target=\"_blank\" rel=\"noreferrer noopener\">AQU\u00cd<\/a><\/strong><\/td><td>&nbsp; &nbsp; Archivo:&nbsp;<strong><a href=\"https:\/\/dges-sal.infd.edu.ar\/sitio\/wp-content\/uploads\/2025\/06\/Disp.-158-25-IES-6015.pdf\" target=\"_blank\" rel=\"noreferrer noopener\">AQU\u00cd<\/a><\/strong><\/td><td>&nbsp; Archivo:&nbsp;<strong>AQU\u00cd<\/strong><\/td><td>\u00a0 Archivo:\u00a0<strong><a href=\"https:\/\/dges-sal.infd.edu.ar\/sitio\/wp-content\/uploads\/2025\/08\/ACTA-COMISION-EVALUADORA-6015-Rector.pdf\" target=\"_blank\" rel=\"noreferrer noopener\">AQU\u00cd<\/a><\/strong><\/td><td>&nbsp; Archivo:&nbsp;<strong>AQU\u00cd<\/strong>&nbsp;<br>Resultado:<strong>&nbsp;AQU\u00cd<\/strong><\/td><td>&nbsp; Archivo:&nbsp;<strong>AQU\u00cd<\/strong>&nbsp;&nbsp; Resultado:<strong>&nbsp;AQU\u00cd<\/strong><\/td><td>Archivo&nbsp;<strong>AQU\u00cd<\/strong><\/td><\/tr><\/tbody><\/table><\/figure>\n","protected":false},"excerpt":{"rendered":"<p>Convocatoria&nbsp;Disp. 101\/2025&nbsp;cobertura de cargo de&nbsp;Rector-a&nbsp;del Instituto Superior de Formaci\u00f3n Docente N\u00b0 6015 de Embarcaci\u00f3n N\u00f3mina de aspirantes inscriptos Nomina definitiva de aspirantes Disposici\u00f3n nuevo tribunal (si correspondiere) Dictamen evaluaci\u00f3n de T\u00edtulos y Antecedentes Fecha de Examen Escrito y Resultados Fecha de Exposici\u00f3n y defensa oral de la propuesta de Gesti\u00f3n y Resultados Disposiciones&nbsp;DGES 1ra ConvocatoriaArchivo:&nbsp;AQU\u00cd &#8230; <a title=\"IES 6015 de Embarcaci\u00f3n Convocatoria 2025 para acceso al cargo de Rector-a\" class=\"read-more\" href=\"https:\/\/dges-sal.infd.edu.ar\/sitio\/ies-6015-de-embarcacion-convocatoria-2025-para-acceso-al-cargo-de-rector-a\/\" aria-label=\"More on IES 6015 de Embarcaci\u00f3n Convocatoria 2025 para acceso al cargo de Rector-a\">[+]<\/a><\/p>\n","protected":false},"author":790,"featured_media":0,"parent":0,"menu_order":0,"comment_status":"closed","ping_status":"closed","template":"","meta":[],"acf":[],"_links":{"self":[{"href":"https:\/\/dges-sal.infd.edu.ar\/sitio\/wp-json\/wp\/v2\/pages\/15738"}],"collection":[{"href":"https:\/\/dges-sal.infd.edu.ar\/sitio\/wp-json\/wp\/v2\/pages"}],"about":[{"href":"https:\/\/dges-sal.infd.edu.ar\/sitio\/wp-json\/wp\/v2\/types\/page"}],"author":[{"embeddable":true,"href":"https:\/\/dges-sal.infd.edu.ar\/sitio\/wp-json\/wp\/v2\/users\/790"}],"replies":[{"embeddable":true,"href":"https:\/\/dges-sal.infd.edu.ar\/sitio\/wp-json\/wp\/v2\/comments?post=15738"}],"version-history":[{"count":4,"href":"https:\/\/dges-sal.infd.edu.ar\/sitio\/wp-json\/wp\/v2\/pages\/15738\/revisions"}],"predecessor-version":[{"id":16036,"href":"https:\/\/dges-sal.infd.edu.ar\/sitio\/wp-json\/wp\/v2\/pages\/15738\/revisions\/16036"}],"wp:attachment":[{"href":"https:\/\/dges-sal.infd.edu.ar\/sitio\/wp-json\/wp\/v2\/media?parent=15738"}],"curies":[{"name":"wp","href":"https:\/\/api.w.org\/{rel}","templated":true}]}}