{"id":15643,"date":"2025-04-21T18:51:13","date_gmt":"2025-04-21T21:51:13","guid":{"rendered":"https:\/\/dges-sal.infd.edu.ar\/sitio\/?page_id=15643"},"modified":"2025-10-16T17:01:56","modified_gmt":"2025-10-16T20:01:56","slug":"ies-6003-de-salta-capital-convocatoria-2025-para-acceso-al-cargo-de-rector-a","status":"publish","type":"page","link":"https:\/\/dges-sal.infd.edu.ar\/sitio\/ies-6003-de-salta-capital-convocatoria-2025-para-acceso-al-cargo-de-rector-a\/","title":{"rendered":"IES 6003 de Salta Capital Convocatoria 2025 para acceso al cargo de Rector-a"},"content":{"rendered":"\n<p><strong>Convocatoria <a href=\"https:\/\/dges-sal.infd.edu.ar\/sitio\/wp-content\/uploads\/2025\/04\/Disp.-85-25-IES-6003-Rector-a.pdf\" target=\"_blank\" rel=\"noreferrer noopener\">Disp. 85\/25<\/a> cobertura de cargo de&nbsp;Rector-a&nbsp;de la Escuela Superior de M\u00fasica de la Provincia \u201cJos\u00e9 Lo Giudice\u201d N\u00b0 6003 de Salta Capital<\/strong><\/p>\n\n\n\n<figure class=\"wp-block-table\"><table><tbody><tr><td><strong>N\u00f3mina de aspirantes inscriptos<\/strong><\/td><td><strong>Nomina definitiva de aspirantes<\/strong><\/td><td><strong>Disposici\u00f3n nuevo tribunal (si correspondiere)<\/strong><\/td><td><strong>Dictamen evaluaci\u00f3n de T\u00edtulos y Antecedentes<\/strong><\/td><td><strong>Fecha de Examen Escrito y Resultados<\/strong><\/td><td><strong>Fecha de Exposici\u00f3n y defensa oral de la propuesta de Gesti\u00f3n y Resultados<\/strong><\/td><td><strong>Disposiciones<\/strong>&nbsp;<strong>DGES<\/strong><\/td><\/tr><tr><td>1ra Convocatoria<br>Archivo: <strong><a href=\"https:\/\/dges-sal.infd.edu.ar\/sitio\/wp-content\/uploads\/2025\/05\/acta-de-cierre-de-inscripcion-6003-rector.pdf\" target=\"_blank\" rel=\"noreferrer noopener\">AQU\u00cd<\/a><\/strong><\/td><td>&nbsp; &nbsp; Archivo:&nbsp;<strong><a href=\"https:\/\/dges-sal.infd.edu.ar\/sitio\/wp-content\/uploads\/2025\/06\/Disp.-156-25-IES-6003.pdf\" target=\"_blank\" rel=\"noreferrer noopener\">AQU\u00cd<\/a><\/strong><\/td><td>&nbsp; Archivo:&nbsp;<strong>AQU\u00cd<\/strong><\/td><td>&nbsp; Archivo:&nbsp;<strong><a href=\"https:\/\/dges-sal.infd.edu.ar\/sitio\/wp-content\/uploads\/2025\/07\/Acta-Comision-Evaluadora-6003-rector-.pdf\" target=\"_blank\" rel=\"noreferrer noopener\">AQU\u00cd<\/a><\/strong><\/td><td>\u00a0 <a rel=\"noreferrer noopener\" href=\"https:\/\/dges-sal.infd.edu.ar\/sitio\/wp-content\/uploads\/2025\/10\/Disp.-306-25-IES-6003-Conformar-nuevo-tribunal-evaluador.pdf\" target=\"_blank\"><strong>Nuevo Tribunal<\/strong><\/a><br>Resultado:<strong>\u00a0AQU\u00cd<\/strong><\/td><td>&nbsp; Archivo:&nbsp;<strong>AQU\u00cd<\/strong>&nbsp;&nbsp; Resultado:<strong>&nbsp;AQU\u00cd<\/strong><\/td><td>Archivo <strong>AQU\u00cd<\/strong><\/td><\/tr><\/tbody><\/table><\/figure>\n","protected":false},"excerpt":{"rendered":"<p>Convocatoria Disp. 85\/25 cobertura de cargo de&nbsp;Rector-a&nbsp;de la Escuela Superior de M\u00fasica de la Provincia \u201cJos\u00e9 Lo Giudice\u201d N\u00b0 6003 de Salta Capital N\u00f3mina de aspirantes inscriptos Nomina definitiva de aspirantes Disposici\u00f3n nuevo tribunal (si correspondiere) Dictamen evaluaci\u00f3n de T\u00edtulos y Antecedentes Fecha de Examen Escrito y Resultados Fecha de Exposici\u00f3n y defensa oral de &#8230; <a title=\"IES 6003 de Salta Capital Convocatoria 2025 para acceso al cargo de Rector-a\" class=\"read-more\" href=\"https:\/\/dges-sal.infd.edu.ar\/sitio\/ies-6003-de-salta-capital-convocatoria-2025-para-acceso-al-cargo-de-rector-a\/\" aria-label=\"More on IES 6003 de Salta Capital Convocatoria 2025 para acceso al cargo de Rector-a\">[+]<\/a><\/p>\n","protected":false},"author":790,"featured_media":0,"parent":0,"menu_order":0,"comment_status":"closed","ping_status":"closed","template":"","meta":[],"acf":[],"_links":{"self":[{"href":"https:\/\/dges-sal.infd.edu.ar\/sitio\/wp-json\/wp\/v2\/pages\/15643"}],"collection":[{"href":"https:\/\/dges-sal.infd.edu.ar\/sitio\/wp-json\/wp\/v2\/pages"}],"about":[{"href":"https:\/\/dges-sal.infd.edu.ar\/sitio\/wp-json\/wp\/v2\/types\/page"}],"author":[{"embeddable":true,"href":"https:\/\/dges-sal.infd.edu.ar\/sitio\/wp-json\/wp\/v2\/users\/790"}],"replies":[{"embeddable":true,"href":"https:\/\/dges-sal.infd.edu.ar\/sitio\/wp-json\/wp\/v2\/comments?post=15643"}],"version-history":[{"count":7,"href":"https:\/\/dges-sal.infd.edu.ar\/sitio\/wp-json\/wp\/v2\/pages\/15643\/revisions"}],"predecessor-version":[{"id":16254,"href":"https:\/\/dges-sal.infd.edu.ar\/sitio\/wp-json\/wp\/v2\/pages\/15643\/revisions\/16254"}],"wp:attachment":[{"href":"https:\/\/dges-sal.infd.edu.ar\/sitio\/wp-json\/wp\/v2\/media?parent=15643"}],"curies":[{"name":"wp","href":"https:\/\/api.w.org\/{rel}","templated":true}]}}