{"id":1564,"date":"2018-07-03T13:30:22","date_gmt":"2018-07-03T16:30:22","guid":{"rendered":"https:\/\/dges-sal.infd.edu.ar\/sitio\/informes-de-investigacion-producidos-en-el-marco-de-convocatorias-de-la-direccion-general-de-educacion-superior-de-salta\/"},"modified":"2018-07-06T17:10:07","modified_gmt":"2018-07-06T20:10:07","slug":"informes-de-investigacion-producidos-en-el-marco-de-convocatorias-de-la-direccion-general-de-educacion-superior-de-salta","status":"publish","type":"page","link":"https:\/\/dges-sal.infd.edu.ar\/sitio\/informes-de-investigacion-producidos-en-el-marco-de-convocatorias-de-la-direccion-general-de-educacion-superior-de-salta\/","title":{"rendered":"Informes de investigaci\u00f3n producidos en el marco de Convocatorias de la Direcci\u00f3n General de Educaci\u00f3n Superior de Salta"},"content":{"rendered":"<table border=\"1\" cellspacing=\"0\" cellpadding=\"0\">\n<tbody>\n<tr>\n<td valign=\"top\" width=\"139\"><span style=\"background-color: #ffff99;\"><strong>ISFD N\u00b0<\/strong><\/span><\/td>\n<td valign=\"top\" width=\"341\"><span style=\"background-color: #ffff99;\"><strong>TEMATICA<\/strong><\/span><\/td>\n<td valign=\"top\" width=\"240\"><span style=\"background-color: #ffff99;\"><strong>NIVEL\u00a0 EDUCATIVO FOCALIZADO<\/strong><\/span><\/td>\n<\/tr>\n<tr>\n<td valign=\"top\" width=\"139\">6001<\/td>\n<td valign=\"top\" width=\"341\"><a title=\"6001 Alfabetizaci\u00f3n Inicial\" href=\"upload\/6001_ALFABETIZACION_INICIAL.pdf\" target=\"_blank\" rel=\"noopener\">ALFABETIZACI\u00d3N INICIAL<\/a><\/td>\n<td valign=\"top\" width=\"240\">INICIAL Y PRIMARIO<\/td>\n<\/tr>\n<tr>\n<td valign=\"top\" width=\"139\">6005<\/td>\n<td valign=\"top\" width=\"341\"><a title=\"6005_REPRESENTACIONES DEL SER DOCENTE\" href=\"upload\/6005_REPRESENTACIONES_DEL_SER_DOCENTE.pdf\" target=\"_blank\" rel=\"noopener\">REPRESENTACIONES DEL SER DOCENTE &#8211; IDENTIFICACION<\/a><\/td>\n<td valign=\"top\" width=\"240\">SUPERIOR<\/td>\n<\/tr>\n<tr>\n<td valign=\"top\" width=\"139\">6005<\/td>\n<td valign=\"top\" width=\"341\"><a title=\"Las Concepciones epistemologicas\" href=\"upload\/Informe_Investigacion-_Las_Concepciones_epistemologicas_de_la_C.pdf\" target=\"_blank\" rel=\"noopener\">CONCEPCIONES EPISTEMOLOGICAS<\/a><\/td>\n<td valign=\"top\" width=\"240\">\u00a0SUPERIOR<\/td>\n<\/tr>\n<tr>\n<td valign=\"top\" width=\"139\">6007<\/td>\n<td valign=\"top\" width=\"341\"><a title=\"Trayectorias Formativas\" href=\"upload\/Trayectorias_Formativas.pdf\" target=\"_blank\" rel=\"noopener\">TRAYECTORIAS FORMATIVAS<\/a><\/td>\n<td valign=\"top\" width=\"240\">SUPERIOR<\/td>\n<\/tr>\n<tr>\n<td valign=\"top\" width=\"139\">6037<\/td>\n<td valign=\"top\" width=\"341\"><a title=\"6037_ESTRATEGIAS DIDACTICAS\" href=\"upload\/6037_ESTRATEGIAS_DIDACTICAS.pdf\" target=\"_blank\" rel=\"noopener\">ESTRATEGIAS DIDACTICAS<\/a><\/td>\n<td valign=\"top\" width=\"240\">SUPERIOR<\/td>\n<\/tr>\n<tr>\n<td valign=\"top\" width=\"139\">6037<\/td>\n<td valign=\"top\" width=\"341\">&nbsp;<\/p>\n<p><a title=\"Las TIC y las Areas\" href=\"upload\/El_Rol_de_las_TIC_en_areas_claves_del_Nivel_Primario.pdf\" target=\"_blank\" rel=\"noopener\">LAS TIC Y LAS AREAS<\/a><\/p>\n<p>&nbsp;<\/td>\n<td valign=\"top\" width=\"240\">\u00a0PRIMARIO<\/td>\n<\/tr>\n<tr>\n<td valign=\"top\" width=\"139\">6026<\/td>\n<td valign=\"top\" width=\"341\"><a title=\"6026_FORMACION PEDAGOGICA\" href=\"upload\/6026_FORMACION_PEDAGOGICA.pdf\" target=\"_blank\" rel=\"noopener\">IMPORTANCIA Y VALORACI\u00d3N DE LA FORMACI\u00d3N PEDAG\u00d3GICA<\/a><\/td>\n<td valign=\"top\" width=\"240\">SUPERIOR<\/td>\n<\/tr>\n<\/tbody>\n<\/table>\n","protected":false},"excerpt":{"rendered":"<p>ISFD N\u00b0 TEMATICA NIVEL\u00a0 EDUCATIVO FOCALIZADO 6001 ALFABETIZACI\u00d3N INICIAL INICIAL Y PRIMARIO 6005 REPRESENTACIONES DEL SER DOCENTE &#8211; IDENTIFICACION SUPERIOR 6005 CONCEPCIONES EPISTEMOLOGICAS \u00a0SUPERIOR 6007 TRAYECTORIAS FORMATIVAS SUPERIOR 6037 ESTRATEGIAS DIDACTICAS SUPERIOR 6037 &nbsp; LAS TIC Y LAS AREAS &nbsp; \u00a0PRIMARIO 6026 IMPORTANCIA Y VALORACI\u00d3N DE LA FORMACI\u00d3N PEDAG\u00d3GICA SUPERIOR<\/p>\n","protected":false},"author":790,"featured_media":0,"parent":0,"menu_order":0,"comment_status":"closed","ping_status":"closed","template":"","meta":[],"acf":[],"_links":{"self":[{"href":"https:\/\/dges-sal.infd.edu.ar\/sitio\/wp-json\/wp\/v2\/pages\/1564"}],"collection":[{"href":"https:\/\/dges-sal.infd.edu.ar\/sitio\/wp-json\/wp\/v2\/pages"}],"about":[{"href":"https:\/\/dges-sal.infd.edu.ar\/sitio\/wp-json\/wp\/v2\/types\/page"}],"author":[{"embeddable":true,"href":"https:\/\/dges-sal.infd.edu.ar\/sitio\/wp-json\/wp\/v2\/users\/790"}],"replies":[{"embeddable":true,"href":"https:\/\/dges-sal.infd.edu.ar\/sitio\/wp-json\/wp\/v2\/comments?post=1564"}],"version-history":[{"count":1,"href":"https:\/\/dges-sal.infd.edu.ar\/sitio\/wp-json\/wp\/v2\/pages\/1564\/revisions"}],"predecessor-version":[{"id":1874,"href":"https:\/\/dges-sal.infd.edu.ar\/sitio\/wp-json\/wp\/v2\/pages\/1564\/revisions\/1874"}],"wp:attachment":[{"href":"https:\/\/dges-sal.infd.edu.ar\/sitio\/wp-json\/wp\/v2\/media?parent=1564"}],"curies":[{"name":"wp","href":"https:\/\/api.w.org\/{rel}","templated":true}]}}