{"id":15636,"date":"2025-04-21T18:41:34","date_gmt":"2025-04-21T21:41:34","guid":{"rendered":"https:\/\/dges-sal.infd.edu.ar\/sitio\/?page_id=15636"},"modified":"2025-10-31T10:09:53","modified_gmt":"2025-10-31T13:09:53","slug":"ies-6007-de-salta-capital-convocatoria-2025-para-acceso-al-cargo-de-coordinacion-pedagogica","status":"publish","type":"page","link":"https:\/\/dges-sal.infd.edu.ar\/sitio\/ies-6007-de-salta-capital-convocatoria-2025-para-acceso-al-cargo-de-coordinacion-pedagogica\/","title":{"rendered":"IES 6007 de Salta Capital Convocatoria 2025 para acceso al cargo de Coordinaci\u00f3n Pedag\u00f3gica"},"content":{"rendered":"\n<p><strong>Convocatoria <a rel=\"noreferrer noopener\" href=\"https:\/\/dges-sal.infd.edu.ar\/sitio\/wp-content\/uploads\/2025\/04\/Disp.-83-25-IES-6007-Coordinacion-Pedagogica-.pdf\" target=\"_blank\">Disp. 83\/25 <\/a>cobertura de cargo de&nbsp;Coordinaci\u00f3n Pedag\u00f3gica&nbsp;del Profesorado Superior de Lenguas Vivas N\u00b0 6007 de Salta Capital<\/strong>.<\/p>\n\n\n\n<figure class=\"wp-block-table is-style-stripes\"><table><tbody><tr><td><strong>N\u00f3mina de aspirantes inscriptos<\/strong><\/td><td><strong>Nomina definitiva de aspirantes<\/strong><\/td><td><strong>Disposici\u00f3n nuevo tribunal (si correspondiere)<\/strong><\/td><td><strong>Dictamen evaluaci\u00f3n de T\u00edtulos y Antecedentes<\/strong><\/td><td><strong>Fecha de Examen Escrito y Resultados<\/strong><\/td><td><strong>Fecha de Exposici\u00f3n y defensa oral de la propuesta de Gesti\u00f3n y Resultados<\/strong><\/td><td><strong>Disposiciones<\/strong>&nbsp;<strong>DGES<\/strong><\/td><\/tr><tr><td>1ra Convocatoria<br>Archivo: <a rel=\"noreferrer noopener\" href=\"https:\/\/dges-sal.infd.edu.ar\/sitio\/wp-content\/uploads\/2025\/05\/ACTA-DE-CIERRE-6007-COORDINADOR.pdf\" target=\"_blank\">AQU\u00cd<\/a><\/td><td>Archivo:&nbsp;<br><strong><a rel=\"noreferrer noopener\" href=\"https:\/\/dges-sal.infd.edu.ar\/sitio\/wp-content\/uploads\/2025\/06\/Disp.-155-25-IES-6007-.pdf\" target=\"_blank\">AQU\u00cd<\/a><\/strong><br>Rectificatoria: <a rel=\"noreferrer noopener\" href=\"https:\/\/dges-sal.infd.edu.ar\/sitio\/wp-content\/uploads\/2025\/07\/Disp.-184-25-IES-6007-Hacer-lugar-recurso-Prof.-Valle-Epifania-Maria-Josefina-.pdf\" target=\"_blank\"><strong>AQU\u00cd<\/strong><\/a><\/td><td>&nbsp; Archivo:&nbsp;<strong>AQU\u00cd<\/strong><\/td><td>&nbsp; Archivo:&nbsp;<strong><a href=\"https:\/\/dges-sal.infd.edu.ar\/sitio\/wp-content\/uploads\/2025\/08\/Acta-Comision-Evaluadora-6007-Coordinacion-Pedagogica-.pdf\" target=\"_blank\" rel=\"noreferrer noopener\">AQU\u00cd<\/a><\/strong><\/td><td>&nbsp; <br><strong><a rel=\"noreferrer noopener\" href=\"https:\/\/dges-sal.infd.edu.ar\/sitio\/wp-content\/uploads\/2025\/10\/Disp.-268-25-IES-6007.pdf\" target=\"_blank\">nuevo tribunal<\/a> <\/strong><br>Fecha del Examen:&nbsp;14\/10\/2025<br>Resultado:<strong>&nbsp;<a rel=\"noreferrer noopener\" href=\"https:\/\/dges-sal.infd.edu.ar\/sitio\/wp-content\/uploads\/2025\/10\/Acta-Comision-Evaluadora-examen-escrito-6007-Coordinacion-Pedagogica-14-10-25.pdf\" target=\"_blank\">AQU\u00cd<\/a><\/strong><\/td><td>\u00a0 Fecha:\u00a028\/10\/2025\u00a0 Resultado:<strong>\u00a0<a href=\"https:\/\/dges-sal.infd.edu.ar\/sitio\/wp-content\/uploads\/2025\/10\/acta-Comision-evaluadora-6007-Exposicion-.pdf\" target=\"_blank\" rel=\"noreferrer noopener\">AQU\u00cd<\/a><\/strong><\/td><td>Archivo <strong>AQU\u00cd<\/strong><\/td><\/tr><\/tbody><\/table><\/figure>\n","protected":false},"excerpt":{"rendered":"<p>Convocatoria Disp. 83\/25 cobertura de cargo de&nbsp;Coordinaci\u00f3n Pedag\u00f3gica&nbsp;del Profesorado Superior de Lenguas Vivas N\u00b0 6007 de Salta Capital. N\u00f3mina de aspirantes inscriptos Nomina definitiva de aspirantes Disposici\u00f3n nuevo tribunal (si correspondiere) Dictamen evaluaci\u00f3n de T\u00edtulos y Antecedentes Fecha de Examen Escrito y Resultados Fecha de Exposici\u00f3n y defensa oral de la propuesta de Gesti\u00f3n y &#8230; <a title=\"IES 6007 de Salta Capital Convocatoria 2025 para acceso al cargo de Coordinaci\u00f3n Pedag\u00f3gica\" class=\"read-more\" href=\"https:\/\/dges-sal.infd.edu.ar\/sitio\/ies-6007-de-salta-capital-convocatoria-2025-para-acceso-al-cargo-de-coordinacion-pedagogica\/\" aria-label=\"More on IES 6007 de Salta Capital Convocatoria 2025 para acceso al cargo de Coordinaci\u00f3n Pedag\u00f3gica\">[+]<\/a><\/p>\n","protected":false},"author":790,"featured_media":0,"parent":0,"menu_order":0,"comment_status":"closed","ping_status":"closed","template":"","meta":[],"acf":[],"_links":{"self":[{"href":"https:\/\/dges-sal.infd.edu.ar\/sitio\/wp-json\/wp\/v2\/pages\/15636"}],"collection":[{"href":"https:\/\/dges-sal.infd.edu.ar\/sitio\/wp-json\/wp\/v2\/pages"}],"about":[{"href":"https:\/\/dges-sal.infd.edu.ar\/sitio\/wp-json\/wp\/v2\/types\/page"}],"author":[{"embeddable":true,"href":"https:\/\/dges-sal.infd.edu.ar\/sitio\/wp-json\/wp\/v2\/users\/790"}],"replies":[{"embeddable":true,"href":"https:\/\/dges-sal.infd.edu.ar\/sitio\/wp-json\/wp\/v2\/comments?post=15636"}],"version-history":[{"count":16,"href":"https:\/\/dges-sal.infd.edu.ar\/sitio\/wp-json\/wp\/v2\/pages\/15636\/revisions"}],"predecessor-version":[{"id":16340,"href":"https:\/\/dges-sal.infd.edu.ar\/sitio\/wp-json\/wp\/v2\/pages\/15636\/revisions\/16340"}],"wp:attachment":[{"href":"https:\/\/dges-sal.infd.edu.ar\/sitio\/wp-json\/wp\/v2\/media?parent=15636"}],"curies":[{"name":"wp","href":"https:\/\/api.w.org\/{rel}","templated":true}]}}