{"id":15626,"date":"2025-04-21T18:15:14","date_gmt":"2025-04-21T21:15:14","guid":{"rendered":"https:\/\/dges-sal.infd.edu.ar\/sitio\/?page_id=15626"},"modified":"2025-11-10T19:07:05","modified_gmt":"2025-11-10T22:07:05","slug":"ies-6002-convocatoria-2025-para-acceso-al-cargo-de-coordinacion-pedagogica","status":"publish","type":"page","link":"https:\/\/dges-sal.infd.edu.ar\/sitio\/ies-6002-convocatoria-2025-para-acceso-al-cargo-de-coordinacion-pedagogica\/","title":{"rendered":"IES 6002 Convocatoria 2025 para acceso al cargo de Coordinaci\u00f3n Pedag\u00f3gica"},"content":{"rendered":"\n<p><strong>Convocatoria <a rel=\"noreferrer noopener\" href=\"https:\/\/dges-sal.infd.edu.ar\/sitio\/wp-content\/uploads\/2025\/04\/Disp.-86-25-IES-6002-Sede.pdf\" target=\"_blank\">Disp. 86\/25<\/a> cobertura de cargo de&nbsp;Coordinaci\u00f3n Pedag\u00f3gica&nbsp;de la Escuela Provincial de Bellas Artes \u201cTomas Cabrera\u201d N\u00b0 6002 Salta Capital<\/strong>.<\/p>\n\n\n\n<figure class=\"wp-block-table is-style-stripes\"><table><tbody><tr><td><strong>N\u00f3mina de aspirantes inscriptos<\/strong><\/td><td><strong>Nomina definitiva de aspirantes<\/strong><\/td><td><strong>Disposici\u00f3n nuevo tribunal (si correspondiere)<\/strong><\/td><td><strong>Dictamen evaluaci\u00f3n de T\u00edtulos y Antecedentes<\/strong><\/td><td><strong>Fecha de Examen Escrito y Resultados<\/strong><\/td><td><strong>Fecha de Exposici\u00f3n y defensa oral de la propuesta de Gesti\u00f3n y Resultados<\/strong><\/td><td><strong>Disposiciones<\/strong>&nbsp;<strong>DGES<\/strong><\/td><\/tr><tr><td>1ra Convocatoria<br>Archivo: <strong><a rel=\"noreferrer noopener\" href=\"https:\/\/dges-sal.infd.edu.ar\/sitio\/wp-content\/uploads\/2025\/05\/ACTA-DE-CIERRE-6002-SEDE-COORDINADOR.pdf\" target=\"_blank\">AQU\u00cd<\/a><\/strong><\/td><td>&nbsp; &nbsp; Archivo:&nbsp;<strong>AQU\u00cd<\/strong><\/td><td>&nbsp; Archivo:&nbsp;<strong>AQU\u00cd<\/strong><\/td><td>&nbsp; Archivo:&nbsp;<strong>AQU\u00cd<\/strong><\/td><td>&nbsp; Archivo:&nbsp;<strong>AQU\u00cd<\/strong> Resultado:<strong>&nbsp;AQU\u00cd<\/strong><\/td><td>&nbsp; Archivo:&nbsp;<strong>AQU\u00cd<\/strong>&nbsp;&nbsp; Resultado:<strong>&nbsp;AQU\u00cd<\/strong><\/td><td>Archivo <strong><a href=\"https:\/\/dges-sal.infd.edu.ar\/sitio\/wp-content\/uploads\/2025\/11\/Disp.-334-25-IES-6002-Sede-aprobar-procedimiento-concursal-coordinador-pedagogico.pdf\" target=\"_blank\" rel=\"noreferrer noopener\">AQU\u00cd<\/a><\/strong><\/td><\/tr><\/tbody><\/table><\/figure>\n","protected":false},"excerpt":{"rendered":"<p>Convocatoria Disp. 86\/25 cobertura de cargo de&nbsp;Coordinaci\u00f3n Pedag\u00f3gica&nbsp;de la Escuela Provincial de Bellas Artes \u201cTomas Cabrera\u201d N\u00b0 6002 Salta Capital. N\u00f3mina de aspirantes inscriptos Nomina definitiva de aspirantes Disposici\u00f3n nuevo tribunal (si correspondiere) Dictamen evaluaci\u00f3n de T\u00edtulos y Antecedentes Fecha de Examen Escrito y Resultados Fecha de Exposici\u00f3n y defensa oral de la propuesta de &#8230; <a title=\"IES 6002 Convocatoria 2025 para acceso al cargo de Coordinaci\u00f3n Pedag\u00f3gica\" class=\"read-more\" href=\"https:\/\/dges-sal.infd.edu.ar\/sitio\/ies-6002-convocatoria-2025-para-acceso-al-cargo-de-coordinacion-pedagogica\/\" aria-label=\"More on IES 6002 Convocatoria 2025 para acceso al cargo de Coordinaci\u00f3n Pedag\u00f3gica\">[+]<\/a><\/p>\n","protected":false},"author":790,"featured_media":0,"parent":0,"menu_order":0,"comment_status":"closed","ping_status":"closed","template":"","meta":[],"acf":[],"_links":{"self":[{"href":"https:\/\/dges-sal.infd.edu.ar\/sitio\/wp-json\/wp\/v2\/pages\/15626"}],"collection":[{"href":"https:\/\/dges-sal.infd.edu.ar\/sitio\/wp-json\/wp\/v2\/pages"}],"about":[{"href":"https:\/\/dges-sal.infd.edu.ar\/sitio\/wp-json\/wp\/v2\/types\/page"}],"author":[{"embeddable":true,"href":"https:\/\/dges-sal.infd.edu.ar\/sitio\/wp-json\/wp\/v2\/users\/790"}],"replies":[{"embeddable":true,"href":"https:\/\/dges-sal.infd.edu.ar\/sitio\/wp-json\/wp\/v2\/comments?post=15626"}],"version-history":[{"count":5,"href":"https:\/\/dges-sal.infd.edu.ar\/sitio\/wp-json\/wp\/v2\/pages\/15626\/revisions"}],"predecessor-version":[{"id":16453,"href":"https:\/\/dges-sal.infd.edu.ar\/sitio\/wp-json\/wp\/v2\/pages\/15626\/revisions\/16453"}],"wp:attachment":[{"href":"https:\/\/dges-sal.infd.edu.ar\/sitio\/wp-json\/wp\/v2\/media?parent=15626"}],"curies":[{"name":"wp","href":"https:\/\/api.w.org\/{rel}","templated":true}]}}