{"id":1500,"date":"2018-07-06T12:30:58","date_gmt":"2018-07-06T15:30:58","guid":{"rendered":"https:\/\/dges-sal.infd.edu.ar\/sitio\/?page_id=1500"},"modified":"2025-06-23T12:24:02","modified_gmt":"2025-06-23T15:24:02","slug":"leyes-nacionales","status":"publish","type":"page","link":"https:\/\/dges-sal.infd.edu.ar\/sitio\/leyes-nacionales\/","title":{"rendered":"Leyes Nacionales"},"content":{"rendered":"\n<div class=\"wp-duotone-unset-1 wp-block-cover alignfull is-light has-parallax has-small-font-size\" style=\"min-height:218px\"><span aria-hidden=\"true\" class=\"wp-block-cover__background has-background-dim-0 has-background-dim\"><\/span><div role=\"img\" class=\"wp-block-cover__image-background wp-image-8955 has-parallax\" style=\"background-position:50% 50%;background-image:url(https:\/\/dges-sal.infd.edu.ar\/sitio\/wp-content\/uploads\/2023\/03\/Recurso-24-2.png)\"><\/div><div class=\"wp-block-cover__inner-container\">\n<h1 class=\"wp-block-heading has-text-align-center has-contrast-color has-text-color has-small-font-size\" style=\"font-style:normal;font-weight:100\">         <img decoding=\"async\" loading=\"lazy\" width=\"565\" height=\"315\" class=\"wp-image-8971\" style=\"width: 300px;\" src=\"https:\/\/dges-sal.infd.edu.ar\/sitio\/wp-content\/uploads\/2023\/03\/Recurso-28.png\" alt=\"\"><\/h1>\n<\/div><\/div>\n\n\n\n<hr class=\"wp-block-separator has-alpha-channel-opacity\"\/>\n\n\n<div class=\"wp-block-image\">\n<figure class=\"aligncenter size-full\"><img decoding=\"async\" loading=\"lazy\" width=\"187\" height=\"346\" src=\"https:\/\/dges-sal.infd.edu.ar\/sitio\/wp-content\/uploads\/2025\/06\/normativa-nacional.png\" alt=\"\" class=\"wp-image-15997\"\/><\/figure><\/div>\n\n\n<hr class=\"wp-block-separator has-alpha-channel-opacity\"\/>\n\n\n\n<h2 class=\"wp-block-heading\">Leyes Nacionales <\/h2>\n\n\n\n<p><\/p>\n\n\n\n<figure class=\"wp-block-table is-style-stripes\"><table><tbody><tr><td><strong>Documento<\/strong><\/td><td class=\"has-text-align-left\" data-align=\"left\"><strong>Descripci\u00f3n<\/strong><\/td><td><strong>Bajar<\/strong><\/td><\/tr><tr><td><strong>Ley 26206<\/strong><\/td><td class=\"has-text-align-left\" data-align=\"left\">Ley de Educacion Nacional Vigente<\/td><td><a href=\"https:\/\/dges-sal.infd.edu.ar\/aula\/archivos\/repositorio\/\/1500\/1561\/ley_26206_ley_de_educacion_nacional_vigente.pdf\">AQU\u00cd<\/a><\/td><\/tr><tr><td><strong>Ley 26150<\/strong><\/td><td class=\"has-text-align-left\" data-align=\"left\">Ley de Educaci\u00f3n Sexual Integral<\/td><td><a href=\"https:\/\/dges-sal.infd.edu.ar\/aula\/archivos\/repositorio\/\/1500\/1562\/ley_26150_programa_de_educacion_sexual_integral.pdf\">AQU\u00cd<\/a><\/td><\/tr><tr><td><strong>Ley 27642<\/strong><\/td><td class=\"has-text-align-left\" data-align=\"left\">Ley de Promoci\u00f3n de la Alimentaci\u00f3n Saludable<\/td><td><a href=\"https:\/\/dges-sal.infd.edu.ar\/aula\/archivos\/repositorio\/\/1500\/1563\/ley_27642_de_promocion_de_alimentacion_saludable.pdf\">AQU\u00cd<\/a><\/td><\/tr><tr><td><strong>Ley 27621<\/strong><\/td><td class=\"has-text-align-left\" data-align=\"left\">Ley de Educaci\u00f3n Ambiental Integral<\/td><td><a href=\"https:\/\/dges-sal.infd.edu.ar\/aula\/archivos\/repositorio\/\/1500\/1564\/Ley_27621educacion_ambiental_integral.pdf\">AQU\u00cd<\/a><\/td><\/tr><tr><td><\/td><td class=\"has-text-align-left\" data-align=\"left\"><\/td><td><\/td><\/tr><\/tbody><\/table><\/figure>\n","protected":false},"excerpt":{"rendered":"<p>Leyes Nacionales Documento Descripci\u00f3n Bajar Ley 26206 Ley de Educacion Nacional Vigente AQU\u00cd Ley 26150 Ley de Educaci\u00f3n Sexual Integral AQU\u00cd Ley 27642 Ley de Promoci\u00f3n de la Alimentaci\u00f3n Saludable AQU\u00cd Ley 27621 Ley de Educaci\u00f3n Ambiental Integral AQU\u00cd<\/p>\n","protected":false},"author":790,"featured_media":0,"parent":0,"menu_order":0,"comment_status":"closed","ping_status":"closed","template":"","meta":[],"acf":[],"_links":{"self":[{"href":"https:\/\/dges-sal.infd.edu.ar\/sitio\/wp-json\/wp\/v2\/pages\/1500"}],"collection":[{"href":"https:\/\/dges-sal.infd.edu.ar\/sitio\/wp-json\/wp\/v2\/pages"}],"about":[{"href":"https:\/\/dges-sal.infd.edu.ar\/sitio\/wp-json\/wp\/v2\/types\/page"}],"author":[{"embeddable":true,"href":"https:\/\/dges-sal.infd.edu.ar\/sitio\/wp-json\/wp\/v2\/users\/790"}],"replies":[{"embeddable":true,"href":"https:\/\/dges-sal.infd.edu.ar\/sitio\/wp-json\/wp\/v2\/comments?post=1500"}],"version-history":[{"count":7,"href":"https:\/\/dges-sal.infd.edu.ar\/sitio\/wp-json\/wp\/v2\/pages\/1500\/revisions"}],"predecessor-version":[{"id":16012,"href":"https:\/\/dges-sal.infd.edu.ar\/sitio\/wp-json\/wp\/v2\/pages\/1500\/revisions\/16012"}],"wp:attachment":[{"href":"https:\/\/dges-sal.infd.edu.ar\/sitio\/wp-json\/wp\/v2\/media?parent=1500"}],"curies":[{"name":"wp","href":"https:\/\/api.w.org\/{rel}","templated":true}]}}