{"id":14850,"date":"2024-12-16T19:11:47","date_gmt":"2024-12-16T22:11:47","guid":{"rendered":"https:\/\/dges-sal.infd.edu.ar\/sitio\/?page_id=14850"},"modified":"2025-11-10T19:17:10","modified_gmt":"2025-11-10T22:17:10","slug":"ies-6037-02-convocatoria-2024-para-acceso-al-cargo-de-coordinacion-pedagogica-2","status":"publish","type":"page","link":"https:\/\/dges-sal.infd.edu.ar\/sitio\/ies-6037-02-convocatoria-2024-para-acceso-al-cargo-de-coordinacion-pedagogica-2\/","title":{"rendered":"IES 6037\/02 Convocatoria 2024 y 2025 para acceso al cargo de Coordinaci\u00f3n Pedag\u00f3gica"},"content":{"rendered":"\n<h1 class=\"wp-block-heading\">Convocatoria&nbsp;<a href=\"https:\/\/dges-sal.infd.edu.ar\/sitio\/wp-content\/uploads\/2024\/12\/Disp.-356-24-IES-6037-02-Convocatoria-Coordinacion-Pedagogica.pdf\">Disp. 356\/24&nbsp;<\/a>y <a href=\"https:\/\/dges-sal.infd.edu.ar\/sitio\/wp-content\/uploads\/2025\/05\/Disp.-120-25-IES-6037-02-a.pdf\" target=\"_blank\" rel=\"noreferrer noopener\">Disp. 120\/25<\/a> cobertura de cargo de&nbsp;<strong>Coordinaci\u00f3n Pedag\u00f3gica&nbsp;de la Sede Din\u00e1mica N\u00b0 6037\/02<\/strong><\/h1>\n\n\n\n<h1 class=\"wp-block-heading\">&nbsp;<\/h1>\n\n\n\n<figure class=\"wp-block-table is-style-stripes\"><table><tbody><tr><td><strong>N\u00f3mina de aspirantes inscriptos<\/strong><\/td><td><strong>Nomina definitiva de aspirantes<\/strong><\/td><td><strong>Disposici\u00f3n nuevo tribunal (si correspondiere)<\/strong><\/td><td><strong>Dictamen evaluaci\u00f3n de T\u00edtulos y Antecedentes<\/strong><\/td><td><strong>Fecha de Examen Escrito y Resultados<\/strong><\/td><td><strong>Fecha de Exposici\u00f3n y defensa oral de la propuesta de Gesti\u00f3n y Resultados<\/strong><\/td><td><strong>Disposiciones<\/strong>&nbsp;<strong>DGES<\/strong><\/td><\/tr><tr><td>2da Convocatoria<br>Archivo:&nbsp;<a rel=\"noreferrer noopener\" href=\"https:\/\/dges-sal.infd.edu.ar\/sitio\/wp-content\/uploads\/2025\/05\/ACTA-DE-CIERRE-6037-02-COORDINADOR.pdf\" target=\"_blank\"><strong>AQU\u00cd<\/strong><\/a><\/td><td>Archivo:<a href=\"https:\/\/dges-sal.infd.edu.ar\/sitio\/wp-content\/uploads\/2025\/06\/Disp.-159-25-IES-6037-02.pdf\" target=\"_blank\" rel=\"noreferrer noopener\">&nbsp;<strong>AQU\u00cd<\/strong><\/a><\/td><td>Archivo:&nbsp;<strong>AQU\u00cd<\/strong><\/td><td>Archivo:&nbsp;<strong><a href=\"https:\/\/dges-sal.infd.edu.ar\/sitio\/wp-content\/uploads\/2025\/07\/Acta-Comision-evaluadora-6037-02-coordinacion-pedagogica-.pdf\" target=\"_blank\" rel=\"noreferrer noopener\">AQU\u00cd<\/a><\/strong><\/td><td>Archivo:&nbsp;<strong>AQU\u00cd<\/strong>&nbsp; Resultado:<strong>&nbsp;AQU\u00cd<\/strong><\/td><td>Archivo:&nbsp;<strong>AQU\u00cd<\/strong>&nbsp; Resultado:<strong>&nbsp;AQU\u00cd<\/strong><\/td><td>Archivo\u00a0\u00a0<strong><a href=\"https:\/\/dges-sal.infd.edu.ar\/sitio\/wp-content\/uploads\/2025\/11\/Disp.-338-25-IES-6037-02-aprobar-procedimiento-concursal-coordinador-pedagogico.pdf\" target=\"_blank\" rel=\"noreferrer noopener\">AQU\u00cd<\/a><\/strong><\/td><\/tr><tr><td>1ra Convocatoria<br>Archivo:&nbsp;<strong><a href=\"https:\/\/dges-sal.infd.edu.ar\/sitio\/wp-content\/uploads\/2025\/01\/acta-de-cierre-inscripcion-IES-6037-02-Coordinador-Pedagogico-.pdf\" target=\"_blank\" rel=\"noreferrer noopener\">AQU\u00cd<\/a><\/strong><\/td><td>&nbsp; &nbsp; Archivo:&nbsp;<strong>AQU\u00cd<\/strong><\/td><td>&nbsp; Archivo:&nbsp;<strong>AQU\u00cd<\/strong><\/td><td>&nbsp; Archivo:&nbsp;&nbsp;<strong><a href=\"https:\/\/dges-sal.infd.edu.ar\/sitio\/wp-content\/uploads\/2025\/02\/Acta-Comision-evaluadora-6037-02-Coordinador-Pedagogico.pdf\" target=\"_blank\" rel=\"noreferrer noopener\">AQU\u00cd<\/a><\/strong><\/td><td>&nbsp; Archivo:&nbsp;<strong>AQU\u00cd<\/strong>&nbsp; Resultado:<strong>&nbsp;<\/strong><strong>AQU\u00cd<\/strong><\/td><td>&nbsp; Archivo:&nbsp;<strong>AQU\u00cd<\/strong>&nbsp;&nbsp; Resultado:<strong>&nbsp;<\/strong><strong>AQU\u00cd<\/strong><\/td><td>Archivo&nbsp;&nbsp;<strong>AQU\u00cd<\/strong><\/td><\/tr><\/tbody><\/table><\/figure>\n","protected":false},"excerpt":{"rendered":"<p>Convocatoria&nbsp;Disp. 356\/24&nbsp;y Disp. 120\/25 cobertura de cargo de&nbsp;Coordinaci\u00f3n Pedag\u00f3gica&nbsp;de la Sede Din\u00e1mica N\u00b0 6037\/02 &nbsp; N\u00f3mina de aspirantes inscriptos Nomina definitiva de aspirantes Disposici\u00f3n nuevo tribunal (si correspondiere) Dictamen evaluaci\u00f3n de T\u00edtulos y Antecedentes Fecha de Examen Escrito y Resultados Fecha de Exposici\u00f3n y defensa oral de la propuesta de Gesti\u00f3n y Resultados Disposiciones&nbsp;DGES 2da &#8230; <a title=\"IES 6037\/02 Convocatoria 2024 y 2025 para acceso al cargo de Coordinaci\u00f3n Pedag\u00f3gica\" class=\"read-more\" href=\"https:\/\/dges-sal.infd.edu.ar\/sitio\/ies-6037-02-convocatoria-2024-para-acceso-al-cargo-de-coordinacion-pedagogica-2\/\" aria-label=\"More on IES 6037\/02 Convocatoria 2024 y 2025 para acceso al cargo de Coordinaci\u00f3n Pedag\u00f3gica\">[+]<\/a><\/p>\n","protected":false},"author":790,"featured_media":0,"parent":0,"menu_order":0,"comment_status":"closed","ping_status":"closed","template":"","meta":[],"acf":[],"_links":{"self":[{"href":"https:\/\/dges-sal.infd.edu.ar\/sitio\/wp-json\/wp\/v2\/pages\/14850"}],"collection":[{"href":"https:\/\/dges-sal.infd.edu.ar\/sitio\/wp-json\/wp\/v2\/pages"}],"about":[{"href":"https:\/\/dges-sal.infd.edu.ar\/sitio\/wp-json\/wp\/v2\/types\/page"}],"author":[{"embeddable":true,"href":"https:\/\/dges-sal.infd.edu.ar\/sitio\/wp-json\/wp\/v2\/users\/790"}],"replies":[{"embeddable":true,"href":"https:\/\/dges-sal.infd.edu.ar\/sitio\/wp-json\/wp\/v2\/comments?post=14850"}],"version-history":[{"count":9,"href":"https:\/\/dges-sal.infd.edu.ar\/sitio\/wp-json\/wp\/v2\/pages\/14850\/revisions"}],"predecessor-version":[{"id":16458,"href":"https:\/\/dges-sal.infd.edu.ar\/sitio\/wp-json\/wp\/v2\/pages\/14850\/revisions\/16458"}],"wp:attachment":[{"href":"https:\/\/dges-sal.infd.edu.ar\/sitio\/wp-json\/wp\/v2\/media?parent=14850"}],"curies":[{"name":"wp","href":"https:\/\/api.w.org\/{rel}","templated":true}]}}