{"id":14846,"date":"2024-12-16T19:06:17","date_gmt":"2024-12-16T22:06:17","guid":{"rendered":"https:\/\/dges-sal.infd.edu.ar\/sitio\/?page_id=14846"},"modified":"2025-11-10T19:36:57","modified_gmt":"2025-11-10T22:36:57","slug":"ies-6032-convocatoria-2024-para-acceso-al-cargo-de-rector-2","status":"publish","type":"page","link":"https:\/\/dges-sal.infd.edu.ar\/sitio\/ies-6032-convocatoria-2024-para-acceso-al-cargo-de-rector-2\/","title":{"rendered":"IES 6032 Convocatoria 2024 y 2025 para acceso al cargo de Rector"},"content":{"rendered":"\n<h1 class=\"wp-block-heading\">Convocatoria&nbsp;<a rel=\"noreferrer noopener\" href=\"https:\/\/dges-sal.infd.edu.ar\/sitio\/wp-content\/uploads\/2024\/12\/Disp.-354-24-IES-6032-Convocatoria-Rector.pdf\" target=\"_blank\">Disp. 354\/24<\/a>&nbsp;y <a href=\"https:\/\/dges-sal.infd.edu.ar\/sitio\/wp-content\/uploads\/2025\/05\/Disp.-121-25-IES-6032.pdf\" target=\"_blank\" rel=\"noreferrer noopener\">Disp. 121\/25<\/a> cobertura de cargo de&nbsp;<strong>Rector&nbsp;de la Escuela Provincial de M\u00fasica y Danzas Tradicionales N\u00b0 6032<\/strong><\/h1>\n\n\n\n<figure class=\"wp-block-table is-style-stripes\"><table><tbody><tr><td><strong>N\u00f3mina de aspirantes inscriptos<\/strong><\/td><td><strong>Nomina definitiva de aspirantes<\/strong><\/td><td><strong>Disposici\u00f3n nuevo tribunal (si correspondiere)<\/strong><\/td><td><strong>Dictamen evaluaci\u00f3n de T\u00edtulos y Antecedentes<\/strong><\/td><td><strong>Fecha de Examen Escrito y Resultados<\/strong><\/td><td><strong>Fecha de Exposici\u00f3n y defensa oral de la propuesta de Gesti\u00f3n y Resultados<\/strong><\/td><td><strong>Disposiciones<\/strong>&nbsp;<strong>DGES<\/strong><\/td><\/tr><tr><td>2da Convocatoria<br>Archivo:&nbsp;<strong><a href=\"https:\/\/dges-sal.infd.edu.ar\/sitio\/wp-content\/uploads\/2025\/05\/Acta-de-cierre-de-inscripcion-6032-cafayate.pdf\" target=\"_blank\" rel=\"noreferrer noopener\">AQU\u00cd<\/a><\/strong><\/td><td>Archivo:&nbsp;<strong>AQU\u00cd<\/strong><\/td><td>Archivo:&nbsp;<strong>AQU\u00cd<\/strong><\/td><td>Archivo:&nbsp;<strong>AQU\u00cd<\/strong><\/td><td>Archivo:&nbsp;<strong>AQU\u00cd<\/strong>&nbsp; Resultado:<strong>&nbsp;AQU\u00cd<\/strong><\/td><td>Archivo:&nbsp;<strong>AQU\u00cd<\/strong>&nbsp; Resultado:<strong>&nbsp;AQU\u00cd<\/strong><\/td><td>Archivo\u00a0\u00a0<strong><a href=\"https:\/\/dges-sal.infd.edu.ar\/sitio\/wp-content\/uploads\/2025\/11\/Disp.-339-25-IES-6032-Sede-aprobar-procedimiento-concursal-Rector.pdf\" target=\"_blank\" rel=\"noreferrer noopener\">AQU\u00cd<\/a><\/strong><\/td><\/tr><tr><td>1ra Convocatoria<br>Archivo:&nbsp;<strong><a href=\"https:\/\/dges-sal.infd.edu.ar\/sitio\/wp-content\/uploads\/2025\/01\/acta-de-cierre-de-inscripcion-IES-6032-Rector.pdf\" target=\"_blank\" rel=\"noreferrer noopener\">AQU\u00cd<\/a><\/strong><\/td><td>&nbsp; &nbsp; Archivo:&nbsp;<strong>AQU\u00cd<\/strong><\/td><td>&nbsp; Archivo:&nbsp;<strong>AQU\u00cd<\/strong><\/td><td>&nbsp; Archivo:&nbsp;&nbsp;<strong><a href=\"https:\/\/dges-sal.infd.edu.ar\/sitio\/wp-content\/uploads\/2025\/02\/acta-Comision-evaluadora-ies-6032-rector.pdf\" target=\"_blank\" rel=\"noreferrer noopener\">AQU\u00cd<\/a><\/strong><\/td><td>&nbsp; Archivo:&nbsp;<strong>AQU\u00cd<\/strong>&nbsp; Resultado:<strong>&nbsp;<\/strong><strong>AQU\u00cd<\/strong><\/td><td>&nbsp; Archivo:&nbsp;<strong>AQU\u00cd<\/strong>&nbsp;&nbsp; Resultado:<strong>&nbsp;<\/strong><strong>AQU\u00cd<\/strong><\/td><td>Archivo&nbsp;&nbsp;<strong>AQU\u00cd<\/strong><\/td><\/tr><\/tbody><\/table><\/figure>\n","protected":false},"excerpt":{"rendered":"<p>Convocatoria&nbsp;Disp. 354\/24&nbsp;y Disp. 121\/25 cobertura de cargo de&nbsp;Rector&nbsp;de la Escuela Provincial de M\u00fasica y Danzas Tradicionales N\u00b0 6032 N\u00f3mina de aspirantes inscriptos Nomina definitiva de aspirantes Disposici\u00f3n nuevo tribunal (si correspondiere) Dictamen evaluaci\u00f3n de T\u00edtulos y Antecedentes Fecha de Examen Escrito y Resultados Fecha de Exposici\u00f3n y defensa oral de la propuesta de Gesti\u00f3n y &#8230; <a title=\"IES 6032 Convocatoria 2024 y 2025 para acceso al cargo de Rector\" class=\"read-more\" href=\"https:\/\/dges-sal.infd.edu.ar\/sitio\/ies-6032-convocatoria-2024-para-acceso-al-cargo-de-rector-2\/\" aria-label=\"More on IES 6032 Convocatoria 2024 y 2025 para acceso al cargo de Rector\">[+]<\/a><\/p>\n","protected":false},"author":790,"featured_media":0,"parent":0,"menu_order":0,"comment_status":"closed","ping_status":"closed","template":"","meta":[],"acf":[],"_links":{"self":[{"href":"https:\/\/dges-sal.infd.edu.ar\/sitio\/wp-json\/wp\/v2\/pages\/14846"}],"collection":[{"href":"https:\/\/dges-sal.infd.edu.ar\/sitio\/wp-json\/wp\/v2\/pages"}],"about":[{"href":"https:\/\/dges-sal.infd.edu.ar\/sitio\/wp-json\/wp\/v2\/types\/page"}],"author":[{"embeddable":true,"href":"https:\/\/dges-sal.infd.edu.ar\/sitio\/wp-json\/wp\/v2\/users\/790"}],"replies":[{"embeddable":true,"href":"https:\/\/dges-sal.infd.edu.ar\/sitio\/wp-json\/wp\/v2\/comments?post=14846"}],"version-history":[{"count":7,"href":"https:\/\/dges-sal.infd.edu.ar\/sitio\/wp-json\/wp\/v2\/pages\/14846\/revisions"}],"predecessor-version":[{"id":16459,"href":"https:\/\/dges-sal.infd.edu.ar\/sitio\/wp-json\/wp\/v2\/pages\/14846\/revisions\/16459"}],"wp:attachment":[{"href":"https:\/\/dges-sal.infd.edu.ar\/sitio\/wp-json\/wp\/v2\/media?parent=14846"}],"curies":[{"name":"wp","href":"https:\/\/api.w.org\/{rel}","templated":true}]}}