{"id":14637,"date":"2024-10-20T00:15:29","date_gmt":"2024-10-20T03:15:29","guid":{"rendered":"https:\/\/dges-sal.infd.edu.ar\/sitio\/?page_id=14637"},"modified":"2024-10-21T14:44:58","modified_gmt":"2024-10-21T17:44:58","slug":"talleres","status":"publish","type":"page","link":"https:\/\/dges-sal.infd.edu.ar\/sitio\/talleres\/","title":{"rendered":"talleres"},"content":{"rendered":"\n<h2 class=\"wp-block-heading\">Talleres del XII Encuentro Provincial de Pr\u00e1cticas y Residencias Educativas<\/h2>\n\n\n\n<figure class=\"wp-block-table\"><table><tbody><tr><td class=\"has-text-align-center\" data-align=\"center\"><strong>SEDE<\/strong><\/td><td class=\"has-text-align-center\" data-align=\"center\">LINK<\/td><\/tr><tr><td class=\"has-text-align-center\" data-align=\"center\">CACHI<\/td><td class=\"has-text-align-center\" data-align=\"center\"><a href=\"https:\/\/dges-sal.infd.edu.ar\/aula\/archivos\/repositorio\/\/1250\/1498\/Cronograma_y_links_de_inscripcion_-_Sede_Cachi.pdf\">Aqu\u00ed<\/a><\/td><\/tr><tr><td class=\"has-text-align-center\" data-align=\"center\">CAFAYATE<\/td><td class=\"has-text-align-center\" data-align=\"center\"><a href=\"https:\/\/dges-sal.infd.edu.ar\/aula\/archivos\/repositorio\/\/1500\/1505\/Cronograma_y_links_de_inscripcion_-_Sede_Cafayate.pdf\">Aqu\u00ed<\/a><\/td><\/tr><tr><td class=\"has-text-align-center\" data-align=\"center\">CAPITAL<\/td><td class=\"has-text-align-center\" data-align=\"center\"><a href=\"https:\/\/dges-sal.infd.edu.ar\/aula\/archivos\/repositorio\/\/1500\/1506\/Cronograma_y_links_de_inscripcion_-_Sede_Capital.pdf\">Aqu\u00ed<\/a><\/td><\/tr><tr><td class=\"has-text-align-center\" data-align=\"center\">JOAQU\u00cdN V. GONZ\u00c1LEZ<\/td><td class=\"has-text-align-center\" data-align=\"center\"><a href=\"https:\/\/dges-sal.infd.edu.ar\/aula\/archivos\/repositorio\/\/1500\/1501\/Cronograma_y_links_de_inscripcion_-_Sede_Joaquin_V._Gonzalez.pdf\">Aqu\u00ed<\/a><\/td><\/tr><tr><td class=\"has-text-align-center\" data-align=\"center\">OR\u00c1N<\/td><td class=\"has-text-align-center\" data-align=\"center\"><a href=\"https:\/\/dges-sal.infd.edu.ar\/aula\/archivos\/repositorio\/\/1500\/1502\/Cronograma_y_links_de_inscripcion_-_Sede_Oran.pdf\">Aqu\u00ed<\/a><\/td><\/tr><tr><td class=\"has-text-align-center\" data-align=\"center\">ROSARIO DE LA FRONTERA<\/td><td class=\"has-text-align-center\" data-align=\"center\"><a href=\"https:\/\/dges-sal.infd.edu.ar\/aula\/archivos\/repositorio\/\/1500\/1503\/Cronograma_y_links_de_inscripcion_-_Sede_Rosario_de_la_Frontera.pdf\">Aqu\u00ed<\/a><\/td><\/tr><tr><td class=\"has-text-align-center\" data-align=\"center\">TARTAGAL<\/td><td class=\"has-text-align-center\" data-align=\"center\"><a href=\"https:\/\/dges-sal.infd.edu.ar\/aula\/archivos\/repositorio\/\/1500\/1507\/Cronograma_y_links_de_inscripcion_-_Sede_Tartagal.pdf\">Aqu\u00ed<\/a><\/td><\/tr><\/tbody><\/table><\/figure>\n\n\n\n<p><\/p>\n","protected":false},"excerpt":{"rendered":"<p>Talleres del XII Encuentro Provincial de Pr\u00e1cticas y Residencias Educativas SEDE LINK CACHI Aqu\u00ed CAFAYATE Aqu\u00ed CAPITAL Aqu\u00ed JOAQU\u00cdN V. GONZ\u00c1LEZ Aqu\u00ed OR\u00c1N Aqu\u00ed ROSARIO DE LA FRONTERA Aqu\u00ed TARTAGAL Aqu\u00ed<\/p>\n","protected":false},"author":10692,"featured_media":0,"parent":0,"menu_order":0,"comment_status":"closed","ping_status":"closed","template":"","meta":[],"acf":[],"_links":{"self":[{"href":"https:\/\/dges-sal.infd.edu.ar\/sitio\/wp-json\/wp\/v2\/pages\/14637"}],"collection":[{"href":"https:\/\/dges-sal.infd.edu.ar\/sitio\/wp-json\/wp\/v2\/pages"}],"about":[{"href":"https:\/\/dges-sal.infd.edu.ar\/sitio\/wp-json\/wp\/v2\/types\/page"}],"author":[{"embeddable":true,"href":"https:\/\/dges-sal.infd.edu.ar\/sitio\/wp-json\/wp\/v2\/users\/10692"}],"replies":[{"embeddable":true,"href":"https:\/\/dges-sal.infd.edu.ar\/sitio\/wp-json\/wp\/v2\/comments?post=14637"}],"version-history":[{"count":5,"href":"https:\/\/dges-sal.infd.edu.ar\/sitio\/wp-json\/wp\/v2\/pages\/14637\/revisions"}],"predecessor-version":[{"id":14650,"href":"https:\/\/dges-sal.infd.edu.ar\/sitio\/wp-json\/wp\/v2\/pages\/14637\/revisions\/14650"}],"wp:attachment":[{"href":"https:\/\/dges-sal.infd.edu.ar\/sitio\/wp-json\/wp\/v2\/media?parent=14637"}],"curies":[{"name":"wp","href":"https:\/\/api.w.org\/{rel}","templated":true}]}}