{"id":14576,"date":"2024-10-02T10:56:23","date_gmt":"2024-10-02T13:56:23","guid":{"rendered":"https:\/\/dges-sal.infd.edu.ar\/sitio\/?page_id=14576"},"modified":"2024-10-03T12:48:56","modified_gmt":"2024-10-03T15:48:56","slug":"xii-encuentro","status":"publish","type":"page","link":"https:\/\/dges-sal.infd.edu.ar\/sitio\/xii-encuentro\/","title":{"rendered":"XII.Encuentro"},"content":{"rendered":"\n<figure class=\"wp-block-image size-full\"><img decoding=\"async\" loading=\"lazy\" width=\"900\" height=\"300\" src=\"https:\/\/dges-sal.infd.edu.ar\/sitio\/wp-content\/uploads\/2024\/10\/BANNER-PAGINA-INVITACION-X-ENCUENTRO-Presentacion-169-900-\u00d7-300-px.png\" alt=\"\" class=\"wp-image-14587\" srcset=\"https:\/\/dges-sal.infd.edu.ar\/sitio\/wp-content\/uploads\/2024\/10\/BANNER-PAGINA-INVITACION-X-ENCUENTRO-Presentacion-169-900-\u00d7-300-px.png 900w, https:\/\/dges-sal.infd.edu.ar\/sitio\/wp-content\/uploads\/2024\/10\/BANNER-PAGINA-INVITACION-X-ENCUENTRO-Presentacion-169-900-\u00d7-300-px-768x256.png 768w\" sizes=\"(max-width: 900px) 100vw, 900px\" \/><\/figure>\n\n\n\n<pre class=\"wp-block-preformatted\"><strong>Presentaci\u00f3n<\/strong>\n\nLa Direcci\u00f3n General de Educaci\u00f3n Superior del Ministerio de Educaci\u00f3n, Cultura, Ciencia y Tecnolog\u00eda invita a participar en el XII Encuentro de Pr\u00e1cticas Docentes y Profesionalizantes, denominado \u201cDesaf\u00edos y transformaciones en la ense\u00f1anza de las Pr\u00e1cticas Docentes y Profesionalizantes en la Educaci\u00f3n Superior,\u201d que se llevar\u00e1 a cabo los d\u00edas 22 y 23 de octubre de 2024.\n\nDesde su inicio en 2012 y con una periodicidad anual, este encuentro se ha consolidado como un espacio de intercambio que asume un compromiso con la garant\u00eda del derecho a una Educaci\u00f3n Superior de calidad como parte de la pol\u00edtica del nivel.\nEn la formaci\u00f3n inicial, el campo de las pr\u00e1cticas, tanto en las carreras de formaci\u00f3n docente como en la t\u00e9cnica, constituye un escenario decisivo para posibilitar algunos cambios educativos. Las experiencias de pr\u00e1cticas desarrolladas junto a los estudiantes posibilitan la creatividad para el dise\u00f1o y co-dise\u00f1o de propuestas de ense\u00f1anza in\u00e9ditas y no previsibles, que dan lugar a nuevas arquitecturas de aprendizaje.\n\nCada propuesta de pr\u00e1ctica adquiere una relevancia sustantiva para la formaci\u00f3n porque favorece la construcci\u00f3n de roles docentes y t\u00e9cnicos capaces de influir y aportar a la transformaci\u00f3n del mundo que habitan los sujetos. Estas experiencias podr\u00edan enriquecer el desarrollo de habilidades para desempe\u00f1arse adecuadamente en escenarios cambiantes, emergentes e inesperados.\nPor este motivo, se los convoca a compartir, reflexionar, preguntar (nos) y proponer colectivamente caminos alternativos donde la escucha y la palabra circulen con la finalidad de fortalecer las experiencias que se promueven y se desarrollan en el campo de la pr\u00e1ctica. \n<\/pre>\n\n\n\n<div class=\"wp-block-columns is-layout-flex wp-container-3\">\n<div class=\"wp-block-column is-layout-flow\" style=\"flex-basis:33.33%\">\n<figure class=\"wp-block-image size-full\"><img decoding=\"async\" loading=\"lazy\" width=\"1080\" height=\"1080\" src=\"https:\/\/dges-sal.infd.edu.ar\/sitio\/wp-content\/uploads\/2024\/10\/Icomo-encuentro1-1.png\" alt=\"\" class=\"wp-image-14590\" srcset=\"https:\/\/dges-sal.infd.edu.ar\/sitio\/wp-content\/uploads\/2024\/10\/Icomo-encuentro1-1.png 1080w, https:\/\/dges-sal.infd.edu.ar\/sitio\/wp-content\/uploads\/2024\/10\/Icomo-encuentro1-1-1000x1000.png 1000w, https:\/\/dges-sal.infd.edu.ar\/sitio\/wp-content\/uploads\/2024\/10\/Icomo-encuentro1-1-500x500.png 500w, https:\/\/dges-sal.infd.edu.ar\/sitio\/wp-content\/uploads\/2024\/10\/Icomo-encuentro1-1-768x768.png 768w\" sizes=\"(max-width: 1080px) 100vw, 1080px\" \/><\/figure>\n<\/div>\n\n\n\n<div class=\"wp-block-column is-layout-flow\" style=\"flex-basis:66.66%\">\n<pre class=\"wp-block-preformatted\"><strong>Objetivos<\/strong>\n\n- Ofrecer un espacio de reflexi\u00f3n colectiva sobre los desaf\u00edos que los escenarios actuales plantean para las pr\u00e1cticas docentes y profesionalizantes en la Educaci\u00f3n Superior a trav\u00e9s de la escucha y la circulaci\u00f3n de la palabra.  \n\n- Compartir propuestas y experiencias que se concretan en los espacios de pr\u00e1cticas que permitan, a trav\u00e9s de las m\u00faltiples voces, reconstruir el saber pedag\u00f3gico que deviene de estos espacios curriculares.  \n\n- Promover el intercambio de propuestas y experiencias de pr\u00e1cticas desarrolladas por los estudiantes para buscar alternativas que se articulen con los procesos de transformaci\u00f3n e innovaci\u00f3n mediante la participaci\u00f3n en diversos talleres inmersivos y creativos.\n\n- Favorecer la construcci\u00f3n de propuestas colaborativas que permitan mejorar las pr\u00e1cticas docentes y profesionalizantes, centradas en el desarrollo de competencias como la creatividad, el pensamiento cr\u00edtico y la resoluci\u00f3n de problemas. \n<\/pre>\n<\/div>\n<\/div>\n\n\n\n<div class=\"wp-block-columns is-layout-flex wp-container-6\">\n<div class=\"wp-block-column is-layout-flow\" style=\"flex-basis:66.66%\">\n<pre class=\"wp-block-preformatted\"><strong>Destinatarios <\/strong>\n\n- Rectores, responsables institucionales, coordinadores institucionales y de carrera.\n- Profesores de carreras de Formaci\u00f3n Docente y T\u00e9cnica del Nivel de Educaci\u00f3n Superior. \n- Profesores co-formadores de instituciones asociadas. \n- Estudiantes de los profesorados y las tecnicaturas. \n- Miembros de organizaciones sociales, instituciones y empresas del medio que se encuentren acompa\u00f1ando a los practicantes de las tecnicaturas.<\/pre>\n<\/div>\n\n\n\n<div class=\"wp-block-column is-layout-flow\" style=\"flex-basis:33.33%\">\n<figure class=\"wp-block-image size-full\"><img decoding=\"async\" loading=\"lazy\" width=\"1080\" height=\"1080\" src=\"https:\/\/dges-sal.infd.edu.ar\/sitio\/wp-content\/uploads\/2024\/10\/Icomo-encuentro2-1.png\" alt=\"\" class=\"wp-image-14591\" srcset=\"https:\/\/dges-sal.infd.edu.ar\/sitio\/wp-content\/uploads\/2024\/10\/Icomo-encuentro2-1.png 1080w, https:\/\/dges-sal.infd.edu.ar\/sitio\/wp-content\/uploads\/2024\/10\/Icomo-encuentro2-1-1000x1000.png 1000w, https:\/\/dges-sal.infd.edu.ar\/sitio\/wp-content\/uploads\/2024\/10\/Icomo-encuentro2-1-500x500.png 500w, https:\/\/dges-sal.infd.edu.ar\/sitio\/wp-content\/uploads\/2024\/10\/Icomo-encuentro2-1-768x768.png 768w\" sizes=\"(max-width: 1080px) 100vw, 1080px\" \/><\/figure>\n<\/div>\n<\/div>\n\n\n\n<figure class=\"wp-block-image size-full is-resized\"><img decoding=\"async\" loading=\"lazy\" src=\"https:\/\/dges-sal.infd.edu.ar\/sitio\/wp-content\/uploads\/2024\/10\/Copia-de-Copia-de-para-pagina.png\" alt=\"\" class=\"wp-image-14594\" width=\"1018\" height=\"339\" srcset=\"https:\/\/dges-sal.infd.edu.ar\/sitio\/wp-content\/uploads\/2024\/10\/Copia-de-Copia-de-para-pagina.png 900w, https:\/\/dges-sal.infd.edu.ar\/sitio\/wp-content\/uploads\/2024\/10\/Copia-de-Copia-de-para-pagina-768x256.png 768w\" sizes=\"(max-width: 1018px) 100vw, 1018px\" \/><\/figure>\n\n\n\n<div class=\"wp-block-columns is-layout-flex wp-container-9\">\n<div class=\"wp-block-column is-layout-flow\" style=\"flex-basis:66.66%\">\n<pre class=\"wp-block-preformatted\">\n<strong>Ejes tem\u00e1ticos<\/strong>\n\n<strong>Eje 1. <\/strong>Ense\u00f1anza y evaluaci\u00f3n en transformaci\u00f3n\n\n<strong>Eje 2.<\/strong> Integraci\u00f3n genuina de recursos tecnol\u00f3gicos y materiales en la ense\u00f1anza y evaluaci\u00f3n\n\n<strong>Eje 3: <\/strong>Las pr\u00e1cticas y su campo de articulaci\u00f3n. Avances y desaf\u00edos actuales\n<\/pre>\n<\/div>\n\n\n\n<div class=\"wp-block-column is-layout-flow\" style=\"flex-basis:33.33%\">\n<figure class=\"wp-block-image size-full\"><img decoding=\"async\" loading=\"lazy\" width=\"1080\" height=\"1080\" src=\"https:\/\/dges-sal.infd.edu.ar\/sitio\/wp-content\/uploads\/2024\/10\/Icomo-encuentro1-3.png\" alt=\"\" class=\"wp-image-14596\" srcset=\"https:\/\/dges-sal.infd.edu.ar\/sitio\/wp-content\/uploads\/2024\/10\/Icomo-encuentro1-3.png 1080w, https:\/\/dges-sal.infd.edu.ar\/sitio\/wp-content\/uploads\/2024\/10\/Icomo-encuentro1-3-1000x1000.png 1000w, https:\/\/dges-sal.infd.edu.ar\/sitio\/wp-content\/uploads\/2024\/10\/Icomo-encuentro1-3-500x500.png 500w, https:\/\/dges-sal.infd.edu.ar\/sitio\/wp-content\/uploads\/2024\/10\/Icomo-encuentro1-3-768x768.png 768w\" sizes=\"(max-width: 1080px) 100vw, 1080px\" \/><\/figure>\n<\/div>\n<\/div>\n\n\n\n<div class=\"wp-block-columns is-layout-flex wp-container-13\">\n<div class=\"wp-block-column is-layout-flow\" style=\"flex-basis:25%\">\n<figure class=\"wp-block-image size-full\"><img decoding=\"async\" loading=\"lazy\" width=\"1080\" height=\"1080\" src=\"https:\/\/dges-sal.infd.edu.ar\/sitio\/wp-content\/uploads\/2024\/10\/Icomo-encuentro.png\" alt=\"\" class=\"wp-image-14597\" srcset=\"https:\/\/dges-sal.infd.edu.ar\/sitio\/wp-content\/uploads\/2024\/10\/Icomo-encuentro.png 1080w, https:\/\/dges-sal.infd.edu.ar\/sitio\/wp-content\/uploads\/2024\/10\/Icomo-encuentro-1000x1000.png 1000w, https:\/\/dges-sal.infd.edu.ar\/sitio\/wp-content\/uploads\/2024\/10\/Icomo-encuentro-500x500.png 500w, https:\/\/dges-sal.infd.edu.ar\/sitio\/wp-content\/uploads\/2024\/10\/Icomo-encuentro-768x768.png 768w\" sizes=\"(max-width: 1080px) 100vw, 1080px\" \/><\/figure>\n<\/div>\n\n\n\n<div class=\"wp-block-column is-layout-flow\" style=\"flex-basis:50%\">\n<pre class=\"wp-block-preformatted\"><strong>Inscripci\u00f3n. <\/strong>\nLa inscripci\u00f3n para talleristas.\n\n<strong>Talleristas:<\/strong>\n<em>Link para producciones Eje 1:<\/em> \n<a href=\"https:\/\/forms.gle\/6voXZZ3jr7vpUdQp6 \">https:\/\/forms.gle\/6voXZZ3jr7vpUdQp6 <\/a>\n\n<em>Link para producciones Eje 2:<\/em>\n<a href=\"https:\/\/forms.gle\/dbY34FdzhRy9MWCg9 \">https:\/\/forms.gle\/dbY34FdzhRy9MWCg9 <\/a>\n\n<em>Link para producciones Eje 3:<\/em> \n<a href=\"https:\/\/forms.gle\/TSVxv71t8fQ6Y6Sr8 \">https:\/\/forms.gle\/TSVxv71t8fQ6Y6Sr8 <\/a>\n\n<\/pre>\n<\/div>\n\n\n\n<div class=\"wp-block-column is-layout-flow\" style=\"flex-basis:25%\">\n<pre class=\"wp-block-preformatted\"><a href=\"https:\/\/drive.google.com\/file\/d\/12S_tcJA0t4uQGapGnooYQ4o93n36cvVQ\/view?usp=sharing\" data-type=\"URL\" data-id=\"https:\/\/drive.google.com\/file\/d\/12S_tcJA0t4uQGapGnooYQ4o93n36cvVQ\/view?usp=sharing\">https:\/\/drive.google.com\/file\/d\/12S_tcJA0t4uQGapGnooYQ4o93n36cvVQ\/view?usp=sharing<\/a><\/pre>\n\n\n\n<figure class=\"wp-block-image size-full\"><img decoding=\"async\" loading=\"lazy\" width=\"1080\" height=\"1080\" src=\"https:\/\/dges-sal.infd.edu.ar\/sitio\/wp-content\/uploads\/2024\/10\/Icomo-encuentro4.png\" alt=\"\" class=\"wp-image-14598\" srcset=\"https:\/\/dges-sal.infd.edu.ar\/sitio\/wp-content\/uploads\/2024\/10\/Icomo-encuentro4.png 1080w, https:\/\/dges-sal.infd.edu.ar\/sitio\/wp-content\/uploads\/2024\/10\/Icomo-encuentro4-1000x1000.png 1000w, https:\/\/dges-sal.infd.edu.ar\/sitio\/wp-content\/uploads\/2024\/10\/Icomo-encuentro4-500x500.png 500w, https:\/\/dges-sal.infd.edu.ar\/sitio\/wp-content\/uploads\/2024\/10\/Icomo-encuentro4-768x768.png 768w\" sizes=\"(max-width: 1080px) 100vw, 1080px\" \/><\/figure>\n<\/div>\n<\/div>\n\n\n\n<p><strong>Consultas e informaci\u00f3n<\/strong>: Correo electr\u00f3nico: <a href=\"mailto:12encuentropdp@gmail.com\"><strong>12encuentropdp@gmail.com<\/strong><\/a><strong>&nbsp;<\/strong><\/p>\n","protected":false},"excerpt":{"rendered":"<p>Presentaci\u00f3n La Direcci\u00f3n General de Educaci\u00f3n Superior del Ministerio de Educaci\u00f3n, Cultura, Ciencia y Tecnolog\u00eda invita a participar en el XII Encuentro de Pr\u00e1cticas Docentes y Profesionalizantes, denominado \u201cDesaf\u00edos y transformaciones en la ense\u00f1anza de las Pr\u00e1cticas Docentes y Profesionalizantes en la Educaci\u00f3n Superior,\u201d que se llevar\u00e1 a cabo los d\u00edas 22 y 23 de &#8230; <a title=\"XII.Encuentro\" class=\"read-more\" href=\"https:\/\/dges-sal.infd.edu.ar\/sitio\/xii-encuentro\/\" aria-label=\"More on XII.Encuentro\">[+]<\/a><\/p>\n","protected":false},"author":10692,"featured_media":0,"parent":0,"menu_order":0,"comment_status":"closed","ping_status":"closed","template":"","meta":[],"acf":[],"_links":{"self":[{"href":"https:\/\/dges-sal.infd.edu.ar\/sitio\/wp-json\/wp\/v2\/pages\/14576"}],"collection":[{"href":"https:\/\/dges-sal.infd.edu.ar\/sitio\/wp-json\/wp\/v2\/pages"}],"about":[{"href":"https:\/\/dges-sal.infd.edu.ar\/sitio\/wp-json\/wp\/v2\/types\/page"}],"author":[{"embeddable":true,"href":"https:\/\/dges-sal.infd.edu.ar\/sitio\/wp-json\/wp\/v2\/users\/10692"}],"replies":[{"embeddable":true,"href":"https:\/\/dges-sal.infd.edu.ar\/sitio\/wp-json\/wp\/v2\/comments?post=14576"}],"version-history":[{"count":4,"href":"https:\/\/dges-sal.infd.edu.ar\/sitio\/wp-json\/wp\/v2\/pages\/14576\/revisions"}],"predecessor-version":[{"id":14601,"href":"https:\/\/dges-sal.infd.edu.ar\/sitio\/wp-json\/wp\/v2\/pages\/14576\/revisions\/14601"}],"wp:attachment":[{"href":"https:\/\/dges-sal.infd.edu.ar\/sitio\/wp-json\/wp\/v2\/media?parent=14576"}],"curies":[{"name":"wp","href":"https:\/\/api.w.org\/{rel}","templated":true}]}}