{"id":14515,"date":"2024-09-18T12:49:05","date_gmt":"2024-09-18T15:49:05","guid":{"rendered":"https:\/\/dges-sal.infd.edu.ar\/sitio\/?page_id=14515"},"modified":"2025-04-11T15:35:49","modified_gmt":"2025-04-11T18:35:49","slug":"ies-6012-convocatoria-2024-para-acceso-al-cargo-de-rector","status":"publish","type":"page","link":"https:\/\/dges-sal.infd.edu.ar\/sitio\/ies-6012-convocatoria-2024-para-acceso-al-cargo-de-rector\/","title":{"rendered":"IES 6012 Convocatoria 2024 para acceso al cargo de Rector"},"content":{"rendered":"\n<h1 class=\"wp-block-heading\"><\/h1>\n\n\n\n<h1 class=\"wp-block-heading\">Convocatoria&nbsp;<a href=\"https:\/\/dges-sal.infd.edu.ar\/sitio\/wp-content\/uploads\/2024\/09\/Disp.-244-24-DGES-IES-6012-Convocatoria-Rector.pdf\" target=\"_blank\" rel=\"noreferrer noopener\">Disp. 244\/24<\/a>&nbsp;cobertura de cargo de&nbsp;<strong>Rector&nbsp;de Instituto Superior de Formaci\u00f3n Docente Rural N\u00b0 6012<\/strong><\/h1>\n\n\n\n<figure class=\"wp-block-table\"><table><tbody><tr><td><strong>N\u00f3mina de aspirantes inscriptos<\/strong><\/td><td><strong>Nomina definitiva de aspirantes<\/strong><\/td><td><strong>Disposici\u00f3n nuevo tribunal (si correspondiere)<\/strong><\/td><td><strong>Dictamen evaluaci\u00f3n de T\u00edtulos y Antecedentes<\/strong><\/td><td><strong>Fecha de Examen Escrito y Resultados<\/strong><\/td><td><strong>Fecha de Exposici\u00f3n y defensa oral de la propuesta de Gesti\u00f3n y Resultados<\/strong><\/td><td><strong>Disposiciones<\/strong>&nbsp;<strong>DGES<\/strong><\/td><\/tr><tr><td>1ra Convocatoria<br>Archivo:&nbsp;&nbsp;<strong><a href=\"https:\/\/dges-sal.infd.edu.ar\/sitio\/wp-content\/uploads\/2024\/10\/Acta-de-cierre-de-Inscripcion-Rector-6012-03-10-2024.pdf\" target=\"_blank\" rel=\"noreferrer noopener\">AQU\u00cd<\/a><\/strong><\/td><td>&nbsp; &nbsp; Archivo:&nbsp;<strong>AQU\u00cd<\/strong><\/td><td>&nbsp; Archivo:&nbsp;<strong>AQU\u00cd<\/strong><\/td><td>&nbsp; Archivo:&nbsp;&nbsp;<strong><a href=\"https:\/\/dges-sal.infd.edu.ar\/sitio\/wp-content\/uploads\/2024\/11\/Acta-Comision-Evaluadora-6012-Rector.pdf\" target=\"_blank\" rel=\"noreferrer noopener\">AQU\u00cd<\/a><\/strong><\/td><td>&nbsp; Archivo:&nbsp;<strong><a rel=\"noreferrer noopener\" href=\"https:\/\/dges-sal.infd.edu.ar\/sitio\/wp-content\/uploads\/2025\/02\/FECHA-DE-EXAMEN-ESCRITO-6012-21-02-2025.jpg\" target=\"_blank\">AQU\u00cd<\/a><\/strong>&nbsp; Resultado:<strong>&nbsp;<a href=\"https:\/\/dges-sal.infd.edu.ar\/sitio\/wp-content\/uploads\/2025\/02\/Acta-Comision-Evaluadora-6012-escrito-rector.jpeg\" target=\"_blank\" rel=\"noreferrer noopener\">AQU\u00cd<\/a><\/strong><\/td><td>\u00a0 Archivo:\u00a0<strong><a rel=\"noreferrer noopener\" href=\"https:\/\/dges-sal.infd.edu.ar\/sitio\/wp-content\/uploads\/2025\/03\/6012-RECTOR-Fecha-de-exposicion-y-defensa-oral.jpg\" target=\"_blank\">AQU\u00cd<\/a><\/strong>\u00a0\u00a0 Resultado:<strong>\u00a0<a href=\"https:\/\/dges-sal.infd.edu.ar\/sitio\/wp-content\/uploads\/2025\/04\/Actas-6012-oposicion-defensa-y-exposicion.pdf\" target=\"_blank\" rel=\"noreferrer noopener\">AQU\u00cd<\/a><\/strong><\/td><td>Archivo\u00a0\u00a0<strong><a href=\"https:\/\/dges-sal.infd.edu.ar\/sitio\/wp-content\/uploads\/2025\/04\/Disp.-64-25-DGES-Aprobar-procedimiento-concursal-rector-6012.pdf\" target=\"_blank\" rel=\"noreferrer noopener\">AQU\u00cd<\/a><\/strong><\/td><\/tr><\/tbody><\/table><\/figure>\n","protected":false},"excerpt":{"rendered":"<p>Convocatoria&nbsp;Disp. 244\/24&nbsp;cobertura de cargo de&nbsp;Rector&nbsp;de Instituto Superior de Formaci\u00f3n Docente Rural N\u00b0 6012 N\u00f3mina de aspirantes inscriptos Nomina definitiva de aspirantes Disposici\u00f3n nuevo tribunal (si correspondiere) Dictamen evaluaci\u00f3n de T\u00edtulos y Antecedentes Fecha de Examen Escrito y Resultados Fecha de Exposici\u00f3n y defensa oral de la propuesta de Gesti\u00f3n y Resultados Disposiciones&nbsp;DGES 1ra ConvocatoriaArchivo:&nbsp;&nbsp;AQU\u00cd &nbsp; &#8230; <a title=\"IES 6012 Convocatoria 2024 para acceso al cargo de Rector\" class=\"read-more\" href=\"https:\/\/dges-sal.infd.edu.ar\/sitio\/ies-6012-convocatoria-2024-para-acceso-al-cargo-de-rector\/\" aria-label=\"More on IES 6012 Convocatoria 2024 para acceso al cargo de Rector\">[+]<\/a><\/p>\n","protected":false},"author":790,"featured_media":0,"parent":0,"menu_order":0,"comment_status":"closed","ping_status":"closed","template":"","meta":[],"acf":[],"_links":{"self":[{"href":"https:\/\/dges-sal.infd.edu.ar\/sitio\/wp-json\/wp\/v2\/pages\/14515"}],"collection":[{"href":"https:\/\/dges-sal.infd.edu.ar\/sitio\/wp-json\/wp\/v2\/pages"}],"about":[{"href":"https:\/\/dges-sal.infd.edu.ar\/sitio\/wp-json\/wp\/v2\/types\/page"}],"author":[{"embeddable":true,"href":"https:\/\/dges-sal.infd.edu.ar\/sitio\/wp-json\/wp\/v2\/users\/790"}],"replies":[{"embeddable":true,"href":"https:\/\/dges-sal.infd.edu.ar\/sitio\/wp-json\/wp\/v2\/comments?post=14515"}],"version-history":[{"count":7,"href":"https:\/\/dges-sal.infd.edu.ar\/sitio\/wp-json\/wp\/v2\/pages\/14515\/revisions"}],"predecessor-version":[{"id":15603,"href":"https:\/\/dges-sal.infd.edu.ar\/sitio\/wp-json\/wp\/v2\/pages\/14515\/revisions\/15603"}],"wp:attachment":[{"href":"https:\/\/dges-sal.infd.edu.ar\/sitio\/wp-json\/wp\/v2\/media?parent=14515"}],"curies":[{"name":"wp","href":"https:\/\/api.w.org\/{rel}","templated":true}]}}