{"id":1437,"date":"2018-07-06T21:35:41","date_gmt":"2018-07-07T00:35:41","guid":{"rendered":"https:\/\/dges-sal.infd.edu.ar\/sitio\/?page_id=1437"},"modified":"2018-07-06T21:35:41","modified_gmt":"2018-07-07T00:35:41","slug":"linea-de-recuperacion-y-socializacion-de-acciones-innovadoras","status":"publish","type":"page","link":"https:\/\/dges-sal.infd.edu.ar\/sitio\/linea-de-recuperacion-y-socializacion-de-acciones-innovadoras\/","title":{"rendered":"L\u00ednea de Recuperaci\u00f3n y Socializaci\u00f3n de acciones innovadoras"},"content":{"rendered":"<p><img decoding=\"async\" src=\"https:\/\/dges-sal.infd.edu.ar\/sitio\/wp-content\/uploads\/2018\/07\/Acciones_Titulo01.jpg\" border=\"0\" alt=\"Acciones Titulo 01\" title=\"Acciones Titulo 01\"><\/p>\n<p style=\"text-align: center;\"><img decoding=\"async\" loading=\"lazy\" src=\"https:\/\/dges-sal.infd.edu.ar\/sitio\/wp-content\/uploads\/2018\/07\/DSC02256.jpg\" border=\"0\" alt=\"AccionesFoto01\" title=\"AccionesFoto01\" width=\"445\" height=\"333\"><\/p>\n<p style=\"text-align: center;\"><img decoding=\"async\" loading=\"lazy\" src=\"https:\/\/dges-sal.infd.edu.ar\/sitio\/wp-content\/uploads\/2018\/07\/DSC02258.jpg\" border=\"0\" alt=\"AccionesFoto02\" title=\"AccionesFoto02\" width=\"444\" height=\"333\"><\/p>\n<p><span class=\"linea\">&nbsp;<\/span> <span class=\"pestana\">Objetivos<\/span><\/p>\n<p class=\"style5\" style=\"text-align: justify;\">El presente estudio aspira a recuperar, sistematizar, documentar y difundir las experiencias innovadoras implementadas por los Institutos de Educaci&oacute;n Superior de la provincia durante el per&iacute;odo comprendido entre el a&ntilde;o 2.000 y 2.008. No se pretende ofrecer una visi&oacute;n exhaustiva, ni totalizadora de las innovaciones realizadas, sino construir un estado de situaci&oacute;n que posibilite identificar las principales tendencias, &aacute;reas tem&aacute;ticas, dimensiones y logros de los IES en esta materia.<\/p>\n<p> En atenci&oacute;n a los objetivos generales del proyecto en el que se enmarca la presente investigaci&oacute;n, el inter&eacute;s estar&aacute; centrado en aquellas experiencias tendientes a la mejora de la calidad de los procesos y pr&aacute;cticas desarrolladas en estas instituciones. En funci&oacute;n de los datos relevados, se trabajar&aacute; particularmente en la descripci&oacute;n y an&aacute;lisis de las propuestas innovadoras referidas al campo de la pr&aacute;ctica profesional docente.<span class=\"Texto_arial\"><\/p>\n<p> <\/span>Para el cumplimiento de estos prop&oacute;sitos se realizar&aacute; un trabajo de indagaci&oacute;n en los 31 institutos de la provincia, organizado en dos etapas. La primera de ellas consistir&aacute; en un relevamiento general de datos sobre experiencias innovadoras (en proyecto, en curso o ya desarrolladas y evaluadas en el per&iacute;odo establecido), a partir de la revisi&oacute;n documental y la aplicaci&oacute;n de formularios estandarizados. La segunda prev&eacute; la realizaci&oacute;n de entrevistas a distintos informantes claves, a fin de complementar la informaci&oacute;n y construir una visi&oacute;n m&aacute;s amplia e integrada del conjunto de las experiencias.<\/p>\n<p><span class=\"linea\">&nbsp;<\/span> <span class=\"pestana\">Introducci&oacute;n<\/span><\/p>\n<p class=\"style5\"><strong class=\"style5\">General:<\/strong><\/p>\n<ul class=\"vinetaflecha\">\n<li>Construir un estado de situaci&oacute;n sobre las experiencias innovadoras implementadas por los Institutos de Ense&ntilde;anza Superior de la provincia de Salta. <\/li>\n<\/ul>\n<p class=\"Texto_arial\"><strong class=\"style5\">Espec&iacute;ficos:<\/strong><\/p>\n<ul class=\"vinetaflecha\">\n<li class=\"Texto_arial\">Sistematizar un marco conceptual sobre la innovaci&oacute;n educativa en el nivel que sirva de referencia para la identificaci&oacute;n y el an&aacute;lisis de las distintas propuestas relevadas.<\/li>\n<li class=\"Texto_arial\">Definir un conjunto de criterios que permitan realizar el registro y la categorizaci&oacute;n de los proyectos y experiencias innovadoras. <\/li>\n<li class=\"Texto_arial\">Elaborar una base de datos sobre los proyectos y experiencias innovadoras clasificando y registrando sus principales caracter&iacute;sticas.<\/li>\n<li class=\"Texto_arial\">Identificar y analizar las principales tendencias de la innovaci&oacute;n en el nivel.<\/li>\n<li class=\"Texto_arial\">Proporcionar informaci&oacute;n confiable para la toma de decisiones en relaci&oacute;n a la promoci&oacute;n y fortalecimiento de experiencias innovadoras en las distintas zonas de la provincia.<\/li>\n<\/ul>\n<p><img decoding=\"async\" src=\"https:\/\/dges-sal.infd.edu.ar\/sitio\/wp-content\/uploads\/2018\/07\/Acciones_Relato.jpg\" border=\"0\" alt=\"Acciones relato\" title=\"Acciones relato\"><\/p>\n<p style=\"text-align: center;\">\n<object width=\"200\" height=\"20\" data=\"http:\/\/dges-sal.infd.edu.ar\/sitio\/wp-content\/uploads\/swf\/dewplayer.swf?mp3=upload\/Elizabeth.mp3\" type=\"application\/x-shockwave-flash\"><param name=\"data\" value=\"upload\/img\/dewplayer.swf?mp3=upload\/Elizabeth.mp3\"><param name=\"wmode\" value=\"transparent\"><param name=\"src\" value=\"upload\/img\/dewplayer.swf?mp3=upload\/Elizabeth.mp3\"><\/object>\n<\/p><\/p>\n","protected":false},"excerpt":{"rendered":"<p>&nbsp; Objetivos El presente estudio aspira a recuperar, sistematizar, documentar y difundir las experiencias innovadoras implementadas por los Institutos de Educaci&oacute;n Superior de la provincia durante el per&iacute;odo comprendido entre el a&ntilde;o 2.000 y 2.008. No se pretende ofrecer una visi&oacute;n exhaustiva, ni totalizadora de las innovaciones realizadas, sino construir un estado de situaci&oacute;n que &#8230; <a title=\"L\u00ednea de Recuperaci\u00f3n y Socializaci\u00f3n de acciones innovadoras\" class=\"read-more\" href=\"https:\/\/dges-sal.infd.edu.ar\/sitio\/linea-de-recuperacion-y-socializacion-de-acciones-innovadoras\/\" aria-label=\"More on L\u00ednea de Recuperaci\u00f3n y Socializaci\u00f3n de acciones innovadoras\">[+]<\/a><\/p>\n","protected":false},"author":790,"featured_media":0,"parent":0,"menu_order":0,"comment_status":"closed","ping_status":"closed","template":"","meta":[],"acf":[],"_links":{"self":[{"href":"https:\/\/dges-sal.infd.edu.ar\/sitio\/wp-json\/wp\/v2\/pages\/1437"}],"collection":[{"href":"https:\/\/dges-sal.infd.edu.ar\/sitio\/wp-json\/wp\/v2\/pages"}],"about":[{"href":"https:\/\/dges-sal.infd.edu.ar\/sitio\/wp-json\/wp\/v2\/types\/page"}],"author":[{"embeddable":true,"href":"https:\/\/dges-sal.infd.edu.ar\/sitio\/wp-json\/wp\/v2\/users\/790"}],"replies":[{"embeddable":true,"href":"https:\/\/dges-sal.infd.edu.ar\/sitio\/wp-json\/wp\/v2\/comments?post=1437"}],"version-history":[{"count":1,"href":"https:\/\/dges-sal.infd.edu.ar\/sitio\/wp-json\/wp\/v2\/pages\/1437\/revisions"}],"predecessor-version":[{"id":1914,"href":"https:\/\/dges-sal.infd.edu.ar\/sitio\/wp-json\/wp\/v2\/pages\/1437\/revisions\/1914"}],"wp:attachment":[{"href":"https:\/\/dges-sal.infd.edu.ar\/sitio\/wp-json\/wp\/v2\/media?parent=1437"}],"curies":[{"name":"wp","href":"https:\/\/api.w.org\/{rel}","templated":true}]}}