{"id":14193,"date":"2024-09-03T17:47:30","date_gmt":"2024-09-03T20:47:30","guid":{"rendered":"https:\/\/dges-sal.infd.edu.ar\/sitio\/?page_id=14193"},"modified":"2024-09-04T10:32:12","modified_gmt":"2024-09-04T13:32:12","slug":"planeamiento-organizacion-y-evaluacion-del-sistema-formador","status":"publish","type":"page","link":"https:\/\/dges-sal.infd.edu.ar\/sitio\/planeamiento-organizacion-y-evaluacion-del-sistema-formador\/","title":{"rendered":""},"content":{"rendered":"\n<div class=\"wp-duotone-unset-1 wp-block-cover alignfull is-light has-parallax has-small-font-size\" style=\"min-height:218px\"><span aria-hidden=\"true\" class=\"wp-block-cover__background has-background-dim-0 has-background-dim\"><\/span><div role=\"img\" class=\"wp-block-cover__image-background wp-image-8955 has-parallax\" style=\"background-position:50% 50%;background-image:url(https:\/\/dges-sal.infd.edu.ar\/sitio\/wp-content\/uploads\/2023\/03\/Recurso-24-2.png)\"><\/div><div class=\"wp-block-cover__inner-container\">\n<h1 class=\"wp-block-heading has-text-align-center has-contrast-color has-text-color has-small-font-size\" style=\"font-style:normal;font-weight:100\">         <img decoding=\"async\" loading=\"lazy\" width=\"626\" height=\"183\" class=\"wp-image-9573\" style=\"width: 500px;\" src=\"https:\/\/dges-sal.infd.edu.ar\/sitio\/wp-content\/uploads\/2023\/04\/Recurso-99.png\" alt=\"\"><\/h1>\n<\/div><\/div>\n\n\n\n<hr class=\"wp-block-separator aligncenter has-text-color has-contrast-2-color has-alpha-channel-opacity has-contrast-2-background-color has-background is-style-default\"\/>\n\n\n\n<h1 class=\"wp-block-heading alignwide has-text-align-center has-medium-font-size\" style=\"letter-spacing:20px;text-transform:uppercase\">Pol\u00edtica<\/h1>\n\n\n\n<h2 class=\"wp-block-heading has-background has-medium-font-size\" style=\"background-color:#ff33cc;font-style:normal;font-weight:400\"><strong>Planeamiento, organizaci\u00f3n y evaluaci\u00f3n del sistema formador.<\/strong><\/h2>\n\n\n\n<figure class=\"wp-block-table is-style-stripes\"><table><tbody><tr><td class=\"has-text-align-center\" data-align=\"center\">Referente<\/td><td class=\"has-text-align-center\" data-align=\"center\">Contacto<\/td><\/tr><tr><td class=\"has-text-align-center\" data-align=\"center\"><strong>Prof. Romina Alancay<\/strong><\/td><td class=\"has-text-align-center\" data-align=\"center\">articulacionymonitoreo@edusalta.gov.ar<\/td><\/tr><\/tbody><\/table><\/figure>\n\n\n<h4>Presentaci\u00f3n<\/h4>\n<p><span style=\"font-weight: 400;\">El Plan de Fortalecimiento Jurisdiccional busca construir espacios de trabajo colaborativos entre el Estado nacional, las jurisdicci\u00f3n y los institutos de formaci\u00f3n docente. A trav\u00e9s del INFOD, se desarrollar\u00e1n e implementar\u00e1n pol\u00edticas conjuntas con la Direcci\u00f3n de Nivel Superior para garantizar el cumplimiento de las funciones del Sistema Nacional de Formaci\u00f3n Docente, tal como lo establece el art\u00edculo 77 de la Ley Nacional de Educaci\u00f3n 26.206: formaci\u00f3n inicial y continua de docentes, apoyo pedag\u00f3gico a las escuelas e investigaci\u00f3n educativa.<\/span><\/p>\n<p><span style=\"font-weight: 400;\">La evaluaci\u00f3n del sistema formador es indispensable para mejorar los niveles de equidad y calidad del sistema educativo, la misma comprende la autoevaluaci\u00f3n institucional, la evaluaci\u00f3n centrada en la certificaci\u00f3n y acreditaci\u00f3n, la evaluaci\u00f3n de los dise\u00f1os curriculares y de las condiciones institucionales<\/span><\/p>\n<h5>Objetivos<\/h5>\n<ul>\n<li>A<span style=\"font-weight: 400;\">compa\u00f1ar a la Direcci\u00f3n General en el dise\u00f1o, desarrollo e implementaci\u00f3n del Plan de Fortalecimiento Jurisdiccional el cual se enmarca en los lineamientos del Plan Nacional de Alfabetizaci\u00f3n.<\/span><\/li>\n<li style=\"font-weight: 400;\" aria-level=\"1\"><span style=\"font-weight: 400;\">Fortalecer los procesos de planificaci\u00f3n, monitoreo y seguimiento de las pol\u00edticas a implementarse en la jurisdicci\u00f3n.<\/span><\/li>\n<\/ul>\n<h5>Descripci\u00f3n general de las actividades a realizar<\/h5>\n<p><span style=\"font-weight: 400;\">Desarrollo de tareas de monitoreo, seguimiento y acompa\u00f1amiento del Plan de Fortalecimiento Jurisdiccional para dar cuenta de los productos obtenidos y las metas alcanzadas.<\/span><\/p>\n<p><span style=\"font-weight: 400;\">Llevar adelante una pol\u00edtica sostenida de acompa\u00f1amiento a las referencias jurisdiccionales.<\/span><\/p>\n<p><\/p>\n\n\n<pre class=\"wp-block-preformatted\" style=\"font-size:16px\"><\/pre>\n","protected":false},"excerpt":{"rendered":"<p>Pol\u00edtica Planeamiento, organizaci\u00f3n y evaluaci\u00f3n del sistema formador. Referente Contacto Prof. Romina Alancay articulacionymonitoreo@edusalta.gov.ar Presentaci\u00f3n El Plan de Fortalecimiento Jurisdiccional busca construir espacios de trabajo colaborativos entre el Estado nacional, las jurisdicci\u00f3n y los institutos de formaci\u00f3n docente. A trav\u00e9s del INFOD, se desarrollar\u00e1n e implementar\u00e1n pol\u00edticas conjuntas con la Direcci\u00f3n de Nivel Superior para &#8230; <a title=\"\" class=\"read-more\" href=\"https:\/\/dges-sal.infd.edu.ar\/sitio\/planeamiento-organizacion-y-evaluacion-del-sistema-formador\/\" aria-label=\"More on \">[+]<\/a><\/p>\n","protected":false},"author":10692,"featured_media":0,"parent":0,"menu_order":0,"comment_status":"closed","ping_status":"closed","template":"","meta":[],"acf":[],"_links":{"self":[{"href":"https:\/\/dges-sal.infd.edu.ar\/sitio\/wp-json\/wp\/v2\/pages\/14193"}],"collection":[{"href":"https:\/\/dges-sal.infd.edu.ar\/sitio\/wp-json\/wp\/v2\/pages"}],"about":[{"href":"https:\/\/dges-sal.infd.edu.ar\/sitio\/wp-json\/wp\/v2\/types\/page"}],"author":[{"embeddable":true,"href":"https:\/\/dges-sal.infd.edu.ar\/sitio\/wp-json\/wp\/v2\/users\/10692"}],"replies":[{"embeddable":true,"href":"https:\/\/dges-sal.infd.edu.ar\/sitio\/wp-json\/wp\/v2\/comments?post=14193"}],"version-history":[{"count":12,"href":"https:\/\/dges-sal.infd.edu.ar\/sitio\/wp-json\/wp\/v2\/pages\/14193\/revisions"}],"predecessor-version":[{"id":14360,"href":"https:\/\/dges-sal.infd.edu.ar\/sitio\/wp-json\/wp\/v2\/pages\/14193\/revisions\/14360"}],"wp:attachment":[{"href":"https:\/\/dges-sal.infd.edu.ar\/sitio\/wp-json\/wp\/v2\/media?parent=14193"}],"curies":[{"name":"wp","href":"https:\/\/api.w.org\/{rel}","templated":true}]}}