{"id":1405,"date":"2018-07-03T13:29:02","date_gmt":"2018-07-03T16:29:02","guid":{"rendered":"https:\/\/dges-sal.infd.edu.ar\/sitio\/investigacion\/"},"modified":"2020-07-28T15:05:08","modified_gmt":"2020-07-28T18:05:08","slug":"investigacion","status":"publish","type":"page","link":"https:\/\/dges-sal.infd.edu.ar\/sitio\/investigacion\/","title":{"rendered":"Informes de Investigaci\u00f3n Educativa realizadas por ISFD"},"content":{"rendered":"<p><strong>INFORMES DE INVESTIGACION \u00a0EDUCATIVA REALIZADAS POR INSTITUTOS SUPERIORES DE FORMACI\u00d3N DOCENTE<\/strong><\/p>\n<ul>\n<li>Informes de investigaci\u00f3n producidos en el marco de la Convocatoria Anual del INFD\u00a0<strong>\u00abProyectos de Investigaci\u00f3n de Institutos Superiores de Formaci\u00f3n Docente\u00bb<\/strong>\u00a0de gesti\u00f3n estatal de todo el pa\u00eds.<br \/>\n<h1><a href=\"https:\/\/cedoc.infd.edu.ar\/investigacion-educativa\/\"><span style=\"font-size: 10pt; color: #0000ff;\"><strong> <span style=\"color: #0000ff;\">AQU\u00cd<\/span><\/strong><\/span><\/a><\/h1>\n<\/li>\n<\/ul>\n<p>&nbsp;<\/p>\n<ul>\n<li>Informes de investigaci\u00f3n producidos en el marco de Convocatorias de la Direcci\u00f3n General de Educaci\u00f3n Superior de Salta.<br \/>\n<h1><span style=\"color: #0000ff;\"><strong><span style=\"font-size: 10pt;\"><a title=\"Informes de investigaci\u00f3n producidos en el marco de Convocatorias de la Direcci\u00f3n General de Educaci\u00f3n Superior de Salta\" href=\"index.cgi?wid_item=139&amp;wid_seccion=58\"><span style=\"color: #0000ff;\">AQUI<\/span><\/a><\/span><\/strong><\/span><\/h1>\n<\/li>\n<\/ul>\n<p style=\"text-align: center;\">&#8212;&#8212;&#8212;&#8212;&#8212;&#8212;&#8212;&#8212;&#8212;&#8212;&#8212;&#8212;&#8212;&#8212;&#8212;&#8212;&#8212;&#8212;&#8212;&#8212;-<\/p>\n","protected":false},"excerpt":{"rendered":"<p>INFORMES DE INVESTIGACION \u00a0EDUCATIVA REALIZADAS POR INSTITUTOS SUPERIORES DE FORMACI\u00d3N DOCENTE Informes de investigaci\u00f3n producidos en el marco de la Convocatoria Anual del INFD\u00a0\u00abProyectos de Investigaci\u00f3n de Institutos Superiores de Formaci\u00f3n Docente\u00bb\u00a0de gesti\u00f3n estatal de todo el pa\u00eds. AQU\u00cd &nbsp; Informes de investigaci\u00f3n producidos en el marco de Convocatorias de la Direcci\u00f3n General de Educaci\u00f3n &#8230; <a title=\"Informes de Investigaci\u00f3n Educativa realizadas por ISFD\" class=\"read-more\" href=\"https:\/\/dges-sal.infd.edu.ar\/sitio\/investigacion\/\" aria-label=\"More on Informes de Investigaci\u00f3n Educativa realizadas por ISFD\">[+]<\/a><\/p>\n","protected":false},"author":790,"featured_media":0,"parent":0,"menu_order":0,"comment_status":"closed","ping_status":"closed","template":"","meta":[],"acf":[],"_links":{"self":[{"href":"https:\/\/dges-sal.infd.edu.ar\/sitio\/wp-json\/wp\/v2\/pages\/1405"}],"collection":[{"href":"https:\/\/dges-sal.infd.edu.ar\/sitio\/wp-json\/wp\/v2\/pages"}],"about":[{"href":"https:\/\/dges-sal.infd.edu.ar\/sitio\/wp-json\/wp\/v2\/types\/page"}],"author":[{"embeddable":true,"href":"https:\/\/dges-sal.infd.edu.ar\/sitio\/wp-json\/wp\/v2\/users\/790"}],"replies":[{"embeddable":true,"href":"https:\/\/dges-sal.infd.edu.ar\/sitio\/wp-json\/wp\/v2\/comments?post=1405"}],"version-history":[{"count":6,"href":"https:\/\/dges-sal.infd.edu.ar\/sitio\/wp-json\/wp\/v2\/pages\/1405\/revisions"}],"predecessor-version":[{"id":6046,"href":"https:\/\/dges-sal.infd.edu.ar\/sitio\/wp-json\/wp\/v2\/pages\/1405\/revisions\/6046"}],"wp:attachment":[{"href":"https:\/\/dges-sal.infd.edu.ar\/sitio\/wp-json\/wp\/v2\/media?parent=1405"}],"curies":[{"name":"wp","href":"https:\/\/api.w.org\/{rel}","templated":true}]}}